{"id":17933,"date":"2024-07-22T14:25:00","date_gmt":"2024-07-22T14:25:00","guid":{"rendered":"https:\/\/artsnb.ca\/web\/resources\/artsnb-speed-consulting-sessions\/"},"modified":"2026-03-23T20:06:36","modified_gmt":"2026-03-23T20:06:36","slug":"artsnb-speed-consulting-sessions","status":"publish","type":"page","link":"https:\/\/artsnb.ca\/web\/resources\/artsnb-speed-consulting-sessions\/?lang=fr","title":{"rendered":"Les sessions Rencontres-\u00e9clair chez artsnb"},"content":{"rendered":"\n<div style=\"height:20px\" aria-hidden=\"true\" class=\"wp-block-spacer\"><\/div>\n\n\n\n<figure class=\"wp-block-image size-large\"><img loading=\"lazy\" decoding=\"async\" width=\"1024\" height=\"1024\" src=\"https:\/\/artsnb.ca\/web\/wp-content\/uploads\/2024\/03\/SC_FR-1024x1024.png\" alt=\"\" class=\"wp-image-16553\" srcset=\"https:\/\/artsnb.ca\/web\/wp-content\/uploads\/2024\/03\/SC_FR-1024x1024.png 1024w, https:\/\/artsnb.ca\/web\/wp-content\/uploads\/2024\/03\/SC_FR-300x300.png 300w, https:\/\/artsnb.ca\/web\/wp-content\/uploads\/2024\/03\/SC_FR-150x150.png 150w, https:\/\/artsnb.ca\/web\/wp-content\/uploads\/2024\/03\/SC_FR-768x768.png 768w, https:\/\/artsnb.ca\/web\/wp-content\/uploads\/2024\/03\/SC_FR.png 1080w\" sizes=\"auto, (max-width: 1024px) 100vw, 1024px\" \/><\/figure>\n\n\n\n<p>Vous avez des questions sur les prochaines dates limites \u00e0 venir ? Profitez des sessions Rencontres-\u00e9clair d&#8217;artsnb en ligne* !<\/p>\n\n\n\n<p><strong>Les 2<sup>es <\/sup>et 4<sup>es<\/sup> jeudis du mois, <\/strong>de 14h \u00e0 16h, vous pouvez poser toutes vos questions sur nos programmes ! Rendez-vous au moment qui vous convient dans la salle de vid\u00e9oconf\u00e9rence d\u2019artsnb sur Zoom pour rencontrer un.e agent.e de programmes.<\/p>\n\n\n\n<p>Les sessions de Rencontres-\u00e9clair sont une fa\u00e7on de vous permettre de rencontrer le personnel d&#8217;artsnb et de poser des questions sp\u00e9cifiques \u00e0 votre projet, ou des questions d&#8217;ordre g\u00e9n\u00e9ral en lien \u00e0 nos programmes, dans un environnement convivial et informel, sans avoir besoin de prendre un rendez-vous avec les agent.e.s de programmes d&#8217;artsnb. Les inscriptions ne sont pas n\u00e9cessaires, simplement cliquez sur le lien au bas de cette page pour assister \u00e0 la rencontre \u00e0 l&#8217;heure et \u00e0 la date indiqu\u00e9e, et posez vos questions!<\/p>\n\n\n\n<p>Vous voulez les d\u00e9tails des prochaines sessions de Rencontres-\u00e9clair? Suivez-nous sur les m\u00e9dias sociaux (en cliquant sur les ic\u00f4nes au bas de cette page), ou contactez-nous avec vos questions additionnelles par courriel: info@artsnb.ca, ou par t\u00e9l\u00e9phone au 866.460.2787.<\/p>\n\n\n\n<div style=\"height:41px\" aria-hidden=\"true\" class=\"wp-block-spacer\"><\/div>\n\n\n\n<p><strong>Les prochaines Rencontres-\u00e9clair:<\/strong><\/p>\n\n\n\n<p><strong>Le 26 mars 2026 de 14h \u00e0 16h<\/strong><\/p>\n\n\n\n<p><strong>Le 14 mai 2026 de 14h \u00e0 16h<\/strong><\/p>\n\n\n\n<p><strong>Le 28 mai 2026 de 14h \u00e0 16h<\/strong><\/p>\n\n\n\n<p><a href=\"https:\/\/artsnb.ca\/web\/avant-de-vous-connecter-a-la-rencontre-eclair\/?lang=fr\">CLIQUEZ ICI POUR VOUS CONNECTER \u00c0 LA RENCONTRE-\u00c9CLAIR<\/a><\/p>\n\n\n\n<p>N&#8217;oubliez pas : si vous avez des questions ou des pr\u00e9occupations concernant nos programmes et\/ou votre demande \u00e0 nos programmes, vous pouvez communiquer avec les agent.es de programmes chez artsnb, \u00e0 n&#8217;importe quel moment durant nos heures de bureau. Consultez la page <a href=\"https:\/\/artsnb.ca\/web\/contact\/?lang=fr\">\u00c9QUIPE<\/a> de notre site Web pour communiquer avec un membre du personnel.<\/p>\n\n\n\n<p><strong>*<\/strong>Veuillez noter que les Rencontres-\u00e9clair servent \u00e0 fournir des r\u00e9ponses aux questions au sujet des programmes qui s&#8217;adressent aux artistes individuel.les (y compris le programme Artiste en r\u00e9sidence pour les organismes h\u00f4tes). Si vous avez des questions \u00e0 propos du nouveau programme de Soutien op\u00e9rationnel, vous pouvez assister \u00e0 la&nbsp;<a href=\"https:\/\/artsnb.ca\/web\/2026\/03\/artsnb-presente-son-nouveau-programme-de-soutien-operationnel\/?lang=fr\">prochaine session d&#8217;information<\/a>&nbsp;pr\u00e9vue \u00e0 cet effet.<\/p>\n\n\n\n<div style=\"height:20px\" aria-hidden=\"true\" class=\"wp-block-spacer\"><\/div>\n","protected":false},"excerpt":{"rendered":"<p>Vous avez des questions sur les prochaines dates limites \u00e0 venir ? Profitez des sessions Rencontres-\u00e9clair d&#8217;artsnb en ligne* ! Les 2es et 4es jeudis du mois, de 14h \u00e0 16h, vous pouvez poser toutes vos questions sur nos programmes ! Rendez-vous au moment qui vous convient dans la salle de vid\u00e9oconf\u00e9rence d\u2019artsnb sur Zoom<\/p>\n","protected":false},"author":7,"featured_media":16556,"parent":572,"menu_order":0,"comment_status":"closed","ping_status":"closed","template":"","meta":{"_acf_changed":false,"footnotes":""},"class_list":["post-17933","page","type-page","status-publish","has-post-thumbnail","hentry"],"acf":[],"yoast_head":"<!-- This site is optimized with the Yoast SEO plugin v27.3 - https:\/\/yoast.com\/product\/yoast-seo-wordpress\/ -->\n<title>Les sessions Rencontres-\u00e9clair chez artsnb - ArtsNB<\/title>\n<meta name=\"robots\" content=\"index, follow, max-snippet:-1, max-image-preview:large, max-video-preview:-1\" \/>\n<link rel=\"canonical\" href=\"https:\/\/artsnb.ca\/web\/resources\/artsnb-speed-consulting-sessions\/\" \/>\n<meta property=\"og:locale\" content=\"en_US\" \/>\n<meta property=\"og:type\" content=\"article\" \/>\n<meta property=\"og:title\" content=\"Les sessions Rencontres-\u00e9clair chez artsnb - ArtsNB\" \/>\n<meta property=\"og:description\" content=\"Vous avez des questions sur les prochaines dates limites \u00e0 venir ? Profitez des sessions Rencontres-\u00e9clair d&#8217;artsnb en ligne* ! Les 2es et 4es jeudis du mois, de 14h \u00e0 16h, vous pouvez poser toutes vos questions sur nos programmes ! Rendez-vous au moment qui vous convient dans la salle de vid\u00e9oconf\u00e9rence d\u2019artsnb sur Zoom\" \/>\n<meta property=\"og:url\" content=\"https:\/\/artsnb.ca\/web\/resources\/artsnb-speed-consulting-sessions\/?lang=fr\" \/>\n<meta property=\"og:site_name\" content=\"ArtsNB\" \/>\n<meta property=\"article:publisher\" content=\"https:\/\/www.facebook.com\/artsnb\/\" \/>\n<meta property=\"article:modified_time\" content=\"2026-03-23T20:06:36+00:00\" \/>\n<meta property=\"og:image\" content=\"https:\/\/artsnb.ca\/web\/wp-content\/uploads\/2024\/02\/SC_BI.png\" \/>\n\t<meta property=\"og:image:width\" content=\"1080\" \/>\n\t<meta property=\"og:image:height\" content=\"1080\" \/>\n\t<meta property=\"og:image:type\" content=\"image\/png\" \/>\n<meta name=\"twitter:card\" content=\"summary_large_image\" \/>\n<meta name=\"twitter:site\" content=\"@artsnb\" \/>\n<meta name=\"twitter:label1\" content=\"Est. reading time\" \/>\n\t<meta name=\"twitter:data1\" content=\"2 minutes\" \/>\n<script type=\"application\/ld+json\" class=\"yoast-schema-graph\">{\"@context\":\"https:\\\/\\\/schema.org\",\"@graph\":[{\"@type\":\"WebPage\",\"@id\":\"https:\\\/\\\/artsnb.ca\\\/web\\\/resources\\\/artsnb-speed-consulting-sessions\\\/?lang=fr\",\"url\":\"https:\\\/\\\/artsnb.ca\\\/web\\\/resources\\\/artsnb-speed-consulting-sessions\\\/?lang=fr\",\"name\":\"Les sessions Rencontres-\u00e9clair chez artsnb - ArtsNB\",\"isPartOf\":{\"@id\":\"https:\\\/\\\/artsnb.ca\\\/web\\\/#website\"},\"primaryImageOfPage\":{\"@id\":\"https:\\\/\\\/artsnb.ca\\\/web\\\/resources\\\/artsnb-speed-consulting-sessions\\\/?lang=fr#primaryimage\"},\"image\":{\"@id\":\"https:\\\/\\\/artsnb.ca\\\/web\\\/resources\\\/artsnb-speed-consulting-sessions\\\/?lang=fr#primaryimage\"},\"thumbnailUrl\":\"https:\\\/\\\/artsnb.ca\\\/web\\\/wp-content\\\/uploads\\\/2024\\\/02\\\/SC_BI.png\",\"datePublished\":\"2024-07-22T14:25:00+00:00\",\"dateModified\":\"2026-03-23T20:06:36+00:00\",\"breadcrumb\":{\"@id\":\"https:\\\/\\\/artsnb.ca\\\/web\\\/resources\\\/artsnb-speed-consulting-sessions\\\/?lang=fr#breadcrumb\"},\"inLanguage\":\"en-US\",\"potentialAction\":[{\"@type\":\"ReadAction\",\"target\":[\"https:\\\/\\\/artsnb.ca\\\/web\\\/resources\\\/artsnb-speed-consulting-sessions\\\/?lang=fr\"]}]},{\"@type\":\"ImageObject\",\"inLanguage\":\"en-US\",\"@id\":\"https:\\\/\\\/artsnb.ca\\\/web\\\/resources\\\/artsnb-speed-consulting-sessions\\\/?lang=fr#primaryimage\",\"url\":\"https:\\\/\\\/artsnb.ca\\\/web\\\/wp-content\\\/uploads\\\/2024\\\/02\\\/SC_BI.png\",\"contentUrl\":\"https:\\\/\\\/artsnb.ca\\\/web\\\/wp-content\\\/uploads\\\/2024\\\/02\\\/SC_BI.png\",\"width\":1080,\"height\":1080},{\"@type\":\"BreadcrumbList\",\"@id\":\"https:\\\/\\\/artsnb.ca\\\/web\\\/resources\\\/artsnb-speed-consulting-sessions\\\/?lang=fr#breadcrumb\",\"itemListElement\":[{\"@type\":\"ListItem\",\"position\":1,\"name\":\"Home\",\"item\":\"https:\\\/\\\/artsnb.ca\\\/web\\\/\"},{\"@type\":\"ListItem\",\"position\":2,\"name\":\"Resources\",\"item\":\"https:\\\/\\\/artsnb.ca\\\/web\\\/resources\\\/\"},{\"@type\":\"ListItem\",\"position\":3,\"name\":\"Les sessions Rencontres-\u00e9clair chez artsnb\"}]},{\"@type\":\"WebSite\",\"@id\":\"https:\\\/\\\/artsnb.ca\\\/web\\\/#website\",\"url\":\"https:\\\/\\\/artsnb.ca\\\/web\\\/\",\"name\":\"ArtsNB\",\"description\":\"EXCELLENCE. PROFESSIONALISM. INNOVATION.\",\"publisher\":{\"@id\":\"https:\\\/\\\/artsnb.ca\\\/web\\\/#organization\"},\"potentialAction\":[{\"@type\":\"SearchAction\",\"target\":{\"@type\":\"EntryPoint\",\"urlTemplate\":\"https:\\\/\\\/artsnb.ca\\\/web\\\/?s={search_term_string}\"},\"query-input\":{\"@type\":\"PropertyValueSpecification\",\"valueRequired\":true,\"valueName\":\"search_term_string\"}}],\"inLanguage\":\"en-US\"},{\"@type\":\"Organization\",\"@id\":\"https:\\\/\\\/artsnb.ca\\\/web\\\/#organization\",\"name\":\"ArtsNB\",\"url\":\"https:\\\/\\\/artsnb.ca\\\/web\\\/\",\"logo\":{\"@type\":\"ImageObject\",\"inLanguage\":\"en-US\",\"@id\":\"https:\\\/\\\/artsnb.ca\\\/web\\\/#\\\/schema\\\/logo\\\/image\\\/\",\"url\":\"https:\\\/\\\/artsnb.ca\\\/web\\\/wp-content\\\/uploads\\\/2024\\\/04\\\/cropped-artsnb-PrimaryLogo-vertical-HiRes-2.jpg\",\"contentUrl\":\"https:\\\/\\\/artsnb.ca\\\/web\\\/wp-content\\\/uploads\\\/2024\\\/04\\\/cropped-artsnb-PrimaryLogo-vertical-HiRes-2.jpg\",\"width\":1698,\"height\":1223,\"caption\":\"ArtsNB\"},\"image\":{\"@id\":\"https:\\\/\\\/artsnb.ca\\\/web\\\/#\\\/schema\\\/logo\\\/image\\\/\"},\"sameAs\":[\"https:\\\/\\\/www.facebook.com\\\/artsnb\\\/\",\"https:\\\/\\\/x.com\\\/artsnb\",\"https:\\\/\\\/www.instagram.com\\\/artsnb\\\/\"]}]}<\/script>\n<!-- \/ Yoast SEO plugin. -->","yoast_head_json":{"title":"Les sessions Rencontres-\u00e9clair chez artsnb - ArtsNB","robots":{"index":"index","follow":"follow","max-snippet":"max-snippet:-1","max-image-preview":"max-image-preview:large","max-video-preview":"max-video-preview:-1"},"canonical":"https:\/\/artsnb.ca\/web\/resources\/artsnb-speed-consulting-sessions\/","og_locale":"en_US","og_type":"article","og_title":"Les sessions Rencontres-\u00e9clair chez artsnb - ArtsNB","og_description":"Vous avez des questions sur les prochaines dates limites \u00e0 venir ? Profitez des sessions Rencontres-\u00e9clair d&#8217;artsnb en ligne* ! Les 2es et 4es jeudis du mois, de 14h \u00e0 16h, vous pouvez poser toutes vos questions sur nos programmes ! Rendez-vous au moment qui vous convient dans la salle de vid\u00e9oconf\u00e9rence d\u2019artsnb sur Zoom","og_url":"https:\/\/artsnb.ca\/web\/resources\/artsnb-speed-consulting-sessions\/?lang=fr","og_site_name":"ArtsNB","article_publisher":"https:\/\/www.facebook.com\/artsnb\/","article_modified_time":"2026-03-23T20:06:36+00:00","og_image":[{"width":1080,"height":1080,"url":"https:\/\/artsnb.ca\/web\/wp-content\/uploads\/2024\/02\/SC_BI.png","type":"image\/png"}],"twitter_card":"summary_large_image","twitter_site":"@artsnb","twitter_misc":{"Est. reading time":"2 minutes"},"schema":{"@context":"https:\/\/schema.org","@graph":[{"@type":"WebPage","@id":"https:\/\/artsnb.ca\/web\/resources\/artsnb-speed-consulting-sessions\/?lang=fr","url":"https:\/\/artsnb.ca\/web\/resources\/artsnb-speed-consulting-sessions\/?lang=fr","name":"Les sessions Rencontres-\u00e9clair chez artsnb - ArtsNB","isPartOf":{"@id":"https:\/\/artsnb.ca\/web\/#website"},"primaryImageOfPage":{"@id":"https:\/\/artsnb.ca\/web\/resources\/artsnb-speed-consulting-sessions\/?lang=fr#primaryimage"},"image":{"@id":"https:\/\/artsnb.ca\/web\/resources\/artsnb-speed-consulting-sessions\/?lang=fr#primaryimage"},"thumbnailUrl":"https:\/\/artsnb.ca\/web\/wp-content\/uploads\/2024\/02\/SC_BI.png","datePublished":"2024-07-22T14:25:00+00:00","dateModified":"2026-03-23T20:06:36+00:00","breadcrumb":{"@id":"https:\/\/artsnb.ca\/web\/resources\/artsnb-speed-consulting-sessions\/?lang=fr#breadcrumb"},"inLanguage":"en-US","potentialAction":[{"@type":"ReadAction","target":["https:\/\/artsnb.ca\/web\/resources\/artsnb-speed-consulting-sessions\/?lang=fr"]}]},{"@type":"ImageObject","inLanguage":"en-US","@id":"https:\/\/artsnb.ca\/web\/resources\/artsnb-speed-consulting-sessions\/?lang=fr#primaryimage","url":"https:\/\/artsnb.ca\/web\/wp-content\/uploads\/2024\/02\/SC_BI.png","contentUrl":"https:\/\/artsnb.ca\/web\/wp-content\/uploads\/2024\/02\/SC_BI.png","width":1080,"height":1080},{"@type":"BreadcrumbList","@id":"https:\/\/artsnb.ca\/web\/resources\/artsnb-speed-consulting-sessions\/?lang=fr#breadcrumb","itemListElement":[{"@type":"ListItem","position":1,"name":"Home","item":"https:\/\/artsnb.ca\/web\/"},{"@type":"ListItem","position":2,"name":"Resources","item":"https:\/\/artsnb.ca\/web\/resources\/"},{"@type":"ListItem","position":3,"name":"Les sessions Rencontres-\u00e9clair chez artsnb"}]},{"@type":"WebSite","@id":"https:\/\/artsnb.ca\/web\/#website","url":"https:\/\/artsnb.ca\/web\/","name":"ArtsNB","description":"EXCELLENCE. PROFESSIONALISM. INNOVATION.","publisher":{"@id":"https:\/\/artsnb.ca\/web\/#organization"},"potentialAction":[{"@type":"SearchAction","target":{"@type":"EntryPoint","urlTemplate":"https:\/\/artsnb.ca\/web\/?s={search_term_string}"},"query-input":{"@type":"PropertyValueSpecification","valueRequired":true,"valueName":"search_term_string"}}],"inLanguage":"en-US"},{"@type":"Organization","@id":"https:\/\/artsnb.ca\/web\/#organization","name":"ArtsNB","url":"https:\/\/artsnb.ca\/web\/","logo":{"@type":"ImageObject","inLanguage":"en-US","@id":"https:\/\/artsnb.ca\/web\/#\/schema\/logo\/image\/","url":"https:\/\/artsnb.ca\/web\/wp-content\/uploads\/2024\/04\/cropped-artsnb-PrimaryLogo-vertical-HiRes-2.jpg","contentUrl":"https:\/\/artsnb.ca\/web\/wp-content\/uploads\/2024\/04\/cropped-artsnb-PrimaryLogo-vertical-HiRes-2.jpg","width":1698,"height":1223,"caption":"ArtsNB"},"image":{"@id":"https:\/\/artsnb.ca\/web\/#\/schema\/logo\/image\/"},"sameAs":["https:\/\/www.facebook.com\/artsnb\/","https:\/\/x.com\/artsnb","https:\/\/www.instagram.com\/artsnb\/"]}]}},"_links":{"self":[{"href":"https:\/\/artsnb.ca\/web\/wp-json\/wp\/v2\/pages\/17933","targetHints":{"allow":["GET"]}}],"collection":[{"href":"https:\/\/artsnb.ca\/web\/wp-json\/wp\/v2\/pages"}],"about":[{"href":"https:\/\/artsnb.ca\/web\/wp-json\/wp\/v2\/types\/page"}],"author":[{"embeddable":true,"href":"https:\/\/artsnb.ca\/web\/wp-json\/wp\/v2\/users\/7"}],"replies":[{"embeddable":true,"href":"https:\/\/artsnb.ca\/web\/wp-json\/wp\/v2\/comments?post=17933"}],"version-history":[{"count":50,"href":"https:\/\/artsnb.ca\/web\/wp-json\/wp\/v2\/pages\/17933\/revisions"}],"predecessor-version":[{"id":23633,"href":"https:\/\/artsnb.ca\/web\/wp-json\/wp\/v2\/pages\/17933\/revisions\/23633"}],"up":[{"embeddable":true,"href":"https:\/\/artsnb.ca\/web\/wp-json\/wp\/v2\/pages\/572"}],"wp:featuredmedia":[{"embeddable":true,"href":"https:\/\/artsnb.ca\/web\/wp-json\/wp\/v2\/media\/16556"}],"wp:attachment":[{"href":"https:\/\/artsnb.ca\/web\/wp-json\/wp\/v2\/media?parent=17933"}],"curies":[{"name":"wp","href":"https:\/\/api.w.org\/{rel}","templated":true}]}}