{"id":18336,"date":"2024-09-24T17:47:11","date_gmt":"2024-09-24T17:47:11","guid":{"rendered":"https:\/\/artsnb.ca\/web\/?page_id=18336"},"modified":"2024-11-11T18:37:35","modified_gmt":"2024-11-11T18:37:35","slug":"2024-literary-arts-award","status":"publish","type":"page","link":"https:\/\/artsnb.ca\/web\/2024-literary-arts-award\/?lang=fr","title":{"rendered":"VALERIE SHERRARD"},"content":{"rendered":"\n<p class=\"has-medium-font-size\"><\/p>\n\n\n\n<div style=\"height:20px\" aria-hidden=\"true\" class=\"wp-block-spacer\"><\/div>\n\n\n\n<p class=\"has-text-align-center has-x-large-font-size\" style=\"letter-spacing:5px\">VALERIE SHERRARD<\/p>\n\n\n\n<p class=\"has-text-align-center\" style=\"font-size:18px\"><strong>Prix de la lieutenante-gouverneure pour l\u2019excellence dans les arts<\/strong><\/p>\n\n\n\n<p class=\"has-text-align-center has-medium-font-size\"><strong>Laur\u00e9ate 2024 du Prix en arts litt\u00e9raire<\/strong><\/p>\n\n\n\n<div style=\"height:40px\" aria-hidden=\"true\" class=\"wp-block-spacer\"><\/div>\n\n\n\n<figure class=\"wp-block-image size-large\"><img loading=\"lazy\" decoding=\"async\" width=\"1024\" height=\"483\" src=\"https:\/\/artsnb.ca\/web\/wp-content\/uploads\/2024\/09\/FB-IG_post-Valerie-Sherrard-1024x483.png\" alt=\"\" class=\"wp-image-18333\" srcset=\"https:\/\/artsnb.ca\/web\/wp-content\/uploads\/2024\/09\/FB-IG_post-Valerie-Sherrard-1024x483.png 1024w, https:\/\/artsnb.ca\/web\/wp-content\/uploads\/2024\/09\/FB-IG_post-Valerie-Sherrard-300x142.png 300w, https:\/\/artsnb.ca\/web\/wp-content\/uploads\/2024\/09\/FB-IG_post-Valerie-Sherrard-768x362.png 768w, https:\/\/artsnb.ca\/web\/wp-content\/uploads\/2024\/09\/FB-IG_post-Valerie-Sherrard-1536x724.png 1536w, https:\/\/artsnb.ca\/web\/wp-content\/uploads\/2024\/09\/FB-IG_post-Valerie-Sherrard-2048x966.png 2048w\" sizes=\"auto, (max-width: 1024px) 100vw, 1024px\" \/><\/figure>\n\n\n\n<div style=\"height:40px\" aria-hidden=\"true\" class=\"wp-block-spacer\"><\/div>\n\n\n\n<div class=\"wp-block-columns is-not-stacked-on-mobile is-layout-flex wp-container-core-columns-is-layout-9d6595d7 wp-block-columns-is-layout-flex\">\n<div class=\"wp-block-column is-layout-flow wp-block-column-is-layout-flow\" style=\"flex-basis:50%\">\n<p class=\"has-drop-cap has-medium-font-size\"><strong>Valerie (Russell) Sherrard <\/strong>est une autrice renomm\u00e9e de litt\u00e9rature jeunesse, n\u00e9e \u00e0 Moose Jaw en Saskatchewan. Comme son p\u00e8re \u00e9tait dans l\u2019arm\u00e9e de l&#8217;air, ses fonctions ont amen\u00e9 la famille \u00e0 se relocaliser dans diff\u00e9rentes r\u00e9gions du Canada et en Allemagne. C\u2019est en Allemagne qu\u2019un de ses enseignants, Alf Lower, l\u2019a encourag\u00e9e de consid\u00e9rer un jour de devenir autrice.<\/p>\n\n\n\n<p class=\"has-medium-font-size\">Valerie appelle le Nouveau-Brunswick son chez-soi depuis 1980. En 1985, un deuil l&#8217;a inspir\u00e9e \u00e0 accueillir des enfants en besoin d&#8217;un foyer. Au fil des ans, elle a accueilli pr\u00e8s de 70 adolescent.es pour diff\u00e9rentes p\u00e9riodes. Valerie a \u00e9galement \u00e9t\u00e9 directrice d&#8217;un foyer pour adolescent.es pendant plus de dix ans. <\/p>\n<\/div>\n\n\n\n<div class=\"wp-block-column is-layout-flow wp-block-column-is-layout-flow\" style=\"flex-basis:50%\">\n<p class=\"has-medium-font-size\">Naturellement, \u00e0 la lumi\u00e8re de ces exp\u00e9riences, lorsqu&#8217;elle a commenc\u00e9 \u00e0 \u00e9crire s\u00e9rieusement, elle a choisi d&#8217;\u00e9crire pour les enfants et les adolescents.<\/p>\n\n\n\n<p class=\"has-medium-font-size\">Les \u0153uvres de Sherrard ont \u00e9t\u00e9 reconnues au niveau national et international et ont \u00e9t\u00e9 traduites en plusieurs langues. Elle a remport\u00e9 ou a \u00e9t\u00e9 en nomination pour plus de cinquante distinctions, dont le Prix litt\u00e9raire du Gouverneur G\u00e9n\u00e9ral, le Prix TD de litt\u00e9rature canadienne pour l\u2019enfance et la jeunesse, le Prix du livre jeunesse de l\u2019ann\u00e9e de l\u2019Association des biblioth\u00e8ques du Canada, le Prix Geoffrey Bilson, le Prix Ann Connor Brimer, et bien d&#8217;autres. Valerie travaille et vit \u00e0 Miramichi, au Nouveau-Brunswick.<\/p>\n<\/div>\n<\/div>\n\n\n\n<div style=\"height:40px\" aria-hidden=\"true\" class=\"wp-block-spacer\"><\/div>\n\n\n\n<figure class=\"wp-block-embed is-type-video is-provider-youtube wp-block-embed-youtube wp-embed-aspect-16-9 wp-has-aspect-ratio\"><div class=\"wp-block-embed__wrapper\">\n<div class=\"responsive-embed widescreen\"><iframe loading=\"lazy\" title=\"Valerie Sherrard: 2024 LGA Laureate | Valerie Sherrard : laur\u00e9ate 2024 des PLG\" width=\"500\" height=\"281\" src=\"https:\/\/www.youtube.com\/embed\/oP6IEfvjCnY?feature=oembed\" frameborder=\"0\" allow=\"accelerometer; autoplay; clipboard-write; encrypted-media; gyroscope; picture-in-picture; web-share\" referrerpolicy=\"strict-origin-when-cross-origin\" allowfullscreen><\/iframe><\/div>\n<\/div><\/figure>\n\n\n\n<div style=\"height:40px\" aria-hidden=\"true\" class=\"wp-block-spacer\"><\/div>\n\n\n<div class=\"wp-block-image\">\n<figure class=\"aligncenter size-full\"><a href=\"https:\/\/artsnb.ca\/web\/awards\/lieutenant-governors-awards\/?lang=fr\"><img loading=\"lazy\" decoding=\"async\" width=\"851\" height=\"315\" src=\"https:\/\/artsnb.ca\/web\/wp-content\/uploads\/2024\/09\/Website-banner.png\" alt=\"\" class=\"wp-image-18297\" srcset=\"https:\/\/artsnb.ca\/web\/wp-content\/uploads\/2024\/09\/Website-banner.png 851w, https:\/\/artsnb.ca\/web\/wp-content\/uploads\/2024\/09\/Website-banner-300x111.png 300w, https:\/\/artsnb.ca\/web\/wp-content\/uploads\/2024\/09\/Website-banner-768x284.png 768w\" sizes=\"auto, (max-width: 851px) 100vw, 851px\" \/><\/a><\/figure>\n<\/div>","protected":false},"excerpt":{"rendered":"<p>VALERIE SHERRARD Prix de la lieutenante-gouverneure pour l\u2019excellence dans les arts Laur\u00e9ate 2024 du Prix en arts litt\u00e9raire Valerie (Russell) Sherrard est une autrice renomm\u00e9e de litt\u00e9rature jeunesse, n\u00e9e \u00e0 Moose Jaw en Saskatchewan. Comme son p\u00e8re \u00e9tait dans l\u2019arm\u00e9e de l&#8217;air, ses fonctions ont amen\u00e9 la famille \u00e0 se relocaliser dans diff\u00e9rentes r\u00e9gions du<\/p>\n","protected":false},"author":7,"featured_media":18332,"parent":0,"menu_order":0,"comment_status":"closed","ping_status":"closed","template":"","meta":{"_acf_changed":false,"footnotes":""},"class_list":["post-18336","page","type-page","status-publish","has-post-thumbnail","hentry"],"acf":[],"yoast_head":"<!-- This site is optimized with the Yoast SEO plugin v27.4 - https:\/\/yoast.com\/product\/yoast-seo-wordpress\/ -->\n<title>VALERIE SHERRARD - ArtsNB<\/title>\n<meta name=\"robots\" content=\"index, follow, max-snippet:-1, max-image-preview:large, max-video-preview:-1\" \/>\n<link rel=\"canonical\" href=\"https:\/\/artsnb.ca\/web\/2024-literary-arts-award\/\" \/>\n<meta property=\"og:locale\" content=\"en_US\" \/>\n<meta property=\"og:type\" content=\"article\" \/>\n<meta property=\"og:title\" content=\"VALERIE SHERRARD - ArtsNB\" \/>\n<meta property=\"og:description\" content=\"VALERIE SHERRARD Prix de la lieutenante-gouverneure pour l\u2019excellence dans les arts Laur\u00e9ate 2024 du Prix en arts litt\u00e9raire Valerie (Russell) Sherrard est une autrice renomm\u00e9e de litt\u00e9rature jeunesse, n\u00e9e \u00e0 Moose Jaw en Saskatchewan. Comme son p\u00e8re \u00e9tait dans l\u2019arm\u00e9e de l&#8217;air, ses fonctions ont amen\u00e9 la famille \u00e0 se relocaliser dans diff\u00e9rentes r\u00e9gions du\" \/>\n<meta property=\"og:url\" content=\"https:\/\/artsnb.ca\/web\/2024-literary-arts-award\/?lang=fr\" \/>\n<meta property=\"og:site_name\" content=\"ArtsNB\" \/>\n<meta property=\"article:publisher\" content=\"https:\/\/www.facebook.com\/artsnb\/\" \/>\n<meta property=\"article:modified_time\" content=\"2024-11-11T18:37:35+00:00\" \/>\n<meta property=\"og:image\" content=\"https:\/\/artsnb.ca\/web\/wp-content\/uploads\/2024\/09\/FB-IG_post-Valerie-Sherrard-scaled.jpg\" \/>\n\t<meta property=\"og:image:width\" content=\"2560\" \/>\n\t<meta property=\"og:image:height\" content=\"2560\" \/>\n\t<meta property=\"og:image:type\" content=\"image\/jpeg\" \/>\n<meta name=\"twitter:card\" content=\"summary_large_image\" \/>\n<meta name=\"twitter:site\" content=\"@artsnb\" \/>\n<meta name=\"twitter:label1\" content=\"Est. reading time\" \/>\n\t<meta name=\"twitter:data1\" content=\"2 minutes\" \/>\n<script type=\"application\/ld+json\" class=\"yoast-schema-graph\">{\"@context\":\"https:\\\/\\\/schema.org\",\"@graph\":[{\"@type\":\"WebPage\",\"@id\":\"https:\\\/\\\/artsnb.ca\\\/web\\\/2024-literary-arts-award\\\/?lang=fr\",\"url\":\"https:\\\/\\\/artsnb.ca\\\/web\\\/2024-literary-arts-award\\\/?lang=fr\",\"name\":\"VALERIE SHERRARD - ArtsNB\",\"isPartOf\":{\"@id\":\"https:\\\/\\\/artsnb.ca\\\/web\\\/#website\"},\"primaryImageOfPage\":{\"@id\":\"https:\\\/\\\/artsnb.ca\\\/web\\\/2024-literary-arts-award\\\/?lang=fr#primaryimage\"},\"image\":{\"@id\":\"https:\\\/\\\/artsnb.ca\\\/web\\\/2024-literary-arts-award\\\/?lang=fr#primaryimage\"},\"thumbnailUrl\":\"https:\\\/\\\/artsnb.ca\\\/web\\\/wp-content\\\/uploads\\\/2024\\\/09\\\/FB-IG_post-Valerie-Sherrard-scaled.jpg\",\"datePublished\":\"2024-09-24T17:47:11+00:00\",\"dateModified\":\"2024-11-11T18:37:35+00:00\",\"breadcrumb\":{\"@id\":\"https:\\\/\\\/artsnb.ca\\\/web\\\/2024-literary-arts-award\\\/?lang=fr#breadcrumb\"},\"inLanguage\":\"en-US\",\"potentialAction\":[{\"@type\":\"ReadAction\",\"target\":[\"https:\\\/\\\/artsnb.ca\\\/web\\\/2024-literary-arts-award\\\/?lang=fr\"]}]},{\"@type\":\"ImageObject\",\"inLanguage\":\"en-US\",\"@id\":\"https:\\\/\\\/artsnb.ca\\\/web\\\/2024-literary-arts-award\\\/?lang=fr#primaryimage\",\"url\":\"https:\\\/\\\/artsnb.ca\\\/web\\\/wp-content\\\/uploads\\\/2024\\\/09\\\/FB-IG_post-Valerie-Sherrard-scaled.jpg\",\"contentUrl\":\"https:\\\/\\\/artsnb.ca\\\/web\\\/wp-content\\\/uploads\\\/2024\\\/09\\\/FB-IG_post-Valerie-Sherrard-scaled.jpg\",\"width\":2560,\"height\":2560},{\"@type\":\"BreadcrumbList\",\"@id\":\"https:\\\/\\\/artsnb.ca\\\/web\\\/2024-literary-arts-award\\\/?lang=fr#breadcrumb\",\"itemListElement\":[{\"@type\":\"ListItem\",\"position\":1,\"name\":\"Home\",\"item\":\"https:\\\/\\\/artsnb.ca\\\/web\\\/\"},{\"@type\":\"ListItem\",\"position\":2,\"name\":\"VALERIE SHERRARD\"}]},{\"@type\":\"WebSite\",\"@id\":\"https:\\\/\\\/artsnb.ca\\\/web\\\/#website\",\"url\":\"https:\\\/\\\/artsnb.ca\\\/web\\\/\",\"name\":\"ArtsNB\",\"description\":\"EXCELLENCE. PROFESSIONALISM. INNOVATION.\",\"publisher\":{\"@id\":\"https:\\\/\\\/artsnb.ca\\\/web\\\/#organization\"},\"potentialAction\":[{\"@type\":\"SearchAction\",\"target\":{\"@type\":\"EntryPoint\",\"urlTemplate\":\"https:\\\/\\\/artsnb.ca\\\/web\\\/?s={search_term_string}\"},\"query-input\":{\"@type\":\"PropertyValueSpecification\",\"valueRequired\":true,\"valueName\":\"search_term_string\"}}],\"inLanguage\":\"en-US\"},{\"@type\":\"Organization\",\"@id\":\"https:\\\/\\\/artsnb.ca\\\/web\\\/#organization\",\"name\":\"ArtsNB\",\"url\":\"https:\\\/\\\/artsnb.ca\\\/web\\\/\",\"logo\":{\"@type\":\"ImageObject\",\"inLanguage\":\"en-US\",\"@id\":\"https:\\\/\\\/artsnb.ca\\\/web\\\/#\\\/schema\\\/logo\\\/image\\\/\",\"url\":\"https:\\\/\\\/artsnb.ca\\\/web\\\/wp-content\\\/uploads\\\/2024\\\/04\\\/cropped-artsnb-PrimaryLogo-vertical-HiRes-2.jpg\",\"contentUrl\":\"https:\\\/\\\/artsnb.ca\\\/web\\\/wp-content\\\/uploads\\\/2024\\\/04\\\/cropped-artsnb-PrimaryLogo-vertical-HiRes-2.jpg\",\"width\":1698,\"height\":1223,\"caption\":\"ArtsNB\"},\"image\":{\"@id\":\"https:\\\/\\\/artsnb.ca\\\/web\\\/#\\\/schema\\\/logo\\\/image\\\/\"},\"sameAs\":[\"https:\\\/\\\/www.facebook.com\\\/artsnb\\\/\",\"https:\\\/\\\/x.com\\\/artsnb\",\"https:\\\/\\\/www.instagram.com\\\/artsnb\\\/\"]}]}<\/script>\n<!-- \/ Yoast SEO plugin. -->","yoast_head_json":{"title":"VALERIE SHERRARD - ArtsNB","robots":{"index":"index","follow":"follow","max-snippet":"max-snippet:-1","max-image-preview":"max-image-preview:large","max-video-preview":"max-video-preview:-1"},"canonical":"https:\/\/artsnb.ca\/web\/2024-literary-arts-award\/","og_locale":"en_US","og_type":"article","og_title":"VALERIE SHERRARD - ArtsNB","og_description":"VALERIE SHERRARD Prix de la lieutenante-gouverneure pour l\u2019excellence dans les arts Laur\u00e9ate 2024 du Prix en arts litt\u00e9raire Valerie (Russell) Sherrard est une autrice renomm\u00e9e de litt\u00e9rature jeunesse, n\u00e9e \u00e0 Moose Jaw en Saskatchewan. Comme son p\u00e8re \u00e9tait dans l\u2019arm\u00e9e de l&#8217;air, ses fonctions ont amen\u00e9 la famille \u00e0 se relocaliser dans diff\u00e9rentes r\u00e9gions du","og_url":"https:\/\/artsnb.ca\/web\/2024-literary-arts-award\/?lang=fr","og_site_name":"ArtsNB","article_publisher":"https:\/\/www.facebook.com\/artsnb\/","article_modified_time":"2024-11-11T18:37:35+00:00","og_image":[{"width":2560,"height":2560,"url":"https:\/\/artsnb.ca\/web\/wp-content\/uploads\/2024\/09\/FB-IG_post-Valerie-Sherrard-scaled.jpg","type":"image\/jpeg"}],"twitter_card":"summary_large_image","twitter_site":"@artsnb","twitter_misc":{"Est. reading time":"2 minutes"},"schema":{"@context":"https:\/\/schema.org","@graph":[{"@type":"WebPage","@id":"https:\/\/artsnb.ca\/web\/2024-literary-arts-award\/?lang=fr","url":"https:\/\/artsnb.ca\/web\/2024-literary-arts-award\/?lang=fr","name":"VALERIE SHERRARD - ArtsNB","isPartOf":{"@id":"https:\/\/artsnb.ca\/web\/#website"},"primaryImageOfPage":{"@id":"https:\/\/artsnb.ca\/web\/2024-literary-arts-award\/?lang=fr#primaryimage"},"image":{"@id":"https:\/\/artsnb.ca\/web\/2024-literary-arts-award\/?lang=fr#primaryimage"},"thumbnailUrl":"https:\/\/artsnb.ca\/web\/wp-content\/uploads\/2024\/09\/FB-IG_post-Valerie-Sherrard-scaled.jpg","datePublished":"2024-09-24T17:47:11+00:00","dateModified":"2024-11-11T18:37:35+00:00","breadcrumb":{"@id":"https:\/\/artsnb.ca\/web\/2024-literary-arts-award\/?lang=fr#breadcrumb"},"inLanguage":"en-US","potentialAction":[{"@type":"ReadAction","target":["https:\/\/artsnb.ca\/web\/2024-literary-arts-award\/?lang=fr"]}]},{"@type":"ImageObject","inLanguage":"en-US","@id":"https:\/\/artsnb.ca\/web\/2024-literary-arts-award\/?lang=fr#primaryimage","url":"https:\/\/artsnb.ca\/web\/wp-content\/uploads\/2024\/09\/FB-IG_post-Valerie-Sherrard-scaled.jpg","contentUrl":"https:\/\/artsnb.ca\/web\/wp-content\/uploads\/2024\/09\/FB-IG_post-Valerie-Sherrard-scaled.jpg","width":2560,"height":2560},{"@type":"BreadcrumbList","@id":"https:\/\/artsnb.ca\/web\/2024-literary-arts-award\/?lang=fr#breadcrumb","itemListElement":[{"@type":"ListItem","position":1,"name":"Home","item":"https:\/\/artsnb.ca\/web\/"},{"@type":"ListItem","position":2,"name":"VALERIE SHERRARD"}]},{"@type":"WebSite","@id":"https:\/\/artsnb.ca\/web\/#website","url":"https:\/\/artsnb.ca\/web\/","name":"ArtsNB","description":"EXCELLENCE. PROFESSIONALISM. INNOVATION.","publisher":{"@id":"https:\/\/artsnb.ca\/web\/#organization"},"potentialAction":[{"@type":"SearchAction","target":{"@type":"EntryPoint","urlTemplate":"https:\/\/artsnb.ca\/web\/?s={search_term_string}"},"query-input":{"@type":"PropertyValueSpecification","valueRequired":true,"valueName":"search_term_string"}}],"inLanguage":"en-US"},{"@type":"Organization","@id":"https:\/\/artsnb.ca\/web\/#organization","name":"ArtsNB","url":"https:\/\/artsnb.ca\/web\/","logo":{"@type":"ImageObject","inLanguage":"en-US","@id":"https:\/\/artsnb.ca\/web\/#\/schema\/logo\/image\/","url":"https:\/\/artsnb.ca\/web\/wp-content\/uploads\/2024\/04\/cropped-artsnb-PrimaryLogo-vertical-HiRes-2.jpg","contentUrl":"https:\/\/artsnb.ca\/web\/wp-content\/uploads\/2024\/04\/cropped-artsnb-PrimaryLogo-vertical-HiRes-2.jpg","width":1698,"height":1223,"caption":"ArtsNB"},"image":{"@id":"https:\/\/artsnb.ca\/web\/#\/schema\/logo\/image\/"},"sameAs":["https:\/\/www.facebook.com\/artsnb\/","https:\/\/x.com\/artsnb","https:\/\/www.instagram.com\/artsnb\/"]}]}},"_links":{"self":[{"href":"https:\/\/artsnb.ca\/web\/wp-json\/wp\/v2\/pages\/18336","targetHints":{"allow":["GET"]}}],"collection":[{"href":"https:\/\/artsnb.ca\/web\/wp-json\/wp\/v2\/pages"}],"about":[{"href":"https:\/\/artsnb.ca\/web\/wp-json\/wp\/v2\/types\/page"}],"author":[{"embeddable":true,"href":"https:\/\/artsnb.ca\/web\/wp-json\/wp\/v2\/users\/7"}],"replies":[{"embeddable":true,"href":"https:\/\/artsnb.ca\/web\/wp-json\/wp\/v2\/comments?post=18336"}],"version-history":[{"count":20,"href":"https:\/\/artsnb.ca\/web\/wp-json\/wp\/v2\/pages\/18336\/revisions"}],"predecessor-version":[{"id":18791,"href":"https:\/\/artsnb.ca\/web\/wp-json\/wp\/v2\/pages\/18336\/revisions\/18791"}],"wp:featuredmedia":[{"embeddable":true,"href":"https:\/\/artsnb.ca\/web\/wp-json\/wp\/v2\/media\/18332"}],"wp:attachment":[{"href":"https:\/\/artsnb.ca\/web\/wp-json\/wp\/v2\/media?parent=18336"}],"curies":[{"name":"wp","href":"https:\/\/api.w.org\/{rel}","templated":true}]}}