{"id":22336,"date":"2025-11-26T18:15:03","date_gmt":"2025-11-26T18:15:03","guid":{"rendered":"https:\/\/artsnb.ca\/web\/?page_id=22336"},"modified":"2025-11-26T19:14:19","modified_gmt":"2025-11-26T19:14:19","slug":"avant-de-vous-connecter-a-la-rencontre-eclair","status":"publish","type":"page","link":"https:\/\/artsnb.ca\/web\/avant-de-vous-connecter-a-la-rencontre-eclair\/?lang=fr","title":{"rendered":"Avant de vous connecter \u00e0 la Rencontre-\u00e9clair"},"content":{"rendered":"\n<div style=\"height:20px\" aria-hidden=\"true\" class=\"wp-block-spacer\"><\/div>\n\n\n\n<p>Bienvenue \u00e0 la Rencontre-\u00e9clair d&#8217;artsnb ! Nous sommes heureux.euses de vous proposer ces rencontres afin de vous aider \u00e0 d\u00e9terminer comment les programmes d&#8217;artsnb peuvent soutenir votre pratique artistique. Cette rencontre sera anim\u00e9e par un ou plusieurs membres de l&#8217;\u00e9quipe d&#8217;artsnb qui seront l\u00e0 pour r\u00e9pondre \u00e0 vos questions dans un cadre convivial et informel.<\/p>\n\n\n\n<p>Veuillez noter que le but de ces rencontres n\u2019est pas de vous pr\u00e9senter les programmes d&#8217;artsnb. Si vous n&#8217;avez jamais consult\u00e9 les ressources d\u2019artsnb offertes en ligne, y compris <a href=\"https:\/\/artsnb.ca\/web\/programs\/?lang=fr\">les lignes directrices des programmes<\/a>, nous vous encourageons \u00e0 prendre le temps de le faire avant de vous joindre \u00e0 nous pour la Rencontre-\u00e9clair.<\/p>\n\n\n\n<p>Pendant la Rencontre-\u00e9clair&#8230;<\/p>\n\n\n\n<p><strong>\u00c0 FAIRE<\/strong><\/p>\n\n\n\n<ul class=\"wp-block-list\">\n<li>Soyez pr\u00e9par\u00e9.e \u00e0 poser des questions sp\u00e9cifiques sur nos programmes, votre demande ou le syst\u00e8me de demande en ligne.<\/li>\n\n\n\n<li>N&#8217;oubliez pas que les Rencontres-\u00e9clair sont des sessions de questions-r\u00e9ponses, et non l&#8217;occasion de d\u00e9fendre la validit\u00e9 de votre pratique ou de votre id\u00e9e.<\/li>\n\n\n\n<li>Faites preuve de respect.<\/li>\n\n\n\n<li>Soyez attentif.ve au temps de chacun.ne.<\/li>\n<\/ul>\n\n\n\n<div style=\"height:20px\" aria-hidden=\"true\" class=\"wp-block-spacer\"><\/div>\n\n\n<noscript class=\"ninja-forms-noscript-message\">\n\tNotice: JavaScript is required for this content.<\/noscript>\n<div id=\"nf-form-15-cont\" class=\"nf-form-cont\" aria-live=\"polite\" aria-labelledby=\"nf-form-title-15\" aria-describedby=\"nf-form-errors-15\" role=\"form\">\n\n    <div class=\"nf-loading-spinner\"><\/div>\n\n<\/div>\n        <!-- That data is being printed as a workaround to page builders reordering the order of the scripts loaded-->\n        <script>var formDisplay=1;var nfForms=nfForms||[];var form=[];form.id='15';form.settings={\"objectType\":\"Form Setting\",\"editActive\":true,\"title\":\"Intro Rencontres-\\u00e9clair\",\"show_title\":0,\"allow_public_link\":0,\"public_link\":\"https:\\\/\\\/artsnb.ca\\\/web\\\/ninja-forms\\\/15foj2\",\"embed_form\":\"\",\"clear_complete\":1,\"hide_complete\":1,\"default_label_pos\":\"above\",\"wrapper_class\":\"\",\"element_class\":\"\",\"form_title_heading_level\":\"3\",\"key\":\"\",\"add_submit\":1,\"changeEmailErrorMsg\":\"Please enter a valid email address!\",\"changeDateErrorMsg\":\"Please enter a valid date!\",\"confirmFieldErrorMsg\":\"These fields must match!\",\"fieldNumberNumMinError\":\"Number Min Error\",\"fieldNumberNumMaxError\":\"Number Max Error\",\"fieldNumberIncrementBy\":\"Please increment by \",\"formErrorsCorrectErrors\":\"Please correct errors before submitting this form.\",\"validateRequiredField\":\"This is a required field.\",\"honeypotHoneypotError\":\"Honeypot Error\",\"fieldsMarkedRequired\":\"Fields marked with an <span class=\\\"ninja-forms-req-symbol\\\">*<\\\/span> are required\",\"currency\":\"\",\"unique_field_error\":\"A form with this value has already been submitted.\",\"logged_in\":false,\"not_logged_in_msg\":\"\",\"sub_limit_msg\":\"The form has reached its submission limit.\",\"calculations\":[],\"conditions\":[{\"collapsed\":false,\"process\":1,\"connector\":\"all\",\"when\":[{\"connector\":\"AND\",\"key\":\"j_ai_lu_l_information_ci-haut_et_je_suis_pret_e_a_me_connecter_1764102764903\",\"comparator\":\"equal\",\"value\":\"checked\",\"type\":\"field\",\"modelType\":\"when\"}],\"then\":[{\"key\":\"html_1764102780411\",\"trigger\":\"show_field\",\"value\":\"\",\"type\":\"field\",\"modelType\":\"then\"}],\"else\":[{\"key\":\"html_1764102780411\",\"trigger\":\"hide_field\",\"value\":\"\",\"type\":\"field\",\"modelType\":\"else\"}]}],\"formContentData\":[\"j_ai_lu_l_information_ci-haut_et_je_suis_pret_e_a_me_connecter_1764102764903\",\"html_1764102780411\"],\"objectDomain\":\"conditional_logic\",\"drawerDisabled\":false,\"public_link_key\":\"15foj2\",\"ninjaForms\":\"Ninja Forms\",\"fieldTextareaRTEInsertLink\":\"Insert Link\",\"fieldTextareaRTEInsertMedia\":\"Insert Media\",\"fieldTextareaRTESelectAFile\":\"Select a file\",\"formHoneypot\":\"If you are a human seeing this field, please leave it empty.\",\"fileUploadOldCodeFileUploadInProgress\":\"File Upload in Progress.\",\"fileUploadOldCodeFileUpload\":\"FILE UPLOAD\",\"currencySymbol\":\"&#36;\",\"thousands_sep\":\",\",\"decimal_point\":\".\",\"siteLocale\":\"en_US\",\"dateFormat\":\"m\\\/d\\\/Y\",\"startOfWeek\":\"1\",\"of\":\"of\",\"previousMonth\":\"Previous Month\",\"nextMonth\":\"Next Month\",\"months\":[\"January\",\"February\",\"March\",\"April\",\"May\",\"June\",\"July\",\"August\",\"September\",\"October\",\"November\",\"December\"],\"monthsShort\":[\"Jan\",\"Feb\",\"Mar\",\"Apr\",\"May\",\"Jun\",\"Jul\",\"Aug\",\"Sep\",\"Oct\",\"Nov\",\"Dec\"],\"weekdays\":[\"Sunday\",\"Monday\",\"Tuesday\",\"Wednesday\",\"Thursday\",\"Friday\",\"Saturday\"],\"weekdaysShort\":[\"Sun\",\"Mon\",\"Tue\",\"Wed\",\"Thu\",\"Fri\",\"Sat\"],\"weekdaysMin\":[\"Su\",\"Mo\",\"Tu\",\"We\",\"Th\",\"Fr\",\"Sa\"],\"recaptchaConsentMissing\":\"reCaptcha validation couldn&#039;t load.\",\"recaptchaMissingCookie\":\"reCaptcha v3 validation couldn&#039;t load the cookie needed to submit the form.\",\"recaptchaConsentEvent\":\"Accept reCaptcha cookies before sending the form.\",\"currency_symbol\":\"\",\"beforeForm\":\"\",\"beforeFields\":\"\",\"afterFields\":\"\",\"afterForm\":\"\"};form.fields=[{\"objectType\":\"Field\",\"objectDomain\":\"fields\",\"editActive\":false,\"order\":999,\"idAttribute\":\"id\",\"type\":\"checkbox\",\"label\":\"J'ai lu l'information ci-haut et je suis pr\\u00eat.e \\u00e0 me connecter\",\"key\":\"j_ai_lu_l_information_ci-haut_et_je_suis_pret_e_a_me_connecter_1764102764903\",\"label_pos\":\"right\",\"required\":false,\"container_class\":\"\",\"element_class\":\"\",\"manual_key\":false,\"admin_label\":\"\",\"help_text\":\"\",\"default_value\":\"unchecked\",\"checked_value\":\"Checked\",\"unchecked_value\":\"Unchecked\",\"checked_calc_value\":\"\",\"unchecked_calc_value\":\"\",\"drawerDisabled\":false,\"id\":381,\"beforeField\":\"\",\"afterField\":\"\",\"value\":\"\",\"parentType\":\"checkbox\",\"element_templates\":[\"checkbox\",\"input\"],\"old_classname\":\"\",\"wrap_template\":\"wrap\"},{\"objectType\":\"Field\",\"objectDomain\":\"fields\",\"editActive\":false,\"order\":999,\"idAttribute\":\"id\",\"type\":\"html\",\"label\":\"HTML\",\"default\":\"<p class=\\\"MsoNormal\\\"><a href=\\\"https:\\\/\\\/us06web.zoom.us\\\/j\\\/2787506506\\\">ME CONNECTER\\nMAINTENANT<\\\/a><o:p><\\\/o:p><\\\/p>\",\"container_class\":\"\",\"element_class\":\"\",\"admin_label\":\"\",\"key\":\"html_1764102780411\",\"drawerDisabled\":false,\"id\":382,\"beforeField\":\"\",\"afterField\":\"\",\"value\":\"<p class=\\\"MsoNormal\\\"><a href=\\\"https:\\\/\\\/us06web.zoom.us\\\/j\\\/2787506506\\\">ME CONNECTER\\nMAINTENANT<\\\/a><o:p><\\\/o:p><\\\/p>\",\"label_pos\":\"above\",\"parentType\":\"html\",\"element_templates\":[\"html\",\"input\"],\"old_classname\":\"\",\"wrap_template\":\"wrap\"}];nfForms.push(form);<\/script>\n        \n","protected":false},"excerpt":{"rendered":"<p>Bienvenue \u00e0 la Rencontre-\u00e9clair d&#8217;artsnb ! Nous sommes heureux.euses de vous proposer ces rencontres afin de vous aider \u00e0 d\u00e9terminer comment les programmes d&#8217;artsnb peuvent soutenir votre pratique artistique. Cette rencontre sera anim\u00e9e par un ou plusieurs membres de l&#8217;\u00e9quipe d&#8217;artsnb qui seront l\u00e0 pour r\u00e9pondre \u00e0 vos questions dans un cadre convivial et informel.<\/p>\n","protected":false},"author":7,"featured_media":0,"parent":0,"menu_order":0,"comment_status":"closed","ping_status":"closed","template":"","meta":{"_acf_changed":false,"footnotes":""},"class_list":["post-22336","page","type-page","status-publish","hentry"],"acf":[],"yoast_head":"<!-- This site is optimized with the Yoast SEO plugin v27.3 - https:\/\/yoast.com\/product\/yoast-seo-wordpress\/ -->\n<title>Avant de vous connecter \u00e0 la Rencontre-\u00e9clair - ArtsNB<\/title>\n<meta name=\"robots\" content=\"index, follow, max-snippet:-1, max-image-preview:large, max-video-preview:-1\" \/>\n<link rel=\"canonical\" href=\"https:\/\/artsnb.ca\/web\/avant-de-vous-connecter-a-la-rencontre-eclair\/\" \/>\n<meta property=\"og:locale\" content=\"en_US\" \/>\n<meta property=\"og:type\" content=\"article\" \/>\n<meta property=\"og:title\" content=\"Avant de vous connecter \u00e0 la Rencontre-\u00e9clair - ArtsNB\" \/>\n<meta property=\"og:description\" content=\"Bienvenue \u00e0 la Rencontre-\u00e9clair d&#8217;artsnb ! Nous sommes heureux.euses de vous proposer ces rencontres afin de vous aider \u00e0 d\u00e9terminer comment les programmes d&#8217;artsnb peuvent soutenir votre pratique artistique. Cette rencontre sera anim\u00e9e par un ou plusieurs membres de l&#8217;\u00e9quipe d&#8217;artsnb qui seront l\u00e0 pour r\u00e9pondre \u00e0 vos questions dans un cadre convivial et informel.\" \/>\n<meta property=\"og:url\" content=\"https:\/\/artsnb.ca\/web\/avant-de-vous-connecter-a-la-rencontre-eclair\/?lang=fr\" \/>\n<meta property=\"og:site_name\" content=\"ArtsNB\" \/>\n<meta property=\"article:publisher\" content=\"https:\/\/www.facebook.com\/artsnb\/\" \/>\n<meta property=\"article:modified_time\" content=\"2025-11-26T19:14:19+00:00\" \/>\n<meta property=\"og:image\" content=\"https:\/\/artsnb.ca\/web\/wp-content\/uploads\/2019\/09\/artsnb-logo-horizontal.jpg\" \/>\n\t<meta property=\"og:image:width\" content=\"1724\" \/>\n\t<meta property=\"og:image:height\" content=\"561\" \/>\n\t<meta property=\"og:image:type\" content=\"image\/jpeg\" \/>\n<meta name=\"twitter:card\" content=\"summary_large_image\" \/>\n<meta name=\"twitter:site\" content=\"@artsnb\" \/>\n<meta name=\"twitter:label1\" content=\"Est. reading time\" \/>\n\t<meta name=\"twitter:data1\" content=\"1 minute\" \/>\n<script type=\"application\/ld+json\" class=\"yoast-schema-graph\">{\"@context\":\"https:\\\/\\\/schema.org\",\"@graph\":[{\"@type\":\"WebPage\",\"@id\":\"https:\\\/\\\/artsnb.ca\\\/web\\\/avant-de-vous-connecter-a-la-rencontre-eclair\\\/?lang=fr\",\"url\":\"https:\\\/\\\/artsnb.ca\\\/web\\\/avant-de-vous-connecter-a-la-rencontre-eclair\\\/?lang=fr\",\"name\":\"Avant de vous connecter \u00e0 la Rencontre-\u00e9clair - ArtsNB\",\"isPartOf\":{\"@id\":\"https:\\\/\\\/artsnb.ca\\\/web\\\/#website\"},\"datePublished\":\"2025-11-26T18:15:03+00:00\",\"dateModified\":\"2025-11-26T19:14:19+00:00\",\"breadcrumb\":{\"@id\":\"https:\\\/\\\/artsnb.ca\\\/web\\\/avant-de-vous-connecter-a-la-rencontre-eclair\\\/?lang=fr#breadcrumb\"},\"inLanguage\":\"en-US\",\"potentialAction\":[{\"@type\":\"ReadAction\",\"target\":[\"https:\\\/\\\/artsnb.ca\\\/web\\\/avant-de-vous-connecter-a-la-rencontre-eclair\\\/?lang=fr\"]}]},{\"@type\":\"BreadcrumbList\",\"@id\":\"https:\\\/\\\/artsnb.ca\\\/web\\\/avant-de-vous-connecter-a-la-rencontre-eclair\\\/?lang=fr#breadcrumb\",\"itemListElement\":[{\"@type\":\"ListItem\",\"position\":1,\"name\":\"Home\",\"item\":\"https:\\\/\\\/artsnb.ca\\\/web\\\/\"},{\"@type\":\"ListItem\",\"position\":2,\"name\":\"Avant de vous connecter \u00e0 la Rencontre-\u00e9clair\"}]},{\"@type\":\"WebSite\",\"@id\":\"https:\\\/\\\/artsnb.ca\\\/web\\\/#website\",\"url\":\"https:\\\/\\\/artsnb.ca\\\/web\\\/\",\"name\":\"ArtsNB\",\"description\":\"EXCELLENCE. PROFESSIONALISM. INNOVATION.\",\"publisher\":{\"@id\":\"https:\\\/\\\/artsnb.ca\\\/web\\\/#organization\"},\"potentialAction\":[{\"@type\":\"SearchAction\",\"target\":{\"@type\":\"EntryPoint\",\"urlTemplate\":\"https:\\\/\\\/artsnb.ca\\\/web\\\/?s={search_term_string}\"},\"query-input\":{\"@type\":\"PropertyValueSpecification\",\"valueRequired\":true,\"valueName\":\"search_term_string\"}}],\"inLanguage\":\"en-US\"},{\"@type\":\"Organization\",\"@id\":\"https:\\\/\\\/artsnb.ca\\\/web\\\/#organization\",\"name\":\"ArtsNB\",\"url\":\"https:\\\/\\\/artsnb.ca\\\/web\\\/\",\"logo\":{\"@type\":\"ImageObject\",\"inLanguage\":\"en-US\",\"@id\":\"https:\\\/\\\/artsnb.ca\\\/web\\\/#\\\/schema\\\/logo\\\/image\\\/\",\"url\":\"https:\\\/\\\/artsnb.ca\\\/web\\\/wp-content\\\/uploads\\\/2024\\\/04\\\/cropped-artsnb-PrimaryLogo-vertical-HiRes-2.jpg\",\"contentUrl\":\"https:\\\/\\\/artsnb.ca\\\/web\\\/wp-content\\\/uploads\\\/2024\\\/04\\\/cropped-artsnb-PrimaryLogo-vertical-HiRes-2.jpg\",\"width\":1698,\"height\":1223,\"caption\":\"ArtsNB\"},\"image\":{\"@id\":\"https:\\\/\\\/artsnb.ca\\\/web\\\/#\\\/schema\\\/logo\\\/image\\\/\"},\"sameAs\":[\"https:\\\/\\\/www.facebook.com\\\/artsnb\\\/\",\"https:\\\/\\\/x.com\\\/artsnb\",\"https:\\\/\\\/www.instagram.com\\\/artsnb\\\/\"]}]}<\/script>\n<!-- \/ Yoast SEO plugin. -->","yoast_head_json":{"title":"Avant de vous connecter \u00e0 la Rencontre-\u00e9clair - ArtsNB","robots":{"index":"index","follow":"follow","max-snippet":"max-snippet:-1","max-image-preview":"max-image-preview:large","max-video-preview":"max-video-preview:-1"},"canonical":"https:\/\/artsnb.ca\/web\/avant-de-vous-connecter-a-la-rencontre-eclair\/","og_locale":"en_US","og_type":"article","og_title":"Avant de vous connecter \u00e0 la Rencontre-\u00e9clair - ArtsNB","og_description":"Bienvenue \u00e0 la Rencontre-\u00e9clair d&#8217;artsnb ! Nous sommes heureux.euses de vous proposer ces rencontres afin de vous aider \u00e0 d\u00e9terminer comment les programmes d&#8217;artsnb peuvent soutenir votre pratique artistique. Cette rencontre sera anim\u00e9e par un ou plusieurs membres de l&#8217;\u00e9quipe d&#8217;artsnb qui seront l\u00e0 pour r\u00e9pondre \u00e0 vos questions dans un cadre convivial et informel.","og_url":"https:\/\/artsnb.ca\/web\/avant-de-vous-connecter-a-la-rencontre-eclair\/?lang=fr","og_site_name":"ArtsNB","article_publisher":"https:\/\/www.facebook.com\/artsnb\/","article_modified_time":"2025-11-26T19:14:19+00:00","og_image":[{"width":1724,"height":561,"url":"https:\/\/artsnb.ca\/web\/wp-content\/uploads\/2019\/09\/artsnb-logo-horizontal.jpg","type":"image\/jpeg"}],"twitter_card":"summary_large_image","twitter_site":"@artsnb","twitter_misc":{"Est. reading time":"1 minute"},"schema":{"@context":"https:\/\/schema.org","@graph":[{"@type":"WebPage","@id":"https:\/\/artsnb.ca\/web\/avant-de-vous-connecter-a-la-rencontre-eclair\/?lang=fr","url":"https:\/\/artsnb.ca\/web\/avant-de-vous-connecter-a-la-rencontre-eclair\/?lang=fr","name":"Avant de vous connecter \u00e0 la Rencontre-\u00e9clair - ArtsNB","isPartOf":{"@id":"https:\/\/artsnb.ca\/web\/#website"},"datePublished":"2025-11-26T18:15:03+00:00","dateModified":"2025-11-26T19:14:19+00:00","breadcrumb":{"@id":"https:\/\/artsnb.ca\/web\/avant-de-vous-connecter-a-la-rencontre-eclair\/?lang=fr#breadcrumb"},"inLanguage":"en-US","potentialAction":[{"@type":"ReadAction","target":["https:\/\/artsnb.ca\/web\/avant-de-vous-connecter-a-la-rencontre-eclair\/?lang=fr"]}]},{"@type":"BreadcrumbList","@id":"https:\/\/artsnb.ca\/web\/avant-de-vous-connecter-a-la-rencontre-eclair\/?lang=fr#breadcrumb","itemListElement":[{"@type":"ListItem","position":1,"name":"Home","item":"https:\/\/artsnb.ca\/web\/"},{"@type":"ListItem","position":2,"name":"Avant de vous connecter \u00e0 la Rencontre-\u00e9clair"}]},{"@type":"WebSite","@id":"https:\/\/artsnb.ca\/web\/#website","url":"https:\/\/artsnb.ca\/web\/","name":"ArtsNB","description":"EXCELLENCE. PROFESSIONALISM. INNOVATION.","publisher":{"@id":"https:\/\/artsnb.ca\/web\/#organization"},"potentialAction":[{"@type":"SearchAction","target":{"@type":"EntryPoint","urlTemplate":"https:\/\/artsnb.ca\/web\/?s={search_term_string}"},"query-input":{"@type":"PropertyValueSpecification","valueRequired":true,"valueName":"search_term_string"}}],"inLanguage":"en-US"},{"@type":"Organization","@id":"https:\/\/artsnb.ca\/web\/#organization","name":"ArtsNB","url":"https:\/\/artsnb.ca\/web\/","logo":{"@type":"ImageObject","inLanguage":"en-US","@id":"https:\/\/artsnb.ca\/web\/#\/schema\/logo\/image\/","url":"https:\/\/artsnb.ca\/web\/wp-content\/uploads\/2024\/04\/cropped-artsnb-PrimaryLogo-vertical-HiRes-2.jpg","contentUrl":"https:\/\/artsnb.ca\/web\/wp-content\/uploads\/2024\/04\/cropped-artsnb-PrimaryLogo-vertical-HiRes-2.jpg","width":1698,"height":1223,"caption":"ArtsNB"},"image":{"@id":"https:\/\/artsnb.ca\/web\/#\/schema\/logo\/image\/"},"sameAs":["https:\/\/www.facebook.com\/artsnb\/","https:\/\/x.com\/artsnb","https:\/\/www.instagram.com\/artsnb\/"]}]}},"_links":{"self":[{"href":"https:\/\/artsnb.ca\/web\/wp-json\/wp\/v2\/pages\/22336","targetHints":{"allow":["GET"]}}],"collection":[{"href":"https:\/\/artsnb.ca\/web\/wp-json\/wp\/v2\/pages"}],"about":[{"href":"https:\/\/artsnb.ca\/web\/wp-json\/wp\/v2\/types\/page"}],"author":[{"embeddable":true,"href":"https:\/\/artsnb.ca\/web\/wp-json\/wp\/v2\/users\/7"}],"replies":[{"embeddable":true,"href":"https:\/\/artsnb.ca\/web\/wp-json\/wp\/v2\/comments?post=22336"}],"version-history":[{"count":3,"href":"https:\/\/artsnb.ca\/web\/wp-json\/wp\/v2\/pages\/22336\/revisions"}],"predecessor-version":[{"id":22356,"href":"https:\/\/artsnb.ca\/web\/wp-json\/wp\/v2\/pages\/22336\/revisions\/22356"}],"wp:attachment":[{"href":"https:\/\/artsnb.ca\/web\/wp-json\/wp\/v2\/media?parent=22336"}],"curies":[{"name":"wp","href":"https:\/\/api.w.org\/{rel}","templated":true}]}}