{"id":351,"date":"2019-07-24T15:58:18","date_gmt":"2019-07-24T15:58:18","guid":{"rendered":"https:\/\/staging-artsnb.weavercrawford.com\/artsnb\/"},"modified":"2023-04-06T16:13:00","modified_gmt":"2023-04-06T16:13:00","slug":"artsnb","status":"publish","type":"page","link":"https:\/\/artsnb.ca\/web\/a-propos\/artsnb\/?lang=fr","title":{"rendered":"artsnb"},"content":{"rendered":"\n<p>\u00c9tabli en 1991, le Conseil des arts du Nouveau-Brunswick est un organisme ind\u00e9pendant, autonome et bilingue dirig\u00e9 par un conseil d&#8217;administration de neuf membres votants, assurant ainsi un \u00e9quilibre entre les hommes et les femmes, les cinq r\u00e9gions de la province, les diverses communaut\u00e9s linguistiques et autochtones ainsi que les nombreuses disciplines artistiques.<\/p>\n\n\n\n<h2 class=\"wp-block-heading\">MISSION<\/h2>\n\n\n\n<p>artsnb g\u00e8re des fonds publics et s\u2019associe \u00e0 un r\u00e9seau de partenaires afin de soutenir un \u00e9cosyst\u00e8me artistique diversifi\u00e9 et durable qui s\u2019\u00e9panouit partout au Nouveau-Brunswick. Nous encourageons et c\u00e9l\u00e9brons le travail des artistes du Nouveau-Brunswick dans une grande vari\u00e9t\u00e9 de disciplines, et les encourageons \u00e0 partager leur travail dans la province et partout ailleurs.<\/p>\n\n\n\n<h2 class=\"wp-block-heading\">VISION<\/h2>\n\n\n\n<p>D\u2019ici 2027 :<\/p>\n\n\n\n<ul class=\"wp-block-list\">\n<li>artsnb donne \u00e0 l\u2019\u00e9cosyst\u00e8me artistique les moyens de cr\u00e9er de grandes \u0153uvres, de partager une diversit\u00e9 d\u2019histoires dans de nombreuses langues et de contribuer au dynamisme des communaut\u00e9s de la province;<\/li>\n\n\n\n<li>Nous entretenons des relations durables avec les artistes et nos partenaires, nous fournissons des ressources appropri\u00e9es \u00e0 la communaut\u00e9 artistique du Nouveau-Brunswick et nous sommes une force motrice au c\u0153ur d\u2019un r\u00e9seau artistique dans toute la province;<\/li>\n\n\n\n<li>Un financement accru est accessible \u00e0 un nombre grandissant et \u00e0 un \u00e9ventail plus large et plus diversifi\u00e9 d\u2019artistes vivant et travaillant dans les collectivit\u00e9s du Nouveau-Brunswick;<\/li>\n\n\n\n<li>La communaut\u00e9 artistique est reconnue pour sa contribution consid\u00e9rable \u00e0 l\u2019\u00e9conomie, \u00e0 la qualit\u00e9 de vie, \u00e0 la vitalit\u00e9 linguistique et culturelle et au lien social du Nouveau-Brunswick;<\/li>\n\n\n\n<li>L\u2019expression artistique est largement appr\u00e9ci\u00e9e et c\u00e9l\u00e9br\u00e9e sous toutes ses formes;<\/li>\n\n\n\n<li>Le travail des artistes du Nouveau-Brunswick est reconnu \u00e0 l\u2019\u00e9chelle locale, nationale et internationale.<\/li>\n<\/ul>\n\n\n\n<h2 class=\"wp-block-heading\">VALEURS<\/h2>\n\n\n\n<ul class=\"wp-block-list\">\n<li>Chez artsnb, nous pr\u00f4nons et appr\u00e9cions l\u2019empathie, l\u2019ouverture d\u2019esprit et l\u2019harmonie;<\/li>\n\n\n\n<li>Afin de mieux servir et soutenir l\u2019expression cr\u00e9ative et culturelle, nous \u00e9voluons, nous nous adaptons et nous r\u00e9pondons aux changements de mani\u00e8re continuelle;<\/li>\n\n\n\n<li>Nous nous effor\u00e7ons d\u2019\u00eatre efficaces, transparents et responsables dans toutes nos activit\u00e9s;<\/li>\n\n\n\n<li>Nous utilisons nos oreilles pour \u00e9couter et apprendre, et notre voix pour parler, \u00e9duquer et c\u00e9l\u00e9brer.<\/li>\n<\/ul>\n\n\n\n<h2 class=\"wp-block-heading\">MANDAT<\/h2>\n\n\n\n<p>Notre mandat, tel que d\u00e9fini dans la\u00a0<em>Loi sur le Conseil des arts du Nouveau-Brunswick<\/em>, est le suivant:<\/p>\n\n\n\n<ul class=\"wp-block-list\">\n<li>de faciliter et de promouvoir la cr\u00e9ation et la production artistiques;<\/li>\n\n\n\n<li>de favoriser la connaissance et la compr\u00e9hension des arts et de cr\u00e9er des conditions propices \u00e0 l\u2019exp\u00e9rience du plaisir qu\u2019ils procurent;<\/li>\n\n\n\n<li>par l\u2019entremise du ministre, de conseiller le gouvernement sur l\u2019\u00e9laboration d\u2019une politique favorable aux arts et sur des questions connexes;<\/li>\n\n\n\n<li>de promouvoir et de d\u00e9fendre l\u2019excellence dans les arts ;<\/li>\n\n\n\n<li>de c\u00e9l\u00e9brer l\u2019excellence artistique par la mise en \u0153uvre et l\u2019administration de programmes visant \u00e0 reconna\u00eetre les r\u00e9alisations artistiques exceptionnelles;<\/li>\n\n\n\n<li>d\u2019\u00e9laborer et d\u2019administrer pour le compte du ministre des programmes de soutien financier \u00e0 l\u2019intention des particuliers et des organismes artistiques afin de stimuler la cr\u00e9ation artistique et de multiplier les occasions de formation professionnelle;<\/li>\n\n\n\n<li>d\u2019\u00e9tablir et de g\u00e9rer un syst\u00e8me d\u2019\u00e9valuation par les pairs, un syst\u00e8me de jury ou quelque autre m\u00e9thode d\u2019\u00e9valuation&nbsp;:\n<ul class=\"wp-block-list\">\n<li>de la valeur artistique des \u0153uvres, des projets et des propositions qui sont soumis \u00e0 son appr\u00e9ciation ou \u00e0 celle du ministre,<\/li>\n\n\n\n<li>du choix de nouvelles acquisitions, y compris celles qui sont destin\u00e9es \u00e0 la Banque d\u2019\u0153uvres d\u2019art du Nouveau-Brunswick;<\/li>\n<\/ul>\n<\/li>\n\n\n\n<li>d\u2019exercer toutes autres activit\u00e9s ou fonctions ayant trait aux arts que le ministre ordonne ou approuve.<\/li>\n<\/ul>\n","protected":false},"excerpt":{"rendered":"<p>\u00c9tabli en 1991, le Conseil des arts du Nouveau-Brunswick est un organisme ind\u00e9pendant, autonome et bilingue dirig\u00e9 par un conseil d&#8217;administration de neuf membres votants, assurant ainsi un \u00e9quilibre entre les hommes et les femmes, les cinq r\u00e9gions de la province, les diverses communaut\u00e9s linguistiques et autochtones ainsi que les nombreuses disciplines artistiques. MISSION artsnb<\/p>\n","protected":false},"author":1,"featured_media":0,"parent":355,"menu_order":0,"comment_status":"closed","ping_status":"closed","template":"page-templates\/about-page.php","meta":{"_acf_changed":false,"footnotes":""},"class_list":["post-351","page","type-page","status-publish","hentry"],"acf":[],"yoast_head":"<!-- This site is optimized with the Yoast SEO plugin v27.5 - https:\/\/yoast.com\/product\/yoast-seo-wordpress\/ -->\n<title>artsnb - ArtsNB<\/title>\n<meta name=\"robots\" content=\"index, follow, max-snippet:-1, max-image-preview:large, max-video-preview:-1\" \/>\n<link rel=\"canonical\" href=\"https:\/\/artsnb.ca\/web\/a-propos\/artsnb\/\" \/>\n<meta property=\"og:locale\" content=\"en_US\" \/>\n<meta property=\"og:type\" content=\"article\" \/>\n<meta property=\"og:title\" content=\"artsnb - ArtsNB\" \/>\n<meta property=\"og:description\" content=\"\u00c9tabli en 1991, le Conseil des arts du Nouveau-Brunswick est un organisme ind\u00e9pendant, autonome et bilingue dirig\u00e9 par un conseil d&#8217;administration de neuf membres votants, assurant ainsi un \u00e9quilibre entre les hommes et les femmes, les cinq r\u00e9gions de la province, les diverses communaut\u00e9s linguistiques et autochtones ainsi que les nombreuses disciplines artistiques. MISSION artsnb\" \/>\n<meta property=\"og:url\" content=\"https:\/\/artsnb.ca\/web\/a-propos\/artsnb\/?lang=fr\" \/>\n<meta property=\"og:site_name\" content=\"ArtsNB\" \/>\n<meta property=\"article:publisher\" content=\"https:\/\/www.facebook.com\/artsnb\/\" \/>\n<meta property=\"article:modified_time\" content=\"2023-04-06T16:13:00+00:00\" \/>\n<meta property=\"og:image\" content=\"https:\/\/artsnb.ca\/web\/wp-content\/uploads\/2019\/09\/artsnb-logo-horizontal.jpg\" \/>\n\t<meta property=\"og:image:width\" content=\"1724\" \/>\n\t<meta property=\"og:image:height\" content=\"561\" \/>\n\t<meta property=\"og:image:type\" content=\"image\/jpeg\" \/>\n<meta name=\"twitter:card\" content=\"summary_large_image\" \/>\n<meta name=\"twitter:site\" content=\"@artsnb\" \/>\n<meta name=\"twitter:label1\" content=\"Est. reading time\" \/>\n\t<meta name=\"twitter:data1\" content=\"3 minutes\" \/>\n<script type=\"application\/ld+json\" class=\"yoast-schema-graph\">{\"@context\":\"https:\\\/\\\/schema.org\",\"@graph\":[{\"@type\":\"WebPage\",\"@id\":\"https:\\\/\\\/artsnb.ca\\\/web\\\/a-propos\\\/artsnb\\\/?lang=fr\",\"url\":\"https:\\\/\\\/artsnb.ca\\\/web\\\/a-propos\\\/artsnb\\\/?lang=fr\",\"name\":\"artsnb - ArtsNB\",\"isPartOf\":{\"@id\":\"https:\\\/\\\/artsnb.ca\\\/web\\\/#website\"},\"datePublished\":\"2019-07-24T15:58:18+00:00\",\"dateModified\":\"2023-04-06T16:13:00+00:00\",\"breadcrumb\":{\"@id\":\"https:\\\/\\\/artsnb.ca\\\/web\\\/a-propos\\\/artsnb\\\/?lang=fr#breadcrumb\"},\"inLanguage\":\"en-US\",\"potentialAction\":[{\"@type\":\"ReadAction\",\"target\":[\"https:\\\/\\\/artsnb.ca\\\/web\\\/a-propos\\\/artsnb\\\/?lang=fr\"]}]},{\"@type\":\"BreadcrumbList\",\"@id\":\"https:\\\/\\\/artsnb.ca\\\/web\\\/a-propos\\\/artsnb\\\/?lang=fr#breadcrumb\",\"itemListElement\":[{\"@type\":\"ListItem\",\"position\":1,\"name\":\"Home\",\"item\":\"https:\\\/\\\/artsnb.ca\\\/web\\\/\"},{\"@type\":\"ListItem\",\"position\":2,\"name\":\"\u00c0 PROPOS\",\"item\":\"https:\\\/\\\/artsnb.ca\\\/web\\\/a-propos\\\/\"},{\"@type\":\"ListItem\",\"position\":3,\"name\":\"artsnb\"}]},{\"@type\":\"WebSite\",\"@id\":\"https:\\\/\\\/artsnb.ca\\\/web\\\/#website\",\"url\":\"https:\\\/\\\/artsnb.ca\\\/web\\\/\",\"name\":\"ArtsNB\",\"description\":\"EXCELLENCE. PROFESSIONALISM. INNOVATION.\",\"publisher\":{\"@id\":\"https:\\\/\\\/artsnb.ca\\\/web\\\/#organization\"},\"potentialAction\":[{\"@type\":\"SearchAction\",\"target\":{\"@type\":\"EntryPoint\",\"urlTemplate\":\"https:\\\/\\\/artsnb.ca\\\/web\\\/?s={search_term_string}\"},\"query-input\":{\"@type\":\"PropertyValueSpecification\",\"valueRequired\":true,\"valueName\":\"search_term_string\"}}],\"inLanguage\":\"en-US\"},{\"@type\":\"Organization\",\"@id\":\"https:\\\/\\\/artsnb.ca\\\/web\\\/#organization\",\"name\":\"ArtsNB\",\"url\":\"https:\\\/\\\/artsnb.ca\\\/web\\\/\",\"logo\":{\"@type\":\"ImageObject\",\"inLanguage\":\"en-US\",\"@id\":\"https:\\\/\\\/artsnb.ca\\\/web\\\/#\\\/schema\\\/logo\\\/image\\\/\",\"url\":\"https:\\\/\\\/artsnb.ca\\\/web\\\/wp-content\\\/uploads\\\/2024\\\/04\\\/cropped-artsnb-PrimaryLogo-vertical-HiRes-2.jpg\",\"contentUrl\":\"https:\\\/\\\/artsnb.ca\\\/web\\\/wp-content\\\/uploads\\\/2024\\\/04\\\/cropped-artsnb-PrimaryLogo-vertical-HiRes-2.jpg\",\"width\":1698,\"height\":1223,\"caption\":\"ArtsNB\"},\"image\":{\"@id\":\"https:\\\/\\\/artsnb.ca\\\/web\\\/#\\\/schema\\\/logo\\\/image\\\/\"},\"sameAs\":[\"https:\\\/\\\/www.facebook.com\\\/artsnb\\\/\",\"https:\\\/\\\/x.com\\\/artsnb\",\"https:\\\/\\\/www.instagram.com\\\/artsnb\\\/\"]}]}<\/script>\n<!-- \/ Yoast SEO plugin. -->","yoast_head_json":{"title":"artsnb - ArtsNB","robots":{"index":"index","follow":"follow","max-snippet":"max-snippet:-1","max-image-preview":"max-image-preview:large","max-video-preview":"max-video-preview:-1"},"canonical":"https:\/\/artsnb.ca\/web\/a-propos\/artsnb\/","og_locale":"en_US","og_type":"article","og_title":"artsnb - ArtsNB","og_description":"\u00c9tabli en 1991, le Conseil des arts du Nouveau-Brunswick est un organisme ind\u00e9pendant, autonome et bilingue dirig\u00e9 par un conseil d&#8217;administration de neuf membres votants, assurant ainsi un \u00e9quilibre entre les hommes et les femmes, les cinq r\u00e9gions de la province, les diverses communaut\u00e9s linguistiques et autochtones ainsi que les nombreuses disciplines artistiques. MISSION artsnb","og_url":"https:\/\/artsnb.ca\/web\/a-propos\/artsnb\/?lang=fr","og_site_name":"ArtsNB","article_publisher":"https:\/\/www.facebook.com\/artsnb\/","article_modified_time":"2023-04-06T16:13:00+00:00","og_image":[{"width":1724,"height":561,"url":"https:\/\/artsnb.ca\/web\/wp-content\/uploads\/2019\/09\/artsnb-logo-horizontal.jpg","type":"image\/jpeg"}],"twitter_card":"summary_large_image","twitter_site":"@artsnb","twitter_misc":{"Est. reading time":"3 minutes"},"schema":{"@context":"https:\/\/schema.org","@graph":[{"@type":"WebPage","@id":"https:\/\/artsnb.ca\/web\/a-propos\/artsnb\/?lang=fr","url":"https:\/\/artsnb.ca\/web\/a-propos\/artsnb\/?lang=fr","name":"artsnb - ArtsNB","isPartOf":{"@id":"https:\/\/artsnb.ca\/web\/#website"},"datePublished":"2019-07-24T15:58:18+00:00","dateModified":"2023-04-06T16:13:00+00:00","breadcrumb":{"@id":"https:\/\/artsnb.ca\/web\/a-propos\/artsnb\/?lang=fr#breadcrumb"},"inLanguage":"en-US","potentialAction":[{"@type":"ReadAction","target":["https:\/\/artsnb.ca\/web\/a-propos\/artsnb\/?lang=fr"]}]},{"@type":"BreadcrumbList","@id":"https:\/\/artsnb.ca\/web\/a-propos\/artsnb\/?lang=fr#breadcrumb","itemListElement":[{"@type":"ListItem","position":1,"name":"Home","item":"https:\/\/artsnb.ca\/web\/"},{"@type":"ListItem","position":2,"name":"\u00c0 PROPOS","item":"https:\/\/artsnb.ca\/web\/a-propos\/"},{"@type":"ListItem","position":3,"name":"artsnb"}]},{"@type":"WebSite","@id":"https:\/\/artsnb.ca\/web\/#website","url":"https:\/\/artsnb.ca\/web\/","name":"ArtsNB","description":"EXCELLENCE. PROFESSIONALISM. INNOVATION.","publisher":{"@id":"https:\/\/artsnb.ca\/web\/#organization"},"potentialAction":[{"@type":"SearchAction","target":{"@type":"EntryPoint","urlTemplate":"https:\/\/artsnb.ca\/web\/?s={search_term_string}"},"query-input":{"@type":"PropertyValueSpecification","valueRequired":true,"valueName":"search_term_string"}}],"inLanguage":"en-US"},{"@type":"Organization","@id":"https:\/\/artsnb.ca\/web\/#organization","name":"ArtsNB","url":"https:\/\/artsnb.ca\/web\/","logo":{"@type":"ImageObject","inLanguage":"en-US","@id":"https:\/\/artsnb.ca\/web\/#\/schema\/logo\/image\/","url":"https:\/\/artsnb.ca\/web\/wp-content\/uploads\/2024\/04\/cropped-artsnb-PrimaryLogo-vertical-HiRes-2.jpg","contentUrl":"https:\/\/artsnb.ca\/web\/wp-content\/uploads\/2024\/04\/cropped-artsnb-PrimaryLogo-vertical-HiRes-2.jpg","width":1698,"height":1223,"caption":"ArtsNB"},"image":{"@id":"https:\/\/artsnb.ca\/web\/#\/schema\/logo\/image\/"},"sameAs":["https:\/\/www.facebook.com\/artsnb\/","https:\/\/x.com\/artsnb","https:\/\/www.instagram.com\/artsnb\/"]}]}},"_links":{"self":[{"href":"https:\/\/artsnb.ca\/web\/wp-json\/wp\/v2\/pages\/351","targetHints":{"allow":["GET"]}}],"collection":[{"href":"https:\/\/artsnb.ca\/web\/wp-json\/wp\/v2\/pages"}],"about":[{"href":"https:\/\/artsnb.ca\/web\/wp-json\/wp\/v2\/types\/page"}],"author":[{"embeddable":true,"href":"https:\/\/artsnb.ca\/web\/wp-json\/wp\/v2\/users\/1"}],"replies":[{"embeddable":true,"href":"https:\/\/artsnb.ca\/web\/wp-json\/wp\/v2\/comments?post=351"}],"version-history":[{"count":13,"href":"https:\/\/artsnb.ca\/web\/wp-json\/wp\/v2\/pages\/351\/revisions"}],"predecessor-version":[{"id":13226,"href":"https:\/\/artsnb.ca\/web\/wp-json\/wp\/v2\/pages\/351\/revisions\/13226"}],"up":[{"embeddable":true,"href":"https:\/\/artsnb.ca\/web\/wp-json\/wp\/v2\/pages\/355"}],"wp:attachment":[{"href":"https:\/\/artsnb.ca\/web\/wp-json\/wp\/v2\/media?parent=351"}],"curies":[{"name":"wp","href":"https:\/\/api.w.org\/{rel}","templated":true}]}}