{"id":383,"date":"2019-07-24T17:26:08","date_gmt":"2019-07-24T17:26:08","guid":{"rendered":"https:\/\/staging-artsnb.weavercrawford.com\/a-propos\/key-documents\/"},"modified":"2025-11-04T13:59:09","modified_gmt":"2025-11-04T13:59:09","slug":"key-documents","status":"publish","type":"page","link":"https:\/\/artsnb.ca\/web\/a-propos\/key-documents\/?lang=fr","title":{"rendered":"Documents cl\u00e9s"},"content":{"rendered":"\n<h2 class=\"wp-block-heading\">LOI ET R\u00c8GLEMENTS SUR LE CONSEIL DES ARTS DU N.-B.<\/h2>\n\n\n\n<p>Le Conseil des arts du Nouveau-Brunswick (artsnb) a \u00e9t\u00e9 cr\u00e9\u00e9 en 1989 dans le cadre de la politique du gouvernement du Nouveau-Brunswick en mati\u00e8re de beaux-arts. La <em>Loi sur le Conseil des arts du Nouveau-Brunswick<\/em> a \u00e9t\u00e9 sanctionn\u00e9e en novembre 1990, et est entr\u00e9e en vigueur en juin 1991. Cette loi a \u00e9t\u00e9 modifi\u00e9e en 1999 afin d&#8217;\u00e9largir l&#8217;autonomie et les domaines de responsabilit\u00e9s du Conseil des arts du Nouveau-Brunswick. La loi a \u00e9t\u00e9 \u00e9galement modifi\u00e9e en 2016.<\/p>\n\n\n\n<ul class=\"wp-block-list\">\n<li><a href=\"https:\/\/laws.gnb.ca\/fr\/showfulldoc\/cs\/2011-c.192\" target=\"_blank\" rel=\"noreferrer noopener\">Loi sur le Conseil des arts du N.-B.<\/a><\/li>\n\n\n\n<li><a aria-label=\"R\u00e8glements sur le Conseil des arts du N.-B. (opens in a new tab)\" href=\"https:\/\/artsnb.ca\/web\/wp-content\/uploads\/2019\/07\/FR_Bylaws.pdf\" target=\"_blank\" rel=\"noreferrer noopener\">R\u00e8glements du Conseil des arts du N.-B.<\/a> <\/li>\n<\/ul>\n\n\n\n<div style=\"height:40px\" aria-hidden=\"true\" class=\"wp-block-spacer\"><\/div>\n\n\n\n<h2 class=\"wp-block-heading\">PLAN D&#8217;AFFAIRES ARTSNB<\/h2>\n\n\n\n<p>Le gouvernement du Nouveau-Brunswick requiert des agences, commissions et conseils de d\u00e9poser un plan d\u2019affaires annuel et d&#8217;afficher la lettre de mandat re\u00e7ue du gouvernement.<\/p>\n\n\n\n<div class=\"wp-block-file\"><a id=\"wp-block-file--media-f2cf1658-75e0-402a-8156-57dd7683cebf\" href=\"https:\/\/artsnb.ca\/web\/wp-content\/uploads\/2025\/11\/2025-2026-Plan-affaires-artsnb-FR.pdf\">2025-2026 Plan affaires artsnb<\/a><\/div>\n\n\n\n<div class=\"wp-block-file\"><a id=\"wp-block-file--media-9ad7bc5a-a6b2-4e58-9be1-502f91e44708\" href=\"https:\/\/artsnb.ca\/web\/wp-content\/uploads\/2025\/08\/2025-2029-artsnb-lettre-de-mandat-signee-FR-17-juillet.pdf\">artsnb lettre de mandat 2025-2029  <\/a><\/div>\n\n\n\n<div style=\"height:40px\" aria-hidden=\"true\" class=\"wp-block-spacer\"><\/div>\n\n\n\n<h2 class=\"wp-block-heading\">PLAN STRAT\u00c9GIQUE ARTSNB 2022-2027<\/h2>\n\n\n\n<p>L&#8217;\u00e9quipe et le conseil d&#8217;administration d&#8217;artsnb sont heureux de vous pr\u00e9senter le nouveau plan strat\u00e9gique 2022-2027 d\u2019artsnb, <em>Un nouveau d\u00e9part<\/em>. De nombreux artistes, travailleur.euses culturels et dirigeant.es communautaires ont apport\u00e9 leur contribution et leur vision pour que ce plan aborde les enjeux pressants auquel est confront\u00e9 le secteur des arts et de la culture.<\/p>\n\n\n\n<div class=\"wp-block-file\"><a id=\"wp-block-file--media-13b40a2c-f40c-4b79-850f-9400a5244289\" href=\"https:\/\/artsnb.ca\/web\/wp-content\/uploads\/2022\/12\/artsnb_StratPlan_FR_Final_Digital_SinglePagesChartSpread_2022.pdf\" target=\"_blank\" rel=\"noreferrer noopener\">Plan strat\u00e9gique artsnb 2022-2027<\/a><\/div>\n\n\n\n<div style=\"height:40px\" aria-hidden=\"true\" class=\"wp-block-spacer\"><\/div>\n\n\n\n<figure class=\"wp-block-image size-large\"><img loading=\"lazy\" decoding=\"async\" width=\"1024\" height=\"626\" src=\"https:\/\/artsnb.ca\/web\/wp-content\/uploads\/2022\/12\/StratPlan_FR_Chart_Digital_Colour_2022-1024x626.jpg\" alt=\"\" class=\"wp-image-11887\" srcset=\"https:\/\/artsnb.ca\/web\/wp-content\/uploads\/2022\/12\/StratPlan_FR_Chart_Digital_Colour_2022-1024x626.jpg 1024w, https:\/\/artsnb.ca\/web\/wp-content\/uploads\/2022\/12\/StratPlan_FR_Chart_Digital_Colour_2022-300x183.jpg 300w, https:\/\/artsnb.ca\/web\/wp-content\/uploads\/2022\/12\/StratPlan_FR_Chart_Digital_Colour_2022-768x469.jpg 768w, https:\/\/artsnb.ca\/web\/wp-content\/uploads\/2022\/12\/StratPlan_FR_Chart_Digital_Colour_2022-1536x939.jpg 1536w, https:\/\/artsnb.ca\/web\/wp-content\/uploads\/2022\/12\/StratPlan_FR_Chart_Digital_Colour_2022-2048x1252.jpg 2048w\" sizes=\"auto, (max-width: 1024px) 100vw, 1024px\" \/><\/figure>\n","protected":false},"excerpt":{"rendered":"<p>LOI ET R\u00c8GLEMENTS SUR LE CONSEIL DES ARTS DU N.-B. Le Conseil des arts du Nouveau-Brunswick (artsnb) a \u00e9t\u00e9 cr\u00e9\u00e9 en 1989 dans le cadre de la politique du gouvernement du Nouveau-Brunswick en mati\u00e8re de beaux-arts. La Loi sur le Conseil des arts du Nouveau-Brunswick a \u00e9t\u00e9 sanctionn\u00e9e en novembre 1990, et est entr\u00e9e en<\/p>\n","protected":false},"author":1,"featured_media":0,"parent":355,"menu_order":0,"comment_status":"closed","ping_status":"closed","template":"page-templates\/about-page.php","meta":{"_acf_changed":false,"footnotes":""},"class_list":["post-383","page","type-page","status-publish","hentry"],"acf":[],"yoast_head":"<!-- This site is optimized with the Yoast SEO plugin v27.3 - https:\/\/yoast.com\/product\/yoast-seo-wordpress\/ -->\n<title>Documents cl\u00e9s - ArtsNB<\/title>\n<meta name=\"robots\" content=\"index, follow, max-snippet:-1, max-image-preview:large, max-video-preview:-1\" \/>\n<link rel=\"canonical\" href=\"https:\/\/artsnb.ca\/web\/a-propos\/key-documents\/\" \/>\n<meta property=\"og:locale\" content=\"en_US\" \/>\n<meta property=\"og:type\" content=\"article\" \/>\n<meta property=\"og:title\" content=\"Documents cl\u00e9s - ArtsNB\" \/>\n<meta property=\"og:description\" content=\"LOI ET R\u00c8GLEMENTS SUR LE CONSEIL DES ARTS DU N.-B. Le Conseil des arts du Nouveau-Brunswick (artsnb) a \u00e9t\u00e9 cr\u00e9\u00e9 en 1989 dans le cadre de la politique du gouvernement du Nouveau-Brunswick en mati\u00e8re de beaux-arts. La Loi sur le Conseil des arts du Nouveau-Brunswick a \u00e9t\u00e9 sanctionn\u00e9e en novembre 1990, et est entr\u00e9e en\" \/>\n<meta property=\"og:url\" content=\"https:\/\/artsnb.ca\/web\/a-propos\/key-documents\/?lang=fr\" \/>\n<meta property=\"og:site_name\" content=\"ArtsNB\" \/>\n<meta property=\"article:publisher\" content=\"https:\/\/www.facebook.com\/artsnb\/\" \/>\n<meta property=\"article:modified_time\" content=\"2025-11-04T13:59:09+00:00\" \/>\n<meta property=\"og:image\" content=\"https:\/\/artsnb.ca\/web\/wp-content\/uploads\/2022\/12\/StratPlan_FR_Chart_Digital_Colour_2022-scaled.jpg\" \/>\n\t<meta property=\"og:image:width\" content=\"2560\" \/>\n\t<meta property=\"og:image:height\" content=\"1564\" \/>\n\t<meta property=\"og:image:type\" content=\"image\/jpeg\" \/>\n<meta name=\"twitter:card\" content=\"summary_large_image\" \/>\n<meta name=\"twitter:site\" content=\"@artsnb\" \/>\n<meta name=\"twitter:label1\" content=\"Est. reading time\" \/>\n\t<meta name=\"twitter:data1\" content=\"2 minutes\" \/>\n<script type=\"application\/ld+json\" class=\"yoast-schema-graph\">{\"@context\":\"https:\\\/\\\/schema.org\",\"@graph\":[{\"@type\":\"WebPage\",\"@id\":\"https:\\\/\\\/artsnb.ca\\\/web\\\/a-propos\\\/key-documents\\\/?lang=fr\",\"url\":\"https:\\\/\\\/artsnb.ca\\\/web\\\/a-propos\\\/key-documents\\\/?lang=fr\",\"name\":\"Documents cl\u00e9s - ArtsNB\",\"isPartOf\":{\"@id\":\"https:\\\/\\\/artsnb.ca\\\/web\\\/#website\"},\"primaryImageOfPage\":{\"@id\":\"https:\\\/\\\/artsnb.ca\\\/web\\\/a-propos\\\/key-documents\\\/?lang=fr#primaryimage\"},\"image\":{\"@id\":\"https:\\\/\\\/artsnb.ca\\\/web\\\/a-propos\\\/key-documents\\\/?lang=fr#primaryimage\"},\"thumbnailUrl\":\"https:\\\/\\\/artsnb.ca\\\/web\\\/wp-content\\\/uploads\\\/2022\\\/12\\\/StratPlan_FR_Chart_Digital_Colour_2022-1024x626.jpg\",\"datePublished\":\"2019-07-24T17:26:08+00:00\",\"dateModified\":\"2025-11-04T13:59:09+00:00\",\"breadcrumb\":{\"@id\":\"https:\\\/\\\/artsnb.ca\\\/web\\\/a-propos\\\/key-documents\\\/?lang=fr#breadcrumb\"},\"inLanguage\":\"en-US\",\"potentialAction\":[{\"@type\":\"ReadAction\",\"target\":[\"https:\\\/\\\/artsnb.ca\\\/web\\\/a-propos\\\/key-documents\\\/?lang=fr\"]}]},{\"@type\":\"ImageObject\",\"inLanguage\":\"en-US\",\"@id\":\"https:\\\/\\\/artsnb.ca\\\/web\\\/a-propos\\\/key-documents\\\/?lang=fr#primaryimage\",\"url\":\"https:\\\/\\\/artsnb.ca\\\/web\\\/wp-content\\\/uploads\\\/2022\\\/12\\\/StratPlan_FR_Chart_Digital_Colour_2022-scaled.jpg\",\"contentUrl\":\"https:\\\/\\\/artsnb.ca\\\/web\\\/wp-content\\\/uploads\\\/2022\\\/12\\\/StratPlan_FR_Chart_Digital_Colour_2022-scaled.jpg\",\"width\":2560,\"height\":1564},{\"@type\":\"BreadcrumbList\",\"@id\":\"https:\\\/\\\/artsnb.ca\\\/web\\\/a-propos\\\/key-documents\\\/?lang=fr#breadcrumb\",\"itemListElement\":[{\"@type\":\"ListItem\",\"position\":1,\"name\":\"Home\",\"item\":\"https:\\\/\\\/artsnb.ca\\\/web\\\/\"},{\"@type\":\"ListItem\",\"position\":2,\"name\":\"\u00c0 PROPOS\",\"item\":\"https:\\\/\\\/artsnb.ca\\\/web\\\/a-propos\\\/\"},{\"@type\":\"ListItem\",\"position\":3,\"name\":\"Documents cl\u00e9s\"}]},{\"@type\":\"WebSite\",\"@id\":\"https:\\\/\\\/artsnb.ca\\\/web\\\/#website\",\"url\":\"https:\\\/\\\/artsnb.ca\\\/web\\\/\",\"name\":\"ArtsNB\",\"description\":\"EXCELLENCE. PROFESSIONALISM. INNOVATION.\",\"publisher\":{\"@id\":\"https:\\\/\\\/artsnb.ca\\\/web\\\/#organization\"},\"potentialAction\":[{\"@type\":\"SearchAction\",\"target\":{\"@type\":\"EntryPoint\",\"urlTemplate\":\"https:\\\/\\\/artsnb.ca\\\/web\\\/?s={search_term_string}\"},\"query-input\":{\"@type\":\"PropertyValueSpecification\",\"valueRequired\":true,\"valueName\":\"search_term_string\"}}],\"inLanguage\":\"en-US\"},{\"@type\":\"Organization\",\"@id\":\"https:\\\/\\\/artsnb.ca\\\/web\\\/#organization\",\"name\":\"ArtsNB\",\"url\":\"https:\\\/\\\/artsnb.ca\\\/web\\\/\",\"logo\":{\"@type\":\"ImageObject\",\"inLanguage\":\"en-US\",\"@id\":\"https:\\\/\\\/artsnb.ca\\\/web\\\/#\\\/schema\\\/logo\\\/image\\\/\",\"url\":\"https:\\\/\\\/artsnb.ca\\\/web\\\/wp-content\\\/uploads\\\/2024\\\/04\\\/cropped-artsnb-PrimaryLogo-vertical-HiRes-2.jpg\",\"contentUrl\":\"https:\\\/\\\/artsnb.ca\\\/web\\\/wp-content\\\/uploads\\\/2024\\\/04\\\/cropped-artsnb-PrimaryLogo-vertical-HiRes-2.jpg\",\"width\":1698,\"height\":1223,\"caption\":\"ArtsNB\"},\"image\":{\"@id\":\"https:\\\/\\\/artsnb.ca\\\/web\\\/#\\\/schema\\\/logo\\\/image\\\/\"},\"sameAs\":[\"https:\\\/\\\/www.facebook.com\\\/artsnb\\\/\",\"https:\\\/\\\/x.com\\\/artsnb\",\"https:\\\/\\\/www.instagram.com\\\/artsnb\\\/\"]}]}<\/script>\n<!-- \/ Yoast SEO plugin. -->","yoast_head_json":{"title":"Documents cl\u00e9s - ArtsNB","robots":{"index":"index","follow":"follow","max-snippet":"max-snippet:-1","max-image-preview":"max-image-preview:large","max-video-preview":"max-video-preview:-1"},"canonical":"https:\/\/artsnb.ca\/web\/a-propos\/key-documents\/","og_locale":"en_US","og_type":"article","og_title":"Documents cl\u00e9s - ArtsNB","og_description":"LOI ET R\u00c8GLEMENTS SUR LE CONSEIL DES ARTS DU N.-B. Le Conseil des arts du Nouveau-Brunswick (artsnb) a \u00e9t\u00e9 cr\u00e9\u00e9 en 1989 dans le cadre de la politique du gouvernement du Nouveau-Brunswick en mati\u00e8re de beaux-arts. La Loi sur le Conseil des arts du Nouveau-Brunswick a \u00e9t\u00e9 sanctionn\u00e9e en novembre 1990, et est entr\u00e9e en","og_url":"https:\/\/artsnb.ca\/web\/a-propos\/key-documents\/?lang=fr","og_site_name":"ArtsNB","article_publisher":"https:\/\/www.facebook.com\/artsnb\/","article_modified_time":"2025-11-04T13:59:09+00:00","og_image":[{"width":2560,"height":1564,"url":"https:\/\/artsnb.ca\/web\/wp-content\/uploads\/2022\/12\/StratPlan_FR_Chart_Digital_Colour_2022-scaled.jpg","type":"image\/jpeg"}],"twitter_card":"summary_large_image","twitter_site":"@artsnb","twitter_misc":{"Est. reading time":"2 minutes"},"schema":{"@context":"https:\/\/schema.org","@graph":[{"@type":"WebPage","@id":"https:\/\/artsnb.ca\/web\/a-propos\/key-documents\/?lang=fr","url":"https:\/\/artsnb.ca\/web\/a-propos\/key-documents\/?lang=fr","name":"Documents cl\u00e9s - ArtsNB","isPartOf":{"@id":"https:\/\/artsnb.ca\/web\/#website"},"primaryImageOfPage":{"@id":"https:\/\/artsnb.ca\/web\/a-propos\/key-documents\/?lang=fr#primaryimage"},"image":{"@id":"https:\/\/artsnb.ca\/web\/a-propos\/key-documents\/?lang=fr#primaryimage"},"thumbnailUrl":"https:\/\/artsnb.ca\/web\/wp-content\/uploads\/2022\/12\/StratPlan_FR_Chart_Digital_Colour_2022-1024x626.jpg","datePublished":"2019-07-24T17:26:08+00:00","dateModified":"2025-11-04T13:59:09+00:00","breadcrumb":{"@id":"https:\/\/artsnb.ca\/web\/a-propos\/key-documents\/?lang=fr#breadcrumb"},"inLanguage":"en-US","potentialAction":[{"@type":"ReadAction","target":["https:\/\/artsnb.ca\/web\/a-propos\/key-documents\/?lang=fr"]}]},{"@type":"ImageObject","inLanguage":"en-US","@id":"https:\/\/artsnb.ca\/web\/a-propos\/key-documents\/?lang=fr#primaryimage","url":"https:\/\/artsnb.ca\/web\/wp-content\/uploads\/2022\/12\/StratPlan_FR_Chart_Digital_Colour_2022-scaled.jpg","contentUrl":"https:\/\/artsnb.ca\/web\/wp-content\/uploads\/2022\/12\/StratPlan_FR_Chart_Digital_Colour_2022-scaled.jpg","width":2560,"height":1564},{"@type":"BreadcrumbList","@id":"https:\/\/artsnb.ca\/web\/a-propos\/key-documents\/?lang=fr#breadcrumb","itemListElement":[{"@type":"ListItem","position":1,"name":"Home","item":"https:\/\/artsnb.ca\/web\/"},{"@type":"ListItem","position":2,"name":"\u00c0 PROPOS","item":"https:\/\/artsnb.ca\/web\/a-propos\/"},{"@type":"ListItem","position":3,"name":"Documents cl\u00e9s"}]},{"@type":"WebSite","@id":"https:\/\/artsnb.ca\/web\/#website","url":"https:\/\/artsnb.ca\/web\/","name":"ArtsNB","description":"EXCELLENCE. PROFESSIONALISM. INNOVATION.","publisher":{"@id":"https:\/\/artsnb.ca\/web\/#organization"},"potentialAction":[{"@type":"SearchAction","target":{"@type":"EntryPoint","urlTemplate":"https:\/\/artsnb.ca\/web\/?s={search_term_string}"},"query-input":{"@type":"PropertyValueSpecification","valueRequired":true,"valueName":"search_term_string"}}],"inLanguage":"en-US"},{"@type":"Organization","@id":"https:\/\/artsnb.ca\/web\/#organization","name":"ArtsNB","url":"https:\/\/artsnb.ca\/web\/","logo":{"@type":"ImageObject","inLanguage":"en-US","@id":"https:\/\/artsnb.ca\/web\/#\/schema\/logo\/image\/","url":"https:\/\/artsnb.ca\/web\/wp-content\/uploads\/2024\/04\/cropped-artsnb-PrimaryLogo-vertical-HiRes-2.jpg","contentUrl":"https:\/\/artsnb.ca\/web\/wp-content\/uploads\/2024\/04\/cropped-artsnb-PrimaryLogo-vertical-HiRes-2.jpg","width":1698,"height":1223,"caption":"ArtsNB"},"image":{"@id":"https:\/\/artsnb.ca\/web\/#\/schema\/logo\/image\/"},"sameAs":["https:\/\/www.facebook.com\/artsnb\/","https:\/\/x.com\/artsnb","https:\/\/www.instagram.com\/artsnb\/"]}]}},"_links":{"self":[{"href":"https:\/\/artsnb.ca\/web\/wp-json\/wp\/v2\/pages\/383","targetHints":{"allow":["GET"]}}],"collection":[{"href":"https:\/\/artsnb.ca\/web\/wp-json\/wp\/v2\/pages"}],"about":[{"href":"https:\/\/artsnb.ca\/web\/wp-json\/wp\/v2\/types\/page"}],"author":[{"embeddable":true,"href":"https:\/\/artsnb.ca\/web\/wp-json\/wp\/v2\/users\/1"}],"replies":[{"embeddable":true,"href":"https:\/\/artsnb.ca\/web\/wp-json\/wp\/v2\/comments?post=383"}],"version-history":[{"count":26,"href":"https:\/\/artsnb.ca\/web\/wp-json\/wp\/v2\/pages\/383\/revisions"}],"predecessor-version":[{"id":22153,"href":"https:\/\/artsnb.ca\/web\/wp-json\/wp\/v2\/pages\/383\/revisions\/22153"}],"up":[{"embeddable":true,"href":"https:\/\/artsnb.ca\/web\/wp-json\/wp\/v2\/pages\/355"}],"wp:attachment":[{"href":"https:\/\/artsnb.ca\/web\/wp-json\/wp\/v2\/media?parent=383"}],"curies":[{"name":"wp","href":"https:\/\/api.w.org\/{rel}","templated":true}]}}