{"id":399,"date":"2019-07-29T23:19:58","date_gmt":"2019-07-29T23:19:58","guid":{"rendered":"https:\/\/staging-artsnb.weavercrawford.com\/awards\/lieutenant-governors-awards\/"},"modified":"2025-09-10T15:03:37","modified_gmt":"2025-09-10T15:03:37","slug":"lieutenant-governors-awards","status":"publish","type":"page","link":"https:\/\/artsnb.ca\/web\/awards\/lieutenant-governors-awards\/?lang=fr","title":{"rendered":"Prix de la lieutenante-gouverneure"},"content":{"rendered":"\n<h2 class=\"wp-block-heading\">Prix de la lieutenante-gouverneure pour l&#8217;excellence dans les arts<\/h2>\n\n\n\n<div style=\"height:25px\" aria-hidden=\"true\" class=\"wp-block-spacer\"><\/div>\n\n\n\n<figure class=\"wp-block-image size-large\"><img loading=\"lazy\" decoding=\"async\" width=\"1024\" height=\"580\" src=\"https:\/\/artsnb.ca\/web\/wp-content\/uploads\/2025\/09\/Banner-2025_FR-1024x580.png\" alt=\"\" class=\"wp-image-21623\" srcset=\"https:\/\/artsnb.ca\/web\/wp-content\/uploads\/2025\/09\/Banner-2025_FR-1024x580.png 1024w, https:\/\/artsnb.ca\/web\/wp-content\/uploads\/2025\/09\/Banner-2025_FR-300x170.png 300w, https:\/\/artsnb.ca\/web\/wp-content\/uploads\/2025\/09\/Banner-2025_FR-768x435.png 768w, https:\/\/artsnb.ca\/web\/wp-content\/uploads\/2025\/09\/Banner-2025_FR-1536x870.png 1536w, https:\/\/artsnb.ca\/web\/wp-content\/uploads\/2025\/09\/Banner-2025_FR-2048x1160.png 2048w, https:\/\/artsnb.ca\/web\/wp-content\/uploads\/2025\/09\/Banner-2025_FR-237x135.png 237w\" sizes=\"auto, (max-width: 1024px) 100vw, 1024px\" \/><\/figure>\n\n\n\n<h3 class=\"wp-block-heading\"><strong>\u00c0 propos des prix<\/strong> <\/h3>\n\n\n\n<p>Les Prix de la lieutenante-gouverneure pour l&#8217;excellence dans les arts ont pour but de reconna\u00eetre la contribution exceptionnelle des artistes du Nouveau-Brunswick. Ces quatre prix reconnaissent et r\u00e9compensent des artistes qui se sont distingu\u00e9.es par l&#8217;excellence de leurs r\u00e9alisations. Le financement des Prix de la lieutenante-gouverneure pour l&#8217;excellence dans les arts provient du Fonds en fiducie pour l&#8217;avancement des arts et de commanditaires.<\/p>\n\n\n\n<p>Un prix de 20 000 $ peut \u00eatre attribu\u00e9, une fois au 2 ans, dans chacune des quatre cat\u00e9gories suivantes :<\/p>\n\n\n\n<div style=\"height:40px\" aria-hidden=\"true\" class=\"wp-block-spacer\"><\/div>\n\n\n\n<p class=\"has-medium-font-size\"><strong>Prix en arts visuels <\/strong><\/p>\n\n\n\n<p>Incluant architecture, m\u00e9tiers d\u2019art, arts m\u00e9diatiques et photographie<\/p>\n\n\n\n<div style=\"height:20px\" aria-hidden=\"true\" class=\"wp-block-spacer\"><\/div>\n\n\n\n<p class=\"has-medium-font-size\"><strong>Prix en arts de la sc\u00e8ne<\/strong> <\/p>\n\n\n\n<p>Incluant danse, musique et th\u00e9\u00e2tre<\/p>\n\n\n\n<div style=\"height:20px\" aria-hidden=\"true\" class=\"wp-block-spacer\"><\/div>\n\n\n\n<p class=\"has-medium-font-size\"><strong>Prix en arts litt\u00e9raires*<\/strong><\/p>\n\n\n\n<p>Incluant traduction litt\u00e9raire, performance litt\u00e9raire, litt\u00e9rature orale et conte<\/p>\n\n\n\n<p class=\"has-small-font-size\">* Veuillez noter que le Prix en arts litt\u00e9raires alterne entre le fran\u00e7ais et l\u2019anglais d&#8217;une fois \u00e0 l&#8217;autre. \u00c0 la p\u00e9riode de candidatures 2026, les candidatures en arts litt\u00e9raires de langue fran\u00e7aise seront consid\u00e9r\u00e9es<\/p>\n\n\n\n<div style=\"height:20px\" aria-hidden=\"true\" class=\"wp-block-spacer\"><\/div>\n\n\n\n<p class=\"has-medium-font-size\"><strong>Prix de l&#8217;artiste autochtone<\/strong> <\/p>\n\n\n\n<p>Incluant arts visuels : architecture, m\u00e9tiers d\u2019art, arts m\u00e9diatiques et photographie; arts de la sc\u00e8ne : danse, musique et th\u00e9\u00e2tre; et arts litt\u00e9raires : traduction litt\u00e9raire, performance litt\u00e9raire, cr\u00e9ation parl\u00e9e et conte<\/p>\n\n\n\n<div style=\"height:40px\" aria-hidden=\"true\" class=\"wp-block-spacer\"><\/div>\n\n\n\n<h2 class=\"wp-block-heading\">Lignes directrices des Prix de la lieutenante-gouverneure<\/h2>\n\n\n\n<div class=\"wp-block-file\"><a id=\"wp-block-file--media-ed590405-5da7-4676-9311-3e9b83ed94ac\" href=\"https:\/\/artsnb.ca\/web\/wp-content\/uploads\/2025\/06\/LGA-Guidelines_2025_Lignes-directrices-PLG-1.pdf\" target=\"_blank\" rel=\"noreferrer noopener\">Lignes directrices des PLG 2025<\/a><\/div>\n\n\n\n<div style=\"height:40px\" aria-hidden=\"true\" class=\"wp-block-spacer\"><\/div>\n\n\n\n<p style=\"font-size:18px\"><strong>La p\u00e9riode de d\u00e9p\u00f4t de candidatures pour Les Prix de la lieutenante-gouverneure pour l\u2019excellence dans les arts de 2026 est maintenant ferm\u00e9e.<\/strong><\/p>\n\n\n\n<figure class=\"wp-block-image size-large\"><img loading=\"lazy\" decoding=\"async\" width=\"1024\" height=\"256\" src=\"https:\/\/artsnb.ca\/web\/wp-content\/uploads\/2024\/11\/Untitled-design-30-1-1024x256.png\" alt=\"\" class=\"wp-image-18839\" srcset=\"https:\/\/artsnb.ca\/web\/wp-content\/uploads\/2024\/11\/Untitled-design-30-1-1024x256.png 1024w, https:\/\/artsnb.ca\/web\/wp-content\/uploads\/2024\/11\/Untitled-design-30-1-300x75.png 300w, https:\/\/artsnb.ca\/web\/wp-content\/uploads\/2024\/11\/Untitled-design-30-1-768x192.png 768w, https:\/\/artsnb.ca\/web\/wp-content\/uploads\/2024\/11\/Untitled-design-30-1-1536x384.png 1536w, https:\/\/artsnb.ca\/web\/wp-content\/uploads\/2024\/11\/Untitled-design-30-1.png 1584w\" sizes=\"auto, (max-width: 1024px) 100vw, 1024px\" \/><\/figure>\n\n\n\n<p><a href=\"https:\/\/www.uni.ca\/fr\/\" target=\"_blank\" rel=\"noreferrer noopener\">UNI Coop\u00e9ration financi\u00e8re<\/a><\/p>\n\n\n\n<p><a href=\"https:\/\/inspireparlenb.ca\/\" target=\"_blank\" rel=\"noreferrer noopener\">Gouvernement du Nouveau-Brunswick &#8211; Tourisme, Patrimoine et Culture<\/a><\/p>\n","protected":false},"excerpt":{"rendered":"<p>Prix de la lieutenante-gouverneure pour l&#8217;excellence dans les arts \u00c0 propos des prix Les Prix de la lieutenante-gouverneure pour l&#8217;excellence dans les arts ont pour but de reconna\u00eetre la contribution exceptionnelle des artistes du Nouveau-Brunswick. Ces quatre prix reconnaissent et r\u00e9compensent des artistes qui se sont distingu\u00e9.es par l&#8217;excellence de leurs r\u00e9alisations. Le financement des<\/p>\n","protected":false},"author":2,"featured_media":0,"parent":387,"menu_order":0,"comment_status":"closed","ping_status":"closed","template":"page-templates\/awards-page.php","meta":{"_acf_changed":false,"footnotes":""},"class_list":["post-399","page","type-page","status-publish","hentry"],"acf":[],"yoast_head":"<!-- This site is optimized with the Yoast SEO plugin v27.5 - https:\/\/yoast.com\/product\/yoast-seo-wordpress\/ -->\n<title>Prix de la lieutenante-gouverneure - ArtsNB<\/title>\n<meta name=\"robots\" content=\"index, follow, max-snippet:-1, max-image-preview:large, max-video-preview:-1\" \/>\n<link rel=\"canonical\" href=\"https:\/\/artsnb.ca\/web\/awards\/lieutenant-governors-awards\/\" \/>\n<meta property=\"og:locale\" content=\"en_US\" \/>\n<meta property=\"og:type\" content=\"article\" \/>\n<meta property=\"og:title\" content=\"Prix de la lieutenante-gouverneure - ArtsNB\" \/>\n<meta property=\"og:description\" content=\"Prix de la lieutenante-gouverneure pour l&#8217;excellence dans les arts \u00c0 propos des prix Les Prix de la lieutenante-gouverneure pour l&#8217;excellence dans les arts ont pour but de reconna\u00eetre la contribution exceptionnelle des artistes du Nouveau-Brunswick. Ces quatre prix reconnaissent et r\u00e9compensent des artistes qui se sont distingu\u00e9.es par l&#8217;excellence de leurs r\u00e9alisations. Le financement des\" \/>\n<meta property=\"og:url\" content=\"https:\/\/artsnb.ca\/web\/awards\/lieutenant-governors-awards\/?lang=fr\" \/>\n<meta property=\"og:site_name\" content=\"ArtsNB\" \/>\n<meta property=\"article:publisher\" content=\"https:\/\/www.facebook.com\/artsnb\/\" \/>\n<meta property=\"article:modified_time\" content=\"2025-09-10T15:03:37+00:00\" \/>\n<meta property=\"og:image\" content=\"https:\/\/artsnb.ca\/web\/wp-content\/uploads\/2025\/09\/Banner-2025_FR.png\" \/>\n\t<meta property=\"og:image:width\" content=\"2133\" \/>\n\t<meta property=\"og:image:height\" content=\"1208\" \/>\n\t<meta property=\"og:image:type\" content=\"image\/png\" \/>\n<meta name=\"twitter:card\" content=\"summary_large_image\" \/>\n<meta name=\"twitter:site\" content=\"@artsnb\" \/>\n<meta name=\"twitter:label1\" content=\"Est. reading time\" \/>\n\t<meta name=\"twitter:data1\" content=\"2 minutes\" \/>\n<script type=\"application\/ld+json\" class=\"yoast-schema-graph\">{\"@context\":\"https:\\\/\\\/schema.org\",\"@graph\":[{\"@type\":\"WebPage\",\"@id\":\"https:\\\/\\\/artsnb.ca\\\/web\\\/awards\\\/lieutenant-governors-awards\\\/?lang=fr\",\"url\":\"https:\\\/\\\/artsnb.ca\\\/web\\\/awards\\\/lieutenant-governors-awards\\\/?lang=fr\",\"name\":\"Prix de la lieutenante-gouverneure - ArtsNB\",\"isPartOf\":{\"@id\":\"https:\\\/\\\/artsnb.ca\\\/web\\\/#website\"},\"primaryImageOfPage\":{\"@id\":\"https:\\\/\\\/artsnb.ca\\\/web\\\/awards\\\/lieutenant-governors-awards\\\/?lang=fr#primaryimage\"},\"image\":{\"@id\":\"https:\\\/\\\/artsnb.ca\\\/web\\\/awards\\\/lieutenant-governors-awards\\\/?lang=fr#primaryimage\"},\"thumbnailUrl\":\"https:\\\/\\\/artsnb.ca\\\/web\\\/wp-content\\\/uploads\\\/2025\\\/09\\\/Banner-2025_FR-1024x580.png\",\"datePublished\":\"2019-07-29T23:19:58+00:00\",\"dateModified\":\"2025-09-10T15:03:37+00:00\",\"breadcrumb\":{\"@id\":\"https:\\\/\\\/artsnb.ca\\\/web\\\/awards\\\/lieutenant-governors-awards\\\/?lang=fr#breadcrumb\"},\"inLanguage\":\"en-US\",\"potentialAction\":[{\"@type\":\"ReadAction\",\"target\":[\"https:\\\/\\\/artsnb.ca\\\/web\\\/awards\\\/lieutenant-governors-awards\\\/?lang=fr\"]}]},{\"@type\":\"ImageObject\",\"inLanguage\":\"en-US\",\"@id\":\"https:\\\/\\\/artsnb.ca\\\/web\\\/awards\\\/lieutenant-governors-awards\\\/?lang=fr#primaryimage\",\"url\":\"https:\\\/\\\/artsnb.ca\\\/web\\\/wp-content\\\/uploads\\\/2025\\\/09\\\/Banner-2025_FR.png\",\"contentUrl\":\"https:\\\/\\\/artsnb.ca\\\/web\\\/wp-content\\\/uploads\\\/2025\\\/09\\\/Banner-2025_FR.png\",\"width\":2133,\"height\":1208},{\"@type\":\"BreadcrumbList\",\"@id\":\"https:\\\/\\\/artsnb.ca\\\/web\\\/awards\\\/lieutenant-governors-awards\\\/?lang=fr#breadcrumb\",\"itemListElement\":[{\"@type\":\"ListItem\",\"position\":1,\"name\":\"Home\",\"item\":\"https:\\\/\\\/artsnb.ca\\\/web\\\/\"},{\"@type\":\"ListItem\",\"position\":2,\"name\":\"Prix\",\"item\":\"https:\\\/\\\/artsnb.ca\\\/web\\\/awards\\\/\"},{\"@type\":\"ListItem\",\"position\":3,\"name\":\"Prix de la lieutenante-gouverneure\"}]},{\"@type\":\"WebSite\",\"@id\":\"https:\\\/\\\/artsnb.ca\\\/web\\\/#website\",\"url\":\"https:\\\/\\\/artsnb.ca\\\/web\\\/\",\"name\":\"ArtsNB\",\"description\":\"EXCELLENCE. PROFESSIONALISM. INNOVATION.\",\"publisher\":{\"@id\":\"https:\\\/\\\/artsnb.ca\\\/web\\\/#organization\"},\"potentialAction\":[{\"@type\":\"SearchAction\",\"target\":{\"@type\":\"EntryPoint\",\"urlTemplate\":\"https:\\\/\\\/artsnb.ca\\\/web\\\/?s={search_term_string}\"},\"query-input\":{\"@type\":\"PropertyValueSpecification\",\"valueRequired\":true,\"valueName\":\"search_term_string\"}}],\"inLanguage\":\"en-US\"},{\"@type\":\"Organization\",\"@id\":\"https:\\\/\\\/artsnb.ca\\\/web\\\/#organization\",\"name\":\"ArtsNB\",\"url\":\"https:\\\/\\\/artsnb.ca\\\/web\\\/\",\"logo\":{\"@type\":\"ImageObject\",\"inLanguage\":\"en-US\",\"@id\":\"https:\\\/\\\/artsnb.ca\\\/web\\\/#\\\/schema\\\/logo\\\/image\\\/\",\"url\":\"https:\\\/\\\/artsnb.ca\\\/web\\\/wp-content\\\/uploads\\\/2024\\\/04\\\/cropped-artsnb-PrimaryLogo-vertical-HiRes-2.jpg\",\"contentUrl\":\"https:\\\/\\\/artsnb.ca\\\/web\\\/wp-content\\\/uploads\\\/2024\\\/04\\\/cropped-artsnb-PrimaryLogo-vertical-HiRes-2.jpg\",\"width\":1698,\"height\":1223,\"caption\":\"ArtsNB\"},\"image\":{\"@id\":\"https:\\\/\\\/artsnb.ca\\\/web\\\/#\\\/schema\\\/logo\\\/image\\\/\"},\"sameAs\":[\"https:\\\/\\\/www.facebook.com\\\/artsnb\\\/\",\"https:\\\/\\\/x.com\\\/artsnb\",\"https:\\\/\\\/www.instagram.com\\\/artsnb\\\/\"]}]}<\/script>\n<!-- \/ Yoast SEO plugin. -->","yoast_head_json":{"title":"Prix de la lieutenante-gouverneure - ArtsNB","robots":{"index":"index","follow":"follow","max-snippet":"max-snippet:-1","max-image-preview":"max-image-preview:large","max-video-preview":"max-video-preview:-1"},"canonical":"https:\/\/artsnb.ca\/web\/awards\/lieutenant-governors-awards\/","og_locale":"en_US","og_type":"article","og_title":"Prix de la lieutenante-gouverneure - ArtsNB","og_description":"Prix de la lieutenante-gouverneure pour l&#8217;excellence dans les arts \u00c0 propos des prix Les Prix de la lieutenante-gouverneure pour l&#8217;excellence dans les arts ont pour but de reconna\u00eetre la contribution exceptionnelle des artistes du Nouveau-Brunswick. Ces quatre prix reconnaissent et r\u00e9compensent des artistes qui se sont distingu\u00e9.es par l&#8217;excellence de leurs r\u00e9alisations. Le financement des","og_url":"https:\/\/artsnb.ca\/web\/awards\/lieutenant-governors-awards\/?lang=fr","og_site_name":"ArtsNB","article_publisher":"https:\/\/www.facebook.com\/artsnb\/","article_modified_time":"2025-09-10T15:03:37+00:00","og_image":[{"width":2133,"height":1208,"url":"https:\/\/artsnb.ca\/web\/wp-content\/uploads\/2025\/09\/Banner-2025_FR.png","type":"image\/png"}],"twitter_card":"summary_large_image","twitter_site":"@artsnb","twitter_misc":{"Est. reading time":"2 minutes"},"schema":{"@context":"https:\/\/schema.org","@graph":[{"@type":"WebPage","@id":"https:\/\/artsnb.ca\/web\/awards\/lieutenant-governors-awards\/?lang=fr","url":"https:\/\/artsnb.ca\/web\/awards\/lieutenant-governors-awards\/?lang=fr","name":"Prix de la lieutenante-gouverneure - ArtsNB","isPartOf":{"@id":"https:\/\/artsnb.ca\/web\/#website"},"primaryImageOfPage":{"@id":"https:\/\/artsnb.ca\/web\/awards\/lieutenant-governors-awards\/?lang=fr#primaryimage"},"image":{"@id":"https:\/\/artsnb.ca\/web\/awards\/lieutenant-governors-awards\/?lang=fr#primaryimage"},"thumbnailUrl":"https:\/\/artsnb.ca\/web\/wp-content\/uploads\/2025\/09\/Banner-2025_FR-1024x580.png","datePublished":"2019-07-29T23:19:58+00:00","dateModified":"2025-09-10T15:03:37+00:00","breadcrumb":{"@id":"https:\/\/artsnb.ca\/web\/awards\/lieutenant-governors-awards\/?lang=fr#breadcrumb"},"inLanguage":"en-US","potentialAction":[{"@type":"ReadAction","target":["https:\/\/artsnb.ca\/web\/awards\/lieutenant-governors-awards\/?lang=fr"]}]},{"@type":"ImageObject","inLanguage":"en-US","@id":"https:\/\/artsnb.ca\/web\/awards\/lieutenant-governors-awards\/?lang=fr#primaryimage","url":"https:\/\/artsnb.ca\/web\/wp-content\/uploads\/2025\/09\/Banner-2025_FR.png","contentUrl":"https:\/\/artsnb.ca\/web\/wp-content\/uploads\/2025\/09\/Banner-2025_FR.png","width":2133,"height":1208},{"@type":"BreadcrumbList","@id":"https:\/\/artsnb.ca\/web\/awards\/lieutenant-governors-awards\/?lang=fr#breadcrumb","itemListElement":[{"@type":"ListItem","position":1,"name":"Home","item":"https:\/\/artsnb.ca\/web\/"},{"@type":"ListItem","position":2,"name":"Prix","item":"https:\/\/artsnb.ca\/web\/awards\/"},{"@type":"ListItem","position":3,"name":"Prix de la lieutenante-gouverneure"}]},{"@type":"WebSite","@id":"https:\/\/artsnb.ca\/web\/#website","url":"https:\/\/artsnb.ca\/web\/","name":"ArtsNB","description":"EXCELLENCE. PROFESSIONALISM. INNOVATION.","publisher":{"@id":"https:\/\/artsnb.ca\/web\/#organization"},"potentialAction":[{"@type":"SearchAction","target":{"@type":"EntryPoint","urlTemplate":"https:\/\/artsnb.ca\/web\/?s={search_term_string}"},"query-input":{"@type":"PropertyValueSpecification","valueRequired":true,"valueName":"search_term_string"}}],"inLanguage":"en-US"},{"@type":"Organization","@id":"https:\/\/artsnb.ca\/web\/#organization","name":"ArtsNB","url":"https:\/\/artsnb.ca\/web\/","logo":{"@type":"ImageObject","inLanguage":"en-US","@id":"https:\/\/artsnb.ca\/web\/#\/schema\/logo\/image\/","url":"https:\/\/artsnb.ca\/web\/wp-content\/uploads\/2024\/04\/cropped-artsnb-PrimaryLogo-vertical-HiRes-2.jpg","contentUrl":"https:\/\/artsnb.ca\/web\/wp-content\/uploads\/2024\/04\/cropped-artsnb-PrimaryLogo-vertical-HiRes-2.jpg","width":1698,"height":1223,"caption":"ArtsNB"},"image":{"@id":"https:\/\/artsnb.ca\/web\/#\/schema\/logo\/image\/"},"sameAs":["https:\/\/www.facebook.com\/artsnb\/","https:\/\/x.com\/artsnb","https:\/\/www.instagram.com\/artsnb\/"]}]}},"_links":{"self":[{"href":"https:\/\/artsnb.ca\/web\/wp-json\/wp\/v2\/pages\/399","targetHints":{"allow":["GET"]}}],"collection":[{"href":"https:\/\/artsnb.ca\/web\/wp-json\/wp\/v2\/pages"}],"about":[{"href":"https:\/\/artsnb.ca\/web\/wp-json\/wp\/v2\/types\/page"}],"author":[{"embeddable":true,"href":"https:\/\/artsnb.ca\/web\/wp-json\/wp\/v2\/users\/2"}],"replies":[{"embeddable":true,"href":"https:\/\/artsnb.ca\/web\/wp-json\/wp\/v2\/comments?post=399"}],"version-history":[{"count":52,"href":"https:\/\/artsnb.ca\/web\/wp-json\/wp\/v2\/pages\/399\/revisions"}],"predecessor-version":[{"id":21626,"href":"https:\/\/artsnb.ca\/web\/wp-json\/wp\/v2\/pages\/399\/revisions\/21626"}],"up":[{"embeddable":true,"href":"https:\/\/artsnb.ca\/web\/wp-json\/wp\/v2\/pages\/387"}],"wp:attachment":[{"href":"https:\/\/artsnb.ca\/web\/wp-json\/wp\/v2\/media?parent=399"}],"curies":[{"name":"wp","href":"https:\/\/api.w.org\/{rel}","templated":true}]}}