{"id":412,"date":"2019-07-29T23:24:30","date_gmt":"2019-07-29T23:24:30","guid":{"rendered":"https:\/\/staging-artsnb.weavercrawford.com\/awards\/2017-lga\/"},"modified":"2024-11-25T14:17:28","modified_gmt":"2024-11-25T14:17:28","slug":"2024-lga","status":"publish","type":"page","link":"https:\/\/artsnb.ca\/web\/awards\/2024-lga\/?lang=fr","title":{"rendered":"Laur\u00e9at.es 2024"},"content":{"rendered":"\n<h2 class=\"wp-block-heading\">Laur\u00e9at.es 2024<\/h2>\n\n\n\n<div style=\"height:28px\" aria-hidden=\"true\" class=\"wp-block-spacer\"><\/div>\n\n\n\n<p class=\"has-large-font-size\"><strong><a href=\"https:\/\/artsnb.ca\/web\/2024-lga-visual-arts-award\/?lang=fr\">PHIL COMEAU<\/a><\/strong><\/p>\n\n\n\n<p class=\"has-medium-font-size\">Laur\u00e9at 2024 du Prix en arts visuels<\/p>\n\n\n\n<div style=\"height:20px\" aria-hidden=\"true\" class=\"wp-block-spacer\"><\/div>\n\n\n\n<figure class=\"wp-block-image size-large\"><a href=\"https:\/\/artsnb.ca\/web\/2024-lga-visual-arts-award\/?lang=fr\"><img loading=\"lazy\" decoding=\"async\" width=\"1024\" height=\"577\" src=\"https:\/\/artsnb.ca\/web\/wp-content\/uploads\/2024\/09\/Phil-Comeau-2-1024x577.jpg\" alt=\"\" class=\"wp-image-18423\" srcset=\"https:\/\/artsnb.ca\/web\/wp-content\/uploads\/2024\/09\/Phil-Comeau-2-1024x577.jpg 1024w, https:\/\/artsnb.ca\/web\/wp-content\/uploads\/2024\/09\/Phil-Comeau-2-300x169.jpg 300w, https:\/\/artsnb.ca\/web\/wp-content\/uploads\/2024\/09\/Phil-Comeau-2-768x433.jpg 768w, https:\/\/artsnb.ca\/web\/wp-content\/uploads\/2024\/09\/Phil-Comeau-2-1536x866.jpg 1536w, https:\/\/artsnb.ca\/web\/wp-content\/uploads\/2024\/09\/Phil-Comeau-2-2048x1154.jpg 2048w, https:\/\/artsnb.ca\/web\/wp-content\/uploads\/2024\/09\/Phil-Comeau-2-237x135.jpg 237w\" sizes=\"auto, (max-width: 1024px) 100vw, 1024px\" \/><\/a><\/figure>\n\n\n\n<div style=\"height:20px\" aria-hidden=\"true\" class=\"wp-block-spacer\"><\/div>\n\n\n\n<p class=\"has-large-font-size\"><strong><a href=\"https:\/\/artsnb.ca\/web\/2024-literary-arts-award\/?lang=fr\">VALERIE SHERRARD<\/a><\/strong><\/p>\n\n\n\n<p class=\"has-medium-font-size\">Laur\u00e9ate 2024 du Prix en arts litt\u00e9raires<\/p>\n\n\n\n<div style=\"height:20px\" aria-hidden=\"true\" class=\"wp-block-spacer\"><\/div>\n\n\n\n<figure class=\"wp-block-image size-large\"><a href=\"https:\/\/artsnb.ca\/web\/2024-literary-arts-award\/?lang=fr\"><img loading=\"lazy\" decoding=\"async\" width=\"1024\" height=\"577\" src=\"https:\/\/artsnb.ca\/web\/wp-content\/uploads\/2024\/09\/Valerie-Sherrard-1024x577.jpg\" alt=\"\" class=\"wp-image-18452\" srcset=\"https:\/\/artsnb.ca\/web\/wp-content\/uploads\/2024\/09\/Valerie-Sherrard-1024x577.jpg 1024w, https:\/\/artsnb.ca\/web\/wp-content\/uploads\/2024\/09\/Valerie-Sherrard-300x169.jpg 300w, https:\/\/artsnb.ca\/web\/wp-content\/uploads\/2024\/09\/Valerie-Sherrard-768x433.jpg 768w, https:\/\/artsnb.ca\/web\/wp-content\/uploads\/2024\/09\/Valerie-Sherrard-1536x866.jpg 1536w, https:\/\/artsnb.ca\/web\/wp-content\/uploads\/2024\/09\/Valerie-Sherrard-2048x1154.jpg 2048w, https:\/\/artsnb.ca\/web\/wp-content\/uploads\/2024\/09\/Valerie-Sherrard-237x135.jpg 237w\" sizes=\"auto, (max-width: 1024px) 100vw, 1024px\" \/><\/a><\/figure>\n\n\n\n<div style=\"height:20px\" aria-hidden=\"true\" class=\"wp-block-spacer\"><\/div>\n\n\n\n<p class=\"has-large-font-size\"><strong><a href=\"https:\/\/artsnb.ca\/web\/2024-performing-arts-award\/?lang=fr\">MARSHALL BUTTON<\/a><\/strong><\/p>\n\n\n\n<p class=\"has-medium-font-size\">Laur\u00e9at 2024 du Prix en arts de la sc\u00e8ne<\/p>\n\n\n\n<div style=\"height:20px\" aria-hidden=\"true\" class=\"wp-block-spacer\"><\/div>\n\n\n\n<figure class=\"wp-block-image size-large\"><a href=\"https:\/\/artsnb.ca\/web\/2024-performing-arts-award\/?lang=fr\"><img loading=\"lazy\" decoding=\"async\" width=\"1024\" height=\"576\" src=\"https:\/\/artsnb.ca\/web\/wp-content\/uploads\/2024\/09\/Marshall-Button-1024x576.jpg\" alt=\"\" class=\"wp-image-18454\" srcset=\"https:\/\/artsnb.ca\/web\/wp-content\/uploads\/2024\/09\/Marshall-Button-1024x576.jpg 1024w, https:\/\/artsnb.ca\/web\/wp-content\/uploads\/2024\/09\/Marshall-Button-300x169.jpg 300w, https:\/\/artsnb.ca\/web\/wp-content\/uploads\/2024\/09\/Marshall-Button-768x432.jpg 768w, https:\/\/artsnb.ca\/web\/wp-content\/uploads\/2024\/09\/Marshall-Button-1536x864.jpg 1536w, https:\/\/artsnb.ca\/web\/wp-content\/uploads\/2024\/09\/Marshall-Button-2048x1152.jpg 2048w\" sizes=\"auto, (max-width: 1024px) 100vw, 1024px\" \/><\/a><\/figure>\n\n\n\n<div style=\"height:20px\" aria-hidden=\"true\" class=\"wp-block-spacer\"><\/div>\n\n\n\n<p class=\"has-large-font-size\"><strong><a href=\"https:\/\/artsnb.ca\/web\/2024-indigenous-artist-award\/?lang=fr\">TARA FRANCIS<\/a><\/strong><\/p>\n\n\n\n<p class=\"has-medium-font-size\"><em>Laur\u00e9ate 2024 du Prix de l\u2019artiste autochtone<\/em><\/p>\n\n\n\n<div style=\"height:20px\" aria-hidden=\"true\" class=\"wp-block-spacer\"><\/div>\n\n\n\n<figure class=\"wp-block-image size-large\"><a href=\"https:\/\/artsnb.ca\/web\/2024-indigenous-artist-award\/?lang=fr\"><img loading=\"lazy\" decoding=\"async\" width=\"1024\" height=\"599\" src=\"https:\/\/artsnb.ca\/web\/wp-content\/uploads\/2024\/09\/Tara-Francis-1024x599.jpg\" alt=\"\" class=\"wp-image-18456\" srcset=\"https:\/\/artsnb.ca\/web\/wp-content\/uploads\/2024\/09\/Tara-Francis-1024x599.jpg 1024w, https:\/\/artsnb.ca\/web\/wp-content\/uploads\/2024\/09\/Tara-Francis-300x175.jpg 300w, https:\/\/artsnb.ca\/web\/wp-content\/uploads\/2024\/09\/Tara-Francis-768x449.jpg 768w, https:\/\/artsnb.ca\/web\/wp-content\/uploads\/2024\/09\/Tara-Francis-1536x898.jpg 1536w, https:\/\/artsnb.ca\/web\/wp-content\/uploads\/2024\/09\/Tara-Francis-2048x1198.jpg 2048w\" sizes=\"auto, (max-width: 1024px) 100vw, 1024px\" \/><\/a><\/figure>\n\n\n\n<p><\/p>\n","protected":false},"excerpt":{"rendered":"<p>Laur\u00e9at.es 2024 PHIL COMEAU Laur\u00e9at 2024 du Prix en arts visuels VALERIE SHERRARD Laur\u00e9ate 2024 du Prix en arts litt\u00e9raires MARSHALL BUTTON Laur\u00e9at 2024 du Prix en arts de la sc\u00e8ne TARA FRANCIS Laur\u00e9ate 2024 du Prix de l\u2019artiste autochtone<\/p>\n","protected":false},"author":2,"featured_media":0,"parent":387,"menu_order":0,"comment_status":"closed","ping_status":"closed","template":"page-templates\/awards-page.php","meta":{"_acf_changed":false,"footnotes":""},"class_list":["post-412","page","type-page","status-publish","hentry"],"acf":[],"yoast_head":"<!-- This site is optimized with the Yoast SEO plugin v27.4 - https:\/\/yoast.com\/product\/yoast-seo-wordpress\/ -->\n<title>Laur\u00e9at.es 2024 - ArtsNB<\/title>\n<meta name=\"robots\" content=\"index, follow, max-snippet:-1, max-image-preview:large, max-video-preview:-1\" \/>\n<link rel=\"canonical\" href=\"https:\/\/artsnb.ca\/web\/awards\/2024-lga\/\" \/>\n<meta property=\"og:locale\" content=\"en_US\" \/>\n<meta property=\"og:type\" content=\"article\" \/>\n<meta property=\"og:title\" content=\"Laur\u00e9at.es 2024 - ArtsNB\" \/>\n<meta property=\"og:description\" content=\"Laur\u00e9at.es 2024 PHIL COMEAU Laur\u00e9at 2024 du Prix en arts visuels VALERIE SHERRARD Laur\u00e9ate 2024 du Prix en arts litt\u00e9raires MARSHALL BUTTON Laur\u00e9at 2024 du Prix en arts de la sc\u00e8ne TARA FRANCIS Laur\u00e9ate 2024 du Prix de l\u2019artiste autochtone\" \/>\n<meta property=\"og:url\" content=\"https:\/\/artsnb.ca\/web\/awards\/2024-lga\/?lang=fr\" \/>\n<meta property=\"og:site_name\" content=\"ArtsNB\" \/>\n<meta property=\"article:publisher\" content=\"https:\/\/www.facebook.com\/artsnb\/\" \/>\n<meta property=\"article:modified_time\" content=\"2024-11-25T14:17:28+00:00\" \/>\n<meta property=\"og:image\" content=\"https:\/\/artsnb.ca\/web\/wp-content\/uploads\/2024\/09\/Phil-Comeau-2-scaled.jpg\" \/>\n\t<meta property=\"og:image:width\" content=\"2560\" \/>\n\t<meta property=\"og:image:height\" content=\"1443\" \/>\n\t<meta property=\"og:image:type\" content=\"image\/jpeg\" \/>\n<meta name=\"twitter:card\" content=\"summary_large_image\" \/>\n<meta name=\"twitter:site\" content=\"@artsnb\" \/>\n<meta name=\"twitter:label1\" content=\"Est. reading time\" \/>\n\t<meta name=\"twitter:data1\" content=\"1 minute\" \/>\n<script type=\"application\/ld+json\" class=\"yoast-schema-graph\">{\"@context\":\"https:\\\/\\\/schema.org\",\"@graph\":[{\"@type\":\"WebPage\",\"@id\":\"https:\\\/\\\/artsnb.ca\\\/web\\\/awards\\\/2024-lga\\\/?lang=fr\",\"url\":\"https:\\\/\\\/artsnb.ca\\\/web\\\/awards\\\/2024-lga\\\/?lang=fr\",\"name\":\"Laur\u00e9at.es 2024 - ArtsNB\",\"isPartOf\":{\"@id\":\"https:\\\/\\\/artsnb.ca\\\/web\\\/#website\"},\"primaryImageOfPage\":{\"@id\":\"https:\\\/\\\/artsnb.ca\\\/web\\\/awards\\\/2024-lga\\\/?lang=fr#primaryimage\"},\"image\":{\"@id\":\"https:\\\/\\\/artsnb.ca\\\/web\\\/awards\\\/2024-lga\\\/?lang=fr#primaryimage\"},\"thumbnailUrl\":\"https:\\\/\\\/artsnb.ca\\\/web\\\/wp-content\\\/uploads\\\/2024\\\/09\\\/Phil-Comeau-2-1024x577.jpg\",\"datePublished\":\"2019-07-29T23:24:30+00:00\",\"dateModified\":\"2024-11-25T14:17:28+00:00\",\"breadcrumb\":{\"@id\":\"https:\\\/\\\/artsnb.ca\\\/web\\\/awards\\\/2024-lga\\\/?lang=fr#breadcrumb\"},\"inLanguage\":\"en-US\",\"potentialAction\":[{\"@type\":\"ReadAction\",\"target\":[\"https:\\\/\\\/artsnb.ca\\\/web\\\/awards\\\/2024-lga\\\/?lang=fr\"]}]},{\"@type\":\"ImageObject\",\"inLanguage\":\"en-US\",\"@id\":\"https:\\\/\\\/artsnb.ca\\\/web\\\/awards\\\/2024-lga\\\/?lang=fr#primaryimage\",\"url\":\"https:\\\/\\\/artsnb.ca\\\/web\\\/wp-content\\\/uploads\\\/2024\\\/09\\\/Phil-Comeau-2-scaled.jpg\",\"contentUrl\":\"https:\\\/\\\/artsnb.ca\\\/web\\\/wp-content\\\/uploads\\\/2024\\\/09\\\/Phil-Comeau-2-scaled.jpg\",\"width\":2560,\"height\":1443},{\"@type\":\"BreadcrumbList\",\"@id\":\"https:\\\/\\\/artsnb.ca\\\/web\\\/awards\\\/2024-lga\\\/?lang=fr#breadcrumb\",\"itemListElement\":[{\"@type\":\"ListItem\",\"position\":1,\"name\":\"Home\",\"item\":\"https:\\\/\\\/artsnb.ca\\\/web\\\/\"},{\"@type\":\"ListItem\",\"position\":2,\"name\":\"Prix\",\"item\":\"https:\\\/\\\/artsnb.ca\\\/web\\\/awards\\\/\"},{\"@type\":\"ListItem\",\"position\":3,\"name\":\"Laur\u00e9at.es 2024\"}]},{\"@type\":\"WebSite\",\"@id\":\"https:\\\/\\\/artsnb.ca\\\/web\\\/#website\",\"url\":\"https:\\\/\\\/artsnb.ca\\\/web\\\/\",\"name\":\"ArtsNB\",\"description\":\"EXCELLENCE. PROFESSIONALISM. INNOVATION.\",\"publisher\":{\"@id\":\"https:\\\/\\\/artsnb.ca\\\/web\\\/#organization\"},\"potentialAction\":[{\"@type\":\"SearchAction\",\"target\":{\"@type\":\"EntryPoint\",\"urlTemplate\":\"https:\\\/\\\/artsnb.ca\\\/web\\\/?s={search_term_string}\"},\"query-input\":{\"@type\":\"PropertyValueSpecification\",\"valueRequired\":true,\"valueName\":\"search_term_string\"}}],\"inLanguage\":\"en-US\"},{\"@type\":\"Organization\",\"@id\":\"https:\\\/\\\/artsnb.ca\\\/web\\\/#organization\",\"name\":\"ArtsNB\",\"url\":\"https:\\\/\\\/artsnb.ca\\\/web\\\/\",\"logo\":{\"@type\":\"ImageObject\",\"inLanguage\":\"en-US\",\"@id\":\"https:\\\/\\\/artsnb.ca\\\/web\\\/#\\\/schema\\\/logo\\\/image\\\/\",\"url\":\"https:\\\/\\\/artsnb.ca\\\/web\\\/wp-content\\\/uploads\\\/2024\\\/04\\\/cropped-artsnb-PrimaryLogo-vertical-HiRes-2.jpg\",\"contentUrl\":\"https:\\\/\\\/artsnb.ca\\\/web\\\/wp-content\\\/uploads\\\/2024\\\/04\\\/cropped-artsnb-PrimaryLogo-vertical-HiRes-2.jpg\",\"width\":1698,\"height\":1223,\"caption\":\"ArtsNB\"},\"image\":{\"@id\":\"https:\\\/\\\/artsnb.ca\\\/web\\\/#\\\/schema\\\/logo\\\/image\\\/\"},\"sameAs\":[\"https:\\\/\\\/www.facebook.com\\\/artsnb\\\/\",\"https:\\\/\\\/x.com\\\/artsnb\",\"https:\\\/\\\/www.instagram.com\\\/artsnb\\\/\"]}]}<\/script>\n<!-- \/ Yoast SEO plugin. -->","yoast_head_json":{"title":"Laur\u00e9at.es 2024 - ArtsNB","robots":{"index":"index","follow":"follow","max-snippet":"max-snippet:-1","max-image-preview":"max-image-preview:large","max-video-preview":"max-video-preview:-1"},"canonical":"https:\/\/artsnb.ca\/web\/awards\/2024-lga\/","og_locale":"en_US","og_type":"article","og_title":"Laur\u00e9at.es 2024 - ArtsNB","og_description":"Laur\u00e9at.es 2024 PHIL COMEAU Laur\u00e9at 2024 du Prix en arts visuels VALERIE SHERRARD Laur\u00e9ate 2024 du Prix en arts litt\u00e9raires MARSHALL BUTTON Laur\u00e9at 2024 du Prix en arts de la sc\u00e8ne TARA FRANCIS Laur\u00e9ate 2024 du Prix de l\u2019artiste autochtone","og_url":"https:\/\/artsnb.ca\/web\/awards\/2024-lga\/?lang=fr","og_site_name":"ArtsNB","article_publisher":"https:\/\/www.facebook.com\/artsnb\/","article_modified_time":"2024-11-25T14:17:28+00:00","og_image":[{"width":2560,"height":1443,"url":"https:\/\/artsnb.ca\/web\/wp-content\/uploads\/2024\/09\/Phil-Comeau-2-scaled.jpg","type":"image\/jpeg"}],"twitter_card":"summary_large_image","twitter_site":"@artsnb","twitter_misc":{"Est. reading time":"1 minute"},"schema":{"@context":"https:\/\/schema.org","@graph":[{"@type":"WebPage","@id":"https:\/\/artsnb.ca\/web\/awards\/2024-lga\/?lang=fr","url":"https:\/\/artsnb.ca\/web\/awards\/2024-lga\/?lang=fr","name":"Laur\u00e9at.es 2024 - ArtsNB","isPartOf":{"@id":"https:\/\/artsnb.ca\/web\/#website"},"primaryImageOfPage":{"@id":"https:\/\/artsnb.ca\/web\/awards\/2024-lga\/?lang=fr#primaryimage"},"image":{"@id":"https:\/\/artsnb.ca\/web\/awards\/2024-lga\/?lang=fr#primaryimage"},"thumbnailUrl":"https:\/\/artsnb.ca\/web\/wp-content\/uploads\/2024\/09\/Phil-Comeau-2-1024x577.jpg","datePublished":"2019-07-29T23:24:30+00:00","dateModified":"2024-11-25T14:17:28+00:00","breadcrumb":{"@id":"https:\/\/artsnb.ca\/web\/awards\/2024-lga\/?lang=fr#breadcrumb"},"inLanguage":"en-US","potentialAction":[{"@type":"ReadAction","target":["https:\/\/artsnb.ca\/web\/awards\/2024-lga\/?lang=fr"]}]},{"@type":"ImageObject","inLanguage":"en-US","@id":"https:\/\/artsnb.ca\/web\/awards\/2024-lga\/?lang=fr#primaryimage","url":"https:\/\/artsnb.ca\/web\/wp-content\/uploads\/2024\/09\/Phil-Comeau-2-scaled.jpg","contentUrl":"https:\/\/artsnb.ca\/web\/wp-content\/uploads\/2024\/09\/Phil-Comeau-2-scaled.jpg","width":2560,"height":1443},{"@type":"BreadcrumbList","@id":"https:\/\/artsnb.ca\/web\/awards\/2024-lga\/?lang=fr#breadcrumb","itemListElement":[{"@type":"ListItem","position":1,"name":"Home","item":"https:\/\/artsnb.ca\/web\/"},{"@type":"ListItem","position":2,"name":"Prix","item":"https:\/\/artsnb.ca\/web\/awards\/"},{"@type":"ListItem","position":3,"name":"Laur\u00e9at.es 2024"}]},{"@type":"WebSite","@id":"https:\/\/artsnb.ca\/web\/#website","url":"https:\/\/artsnb.ca\/web\/","name":"ArtsNB","description":"EXCELLENCE. PROFESSIONALISM. INNOVATION.","publisher":{"@id":"https:\/\/artsnb.ca\/web\/#organization"},"potentialAction":[{"@type":"SearchAction","target":{"@type":"EntryPoint","urlTemplate":"https:\/\/artsnb.ca\/web\/?s={search_term_string}"},"query-input":{"@type":"PropertyValueSpecification","valueRequired":true,"valueName":"search_term_string"}}],"inLanguage":"en-US"},{"@type":"Organization","@id":"https:\/\/artsnb.ca\/web\/#organization","name":"ArtsNB","url":"https:\/\/artsnb.ca\/web\/","logo":{"@type":"ImageObject","inLanguage":"en-US","@id":"https:\/\/artsnb.ca\/web\/#\/schema\/logo\/image\/","url":"https:\/\/artsnb.ca\/web\/wp-content\/uploads\/2024\/04\/cropped-artsnb-PrimaryLogo-vertical-HiRes-2.jpg","contentUrl":"https:\/\/artsnb.ca\/web\/wp-content\/uploads\/2024\/04\/cropped-artsnb-PrimaryLogo-vertical-HiRes-2.jpg","width":1698,"height":1223,"caption":"ArtsNB"},"image":{"@id":"https:\/\/artsnb.ca\/web\/#\/schema\/logo\/image\/"},"sameAs":["https:\/\/www.facebook.com\/artsnb\/","https:\/\/x.com\/artsnb","https:\/\/www.instagram.com\/artsnb\/"]}]}},"_links":{"self":[{"href":"https:\/\/artsnb.ca\/web\/wp-json\/wp\/v2\/pages\/412","targetHints":{"allow":["GET"]}}],"collection":[{"href":"https:\/\/artsnb.ca\/web\/wp-json\/wp\/v2\/pages"}],"about":[{"href":"https:\/\/artsnb.ca\/web\/wp-json\/wp\/v2\/types\/page"}],"author":[{"embeddable":true,"href":"https:\/\/artsnb.ca\/web\/wp-json\/wp\/v2\/users\/2"}],"replies":[{"embeddable":true,"href":"https:\/\/artsnb.ca\/web\/wp-json\/wp\/v2\/comments?post=412"}],"version-history":[{"count":45,"href":"https:\/\/artsnb.ca\/web\/wp-json\/wp\/v2\/pages\/412\/revisions"}],"predecessor-version":[{"id":18958,"href":"https:\/\/artsnb.ca\/web\/wp-json\/wp\/v2\/pages\/412\/revisions\/18958"}],"up":[{"embeddable":true,"href":"https:\/\/artsnb.ca\/web\/wp-json\/wp\/v2\/pages\/387"}],"wp:attachment":[{"href":"https:\/\/artsnb.ca\/web\/wp-json\/wp\/v2\/media?parent=412"}],"curies":[{"name":"wp","href":"https:\/\/api.w.org\/{rel}","templated":true}]}}