{"id":493,"date":"2019-07-29T23:58:04","date_gmt":"2019-07-29T23:58:04","guid":{"rendered":"https:\/\/staging-artsnb.weavercrawford.com\/grants\/application-toolkit\/"},"modified":"2024-08-16T15:21:29","modified_gmt":"2024-08-16T15:21:29","slug":"application-toolkit","status":"publish","type":"page","link":"https:\/\/artsnb.ca\/web\/subventions\/application-toolkit\/?lang=fr","title":{"rendered":"Trousse d&#8217;aide \u00e0 la production d&#8217;une demande"},"content":{"rendered":"\n<div class=\"wp-block-group\"><div class=\"wp-block-group__inner-container is-layout-constrained wp-block-group-is-layout-constrained\">\n<p><strong>COMMENT CHOISIR LE BON PROGRAMME DE SUBVENTION ?<\/strong>&nbsp;<\/p>\n\n\n\n<p>artsnb supporte des projets dans une vari\u00e9t\u00e9 de disciplines, genres et styles d&#8217;art.&nbsp; Comme la plupart de nos programmes de subvention financent diff\u00e9rents types de projets, vous pouvez faire une demande pour une vari\u00e9t\u00e9 d&#8217;activit\u00e9s li\u00e9es \u00e0 votre pratique artistique. Voici quelques exemples de projets \u00e9ligibles dans le cadre de chacun des programmes de subvention d&#8217;artsnb :&nbsp;<\/p>\n\n\n\n<figure class=\"wp-block-table\"><table><tbody><tr><td><strong>Cr\u00e9ation&nbsp;<\/strong><\/td><td>Finance la cr\u00e9ation de nouvelles \u0153uvres originales qui feront progresser votre pratique artistique.&nbsp;<\/td><\/tr><tr><td><strong>Documentation<\/strong>&nbsp;<\/td><td>Finance des projets de commissariat, de documentaire, de critique d&#8217;art et d&#8217;histoire de l&#8217;art, la priorit\u00e9 est donn\u00e9e au sujet traitant sur les artistes du Nouveau-Brunswick.&nbsp;<\/td><\/tr><tr><td><strong>Infrastructure artistique<\/strong>&nbsp;<\/td><td>Finance l&#8217;acquisition d&#8217;\u00e9quipement sp\u00e9cialis\u00e9 pour vous aider \u00e0 d\u00e9velopper votre pratique artistique \u00e0 long terme (par exemple, un ordinateur, un four pour c\u00e9ramiques, un instrument de musique, un appareil photo), uniquement pour les artistes en \u00e9mergence et nouvellement arriv\u00e9.es au pays.&nbsp;<\/td><\/tr><tr><td><strong>\u00c9quinoxe&nbsp;<\/strong><\/td><td>Finance une vari\u00e9t\u00e9 de projets cr\u00e9atifs et communautaires r\u00e9alis\u00e9s par des artistes, groupes d\u2019artistes, de collectifs, d\u2019organisations, de groupes communautaires, d\u2019administrateurs des arts ind\u00e9pendant.es et de m\u00e9diateur.rices artistiques et culturels autochtones.&nbsp;<\/td><\/tr><tr><td><strong>Artiste en r\u00e9sidence<\/strong>&nbsp;<\/td><td>Finance des projets d\u2019artistes qui ont \u00e9t\u00e9 invit\u00e9.es \u00e0 participer au Nouveau-Brunswick ou ailleurs ou pour une r\u00e9sidence au Qu\u00e9bec dans le cadre de l\u2019entente avec le Conseil des arts et des lettres du Qu\u00e9bec, OU finance les organisations bas\u00e9es au Nouveau-Brunswick pour leur permettre d\u2019accueillir des artistes dans le cadre de r\u00e9sidences.&nbsp;<\/td><\/tr><tr><td><strong>D\u00e9veloppement de carri\u00e8re&nbsp;\u2014Arts par invitation&nbsp;<\/strong><\/td><td>Finance les frais de d\u00e9placement et d&#8217;h\u00e9bergement des artistes invit\u00e9.es \u00e0 pr\u00e9senter leur travail \u00e0 150 km ou plus de leur domicile.&nbsp;<\/td><\/tr><tr><td><strong>D\u00e9veloppement de carri\u00e8re&nbsp;\u2014D\u00e9veloppement professionnel&nbsp;<\/strong><\/td><td>Finance la formation compl\u00e9mentaire d\u2019un.e artiste dans son domaine, tel que des formations, des ateliers et des mentorats.&nbsp;<\/td><\/tr><tr><td><strong>D\u00e9veloppement de carri\u00e8re&nbsp;\u2014Professionnalisation et promotion&nbsp;<\/strong><\/td><td>Finance des projets par des artistes qui d\u00e9veloppent des outils pour am\u00e9liorer leur portfolio et leur pr\u00e9sence publique (par exemple, pour cr\u00e9er un site web, engager un.e vid\u00e9aste pour filmer une performance, engager un.e photographe pour photographier des \u0153uvres).&nbsp;<\/td><\/tr><tr><td><strong>Bourses d\u2019\u00e9tudes en arts&nbsp;<\/strong><\/td><td>Offre une bourse d\u2019\u00e9tude aux \u00e9tudiant.es qui entreprennent<s> <\/s>des \u00e9tudes dans leur domaine artistique, telles qu&#8217;une formation, des ateliers et des mentorats.&nbsp;<\/td><\/tr><\/tbody><\/table><\/figure>\n\n\n\n<p>Assurez-vous de bien lire les lignes directrices du programme dans lequel vous envisagez de d\u00e9poser une demande pour vous assurer qu\u2019il soit bien adapt\u00e9 \u00e0 votre projet. Les lignes directrices du programme fournissent les crit\u00e8res d\u2019admissibilit\u00e9 de la personne candidate, des projets possibles et des d\u00e9penses permises.&nbsp;&nbsp;<\/p>\n\n\n\n<div style=\"height:40px\" aria-hidden=\"true\" class=\"wp-block-spacer\"><\/div>\n\n\n\n<p><strong>COMMENT SOUMETTRE UNE DEMANDE DE SUBVENTION?<\/strong>&nbsp;<\/p>\n\n\n\n<p>Toutes les demandes de subvention d&#8217;artsnb sont soumises par l&#8217;interm\u00e9diaire de notre syst\u00e8me de demande en ligne, auquel vous pouvez acc\u00e9der depuis n&#8217;importe quel endroit de notre site web en cliquant sur le lien \u00abConnexion de l\u2019utilisateur\u00bb en haut \u00e0 droite de votre \u00e9cran.&nbsp;&nbsp;<\/p>\n\n\n\n<p>Le personnel d&#8217;artsnb utilisera ces informations pour communiquer avec vous au sujet de votre demande, pour faire un suivi des subventions que vous recevez et pour pr\u00e9parer les formulaires pour fin d\u2019imp\u00f4t&nbsp;<\/p>\n\n\n\n<p>Une fois votre profil compl\u00e9t\u00e9, vous pouvez commencer \u00e0 faire des demandes de subvention d\u00e8s maintenant !&nbsp;<\/p>\n\n\n\n<div style=\"height:40px\" aria-hidden=\"true\" class=\"wp-block-spacer\"><\/div>\n\n\n\n<p><strong><strong>QUE DOIS-JE PR\u00c9PARER POUR MA DEMANDE DE SUBVENTION ?<\/strong>&nbsp;<\/strong><\/p>\n\n\n\n<p>Tous les programmes d\u2019artsnb exigent les m\u00eames quatre documents d\u2019appui dans une demande, en plus d&#8217;\u00e9l\u00e9ments additionnels requis ou optionnels qui varient selon le programme auquel vous envisagez d\u00e9poser. Nous vous recommandons de commencer \u00e0 pr\u00e9parer votre demande le plus t\u00f4t possible, car certains de ces documents peuvent prendre du temps \u00e0 rassembler ou \u00e0 pr\u00e9parer ! Voici ldocuments d&#8217;appui principauxd&#8217;une demande d\u00e9pos\u00e9e \u00e0 artsnb :&nbsp;&nbsp;<\/p>\n\n\n\n<p><strong>Description de projet<\/strong><\/p>\n\n\n\n<ul class=\"wp-block-list\">\n<li>Une br\u00e8ve description de votre projet, la mani\u00e8re dont vous envisagez l&#8217;ex\u00e9cuter et la raison pour laquelle ce projet est important pour votre pratique artistique.&nbsp;<\/li>\n\n\n\n<li>La longueur maximale de la description de projet est de 350 mots pour la plupart de nos programmes, et de 500 mots pour les programmes de Cr\u00e9ation et Documentation.&nbsp;<\/li>\n<\/ul>\n\n\n\n<p><strong>Budget&nbsp;<\/strong><\/p>\n\n\n\n<ul class=\"wp-block-list\">\n<li>Fournir une explication d\u00e9taill\u00e9e de la mani\u00e8re dont vous comptez d\u00e9penser le montant de la subvention demand\u00e9e.&nbsp;<\/li>\n\n\n\n<li>Assurez-vous que toutes les d\u00e9penses demand\u00e9es soient des d\u00e9penses dans le cadre du programme dans lequel vous d\u00e9posez une demandenon admissibles, vous pouvez indiquer que celles-ci seront financ\u00e9es soit par d&#8217;autres sources de financement ou par des contributions personnelles en plusartsnb.&nbsp;&nbsp;<\/li>\n<\/ul>\n\n\n\n<p><strong>CV d\u2019artiste<\/strong><\/p>\n\n\n\n<ul class=\"wp-block-list\">\n<li>Un document d\u00e9montrant vos activit\u00e9s et r\u00e9alisations li\u00e9es \u00e0 votre pratique artistique.&nbsp;<\/li>\n\n\n\n<li>Ce CV est diff\u00e9rent d&#8217;un r\u00e9sum\u00e9 d\u2019emploi ; veuillez consulter les ressources ci-dessous pour des conseils !&nbsp;&nbsp;<\/li>\n<\/ul>\n\n\n\n<p><strong>Exemples d\u2019\u0153uvres<\/strong><\/p>\n\n\n\n<ul class=\"wp-block-list\">\n<li>Jusqu\u2019\u00e0 15 pages et\/ou images et\/ou minutes de mat\u00e9riel audiovisuel d\u00e9montrant vos comp\u00e9tences en tant qu\u2019artiste.&nbsp;<\/li>\n\n\n\n<li>Vous pouvez t\u00e9l\u00e9charger vos exemples sous forme de fichiers ou saisir des hyperliens dans les champs pr\u00e9vus \u00e0 cet effet.&nbsp;<\/li>\n\n\n\n<li>Vous pouvez inclure des travaux achev\u00e9s ou en cours qui sont pertinents pour le projet propos\u00e9, \u00e0 condition qu&#8217;il s&#8217;agisse de vos travaux originaux et qu\u2019ils ne soient pas des travaux ex\u00e9cut\u00e9s dans le cadre de vos \u00e9tudes&nbsp;<\/li>\n<\/ul>\n\n\n\n<p>En outre, la plupart des programmes de subvention comprennent des sections optionnelles qui peuvent ou non s&#8217;appliquer \u00e0 votre projet. Ces sections ne sont pas obligatoires, mais elles peuvent aider votre candidature \u00e0 se d\u00e9marquer aupr\u00e8s du jury de pairs. Il s&#8217;agit notamment des sections suivantes :&nbsp;<\/p>\n\n\n\n<ul class=\"wp-block-list\">\n<li>Lettres de recommandation&nbsp;<\/li>\n\n\n\n<li>Critiques, coupures de presse, prix, etc.\u202f&nbsp;<\/li>\n\n\n\n<li>CVs d\u2019artiste et lettres d\u2019entente avec des collaborateur.rices&nbsp;<\/li>\n<\/ul>\n\n\n\n<p>Certains programmes de subventions d&#8217;artsnb exigent des documents suppl\u00e9mentaires tels que des lettres d&#8217;invitation, des relev\u00e9s de notes et d&#8217;autres documents. Vous trouverez les informations et crit\u00e8res sp\u00e9cifiques de chaque programme dans les lignes directrices. Encore une fois, nous vous recommandons de bien vous pr\u00e9parer en commen\u00e7ant au moins quelques semaines avant la date limite du programme dans le cadre duquel vous d\u00e9posez une demande&nbsp;&nbsp;<\/p>\n\n\n\n<p>Lorsque vous pr\u00e9parez vos documentsdemande&nbsp;pourrait \u00eatre&nbsp;\u00e9valu\u00e9e par un jury de pairs multidisciplinaire qui pourrait inclure des artistes qui \u0153uvrent dansd&#8217;autres disciplines que la v\u00f4tre. Ne tenez pas pour acquis que le jury conna\u00eet d\u00e9j\u00e0 votre \u0153uvre ! Les membres du jury ne peuvent faire leur \u00e9valuation que sur la base de l\u2019information que vous fournissez dans votre demande de subvention.&nbsp;<\/p>\n\n\n\n<div style=\"height:40px\" aria-hidden=\"true\" class=\"wp-block-spacer\"><\/div>\n\n\n\n<p><strong>ET SI J\u2019AI D\u2019AUTRES QUESTIONS?<\/strong>&nbsp;<\/p>\n\n\n\n<p>Si vous avez lu les lignes directrices du programme de subvention qui vous int\u00e9resse et qu&#8217;il vous reste des questions sur une exigence particuli\u00e8re, un d\u00e9tail d&#8217;admissibilit\u00e9, ou m\u00eame si cette subvention est celle qui est la mieux adapt\u00e9e \u00e0 votre projet, vous pouvez communiquer avec un.e agent.e de programme d&#8217;artsnb. Notre travail en tant qu&#8217;agent.es de programme est de nous assurer que les demandes de subvention sont compl\u00e8tes et de g\u00e9rer le processus de jury de pairs, nous sommes des artistes nous-m\u00eame et voulons vous aider \u00e0 r\u00e9ussir !&nbsp;<\/p>\n\n\n\n<p>La meilleure fa\u00e7on d&#8217;entrer en contact avec un.e agent.e de programme est de participer \u00e0 la prochaine Rencontre-\u00e9clair. Les Rencontres-\u00e9clair sont des rencontres informelles sur Zoom qui ont lieu 2 fois par mois lors desquelles vous pouvez poser vos questions sans avoir \u00e0 prendre un rendez-vous avec un.e agent.e de programmes. Sinon, vous pouvez \u00e9galement envoyer des questions sp\u00e9cifiques par courriel \u00e0 l&#8217;adresse prog@artsnb.ca. Veuillez noter que nos d\u00e9lais de r\u00e9ponse sont souvent plus longs dans les semaines qui pr\u00e9c\u00e8dent la date limite d&#8217;un programme.&nbsp;<\/p>\n\n\n\n<p>Nous vous recommandons \u00e9galement de consulter la page <a href=\"https:\/\/artsnb.ca\/web\/frequently-asked-questions\/?lang=fr\" target=\"_blank\" rel=\"noreferrer noopener\">Foire aux questions<\/a> qui est mise \u00e0 jour au fur et \u00e0 mesure que nos programmes \u00e9voluent.&nbsp;<\/p>\n\n\n\n<div style=\"height:40px\" aria-hidden=\"true\" class=\"wp-block-spacer\"><\/div>\n\n\n\n<p><strong>ACCESSIBILIT\u00c9<\/strong>&nbsp;<\/p>\n\n\n\n<p>Les personnes candidates confront\u00e9es \u00e0 des obstacles li\u00e9s \u00e0 leur handicap et les personnes candidates autochtones confront\u00e9es \u00e0 des obstacles culturels, linguistiques ou g\u00e9ographiques peuvent b\u00e9n\u00e9ficier du p&#8217; d&#8217;artsnb, qui fournit jusqu&#8217;\u00e0 200 $ pour l&#8217;embauche d&#8217;un.e conseiller.\u00e8re ou d&#8217;un.e assistant.e \u00e0 la r\u00e9daction de demandes de subvention. Si vous avez besoin d&#8217;une aide \u00e0 la r\u00e9daction, veuillez nous contacter 3 \u00e0 4 semaines avant la date limite du concours afin que nous puissions traiter votre requ\u00eate \u00e0 temps pour verser le paiement \u00e0 la personne qui vous aidera \u00e0 r\u00e9diger votre demande de subvention d&#8217;artsnb, qui fournit jusqu&#8217;\u00e0 200 $ pour l&#8217;embauche d&#8217;un.e conseiller.\u00e8re ou d&#8217;un.e assistant.e \u00e0 la r\u00e9daction de demandes de subvention. Si vous avez besoin d&#8217;une aide \u00e0 la r\u00e9daction, veuillez communiquer avec nous entre 3 \u00e0 4 semaines avant la date limite du programme afin que nous puissions traiter votre requ\u00eate \u00e0 temps pour verser le paiement \u00e0 la personne qui vous aidera \u00e0 r\u00e9diger votre demande de subvention.&nbsp;<\/p>\n\n\n\n<div style=\"height:40px\" aria-hidden=\"true\" class=\"wp-block-spacer\"><\/div>\n\n\n\n<p><strong>RESSOURCES SUPPL\u00c9MENTAIRES<\/strong>&nbsp;<\/p>\n\n\n\n<div class=\"wp-block-file\"><a id=\"wp-block-file--media-86eb3337-57ac-471a-8f01-0b036bd3323d\" href=\"https:\/\/artsnb.ca\/web\/wp-content\/uploads\/2019\/07\/Conseils_Description_Trips.pdf\" target=\"_blank\" rel=\"noreferrer noopener\">Conseils pour les descriptions de projets<\/a><\/div>\n\n\n\n<div class=\"wp-block-file\"><a id=\"wp-block-file--media-3cd8e016-fddc-43a3-a229-3768242ba00a\" href=\"https:\/\/artsnb.ca\/web\/wp-content\/uploads\/2019\/11\/Example_Cr\u00e9ation_Exemple-1.pdf\" target=\"_blank\" rel=\"noreferrer noopener\">Exemple de description de projet : Cr\u00e9ation<\/a><\/div>\n\n\n\n<div class=\"wp-block-file\"><a id=\"wp-block-file--media-eb0e8134-9320-43e2-a7b2-114f86ae2b33\" href=\"https:\/\/artsnb.ca\/web\/wp-content\/uploads\/2019\/07\/Example_Infrastructure_Exemple.pdf\" target=\"_blank\" rel=\"noreferrer noopener\">Exemple de description de projet : Infrastructure artistique<\/a><\/div>\n\n\n\n<div class=\"wp-block-file\"><a id=\"wp-block-file--media-072b5a2a-bfd0-4182-82ab-faf0736d3758\" href=\"https:\/\/artsnb.ca\/web\/wp-content\/uploads\/2019\/07\/Conseils_Budget_Tips.pdf\" target=\"_blank\" rel=\"noreferrer noopener\">Conseils pour les budgets<\/a><\/div>\n\n\n\n<div class=\"wp-block-file\"><a id=\"wp-block-file--media-4a4e5d43-7aef-497e-b57d-1e82f3cfc5ef\" href=\"https:\/\/artsnb.ca\/web\/wp-content\/uploads\/2019\/07\/Conseils_CV_Tips.pdf\" target=\"_blank\" rel=\"noreferrer noopener\">Conseil sur la cr\u00e9ation d&#8217;un CV d&#8217;artiste professionnel<\/a><\/div>\n\n\n\n<div class=\"wp-block-file\"><a id=\"wp-block-file--media-3bee582a-37e3-4ae6-bd86-5db580a4f48a\" href=\"https:\/\/artsnb.ca\/web\/wp-content\/uploads\/2024\/05\/Appendix-2-Samples-of-Work_Annexe-2-Exemples-doeuvres.pdf\" target=\"_blank\" rel=\"noreferrer noopener\">Directives pour les exemples d&#8217;oeuvre<\/a><\/div>\n\n\n\n<div class=\"wp-block-file\"><a id=\"wp-block-file--media-7c233595-3627-4369-8d39-2c85c6fd72eb\" href=\"https:\/\/artsnb.ca\/web\/wp-content\/uploads\/2019\/07\/Conseils_Oeuvres_Samples_Tipes.pdf\" target=\"_blank\" rel=\"noreferrer noopener\">Conseils pour les exemples d&#8217;oeuvres<\/a><\/div>\n\n\n\n<div class=\"wp-block-file\"><a id=\"wp-block-file--media-f1775ca6-05c4-4111-a8fe-a651b64343e0\" href=\"https:\/\/artsnb.ca\/web\/wp-content\/uploads\/2019\/11\/Conseils_Vid\u00e9o_Tips.pdf\" target=\"_blank\" rel=\"noreferrer noopener\">Comment mettre en ligne et soumettre une vid\u00e9o<\/a><\/div>\n\n\n\n<div class=\"wp-block-file\"><a id=\"wp-block-file--media-ec75194c-170d-4d6f-8c55-e12511f85066\" href=\"https:\/\/artsnb.ca\/web\/wp-content\/uploads\/2021\/04\/Example_Lettre_Exemple-1.pdf\" target=\"_blank\" rel=\"noreferrer noopener\">Exemple de lettre de recommandation<\/a><\/div>\n<\/div><\/div>\n","protected":false},"excerpt":{"rendered":"<p>COMMENT CHOISIR LE BON PROGRAMME DE SUBVENTION ?&nbsp; artsnb supporte des projets dans une vari\u00e9t\u00e9 de disciplines, genres et styles d&#8217;art.&nbsp; Comme la plupart de nos programmes de subvention financent diff\u00e9rents types de projets, vous pouvez faire une demande pour une vari\u00e9t\u00e9 d&#8217;activit\u00e9s li\u00e9es \u00e0 votre pratique artistique. Voici quelques exemples de projets \u00e9ligibles dans<\/p>\n","protected":false},"author":1,"featured_media":0,"parent":491,"menu_order":0,"comment_status":"closed","ping_status":"closed","template":"page-templates\/grants-page.php","meta":{"_acf_changed":false,"footnotes":""},"class_list":["post-493","page","type-page","status-publish","hentry"],"acf":[],"yoast_head":"<!-- This site is optimized with the Yoast SEO plugin v27.5 - https:\/\/yoast.com\/product\/yoast-seo-wordpress\/ -->\n<title>Trousse d&#039;aide \u00e0 la production d&#039;une demande - ArtsNB<\/title>\n<meta name=\"robots\" content=\"index, follow, max-snippet:-1, max-image-preview:large, max-video-preview:-1\" \/>\n<link rel=\"canonical\" href=\"https:\/\/artsnb.ca\/web\/subventions\/application-toolkit\/\" \/>\n<meta property=\"og:locale\" content=\"en_US\" \/>\n<meta property=\"og:type\" content=\"article\" \/>\n<meta property=\"og:title\" content=\"Trousse d&#039;aide \u00e0 la production d&#039;une demande - ArtsNB\" \/>\n<meta property=\"og:description\" content=\"COMMENT CHOISIR LE BON PROGRAMME DE SUBVENTION ?&nbsp; artsnb supporte des projets dans une vari\u00e9t\u00e9 de disciplines, genres et styles d&#8217;art.&nbsp; Comme la plupart de nos programmes de subvention financent diff\u00e9rents types de projets, vous pouvez faire une demande pour une vari\u00e9t\u00e9 d&#8217;activit\u00e9s li\u00e9es \u00e0 votre pratique artistique. Voici quelques exemples de projets \u00e9ligibles dans\" \/>\n<meta property=\"og:url\" content=\"https:\/\/artsnb.ca\/web\/subventions\/application-toolkit\/?lang=fr\" \/>\n<meta property=\"og:site_name\" content=\"ArtsNB\" \/>\n<meta property=\"article:publisher\" content=\"https:\/\/www.facebook.com\/artsnb\/\" \/>\n<meta property=\"article:modified_time\" content=\"2024-08-16T15:21:29+00:00\" \/>\n<meta property=\"og:image\" content=\"https:\/\/artsnb.ca\/web\/wp-content\/uploads\/2019\/09\/artsnb-logo-horizontal.jpg\" \/>\n\t<meta property=\"og:image:width\" content=\"1724\" \/>\n\t<meta property=\"og:image:height\" content=\"561\" \/>\n\t<meta property=\"og:image:type\" content=\"image\/jpeg\" \/>\n<meta name=\"twitter:card\" content=\"summary_large_image\" \/>\n<meta name=\"twitter:site\" content=\"@artsnb\" \/>\n<meta name=\"twitter:label1\" content=\"Est. reading time\" \/>\n\t<meta name=\"twitter:data1\" content=\"7 minutes\" \/>\n<script type=\"application\/ld+json\" class=\"yoast-schema-graph\">{\"@context\":\"https:\\\/\\\/schema.org\",\"@graph\":[{\"@type\":\"WebPage\",\"@id\":\"https:\\\/\\\/artsnb.ca\\\/web\\\/subventions\\\/application-toolkit\\\/?lang=fr\",\"url\":\"https:\\\/\\\/artsnb.ca\\\/web\\\/subventions\\\/application-toolkit\\\/?lang=fr\",\"name\":\"Trousse d'aide \u00e0 la production d'une demande - ArtsNB\",\"isPartOf\":{\"@id\":\"https:\\\/\\\/artsnb.ca\\\/web\\\/#website\"},\"datePublished\":\"2019-07-29T23:58:04+00:00\",\"dateModified\":\"2024-08-16T15:21:29+00:00\",\"breadcrumb\":{\"@id\":\"https:\\\/\\\/artsnb.ca\\\/web\\\/subventions\\\/application-toolkit\\\/?lang=fr#breadcrumb\"},\"inLanguage\":\"en-US\",\"potentialAction\":[{\"@type\":\"ReadAction\",\"target\":[\"https:\\\/\\\/artsnb.ca\\\/web\\\/subventions\\\/application-toolkit\\\/?lang=fr\"]}]},{\"@type\":\"BreadcrumbList\",\"@id\":\"https:\\\/\\\/artsnb.ca\\\/web\\\/subventions\\\/application-toolkit\\\/?lang=fr#breadcrumb\",\"itemListElement\":[{\"@type\":\"ListItem\",\"position\":1,\"name\":\"Home\",\"item\":\"https:\\\/\\\/artsnb.ca\\\/web\\\/\"},{\"@type\":\"ListItem\",\"position\":2,\"name\":\"Subventions\",\"item\":\"https:\\\/\\\/artsnb.ca\\\/web\\\/subventions\\\/\"},{\"@type\":\"ListItem\",\"position\":3,\"name\":\"Trousse d&#8217;aide \u00e0 la production d&#8217;une demande\"}]},{\"@type\":\"WebSite\",\"@id\":\"https:\\\/\\\/artsnb.ca\\\/web\\\/#website\",\"url\":\"https:\\\/\\\/artsnb.ca\\\/web\\\/\",\"name\":\"ArtsNB\",\"description\":\"EXCELLENCE. PROFESSIONALISM. INNOVATION.\",\"publisher\":{\"@id\":\"https:\\\/\\\/artsnb.ca\\\/web\\\/#organization\"},\"potentialAction\":[{\"@type\":\"SearchAction\",\"target\":{\"@type\":\"EntryPoint\",\"urlTemplate\":\"https:\\\/\\\/artsnb.ca\\\/web\\\/?s={search_term_string}\"},\"query-input\":{\"@type\":\"PropertyValueSpecification\",\"valueRequired\":true,\"valueName\":\"search_term_string\"}}],\"inLanguage\":\"en-US\"},{\"@type\":\"Organization\",\"@id\":\"https:\\\/\\\/artsnb.ca\\\/web\\\/#organization\",\"name\":\"ArtsNB\",\"url\":\"https:\\\/\\\/artsnb.ca\\\/web\\\/\",\"logo\":{\"@type\":\"ImageObject\",\"inLanguage\":\"en-US\",\"@id\":\"https:\\\/\\\/artsnb.ca\\\/web\\\/#\\\/schema\\\/logo\\\/image\\\/\",\"url\":\"https:\\\/\\\/artsnb.ca\\\/web\\\/wp-content\\\/uploads\\\/2024\\\/04\\\/cropped-artsnb-PrimaryLogo-vertical-HiRes-2.jpg\",\"contentUrl\":\"https:\\\/\\\/artsnb.ca\\\/web\\\/wp-content\\\/uploads\\\/2024\\\/04\\\/cropped-artsnb-PrimaryLogo-vertical-HiRes-2.jpg\",\"width\":1698,\"height\":1223,\"caption\":\"ArtsNB\"},\"image\":{\"@id\":\"https:\\\/\\\/artsnb.ca\\\/web\\\/#\\\/schema\\\/logo\\\/image\\\/\"},\"sameAs\":[\"https:\\\/\\\/www.facebook.com\\\/artsnb\\\/\",\"https:\\\/\\\/x.com\\\/artsnb\",\"https:\\\/\\\/www.instagram.com\\\/artsnb\\\/\"]}]}<\/script>\n<!-- \/ Yoast SEO plugin. -->","yoast_head_json":{"title":"Trousse d'aide \u00e0 la production d'une demande - ArtsNB","robots":{"index":"index","follow":"follow","max-snippet":"max-snippet:-1","max-image-preview":"max-image-preview:large","max-video-preview":"max-video-preview:-1"},"canonical":"https:\/\/artsnb.ca\/web\/subventions\/application-toolkit\/","og_locale":"en_US","og_type":"article","og_title":"Trousse d'aide \u00e0 la production d'une demande - ArtsNB","og_description":"COMMENT CHOISIR LE BON PROGRAMME DE SUBVENTION ?&nbsp; artsnb supporte des projets dans une vari\u00e9t\u00e9 de disciplines, genres et styles d&#8217;art.&nbsp; Comme la plupart de nos programmes de subvention financent diff\u00e9rents types de projets, vous pouvez faire une demande pour une vari\u00e9t\u00e9 d&#8217;activit\u00e9s li\u00e9es \u00e0 votre pratique artistique. Voici quelques exemples de projets \u00e9ligibles dans","og_url":"https:\/\/artsnb.ca\/web\/subventions\/application-toolkit\/?lang=fr","og_site_name":"ArtsNB","article_publisher":"https:\/\/www.facebook.com\/artsnb\/","article_modified_time":"2024-08-16T15:21:29+00:00","og_image":[{"width":1724,"height":561,"url":"https:\/\/artsnb.ca\/web\/wp-content\/uploads\/2019\/09\/artsnb-logo-horizontal.jpg","type":"image\/jpeg"}],"twitter_card":"summary_large_image","twitter_site":"@artsnb","twitter_misc":{"Est. reading time":"7 minutes"},"schema":{"@context":"https:\/\/schema.org","@graph":[{"@type":"WebPage","@id":"https:\/\/artsnb.ca\/web\/subventions\/application-toolkit\/?lang=fr","url":"https:\/\/artsnb.ca\/web\/subventions\/application-toolkit\/?lang=fr","name":"Trousse d'aide \u00e0 la production d'une demande - ArtsNB","isPartOf":{"@id":"https:\/\/artsnb.ca\/web\/#website"},"datePublished":"2019-07-29T23:58:04+00:00","dateModified":"2024-08-16T15:21:29+00:00","breadcrumb":{"@id":"https:\/\/artsnb.ca\/web\/subventions\/application-toolkit\/?lang=fr#breadcrumb"},"inLanguage":"en-US","potentialAction":[{"@type":"ReadAction","target":["https:\/\/artsnb.ca\/web\/subventions\/application-toolkit\/?lang=fr"]}]},{"@type":"BreadcrumbList","@id":"https:\/\/artsnb.ca\/web\/subventions\/application-toolkit\/?lang=fr#breadcrumb","itemListElement":[{"@type":"ListItem","position":1,"name":"Home","item":"https:\/\/artsnb.ca\/web\/"},{"@type":"ListItem","position":2,"name":"Subventions","item":"https:\/\/artsnb.ca\/web\/subventions\/"},{"@type":"ListItem","position":3,"name":"Trousse d&#8217;aide \u00e0 la production d&#8217;une demande"}]},{"@type":"WebSite","@id":"https:\/\/artsnb.ca\/web\/#website","url":"https:\/\/artsnb.ca\/web\/","name":"ArtsNB","description":"EXCELLENCE. PROFESSIONALISM. INNOVATION.","publisher":{"@id":"https:\/\/artsnb.ca\/web\/#organization"},"potentialAction":[{"@type":"SearchAction","target":{"@type":"EntryPoint","urlTemplate":"https:\/\/artsnb.ca\/web\/?s={search_term_string}"},"query-input":{"@type":"PropertyValueSpecification","valueRequired":true,"valueName":"search_term_string"}}],"inLanguage":"en-US"},{"@type":"Organization","@id":"https:\/\/artsnb.ca\/web\/#organization","name":"ArtsNB","url":"https:\/\/artsnb.ca\/web\/","logo":{"@type":"ImageObject","inLanguage":"en-US","@id":"https:\/\/artsnb.ca\/web\/#\/schema\/logo\/image\/","url":"https:\/\/artsnb.ca\/web\/wp-content\/uploads\/2024\/04\/cropped-artsnb-PrimaryLogo-vertical-HiRes-2.jpg","contentUrl":"https:\/\/artsnb.ca\/web\/wp-content\/uploads\/2024\/04\/cropped-artsnb-PrimaryLogo-vertical-HiRes-2.jpg","width":1698,"height":1223,"caption":"ArtsNB"},"image":{"@id":"https:\/\/artsnb.ca\/web\/#\/schema\/logo\/image\/"},"sameAs":["https:\/\/www.facebook.com\/artsnb\/","https:\/\/x.com\/artsnb","https:\/\/www.instagram.com\/artsnb\/"]}]}},"_links":{"self":[{"href":"https:\/\/artsnb.ca\/web\/wp-json\/wp\/v2\/pages\/493","targetHints":{"allow":["GET"]}}],"collection":[{"href":"https:\/\/artsnb.ca\/web\/wp-json\/wp\/v2\/pages"}],"about":[{"href":"https:\/\/artsnb.ca\/web\/wp-json\/wp\/v2\/types\/page"}],"author":[{"embeddable":true,"href":"https:\/\/artsnb.ca\/web\/wp-json\/wp\/v2\/users\/1"}],"replies":[{"embeddable":true,"href":"https:\/\/artsnb.ca\/web\/wp-json\/wp\/v2\/comments?post=493"}],"version-history":[{"count":18,"href":"https:\/\/artsnb.ca\/web\/wp-json\/wp\/v2\/pages\/493\/revisions"}],"predecessor-version":[{"id":18101,"href":"https:\/\/artsnb.ca\/web\/wp-json\/wp\/v2\/pages\/493\/revisions\/18101"}],"up":[{"embeddable":true,"href":"https:\/\/artsnb.ca\/web\/wp-json\/wp\/v2\/pages\/491"}],"wp:attachment":[{"href":"https:\/\/artsnb.ca\/web\/wp-json\/wp\/v2\/media?parent=493"}],"curies":[{"name":"wp","href":"https:\/\/api.w.org\/{rel}","templated":true}]}}