{"id":496,"date":"2019-07-29T23:20:02","date_gmt":"2019-07-29T23:20:02","guid":{"rendered":"https:\/\/staging-artsnb.weavercrawford.com\/grants\/eligibility\/"},"modified":"2025-04-30T17:24:20","modified_gmt":"2025-04-30T17:24:20","slug":"eligibility","status":"publish","type":"page","link":"https:\/\/artsnb.ca\/web\/subventions\/eligibility\/?lang=fr","title":{"rendered":"Admissibilit\u00e9"},"content":{"rendered":"\n<p><strong>CITOYENNET\u00c9 ET R\u00c9SIDENCE<\/strong><\/p>\n\n\n\n<p>Afin d\u2019\u00eatre \u00e9ligible au financement de l\u2019artsnb, la personne candidate doit:<\/p>\n\n\n\n<ul class=\"wp-block-list\">\n<li>\u00catre citoyen.ne canadien.ne, avoir une affiliation avec une Premi\u00e8re nation sur l&#8217;\u00cele de la tortue, \u00eatre r\u00e9sident.e permanent.e du Canada ou avoir une demande de statut de r\u00e9sidence permanente en cours de traitement; et<\/li>\n\n\n\n<li>Avoir r\u00e9sid\u00e9 au Nouveau-Brunswick pendant au moins un an (12 mois) avant l\u2019\u00e9ch\u00e9ance de la demande.<\/li>\n<\/ul>\n\n\n\n<div style=\"height:63px\" aria-hidden=\"true\" class=\"wp-block-spacer\"><\/div>\n\n\n\n<p><strong>CRIT\u00c8RES D&#8217;ARTISTE PROFESSIONNEL<\/strong><\/p>\n\n\n\n<p>Les personnes candidates \u00e0 tous les programmes de subventions d&#8217;artsnb,&nbsp;sauf pour les&nbsp;les bourses d\u2019\u00e9tudes en arts, doivent r\u00e9pondre \u00e0 la d\u00e9finition d&#8217;un.e artiste professionnel.le donn\u00e9e ci-dessous.<\/p>\n\n\n\n<div class=\"wp-block-file\"><a id=\"wp-block-file--media-0b9d5781-019b-4a56-a580-739c55f11057\" href=\"https:\/\/artsnb.ca\/web\/wp-content\/uploads\/2025\/03\/Appendix-1_2025_Annexe-1-1.pdf\" target=\"_blank\" rel=\"noreferrer noopener\">D\u00e9finition d&#8217;un.e artiste professionnel.le selon artsnb<\/a><\/div>\n\n\n\n<div style=\"height:63px\" aria-hidden=\"true\" class=\"wp-block-spacer\"><\/div>\n\n\n\n<div class=\"wp-block-group\"><div class=\"wp-block-group__inner-container is-layout-constrained wp-block-group-is-layout-constrained\">\n<p><strong>PROJETS ACHEV\u00c9S ET RAPPORT FINAUX<\/strong><\/p>\n\n\n\n<p>Les artistes admissibles sont ceux qui: <\/p>\n\n\n\n<ul class=\"wp-block-list\">\n<li>Ont compl\u00e9t\u00e9 tout projet d\u00e9j\u00e0 financ\u00e9 sous le programme ou volet de programme auquel ils s&#8217;appliquent; et <\/li>\n\n\n\n<li>N\u2019ont pas de rapport final en retard pour un projet financ\u00e9 par artsnb.<\/li>\n<\/ul>\n<\/div><\/div>\n\n\n\n<div style=\"height:63px\" aria-hidden=\"true\" class=\"wp-block-spacer\"><\/div>\n\n\n\n<p><strong>PROJETS COLLABORATIFS<\/strong><\/p>\n\n\n\n<p>Veuillez consulter les lignes directrices des projets collaboratifs ci-dessous pour plus d&#8217;informations sur la fa\u00e7on de d\u00e9poser une demande de subvention dans le cas d&#8217;un projet implicant des collaborateur.rices artistiques.<\/p>\n\n\n\n<div class=\"wp-block-file\"><a id=\"wp-block-file--media-20dd1dec-dac1-4d81-858d-32fd5e68ae8f\" href=\"https:\/\/artsnb.ca\/web\/wp-content\/uploads\/2023\/05\/23-03-01-Appendix_3_collab.pdf\" target=\"_blank\" rel=\"noreferrer noopener\">Directives pour les projets collaboratifs<\/a><\/div>\n\n\n\n<div style=\"height:63px\" aria-hidden=\"true\" class=\"wp-block-spacer\"><\/div>\n\n\n\n<h2 class=\"wp-block-heading\">Admissibilit\u00e9 : programme de Cr\u00e9ation<\/h2>\n\n\n\n<p><strong>CRIT\u00c8RES D&#8217;ADMISSIBILIT\u00c9<\/strong> : <strong>PROJETS SP\u00c9CIFIQUES<\/strong><\/p>\n\n\n\n<p>Veuillez consulter les lignes directrices des programmes individuels et les lignes directrices d&#8217;exemples d&#8217;oeuvres pour plus d&#8217;informations sur les projets \u00e9ligibles, les d\u00e9penses et les documents de candidature.<\/p>\n\n\n\n<div style=\"height:63px\" aria-hidden=\"true\" class=\"wp-block-spacer\"><\/div>\n\n\n\n<p><strong>ADMISSIBILIT\u00c9 : CAT\u00c9GORIES DE CR\u00c9ATION<\/strong><\/p>\n\n\n\n<p>Les personnes candidates au programme Cr\u00e9ation devraient consulter les crit\u00e8res ci-dessous pour plus d\u2019informations sur les cat\u00e9gories au programme de Cr\u00e9ation.<\/p>\n\n\n\n<div class=\"wp-block-file\"><a id=\"wp-block-file--media-71a00b93-2683-4251-828d-ebfb5182b938\" href=\"https:\/\/artsnb.ca\/web\/wp-content\/uploads\/2025\/02\/Appendix-4-Category-checklist_-Annexe-4-Liste-de-verification-de-categories-1.pdf\" target=\"_blank\" rel=\"noreferrer noopener\">Annexe 4 &#8211; Liste de v\u00e9rification de cat\u00e9gories<\/a><\/div>\n","protected":false},"excerpt":{"rendered":"<p>CITOYENNET\u00c9 ET R\u00c9SIDENCE Afin d\u2019\u00eatre \u00e9ligible au financement de l\u2019artsnb, la personne candidate doit: CRIT\u00c8RES D&#8217;ARTISTE PROFESSIONNEL Les personnes candidates \u00e0 tous les programmes de subventions d&#8217;artsnb,&nbsp;sauf pour les&nbsp;les bourses d\u2019\u00e9tudes en arts, doivent r\u00e9pondre \u00e0 la d\u00e9finition d&#8217;un.e artiste professionnel.le donn\u00e9e ci-dessous. PROJETS ACHEV\u00c9S ET RAPPORT FINAUX Les artistes admissibles sont ceux qui: PROJETS<\/p>\n","protected":false},"author":1,"featured_media":0,"parent":491,"menu_order":0,"comment_status":"closed","ping_status":"closed","template":"page-templates\/grants-page.php","meta":{"_acf_changed":false,"footnotes":""},"class_list":["post-496","page","type-page","status-publish","hentry"],"acf":[],"yoast_head":"<!-- This site is optimized with the Yoast SEO plugin v27.5 - https:\/\/yoast.com\/product\/yoast-seo-wordpress\/ -->\n<title>Admissibilit\u00e9 - ArtsNB<\/title>\n<meta name=\"robots\" content=\"index, follow, max-snippet:-1, max-image-preview:large, max-video-preview:-1\" \/>\n<link rel=\"canonical\" href=\"https:\/\/artsnb.ca\/web\/subventions\/eligibility\/\" \/>\n<meta property=\"og:locale\" content=\"en_US\" \/>\n<meta property=\"og:type\" content=\"article\" \/>\n<meta property=\"og:title\" content=\"Admissibilit\u00e9 - ArtsNB\" \/>\n<meta property=\"og:description\" content=\"CITOYENNET\u00c9 ET R\u00c9SIDENCE Afin d\u2019\u00eatre \u00e9ligible au financement de l\u2019artsnb, la personne candidate doit: CRIT\u00c8RES D&#8217;ARTISTE PROFESSIONNEL Les personnes candidates \u00e0 tous les programmes de subventions d&#8217;artsnb,&nbsp;sauf pour les&nbsp;les bourses d\u2019\u00e9tudes en arts, doivent r\u00e9pondre \u00e0 la d\u00e9finition d&#8217;un.e artiste professionnel.le donn\u00e9e ci-dessous. PROJETS ACHEV\u00c9S ET RAPPORT FINAUX Les artistes admissibles sont ceux qui: PROJETS\" \/>\n<meta property=\"og:url\" content=\"https:\/\/artsnb.ca\/web\/subventions\/eligibility\/?lang=fr\" \/>\n<meta property=\"og:site_name\" content=\"ArtsNB\" \/>\n<meta property=\"article:publisher\" content=\"https:\/\/www.facebook.com\/artsnb\/\" \/>\n<meta property=\"article:modified_time\" content=\"2025-04-30T17:24:20+00:00\" \/>\n<meta property=\"og:image\" content=\"https:\/\/artsnb.ca\/web\/wp-content\/uploads\/2019\/09\/artsnb-logo-horizontal.jpg\" \/>\n\t<meta property=\"og:image:width\" content=\"1724\" \/>\n\t<meta property=\"og:image:height\" content=\"561\" \/>\n\t<meta property=\"og:image:type\" content=\"image\/jpeg\" \/>\n<meta name=\"twitter:card\" content=\"summary_large_image\" \/>\n<meta name=\"twitter:site\" content=\"@artsnb\" \/>\n<meta name=\"twitter:label1\" content=\"Est. reading time\" \/>\n\t<meta name=\"twitter:data1\" content=\"2 minutes\" \/>\n<script type=\"application\/ld+json\" class=\"yoast-schema-graph\">{\"@context\":\"https:\\\/\\\/schema.org\",\"@graph\":[{\"@type\":\"WebPage\",\"@id\":\"https:\\\/\\\/artsnb.ca\\\/web\\\/subventions\\\/eligibility\\\/?lang=fr\",\"url\":\"https:\\\/\\\/artsnb.ca\\\/web\\\/subventions\\\/eligibility\\\/?lang=fr\",\"name\":\"Admissibilit\u00e9 - ArtsNB\",\"isPartOf\":{\"@id\":\"https:\\\/\\\/artsnb.ca\\\/web\\\/#website\"},\"datePublished\":\"2019-07-29T23:20:02+00:00\",\"dateModified\":\"2025-04-30T17:24:20+00:00\",\"breadcrumb\":{\"@id\":\"https:\\\/\\\/artsnb.ca\\\/web\\\/subventions\\\/eligibility\\\/?lang=fr#breadcrumb\"},\"inLanguage\":\"en-US\",\"potentialAction\":[{\"@type\":\"ReadAction\",\"target\":[\"https:\\\/\\\/artsnb.ca\\\/web\\\/subventions\\\/eligibility\\\/?lang=fr\"]}]},{\"@type\":\"BreadcrumbList\",\"@id\":\"https:\\\/\\\/artsnb.ca\\\/web\\\/subventions\\\/eligibility\\\/?lang=fr#breadcrumb\",\"itemListElement\":[{\"@type\":\"ListItem\",\"position\":1,\"name\":\"Home\",\"item\":\"https:\\\/\\\/artsnb.ca\\\/web\\\/\"},{\"@type\":\"ListItem\",\"position\":2,\"name\":\"Subventions\",\"item\":\"https:\\\/\\\/artsnb.ca\\\/web\\\/subventions\\\/\"},{\"@type\":\"ListItem\",\"position\":3,\"name\":\"Admissibilit\u00e9\"}]},{\"@type\":\"WebSite\",\"@id\":\"https:\\\/\\\/artsnb.ca\\\/web\\\/#website\",\"url\":\"https:\\\/\\\/artsnb.ca\\\/web\\\/\",\"name\":\"ArtsNB\",\"description\":\"EXCELLENCE. PROFESSIONALISM. INNOVATION.\",\"publisher\":{\"@id\":\"https:\\\/\\\/artsnb.ca\\\/web\\\/#organization\"},\"potentialAction\":[{\"@type\":\"SearchAction\",\"target\":{\"@type\":\"EntryPoint\",\"urlTemplate\":\"https:\\\/\\\/artsnb.ca\\\/web\\\/?s={search_term_string}\"},\"query-input\":{\"@type\":\"PropertyValueSpecification\",\"valueRequired\":true,\"valueName\":\"search_term_string\"}}],\"inLanguage\":\"en-US\"},{\"@type\":\"Organization\",\"@id\":\"https:\\\/\\\/artsnb.ca\\\/web\\\/#organization\",\"name\":\"ArtsNB\",\"url\":\"https:\\\/\\\/artsnb.ca\\\/web\\\/\",\"logo\":{\"@type\":\"ImageObject\",\"inLanguage\":\"en-US\",\"@id\":\"https:\\\/\\\/artsnb.ca\\\/web\\\/#\\\/schema\\\/logo\\\/image\\\/\",\"url\":\"https:\\\/\\\/artsnb.ca\\\/web\\\/wp-content\\\/uploads\\\/2024\\\/04\\\/cropped-artsnb-PrimaryLogo-vertical-HiRes-2.jpg\",\"contentUrl\":\"https:\\\/\\\/artsnb.ca\\\/web\\\/wp-content\\\/uploads\\\/2024\\\/04\\\/cropped-artsnb-PrimaryLogo-vertical-HiRes-2.jpg\",\"width\":1698,\"height\":1223,\"caption\":\"ArtsNB\"},\"image\":{\"@id\":\"https:\\\/\\\/artsnb.ca\\\/web\\\/#\\\/schema\\\/logo\\\/image\\\/\"},\"sameAs\":[\"https:\\\/\\\/www.facebook.com\\\/artsnb\\\/\",\"https:\\\/\\\/x.com\\\/artsnb\",\"https:\\\/\\\/www.instagram.com\\\/artsnb\\\/\"]}]}<\/script>\n<!-- \/ Yoast SEO plugin. -->","yoast_head_json":{"title":"Admissibilit\u00e9 - ArtsNB","robots":{"index":"index","follow":"follow","max-snippet":"max-snippet:-1","max-image-preview":"max-image-preview:large","max-video-preview":"max-video-preview:-1"},"canonical":"https:\/\/artsnb.ca\/web\/subventions\/eligibility\/","og_locale":"en_US","og_type":"article","og_title":"Admissibilit\u00e9 - ArtsNB","og_description":"CITOYENNET\u00c9 ET R\u00c9SIDENCE Afin d\u2019\u00eatre \u00e9ligible au financement de l\u2019artsnb, la personne candidate doit: CRIT\u00c8RES D&#8217;ARTISTE PROFESSIONNEL Les personnes candidates \u00e0 tous les programmes de subventions d&#8217;artsnb,&nbsp;sauf pour les&nbsp;les bourses d\u2019\u00e9tudes en arts, doivent r\u00e9pondre \u00e0 la d\u00e9finition d&#8217;un.e artiste professionnel.le donn\u00e9e ci-dessous. PROJETS ACHEV\u00c9S ET RAPPORT FINAUX Les artistes admissibles sont ceux qui: PROJETS","og_url":"https:\/\/artsnb.ca\/web\/subventions\/eligibility\/?lang=fr","og_site_name":"ArtsNB","article_publisher":"https:\/\/www.facebook.com\/artsnb\/","article_modified_time":"2025-04-30T17:24:20+00:00","og_image":[{"width":1724,"height":561,"url":"https:\/\/artsnb.ca\/web\/wp-content\/uploads\/2019\/09\/artsnb-logo-horizontal.jpg","type":"image\/jpeg"}],"twitter_card":"summary_large_image","twitter_site":"@artsnb","twitter_misc":{"Est. reading time":"2 minutes"},"schema":{"@context":"https:\/\/schema.org","@graph":[{"@type":"WebPage","@id":"https:\/\/artsnb.ca\/web\/subventions\/eligibility\/?lang=fr","url":"https:\/\/artsnb.ca\/web\/subventions\/eligibility\/?lang=fr","name":"Admissibilit\u00e9 - ArtsNB","isPartOf":{"@id":"https:\/\/artsnb.ca\/web\/#website"},"datePublished":"2019-07-29T23:20:02+00:00","dateModified":"2025-04-30T17:24:20+00:00","breadcrumb":{"@id":"https:\/\/artsnb.ca\/web\/subventions\/eligibility\/?lang=fr#breadcrumb"},"inLanguage":"en-US","potentialAction":[{"@type":"ReadAction","target":["https:\/\/artsnb.ca\/web\/subventions\/eligibility\/?lang=fr"]}]},{"@type":"BreadcrumbList","@id":"https:\/\/artsnb.ca\/web\/subventions\/eligibility\/?lang=fr#breadcrumb","itemListElement":[{"@type":"ListItem","position":1,"name":"Home","item":"https:\/\/artsnb.ca\/web\/"},{"@type":"ListItem","position":2,"name":"Subventions","item":"https:\/\/artsnb.ca\/web\/subventions\/"},{"@type":"ListItem","position":3,"name":"Admissibilit\u00e9"}]},{"@type":"WebSite","@id":"https:\/\/artsnb.ca\/web\/#website","url":"https:\/\/artsnb.ca\/web\/","name":"ArtsNB","description":"EXCELLENCE. PROFESSIONALISM. INNOVATION.","publisher":{"@id":"https:\/\/artsnb.ca\/web\/#organization"},"potentialAction":[{"@type":"SearchAction","target":{"@type":"EntryPoint","urlTemplate":"https:\/\/artsnb.ca\/web\/?s={search_term_string}"},"query-input":{"@type":"PropertyValueSpecification","valueRequired":true,"valueName":"search_term_string"}}],"inLanguage":"en-US"},{"@type":"Organization","@id":"https:\/\/artsnb.ca\/web\/#organization","name":"ArtsNB","url":"https:\/\/artsnb.ca\/web\/","logo":{"@type":"ImageObject","inLanguage":"en-US","@id":"https:\/\/artsnb.ca\/web\/#\/schema\/logo\/image\/","url":"https:\/\/artsnb.ca\/web\/wp-content\/uploads\/2024\/04\/cropped-artsnb-PrimaryLogo-vertical-HiRes-2.jpg","contentUrl":"https:\/\/artsnb.ca\/web\/wp-content\/uploads\/2024\/04\/cropped-artsnb-PrimaryLogo-vertical-HiRes-2.jpg","width":1698,"height":1223,"caption":"ArtsNB"},"image":{"@id":"https:\/\/artsnb.ca\/web\/#\/schema\/logo\/image\/"},"sameAs":["https:\/\/www.facebook.com\/artsnb\/","https:\/\/x.com\/artsnb","https:\/\/www.instagram.com\/artsnb\/"]}]}},"_links":{"self":[{"href":"https:\/\/artsnb.ca\/web\/wp-json\/wp\/v2\/pages\/496","targetHints":{"allow":["GET"]}}],"collection":[{"href":"https:\/\/artsnb.ca\/web\/wp-json\/wp\/v2\/pages"}],"about":[{"href":"https:\/\/artsnb.ca\/web\/wp-json\/wp\/v2\/types\/page"}],"author":[{"embeddable":true,"href":"https:\/\/artsnb.ca\/web\/wp-json\/wp\/v2\/users\/1"}],"replies":[{"embeddable":true,"href":"https:\/\/artsnb.ca\/web\/wp-json\/wp\/v2\/comments?post=496"}],"version-history":[{"count":24,"href":"https:\/\/artsnb.ca\/web\/wp-json\/wp\/v2\/pages\/496\/revisions"}],"predecessor-version":[{"id":20576,"href":"https:\/\/artsnb.ca\/web\/wp-json\/wp\/v2\/pages\/496\/revisions\/20576"}],"up":[{"embeddable":true,"href":"https:\/\/artsnb.ca\/web\/wp-json\/wp\/v2\/pages\/491"}],"wp:attachment":[{"href":"https:\/\/artsnb.ca\/web\/wp-json\/wp\/v2\/media?parent=496"}],"curies":[{"name":"wp","href":"https:\/\/api.w.org\/{rel}","templated":true}]}}