{"id":498,"date":"2019-07-30T01:25:21","date_gmt":"2019-07-30T01:25:21","guid":{"rendered":"https:\/\/staging-artsnb.weavercrawford.com\/grants\/if-you-receive-a-grant\/"},"modified":"2025-09-09T13:59:32","modified_gmt":"2025-09-09T13:59:32","slug":"si-vous-recevez-une-subvention","status":"publish","type":"page","link":"https:\/\/artsnb.ca\/web\/subventions\/si-vous-recevez-une-subvention\/?lang=fr","title":{"rendered":"Si vous recevez une subvention"},"content":{"rendered":"\n<div style=\"height:40px\" aria-hidden=\"true\" class=\"wp-block-spacer\"><\/div>\n\n\n\n<p><strong>VERSEMENT<\/strong><\/p>\n\n\n\n<p>Pour la plupart des programmes, les subventions sont vers\u00e9es dans leur int\u00e9gralit\u00e9 d\u00e9s leur approbation. Il y a deux exceptions: <\/p>\n\n\n\n<p>Pour le programme&nbsp;Bourses d&#8217;\u00e9tudes en arts, les bourses seront vers\u00e9es dans leur int\u00e9gralit\u00e9 aux candidats retenus d\u00e8s la r\u00e9ception de la confirmation d\u2019inscription officielle envoy\u00e9e par l\u2019institution. Il est la responsabilit\u00e9 du candidat de contacter l\u2019institution afin de demander que la confirmation officielle d&#8217;inscription soit envoy\u00e9e \u00e0 Bo\u00eete postale 20336, Kings Place PO Fredericton, N.-B. E3B 0N7.<\/p>\n\n\n\n<p>Pour le programme&nbsp;Artiste en R\u00e9sidence, les subventions seront vers\u00e9es dans leur int\u00e9gralit\u00e9 aux candidats retenus d\u00e8s la r\u00e9ception d\u2019un Rapport de confirmation de projet sign\u00e9.<\/p>\n\n\n\n<p> <a aria-label=\"Rapport de confirmation de projet (opens in a new tab)\" rel=\"noreferrer noopener\" href=\"https:\/\/artsnb.ca\/web\/wp-content\/uploads\/2019\/07\/Project_Confirmation_de_projet.pdf\" target=\"_blank\">Rapport de confirmation de projet<\/a> <\/p>\n\n\n\n<div style=\"height:30px\" aria-hidden=\"true\" class=\"wp-block-spacer\"><\/div>\n\n\n\n<p><strong>OBLIGATIONS FISCALES<\/strong><\/p>\n\n\n\n<p>Veuillez noter que les subventions d\u2019artsnb sont imposables. Les formulaires T4A sont envoy\u00e9s en f\u00e9vrier de chaque ann\u00e9e. Il sera demand\u00e9 aux nouveaux b\u00e9n\u00e9ficiaires de fournir leur num\u00e9ro d\u2019assurance sociale (NAS).<\/p>\n\n\n\n<div style=\"height:30px\" aria-hidden=\"true\" class=\"wp-block-spacer\"><\/div>\n\n\n\n<p><strong>RAPPORT FINAL<\/strong><\/p>\n\n\n\n<p>Un rapport final doit \u00eatre compl\u00e9t\u00e9, sign\u00e9 et soumis \u00e0 artsnb suivant l\u2019ach\u00e8vement du projet. Le formulaire est disponible sur le site Internet d\u2019artsnb.<\/p>\n\n\n\n<div class=\"wp-block-file\"><a id=\"wp-block-file--media-3b11bab0-740c-40d4-a98a-20794fca3526\" href=\"https:\/\/artsnb.ca\/web\/wp-content\/uploads\/2023\/11\/Final_Report_Rapport_Final_Fillable-1-16.pdf\" target=\"_blank\" rel=\"noreferrer noopener\">Formulaire de rapport final<\/a><\/div>\n\n\n\n<p>artsnb se r\u00e9serve le droit de demander des re\u00e7us pour les d\u00e9penses du projet. Veuillez conserver tous les re\u00e7us jusqu\u2019\u00e0 ce que le rapport final pour le projet ait \u00e9t\u00e9 approuv\u00e9. Une subvention d\u00e9j\u00e0 accord\u00e9e peut \u00eatre annul\u00e9e, en totalit\u00e9 ou en partie, si le but \u00e9nonc\u00e9 ou implicite du programme n&#8217;est pas respect\u00e9. Si un projet est annul\u00e9, modifi\u00e9 ou inachev\u00e9, le b\u00e9n\u00e9ficiaire doit rembourser les fonds proportionnels \u00e0 la partie inachev\u00e9e du projet. Les calculs sont effectu\u00e9s par artsnb \u00e0 partir des donn\u00e9es et des informations pertinentes fournies par le b\u00e9n\u00e9ficiaire.<\/p>\n\n\n\n<div style=\"height:30px\" aria-hidden=\"true\" class=\"wp-block-spacer\"><\/div>\n\n\n\n<p><strong>CHANGEMENTS DES PROJETS ET D\u00c9LAIS<\/strong><\/p>\n\n\n\n<p>L\u2019attribution des subventions approuv\u00e9es demeure conditionnelle \u00e0 la r\u00e9alisation du projet propos\u00e9. Les b\u00e9n\u00e9ficiaires doivent contacter artsnb pour discuter tout changement majeur relatif \u00e0 un projet.<\/p>\n\n\n\n<p>Un rapport final sera consid\u00e9r\u00e9 en retard si une ann\u00e9e s&#8217;est \u00e9coul\u00e9e apr\u00e8s la date de fin du projet indiqu\u00e9e dans la demande de financement. Les artistes qui ont un rapport final en retard ne sont pas admissibles \u00e0 d&#8217;autres subventions d\u2019artsnb jusqu&#8217;\u00e0 ce que tout rapport en retard soit soumis et approuv\u00e9.<\/p>\n\n\n\n<p>Les extensions peuvent \u00eatre accord\u00e9es pour les retards de projet au cas par cas. Veuillez soumettre un formulaire de demande de report de la date limite du rapport final \u00e0 prog@artsnb.ca pour que votre demande d&#8217;extension soit consid\u00e9r\u00e9e.<\/p>\n\n\n\n<div class=\"wp-block-file\"><a id=\"wp-block-file--media-f0ec1707-eb4a-4830-be11-49cc7b90fa05\" href=\"https:\/\/artsnb.ca\/web\/wp-content\/uploads\/2019\/07\/Final-Report-Extension-Request_2025_Demande-dextension-du-Rapport-final-Fillable.pdf\" target=\"_blank\" rel=\"noreferrer noopener\">Formulaire de demande d\u2019extension de la date de remise du rapport final<\/a><\/div>\n\n\n\n<div style=\"height:30px\" aria-hidden=\"true\" class=\"wp-block-spacer\"><\/div>\n\n\n\n<p><strong>MENTION DE L&#8217;AIDE FINANCI\u00c8RE RE\u00c7UE<\/strong><\/p>\n\n\n\n<p><strong>Le Conseil des arts du Nouveau-Brunswick demande \u00e0 tous les recipiendaires de subventions de bien reconna\u00eetre son aide dans tout mat\u00e9riel, publications (incluant les articles et entrevues m\u00e9diatiques) et programmes concernant les oeuvres ou spectacles reli\u00e9s \u00e0 leur subvention. Cette mention devrait \u00eatre proportionnellement aussi importante que celle qui est faite de l\u2019aide similaire re\u00e7ue d\u2019entreprises ou d\u2019autres commanditaires ou donateurs. Les blocs-logos du Conseil ne doivent \u00eatre utilis\u00e9s que par les recipiendaires de subventions.<\/strong><\/p>\n\n\n\n<p>Dans la mesure du possible, les r\u00e9cipiendaires de subventions devraient incorporer le bloc-logo du Conseil ainsi que la mention appropri\u00e9e dans toutes leurs publications et mat\u00e9riaux promotionnels. La mention doit \u00eatre bilingue, le texte en fran\u00e7ais d\u2019abord pour un public majoritairement de langue fran\u00e7aise, ou en anglais d\u2019abord pour un public majoritairement de langue anglaise. Veuillez respecter les proportions du bloc-logo.<\/p>\n\n\n\n<p> Mention appropri\u00e9e: <\/p>\n\n\n\n<ul class=\"wp-block-list\">\n<li>This activity \/ tour \/ event is supported by the New Brunswick Arts Board <\/li>\n\n\n\n<li>Cette activit\u00e9 \/ tourn\u00e9e \/ performance est soutenue par le Conseil des arts du Nouveau-Brunswick<\/li>\n<\/ul>\n\n\n\n<p><strong>Blocs-logos<\/strong><\/p>\n\n\n\n<div class=\"wp-block-file square_button\"><a id=\"wp-block-file--media-61078375-faff-4a6e-883e-b6f706219010\" href=\"https:\/\/artsnb.ca\/web\/wp-content\/uploads\/2024\/07\/artsnb_logos_2024.zip\" target=\"_blank\" rel=\"noreferrer noopener\">artsnb_logos_2024<\/a><\/div>\n\n\n\n<p>Les blocs-logos du Conseil ne doivent \u00eatre utilis\u00e9s que par les b\u00e9n\u00e9ficiaires de subventions. Veuillez respecter les proportions du bloc-logo. Ne pas reproduire les blocs-logos en plus petit que 1 pouce et demi de haut.<\/p>\n\n\n\n<p>Si vous cherchez un logo diff\u00e9rent du Conseil, comme par exemple un logo sur fond transparent, ou la version verticale du logo, veuillez communiquer par courriel avec Audr\u00e9e Hamelin-St-Amour, agente des communications d&#8217;artsnb : <a href=\"mailto:comm@artsnb.ca\">comm@artsnb.ca<\/a>.<\/p>\n","protected":false},"excerpt":{"rendered":"<p>VERSEMENT Pour la plupart des programmes, les subventions sont vers\u00e9es dans leur int\u00e9gralit\u00e9 d\u00e9s leur approbation. Il y a deux exceptions: Pour le programme&nbsp;Bourses d&#8217;\u00e9tudes en arts, les bourses seront vers\u00e9es dans leur int\u00e9gralit\u00e9 aux candidats retenus d\u00e8s la r\u00e9ception de la confirmation d\u2019inscription officielle envoy\u00e9e par l\u2019institution. Il est la responsabilit\u00e9 du candidat de<\/p>\n","protected":false},"author":1,"featured_media":0,"parent":491,"menu_order":0,"comment_status":"closed","ping_status":"closed","template":"page-templates\/grants-page.php","meta":{"_acf_changed":false,"footnotes":""},"class_list":["post-498","page","type-page","status-publish","hentry"],"acf":[],"yoast_head":"<!-- This site is optimized with the Yoast SEO plugin v27.5 - https:\/\/yoast.com\/product\/yoast-seo-wordpress\/ -->\n<title>Si vous recevez une subvention - ArtsNB<\/title>\n<meta name=\"robots\" content=\"index, follow, max-snippet:-1, max-image-preview:large, max-video-preview:-1\" \/>\n<link rel=\"canonical\" href=\"https:\/\/artsnb.ca\/web\/subventions\/si-vous-recevez-une-subvention\/\" \/>\n<meta property=\"og:locale\" content=\"en_US\" \/>\n<meta property=\"og:type\" content=\"article\" \/>\n<meta property=\"og:title\" content=\"Si vous recevez une subvention - ArtsNB\" \/>\n<meta property=\"og:description\" content=\"VERSEMENT Pour la plupart des programmes, les subventions sont vers\u00e9es dans leur int\u00e9gralit\u00e9 d\u00e9s leur approbation. Il y a deux exceptions: Pour le programme&nbsp;Bourses d&#8217;\u00e9tudes en arts, les bourses seront vers\u00e9es dans leur int\u00e9gralit\u00e9 aux candidats retenus d\u00e8s la r\u00e9ception de la confirmation d\u2019inscription officielle envoy\u00e9e par l\u2019institution. Il est la responsabilit\u00e9 du candidat de\" \/>\n<meta property=\"og:url\" content=\"https:\/\/artsnb.ca\/web\/subventions\/si-vous-recevez-une-subvention\/?lang=fr\" \/>\n<meta property=\"og:site_name\" content=\"ArtsNB\" \/>\n<meta property=\"article:publisher\" content=\"https:\/\/www.facebook.com\/artsnb\/\" \/>\n<meta property=\"article:modified_time\" content=\"2025-09-09T13:59:32+00:00\" \/>\n<meta property=\"og:image\" content=\"https:\/\/artsnb.ca\/web\/wp-content\/uploads\/2019\/09\/artsnb-logo-horizontal.jpg\" \/>\n\t<meta property=\"og:image:width\" content=\"1724\" \/>\n\t<meta property=\"og:image:height\" content=\"561\" \/>\n\t<meta property=\"og:image:type\" content=\"image\/jpeg\" \/>\n<meta name=\"twitter:card\" content=\"summary_large_image\" \/>\n<meta name=\"twitter:site\" content=\"@artsnb\" \/>\n<meta name=\"twitter:label1\" content=\"Est. reading time\" \/>\n\t<meta name=\"twitter:data1\" content=\"3 minutes\" \/>\n<script type=\"application\/ld+json\" class=\"yoast-schema-graph\">{\"@context\":\"https:\\\/\\\/schema.org\",\"@graph\":[{\"@type\":\"WebPage\",\"@id\":\"https:\\\/\\\/artsnb.ca\\\/web\\\/subventions\\\/si-vous-recevez-une-subvention\\\/?lang=fr\",\"url\":\"https:\\\/\\\/artsnb.ca\\\/web\\\/subventions\\\/si-vous-recevez-une-subvention\\\/?lang=fr\",\"name\":\"Si vous recevez une subvention - ArtsNB\",\"isPartOf\":{\"@id\":\"https:\\\/\\\/artsnb.ca\\\/web\\\/#website\"},\"datePublished\":\"2019-07-30T01:25:21+00:00\",\"dateModified\":\"2025-09-09T13:59:32+00:00\",\"breadcrumb\":{\"@id\":\"https:\\\/\\\/artsnb.ca\\\/web\\\/subventions\\\/si-vous-recevez-une-subvention\\\/?lang=fr#breadcrumb\"},\"inLanguage\":\"en-US\",\"potentialAction\":[{\"@type\":\"ReadAction\",\"target\":[\"https:\\\/\\\/artsnb.ca\\\/web\\\/subventions\\\/si-vous-recevez-une-subvention\\\/?lang=fr\"]}]},{\"@type\":\"BreadcrumbList\",\"@id\":\"https:\\\/\\\/artsnb.ca\\\/web\\\/subventions\\\/si-vous-recevez-une-subvention\\\/?lang=fr#breadcrumb\",\"itemListElement\":[{\"@type\":\"ListItem\",\"position\":1,\"name\":\"Home\",\"item\":\"https:\\\/\\\/artsnb.ca\\\/web\\\/\"},{\"@type\":\"ListItem\",\"position\":2,\"name\":\"Subventions\",\"item\":\"https:\\\/\\\/artsnb.ca\\\/web\\\/subventions\\\/\"},{\"@type\":\"ListItem\",\"position\":3,\"name\":\"Si vous recevez une subvention\"}]},{\"@type\":\"WebSite\",\"@id\":\"https:\\\/\\\/artsnb.ca\\\/web\\\/#website\",\"url\":\"https:\\\/\\\/artsnb.ca\\\/web\\\/\",\"name\":\"ArtsNB\",\"description\":\"EXCELLENCE. PROFESSIONALISM. INNOVATION.\",\"publisher\":{\"@id\":\"https:\\\/\\\/artsnb.ca\\\/web\\\/#organization\"},\"potentialAction\":[{\"@type\":\"SearchAction\",\"target\":{\"@type\":\"EntryPoint\",\"urlTemplate\":\"https:\\\/\\\/artsnb.ca\\\/web\\\/?s={search_term_string}\"},\"query-input\":{\"@type\":\"PropertyValueSpecification\",\"valueRequired\":true,\"valueName\":\"search_term_string\"}}],\"inLanguage\":\"en-US\"},{\"@type\":\"Organization\",\"@id\":\"https:\\\/\\\/artsnb.ca\\\/web\\\/#organization\",\"name\":\"ArtsNB\",\"url\":\"https:\\\/\\\/artsnb.ca\\\/web\\\/\",\"logo\":{\"@type\":\"ImageObject\",\"inLanguage\":\"en-US\",\"@id\":\"https:\\\/\\\/artsnb.ca\\\/web\\\/#\\\/schema\\\/logo\\\/image\\\/\",\"url\":\"https:\\\/\\\/artsnb.ca\\\/web\\\/wp-content\\\/uploads\\\/2024\\\/04\\\/cropped-artsnb-PrimaryLogo-vertical-HiRes-2.jpg\",\"contentUrl\":\"https:\\\/\\\/artsnb.ca\\\/web\\\/wp-content\\\/uploads\\\/2024\\\/04\\\/cropped-artsnb-PrimaryLogo-vertical-HiRes-2.jpg\",\"width\":1698,\"height\":1223,\"caption\":\"ArtsNB\"},\"image\":{\"@id\":\"https:\\\/\\\/artsnb.ca\\\/web\\\/#\\\/schema\\\/logo\\\/image\\\/\"},\"sameAs\":[\"https:\\\/\\\/www.facebook.com\\\/artsnb\\\/\",\"https:\\\/\\\/x.com\\\/artsnb\",\"https:\\\/\\\/www.instagram.com\\\/artsnb\\\/\"]}]}<\/script>\n<!-- \/ Yoast SEO plugin. -->","yoast_head_json":{"title":"Si vous recevez une subvention - ArtsNB","robots":{"index":"index","follow":"follow","max-snippet":"max-snippet:-1","max-image-preview":"max-image-preview:large","max-video-preview":"max-video-preview:-1"},"canonical":"https:\/\/artsnb.ca\/web\/subventions\/si-vous-recevez-une-subvention\/","og_locale":"en_US","og_type":"article","og_title":"Si vous recevez une subvention - ArtsNB","og_description":"VERSEMENT Pour la plupart des programmes, les subventions sont vers\u00e9es dans leur int\u00e9gralit\u00e9 d\u00e9s leur approbation. Il y a deux exceptions: Pour le programme&nbsp;Bourses d&#8217;\u00e9tudes en arts, les bourses seront vers\u00e9es dans leur int\u00e9gralit\u00e9 aux candidats retenus d\u00e8s la r\u00e9ception de la confirmation d\u2019inscription officielle envoy\u00e9e par l\u2019institution. Il est la responsabilit\u00e9 du candidat de","og_url":"https:\/\/artsnb.ca\/web\/subventions\/si-vous-recevez-une-subvention\/?lang=fr","og_site_name":"ArtsNB","article_publisher":"https:\/\/www.facebook.com\/artsnb\/","article_modified_time":"2025-09-09T13:59:32+00:00","og_image":[{"width":1724,"height":561,"url":"https:\/\/artsnb.ca\/web\/wp-content\/uploads\/2019\/09\/artsnb-logo-horizontal.jpg","type":"image\/jpeg"}],"twitter_card":"summary_large_image","twitter_site":"@artsnb","twitter_misc":{"Est. reading time":"3 minutes"},"schema":{"@context":"https:\/\/schema.org","@graph":[{"@type":"WebPage","@id":"https:\/\/artsnb.ca\/web\/subventions\/si-vous-recevez-une-subvention\/?lang=fr","url":"https:\/\/artsnb.ca\/web\/subventions\/si-vous-recevez-une-subvention\/?lang=fr","name":"Si vous recevez une subvention - ArtsNB","isPartOf":{"@id":"https:\/\/artsnb.ca\/web\/#website"},"datePublished":"2019-07-30T01:25:21+00:00","dateModified":"2025-09-09T13:59:32+00:00","breadcrumb":{"@id":"https:\/\/artsnb.ca\/web\/subventions\/si-vous-recevez-une-subvention\/?lang=fr#breadcrumb"},"inLanguage":"en-US","potentialAction":[{"@type":"ReadAction","target":["https:\/\/artsnb.ca\/web\/subventions\/si-vous-recevez-une-subvention\/?lang=fr"]}]},{"@type":"BreadcrumbList","@id":"https:\/\/artsnb.ca\/web\/subventions\/si-vous-recevez-une-subvention\/?lang=fr#breadcrumb","itemListElement":[{"@type":"ListItem","position":1,"name":"Home","item":"https:\/\/artsnb.ca\/web\/"},{"@type":"ListItem","position":2,"name":"Subventions","item":"https:\/\/artsnb.ca\/web\/subventions\/"},{"@type":"ListItem","position":3,"name":"Si vous recevez une subvention"}]},{"@type":"WebSite","@id":"https:\/\/artsnb.ca\/web\/#website","url":"https:\/\/artsnb.ca\/web\/","name":"ArtsNB","description":"EXCELLENCE. PROFESSIONALISM. INNOVATION.","publisher":{"@id":"https:\/\/artsnb.ca\/web\/#organization"},"potentialAction":[{"@type":"SearchAction","target":{"@type":"EntryPoint","urlTemplate":"https:\/\/artsnb.ca\/web\/?s={search_term_string}"},"query-input":{"@type":"PropertyValueSpecification","valueRequired":true,"valueName":"search_term_string"}}],"inLanguage":"en-US"},{"@type":"Organization","@id":"https:\/\/artsnb.ca\/web\/#organization","name":"ArtsNB","url":"https:\/\/artsnb.ca\/web\/","logo":{"@type":"ImageObject","inLanguage":"en-US","@id":"https:\/\/artsnb.ca\/web\/#\/schema\/logo\/image\/","url":"https:\/\/artsnb.ca\/web\/wp-content\/uploads\/2024\/04\/cropped-artsnb-PrimaryLogo-vertical-HiRes-2.jpg","contentUrl":"https:\/\/artsnb.ca\/web\/wp-content\/uploads\/2024\/04\/cropped-artsnb-PrimaryLogo-vertical-HiRes-2.jpg","width":1698,"height":1223,"caption":"ArtsNB"},"image":{"@id":"https:\/\/artsnb.ca\/web\/#\/schema\/logo\/image\/"},"sameAs":["https:\/\/www.facebook.com\/artsnb\/","https:\/\/x.com\/artsnb","https:\/\/www.instagram.com\/artsnb\/"]}]}},"_links":{"self":[{"href":"https:\/\/artsnb.ca\/web\/wp-json\/wp\/v2\/pages\/498","targetHints":{"allow":["GET"]}}],"collection":[{"href":"https:\/\/artsnb.ca\/web\/wp-json\/wp\/v2\/pages"}],"about":[{"href":"https:\/\/artsnb.ca\/web\/wp-json\/wp\/v2\/types\/page"}],"author":[{"embeddable":true,"href":"https:\/\/artsnb.ca\/web\/wp-json\/wp\/v2\/users\/1"}],"replies":[{"embeddable":true,"href":"https:\/\/artsnb.ca\/web\/wp-json\/wp\/v2\/comments?post=498"}],"version-history":[{"count":24,"href":"https:\/\/artsnb.ca\/web\/wp-json\/wp\/v2\/pages\/498\/revisions"}],"predecessor-version":[{"id":21598,"href":"https:\/\/artsnb.ca\/web\/wp-json\/wp\/v2\/pages\/498\/revisions\/21598"}],"up":[{"embeddable":true,"href":"https:\/\/artsnb.ca\/web\/wp-json\/wp\/v2\/pages\/491"}],"wp:attachment":[{"href":"https:\/\/artsnb.ca\/web\/wp-json\/wp\/v2\/media?parent=498"}],"curies":[{"name":"wp","href":"https:\/\/api.w.org\/{rel}","templated":true}]}}