{"id":507,"date":"2019-07-30T01:14:00","date_gmt":"2019-07-30T01:14:00","guid":{"rendered":"https:\/\/staging-artsnb.weavercrawford.com\/grants\/jury-process\/"},"modified":"2026-01-14T15:30:45","modified_gmt":"2026-01-14T15:30:45","slug":"jury-process","status":"publish","type":"page","link":"https:\/\/artsnb.ca\/web\/subventions\/jury-process\/?lang=fr","title":{"rendered":"Jury de pairs"},"content":{"rendered":"\n<p><strong>COMMENT FONCTIONNE L&#8217;\u00c9VALUATION PAR LES PAIRS?<\/strong><\/p>\n\n\n\n<p>Le principe de l\u2019\u00e9valuation par les pairs est le fondement du syst\u00e8me de jury d\u2019artsnb. En quelques mots, voici comment fonctionne le processus d\u2019\u00e9valuation des subventions :<\/p>\n\n\n\n<p>Les demandes soumises aux programmes de subventions d\u2018artsnb sont d\u2019abord examin\u00e9es par le personnel d\u2019artsnb, afin de v\u00e9rifier qu\u2019elles soient compl\u00e8tes et admissibles. Les demandes admissibles sont alors \u00e9valu\u00e9es par un jury d\u2019artistes professionnel.les. Pour chaque date limite de programme, les agent.es de programmes d\u2018artsnb, en consultation avec le directeur g\u00e9n\u00e9ral, choisissent les membres du jury parmi une liste de r\u00e9f\u00e9rence des jur\u00e9.es approuv\u00e9s.e. La composition des jurys veille \u00e0 respecter une repr\u00e9sentation \u00e9quitable des disciplines, r\u00e9gions, langues et identit\u00e9s des personnes candidates qui ont d\u00e9pos\u00e9 une demande au programme.<\/p>\n\n\n\n<p>Les r\u00e9unions du jury sont confidentielles. En dehors du contexte de la r\u00e9union du jury, les membres du jury ne peuvent pas divulguer le contenu d\u2019une demande, l\u2019identit\u00e9 de l&#8217;artiste, les commentaires des jur\u00e9.es, ou les notes attribu\u00e9es \u00e0 une demande. artsnb recommande aux personnes candidates de consulter <a href=\"https:\/\/artsnb.ca\/web\/wp-content\/uploads\/2025\/09\/Rubrique-devaluation-artsnb_FR.pdf\">la rubrique d&#8217;\u00e9valuation d&#8217;artnb<\/a> pour le permettre de mieux comprendre comment leur demande est \u00e9valu\u00e9e par le jury de pairs.<\/p>\n\n\n\n<p>Un r\u00e9sum\u00e9 g\u00e9n\u00e9ral des commentaires de l&#8217;\u00e9valuation du jury est r\u00e9dig\u00e9 lors de la r\u00e9union puis archiv\u00e9 par le personnel d\u2018artsnb. Les personnes candidates sont encourag\u00e9es \u00e0 consulter <a href=\"https:\/\/artsnb.ca\/web\/subventions\/retroaction-du-jury-de-pairs\/?lang=fr\">la r\u00e9troaction du jury de pairs<\/a> qui est d\u00e9voil\u00e9e suite \u00e0 l&#8217;annonce des r\u00e9sultats des \u00e9valuations \u00e0 ses programmes. L\u2019identit\u00e9 des membres du jury demeure confidentielle jusqu\u2019\u00e0 ce qu\u2018artsnb publie son rapport annuel, qui contient une liste non diff\u00e9renci\u00e9e de toutes les personnes qui ont particip\u00e9 \u00e0 un jury au cours de l\u2019exercice financier. Le rapport ne divulgue pas quels membres du jury ont particip\u00e9 \u00e0 l\u2019\u00e9valuation d\u2019un concours donn\u00e9. Habituellement, les membres du jury ne peuvent pas faire partie d\u2019un jury pour le m\u00eame programme plus d\u2019une fois au cours d\u2019une p\u00e9riode de deux ans.<\/p>\n\n\n\n<p>Les membres du jury re\u00e7oivent des honoraires pour leur participation \u00e0 la r\u00e9union du jury, ainsi que des frais de lecture par demande \u00e9valu\u00e9e. Les r\u00e9unions du jury ont lieu en ligne. <\/p>\n\n\n\n<p><strong>DEVENIR MEMBRE D&#8217;UN JURY CHEZ ARTSNB <\/strong><\/p>\n\n\n\n<p>Vous souhaitez faire partie d&#8217;un jury chez artsnb? Les personnes int\u00e9ress\u00e9es peuvent dor\u00e9navant d\u00e9poser leur candidature en ligne pour \u00eatre ajout\u00e9es au registre des membres de jury. Obtenez plus d\u2019information et d\u00e9posez votre candidature en remplissant le formulaire ci-dessous :<\/p>\n\n\n\n<div class=\"wp-block-buttons is-layout-flex wp-block-buttons-is-layout-flex\"><\/div>\n\n\n\n<p><a href=\"https:\/\/artsnb.ca\/web\/subventions\/formulaire-dinscription-au-registre-des-membres-de-jurys\/?lang=fr\">Formulaire de candidature du registre des membres de jury<\/a><\/p>\n\n\n\n<p><\/p>\n","protected":false},"excerpt":{"rendered":"<p>COMMENT FONCTIONNE L&#8217;\u00c9VALUATION PAR LES PAIRS? Le principe de l\u2019\u00e9valuation par les pairs est le fondement du syst\u00e8me de jury d\u2019artsnb. En quelques mots, voici comment fonctionne le processus d\u2019\u00e9valuation des subventions : Les demandes soumises aux programmes de subventions d\u2018artsnb sont d\u2019abord examin\u00e9es par le personnel d\u2019artsnb, afin de v\u00e9rifier qu\u2019elles soient compl\u00e8tes et<\/p>\n","protected":false},"author":1,"featured_media":0,"parent":491,"menu_order":0,"comment_status":"closed","ping_status":"closed","template":"page-templates\/grants-page.php","meta":{"_acf_changed":false,"footnotes":""},"class_list":["post-507","page","type-page","status-publish","hentry"],"acf":[],"yoast_head":"<!-- This site is optimized with the Yoast SEO plugin v27.4 - https:\/\/yoast.com\/product\/yoast-seo-wordpress\/ -->\n<title>Jury de pairs - ArtsNB<\/title>\n<meta name=\"robots\" content=\"index, follow, max-snippet:-1, max-image-preview:large, max-video-preview:-1\" \/>\n<link rel=\"canonical\" href=\"https:\/\/artsnb.ca\/web\/subventions\/jury-process\/\" \/>\n<meta property=\"og:locale\" content=\"en_US\" \/>\n<meta property=\"og:type\" content=\"article\" \/>\n<meta property=\"og:title\" content=\"Jury de pairs - ArtsNB\" \/>\n<meta property=\"og:description\" content=\"COMMENT FONCTIONNE L&#8217;\u00c9VALUATION PAR LES PAIRS? Le principe de l\u2019\u00e9valuation par les pairs est le fondement du syst\u00e8me de jury d\u2019artsnb. En quelques mots, voici comment fonctionne le processus d\u2019\u00e9valuation des subventions : Les demandes soumises aux programmes de subventions d\u2018artsnb sont d\u2019abord examin\u00e9es par le personnel d\u2019artsnb, afin de v\u00e9rifier qu\u2019elles soient compl\u00e8tes et\" \/>\n<meta property=\"og:url\" content=\"https:\/\/artsnb.ca\/web\/subventions\/jury-process\/?lang=fr\" \/>\n<meta property=\"og:site_name\" content=\"ArtsNB\" \/>\n<meta property=\"article:publisher\" content=\"https:\/\/www.facebook.com\/artsnb\/\" \/>\n<meta property=\"article:modified_time\" content=\"2026-01-14T15:30:45+00:00\" \/>\n<meta property=\"og:image\" content=\"https:\/\/artsnb.ca\/web\/wp-content\/uploads\/2019\/09\/artsnb-logo-horizontal.jpg\" \/>\n\t<meta property=\"og:image:width\" content=\"1724\" \/>\n\t<meta property=\"og:image:height\" content=\"561\" \/>\n\t<meta property=\"og:image:type\" content=\"image\/jpeg\" \/>\n<meta name=\"twitter:card\" content=\"summary_large_image\" \/>\n<meta name=\"twitter:site\" content=\"@artsnb\" \/>\n<meta name=\"twitter:label1\" content=\"Est. reading time\" \/>\n\t<meta name=\"twitter:data1\" content=\"2 minutes\" \/>\n<script type=\"application\/ld+json\" class=\"yoast-schema-graph\">{\"@context\":\"https:\\\/\\\/schema.org\",\"@graph\":[{\"@type\":\"WebPage\",\"@id\":\"https:\\\/\\\/artsnb.ca\\\/web\\\/subventions\\\/jury-process\\\/?lang=fr\",\"url\":\"https:\\\/\\\/artsnb.ca\\\/web\\\/subventions\\\/jury-process\\\/?lang=fr\",\"name\":\"Jury de pairs - ArtsNB\",\"isPartOf\":{\"@id\":\"https:\\\/\\\/artsnb.ca\\\/web\\\/#website\"},\"datePublished\":\"2019-07-30T01:14:00+00:00\",\"dateModified\":\"2026-01-14T15:30:45+00:00\",\"breadcrumb\":{\"@id\":\"https:\\\/\\\/artsnb.ca\\\/web\\\/subventions\\\/jury-process\\\/?lang=fr#breadcrumb\"},\"inLanguage\":\"en-US\",\"potentialAction\":[{\"@type\":\"ReadAction\",\"target\":[\"https:\\\/\\\/artsnb.ca\\\/web\\\/subventions\\\/jury-process\\\/?lang=fr\"]}]},{\"@type\":\"BreadcrumbList\",\"@id\":\"https:\\\/\\\/artsnb.ca\\\/web\\\/subventions\\\/jury-process\\\/?lang=fr#breadcrumb\",\"itemListElement\":[{\"@type\":\"ListItem\",\"position\":1,\"name\":\"Home\",\"item\":\"https:\\\/\\\/artsnb.ca\\\/web\\\/\"},{\"@type\":\"ListItem\",\"position\":2,\"name\":\"Subventions\",\"item\":\"https:\\\/\\\/artsnb.ca\\\/web\\\/subventions\\\/\"},{\"@type\":\"ListItem\",\"position\":3,\"name\":\"Jury de pairs\"}]},{\"@type\":\"WebSite\",\"@id\":\"https:\\\/\\\/artsnb.ca\\\/web\\\/#website\",\"url\":\"https:\\\/\\\/artsnb.ca\\\/web\\\/\",\"name\":\"ArtsNB\",\"description\":\"EXCELLENCE. PROFESSIONALISM. INNOVATION.\",\"publisher\":{\"@id\":\"https:\\\/\\\/artsnb.ca\\\/web\\\/#organization\"},\"potentialAction\":[{\"@type\":\"SearchAction\",\"target\":{\"@type\":\"EntryPoint\",\"urlTemplate\":\"https:\\\/\\\/artsnb.ca\\\/web\\\/?s={search_term_string}\"},\"query-input\":{\"@type\":\"PropertyValueSpecification\",\"valueRequired\":true,\"valueName\":\"search_term_string\"}}],\"inLanguage\":\"en-US\"},{\"@type\":\"Organization\",\"@id\":\"https:\\\/\\\/artsnb.ca\\\/web\\\/#organization\",\"name\":\"ArtsNB\",\"url\":\"https:\\\/\\\/artsnb.ca\\\/web\\\/\",\"logo\":{\"@type\":\"ImageObject\",\"inLanguage\":\"en-US\",\"@id\":\"https:\\\/\\\/artsnb.ca\\\/web\\\/#\\\/schema\\\/logo\\\/image\\\/\",\"url\":\"https:\\\/\\\/artsnb.ca\\\/web\\\/wp-content\\\/uploads\\\/2024\\\/04\\\/cropped-artsnb-PrimaryLogo-vertical-HiRes-2.jpg\",\"contentUrl\":\"https:\\\/\\\/artsnb.ca\\\/web\\\/wp-content\\\/uploads\\\/2024\\\/04\\\/cropped-artsnb-PrimaryLogo-vertical-HiRes-2.jpg\",\"width\":1698,\"height\":1223,\"caption\":\"ArtsNB\"},\"image\":{\"@id\":\"https:\\\/\\\/artsnb.ca\\\/web\\\/#\\\/schema\\\/logo\\\/image\\\/\"},\"sameAs\":[\"https:\\\/\\\/www.facebook.com\\\/artsnb\\\/\",\"https:\\\/\\\/x.com\\\/artsnb\",\"https:\\\/\\\/www.instagram.com\\\/artsnb\\\/\"]}]}<\/script>\n<!-- \/ Yoast SEO plugin. -->","yoast_head_json":{"title":"Jury de pairs - ArtsNB","robots":{"index":"index","follow":"follow","max-snippet":"max-snippet:-1","max-image-preview":"max-image-preview:large","max-video-preview":"max-video-preview:-1"},"canonical":"https:\/\/artsnb.ca\/web\/subventions\/jury-process\/","og_locale":"en_US","og_type":"article","og_title":"Jury de pairs - ArtsNB","og_description":"COMMENT FONCTIONNE L&#8217;\u00c9VALUATION PAR LES PAIRS? Le principe de l\u2019\u00e9valuation par les pairs est le fondement du syst\u00e8me de jury d\u2019artsnb. En quelques mots, voici comment fonctionne le processus d\u2019\u00e9valuation des subventions : Les demandes soumises aux programmes de subventions d\u2018artsnb sont d\u2019abord examin\u00e9es par le personnel d\u2019artsnb, afin de v\u00e9rifier qu\u2019elles soient compl\u00e8tes et","og_url":"https:\/\/artsnb.ca\/web\/subventions\/jury-process\/?lang=fr","og_site_name":"ArtsNB","article_publisher":"https:\/\/www.facebook.com\/artsnb\/","article_modified_time":"2026-01-14T15:30:45+00:00","og_image":[{"width":1724,"height":561,"url":"https:\/\/artsnb.ca\/web\/wp-content\/uploads\/2019\/09\/artsnb-logo-horizontal.jpg","type":"image\/jpeg"}],"twitter_card":"summary_large_image","twitter_site":"@artsnb","twitter_misc":{"Est. reading time":"2 minutes"},"schema":{"@context":"https:\/\/schema.org","@graph":[{"@type":"WebPage","@id":"https:\/\/artsnb.ca\/web\/subventions\/jury-process\/?lang=fr","url":"https:\/\/artsnb.ca\/web\/subventions\/jury-process\/?lang=fr","name":"Jury de pairs - ArtsNB","isPartOf":{"@id":"https:\/\/artsnb.ca\/web\/#website"},"datePublished":"2019-07-30T01:14:00+00:00","dateModified":"2026-01-14T15:30:45+00:00","breadcrumb":{"@id":"https:\/\/artsnb.ca\/web\/subventions\/jury-process\/?lang=fr#breadcrumb"},"inLanguage":"en-US","potentialAction":[{"@type":"ReadAction","target":["https:\/\/artsnb.ca\/web\/subventions\/jury-process\/?lang=fr"]}]},{"@type":"BreadcrumbList","@id":"https:\/\/artsnb.ca\/web\/subventions\/jury-process\/?lang=fr#breadcrumb","itemListElement":[{"@type":"ListItem","position":1,"name":"Home","item":"https:\/\/artsnb.ca\/web\/"},{"@type":"ListItem","position":2,"name":"Subventions","item":"https:\/\/artsnb.ca\/web\/subventions\/"},{"@type":"ListItem","position":3,"name":"Jury de pairs"}]},{"@type":"WebSite","@id":"https:\/\/artsnb.ca\/web\/#website","url":"https:\/\/artsnb.ca\/web\/","name":"ArtsNB","description":"EXCELLENCE. PROFESSIONALISM. INNOVATION.","publisher":{"@id":"https:\/\/artsnb.ca\/web\/#organization"},"potentialAction":[{"@type":"SearchAction","target":{"@type":"EntryPoint","urlTemplate":"https:\/\/artsnb.ca\/web\/?s={search_term_string}"},"query-input":{"@type":"PropertyValueSpecification","valueRequired":true,"valueName":"search_term_string"}}],"inLanguage":"en-US"},{"@type":"Organization","@id":"https:\/\/artsnb.ca\/web\/#organization","name":"ArtsNB","url":"https:\/\/artsnb.ca\/web\/","logo":{"@type":"ImageObject","inLanguage":"en-US","@id":"https:\/\/artsnb.ca\/web\/#\/schema\/logo\/image\/","url":"https:\/\/artsnb.ca\/web\/wp-content\/uploads\/2024\/04\/cropped-artsnb-PrimaryLogo-vertical-HiRes-2.jpg","contentUrl":"https:\/\/artsnb.ca\/web\/wp-content\/uploads\/2024\/04\/cropped-artsnb-PrimaryLogo-vertical-HiRes-2.jpg","width":1698,"height":1223,"caption":"ArtsNB"},"image":{"@id":"https:\/\/artsnb.ca\/web\/#\/schema\/logo\/image\/"},"sameAs":["https:\/\/www.facebook.com\/artsnb\/","https:\/\/x.com\/artsnb","https:\/\/www.instagram.com\/artsnb\/"]}]}},"_links":{"self":[{"href":"https:\/\/artsnb.ca\/web\/wp-json\/wp\/v2\/pages\/507","targetHints":{"allow":["GET"]}}],"collection":[{"href":"https:\/\/artsnb.ca\/web\/wp-json\/wp\/v2\/pages"}],"about":[{"href":"https:\/\/artsnb.ca\/web\/wp-json\/wp\/v2\/types\/page"}],"author":[{"embeddable":true,"href":"https:\/\/artsnb.ca\/web\/wp-json\/wp\/v2\/users\/1"}],"replies":[{"embeddable":true,"href":"https:\/\/artsnb.ca\/web\/wp-json\/wp\/v2\/comments?post=507"}],"version-history":[{"count":32,"href":"https:\/\/artsnb.ca\/web\/wp-json\/wp\/v2\/pages\/507\/revisions"}],"predecessor-version":[{"id":22817,"href":"https:\/\/artsnb.ca\/web\/wp-json\/wp\/v2\/pages\/507\/revisions\/22817"}],"up":[{"embeddable":true,"href":"https:\/\/artsnb.ca\/web\/wp-json\/wp\/v2\/pages\/491"}],"wp:attachment":[{"href":"https:\/\/artsnb.ca\/web\/wp-json\/wp\/v2\/media?parent=507"}],"curies":[{"name":"wp","href":"https:\/\/api.w.org\/{rel}","templated":true}]}}