{"id":5094,"date":"2019-12-18T20:23:15","date_gmt":"2019-12-18T20:23:15","guid":{"rendered":"https:\/\/artsnb.ca\/web\/?page_id=5094"},"modified":"2019-12-18T20:32:16","modified_gmt":"2019-12-18T20:32:16","slug":"conseils-pour-les-budgets","status":"publish","type":"page","link":"https:\/\/artsnb.ca\/web\/resources\/trousse\/conseils-pour-les-budgets\/?lang=fr","title":{"rendered":"Conseils pour les budgets"},"content":{"rendered":"\n<h2 class=\"wp-block-heading\">Les bases<\/h2>\n\n\n\n<p>1.\u00a0Le formulaire pour le budget varie d&#8217;un programme \u00e0 l&#8217;autre, mais les bases sont les m\u00eames: les <strong>d\u00e9penses<\/strong> sont \u00e9num\u00e9r\u00e9es dans la colonne de gauche, les <strong>revenus<\/strong> le sont dans la colonne de droite, et le total de chaque colonne doit \u00eatre le m\u00eame de fa\u00e7on \u00e0 ce que le budget soit <strong>\u00e9quilibr\u00e9<\/strong>.<\/p>\n\n\n\n<figure class=\"wp-block-image\"><img loading=\"lazy\" decoding=\"async\" width=\"672\" height=\"384\" src=\"https:\/\/artsnb.ca\/web\/wp-content\/uploads\/2019\/12\/Slide11.png\" alt=\"\" class=\"wp-image-5107\" srcset=\"https:\/\/artsnb.ca\/web\/wp-content\/uploads\/2019\/12\/Slide11.png 672w, https:\/\/artsnb.ca\/web\/wp-content\/uploads\/2019\/12\/Slide11-300x171.png 300w, https:\/\/artsnb.ca\/web\/wp-content\/uploads\/2019\/12\/Slide11-237x135.png 237w\" sizes=\"auto, (max-width: 672px) 100vw, 672px\" \/><\/figure>\n\n\n\n<p>2.\u00a0Les d\u00e9penses repr\u00e9sentent le co\u00fbt de votre projet. Vous n&#8217;avez pas besoin d&#8217;\u00e9num\u00e9rer toutes les d\u00e9penses, mais les principales devraient \u00eatre indiqu\u00e9es, en particulier\u00a0les d\u00e9penses qui sont admissibles selon les crit\u00e8res du programme pour lequel vous appliquez. Les revenus indiquent d&#8217;o\u00f9 les fonds vont provenir. Certains fonds&#8211;peut-\u00eatre l&#8217;int\u00e9gralit\u00e9 du financement&#8211;proviendront d&#8217;artsnb.<\/p>\n\n\n\n<figure class=\"wp-block-image\"><img loading=\"lazy\" decoding=\"async\" width=\"672\" height=\"384\" src=\"https:\/\/artsnb.ca\/web\/wp-content\/uploads\/2019\/12\/Slide12.png\" alt=\"\" class=\"wp-image-5109\" srcset=\"https:\/\/artsnb.ca\/web\/wp-content\/uploads\/2019\/12\/Slide12.png 672w, https:\/\/artsnb.ca\/web\/wp-content\/uploads\/2019\/12\/Slide12-300x171.png 300w, https:\/\/artsnb.ca\/web\/wp-content\/uploads\/2019\/12\/Slide12-237x135.png 237w\" sizes=\"auto, (max-width: 672px) 100vw, 672px\" \/><\/figure>\n\n\n\n<p>3.\u00a0Quand les d\u00e9penses et les revenus sont calcul\u00e9s s\u00e9par\u00e9ment, les totaux doivent \u00eatre \u00e9gaux\u00a0afin que le budget soit \u00e9quilibr\u00e9. De cette fa\u00e7on, le budget\u00a0indique pr\u00e9cis\u00e9ment combien il en co\u00fbtera pour ex\u00e9cuter le projet et comment les co\u00fbts seront couverts.<\/p>\n\n\n\n<figure class=\"wp-block-image\"><img loading=\"lazy\" decoding=\"async\" width=\"672\" height=\"384\" src=\"https:\/\/artsnb.ca\/web\/wp-content\/uploads\/2019\/12\/Slide13.png\" alt=\"\" class=\"wp-image-5111\" srcset=\"https:\/\/artsnb.ca\/web\/wp-content\/uploads\/2019\/12\/Slide13.png 672w, https:\/\/artsnb.ca\/web\/wp-content\/uploads\/2019\/12\/Slide13-300x171.png 300w, https:\/\/artsnb.ca\/web\/wp-content\/uploads\/2019\/12\/Slide13-237x135.png 237w\" sizes=\"auto, (max-width: 672px) 100vw, 672px\" \/><\/figure>\n\n\n\n<p>4.\u00a0Les d\u00e9penses admissibles varient d&#8217;un programme \u00e0 l&#8217;autre; consultez la documentation sur le site web d&#8217;artsnb afin de d\u00e9terminer ce que vous pouvez r\u00e9clamer comme d\u00e9penses. Beaucoup de programmes vous permettent de r\u00e9clamer un certain montant pour couvrir vos frais de subsistance durant le projet. Ceux-ci incluent loyer et nourriture lorsque vous demeurez \u00e0 la maison, ou encore les frais d&#8217;h\u00e9bergement si vous habitez loin de chez vous lors du projet.<\/p>\n\n\n\n<figure class=\"wp-block-image\"><img loading=\"lazy\" decoding=\"async\" width=\"672\" height=\"384\" src=\"https:\/\/artsnb.ca\/web\/wp-content\/uploads\/2019\/12\/Slide14.png\" alt=\"\" class=\"wp-image-5113\" srcset=\"https:\/\/artsnb.ca\/web\/wp-content\/uploads\/2019\/12\/Slide14.png 672w, https:\/\/artsnb.ca\/web\/wp-content\/uploads\/2019\/12\/Slide14-300x171.png 300w, https:\/\/artsnb.ca\/web\/wp-content\/uploads\/2019\/12\/Slide14-237x135.png 237w\" sizes=\"auto, (max-width: 672px) 100vw, 672px\" \/><\/figure>\n\n\n\n<p>5. La source principale de financement pour votre projet proviendra souvent d&#8217;une\u00a0subvention d&#8217;artsnb. Cependant, si les d\u00e9penses exc\u00e8dent le montant re\u00e7u d&#8217;artsnb, il vous faudra alors trouver d&#8217;autres fonds pour couvrir ces d\u00e9penses et balancer le budget. Le financement suppl\u00e9mentaire peut provenir d&#8217;autres sources, incluant les contributions personnelles ou de partenaires, ou d&#8217;autres organismes de soutien comme le Conseil des Arts du Canada.<\/p>\n\n\n\n<figure class=\"wp-block-image\"><img loading=\"lazy\" decoding=\"async\" width=\"672\" height=\"384\" src=\"https:\/\/artsnb.ca\/web\/wp-content\/uploads\/2019\/12\/Slide15.png\" alt=\"\" class=\"wp-image-5119\" srcset=\"https:\/\/artsnb.ca\/web\/wp-content\/uploads\/2019\/12\/Slide15.png 672w, https:\/\/artsnb.ca\/web\/wp-content\/uploads\/2019\/12\/Slide15-300x171.png 300w, https:\/\/artsnb.ca\/web\/wp-content\/uploads\/2019\/12\/Slide15-237x135.png 237w\" sizes=\"auto, (max-width: 672px) 100vw, 672px\" \/><\/figure>\n\n\n\n<h2 class=\"wp-block-heading\">Quelques sc\u00e9narios courants<\/h2>\n\n\n\n<p>Voici quelques sc\u00e9narios qui se pr\u00e9sentent souvent dans les demandes que nous recevons. Un de ceux-ci pourrait correspondre \u00e0 votre propre situation.&nbsp;Notez qu&#8217;un budget non-balanc\u00e9, n\u00e9buleux ou mal pr\u00e9sent\u00e9 est l&#8217;une des raisons principales pour laquelle les demandes sont rejet\u00e9es. Il est donc important de pr\u00e9senter un budget clair, coh\u00e9rent, et en accord avec la description de votre projet.<\/p>\n\n\n\n<p>6. Vous avez besoin de moins que le maximum allou\u00e9 par artsnb pour le programme auquel vous appliquez. Certains programmes, comme &#8216;Art-sur-invitation&#8217;, n&#8217;admettent que certains types de d\u00e9penses (transport et h\u00e9bergement), ce qui veut dire que lorsque toutes les d\u00e9penses sont comptabilis\u00e9es, le total est parfois moindre que le maximum allou\u00e9 par artsnb.<\/p>\n\n\n\n<figure class=\"wp-block-image\"><img loading=\"lazy\" decoding=\"async\" width=\"672\" height=\"384\" src=\"https:\/\/artsnb.ca\/web\/wp-content\/uploads\/2019\/12\/Slide16.png\" alt=\"\" class=\"wp-image-5123\" srcset=\"https:\/\/artsnb.ca\/web\/wp-content\/uploads\/2019\/12\/Slide16.png 672w, https:\/\/artsnb.ca\/web\/wp-content\/uploads\/2019\/12\/Slide16-300x171.png 300w, https:\/\/artsnb.ca\/web\/wp-content\/uploads\/2019\/12\/Slide16-237x135.png 237w\" sizes=\"auto, (max-width: 672px) 100vw, 672px\" \/><\/figure>\n\n\n\n<p>7. Votre projet requiert beaucoup plus de financement que le maximum allou\u00e9 par artsnb pour le programme auquel vous appliquez.\u00a0M\u00eame si vous n&#8217;avez pas besoin d&#8217;\u00e9num\u00e9rer toutes les d\u00e9penses associ\u00e9es \u00e0 votre projet&#8211;surtout si elles exc\u00e8dent de beaucoup le maximum allou\u00e9 par artsnb&#8211;il se pourrait que dans certains cas, vous d\u00e9siriez le faire de toute fa\u00e7on. Si c&#8217;est le cas, assurez vous que votre budget\u00a0soit clair et facile \u00e0 comprendre, et que les grosses d\u00e9penses soient d\u00e9crites avec assez de d\u00e9tails pour en permettre une \u00e9valuation ad\u00e9quate. Par exemple, si vous r\u00e9clamez des milliers de dollars en mat\u00e9riaux et services, vous devriez les d\u00e9tailler bri\u00e8vement.\u00a0Si votre budget est \u00e9labor\u00e9, vous pouvez le pr\u00e9senter sur une page s\u00e9par\u00e9e.<\/p>\n\n\n\n<figure class=\"wp-block-image\"><img loading=\"lazy\" decoding=\"async\" width=\"672\" height=\"384\" src=\"https:\/\/artsnb.ca\/web\/wp-content\/uploads\/2019\/12\/Slide17.png\" alt=\"\" class=\"wp-image-5125\" srcset=\"https:\/\/artsnb.ca\/web\/wp-content\/uploads\/2019\/12\/Slide17.png 672w, https:\/\/artsnb.ca\/web\/wp-content\/uploads\/2019\/12\/Slide17-300x171.png 300w, https:\/\/artsnb.ca\/web\/wp-content\/uploads\/2019\/12\/Slide17-237x135.png 237w\" sizes=\"auto, (max-width: 672px) 100vw, 672px\" \/><\/figure>\n\n\n\n<p>8.\u00a0Certaines d\u00e9penses sont couvertes par une tierce partie, mais vous d\u00e9sirez tout de m\u00eame reconna\u00eetre leur contribution dans la pr\u00e9sentation de votre budget.\u00a0Vos partenaires et commanditaires peuvent parfois contribuer \u00e0 votre projet en vous \u00a0fournissant sans frais de l&#8217;espace, des mat\u00e9riaux ou des services. Vous pouvez d\u00e9clarer de telles contributions dans votre budget en ins\u00e9rant le montant estim\u00e9 dans la colonne de gauche comme d\u00e9pense et aussi comme revenu sous forme de contribution en nature dans la colonne \u00e0 droite. Assurez-vous cependant de noter clairement ces contributions de sorte qu&#8217;elles soient bien comprises par le jury.<\/p>\n\n\n\n<figure class=\"wp-block-image\"><img loading=\"lazy\" decoding=\"async\" width=\"672\" height=\"384\" src=\"https:\/\/artsnb.ca\/web\/wp-content\/uploads\/2019\/12\/Slide18.png\" alt=\"\" class=\"wp-image-5127\" srcset=\"https:\/\/artsnb.ca\/web\/wp-content\/uploads\/2019\/12\/Slide18.png 672w, https:\/\/artsnb.ca\/web\/wp-content\/uploads\/2019\/12\/Slide18-300x171.png 300w, https:\/\/artsnb.ca\/web\/wp-content\/uploads\/2019\/12\/Slide18-237x135.png 237w\" sizes=\"auto, (max-width: 672px) 100vw, 672px\" \/><\/figure>\n\n\n\n<p>9.\u00a0Certaines de vos d\u00e9penses exc\u00e8dent le maximum permis pour une cat\u00e9gorie donn\u00e9e. La plupart des programmes d&#8217;artsnb ont un montant disponible\u00a0maximum par cat\u00e9gorie de d\u00e9penses. Par exemple, dans certains cas une\u00a0subvention quelconque peut avoir une limite globale de $5,000, mais pas plus de $1,000 ne peut \u00eatre octroy\u00e9 pour couvrir les frais de transport. Vous devez donc porter attention \u00e0 ces d\u00e9tails et vous assurer que votre budget refl\u00e8te et respecte ces limites.<\/p>\n\n\n\n<figure class=\"wp-block-image\"><img loading=\"lazy\" decoding=\"async\" width=\"672\" height=\"384\" src=\"https:\/\/artsnb.ca\/web\/wp-content\/uploads\/2019\/12\/Slide19.png\" alt=\"\" class=\"wp-image-5129\" srcset=\"https:\/\/artsnb.ca\/web\/wp-content\/uploads\/2019\/12\/Slide19.png 672w, https:\/\/artsnb.ca\/web\/wp-content\/uploads\/2019\/12\/Slide19-300x171.png 300w, https:\/\/artsnb.ca\/web\/wp-content\/uploads\/2019\/12\/Slide19-237x135.png 237w\" sizes=\"auto, (max-width: 672px) 100vw, 672px\" \/><\/figure>\n","protected":false},"excerpt":{"rendered":"<p>Les bases 1.\u00a0Le formulaire pour le budget varie d&#8217;un programme \u00e0 l&#8217;autre, mais les bases sont les m\u00eames: les d\u00e9penses sont \u00e9num\u00e9r\u00e9es dans la colonne de gauche, les revenus le sont dans la colonne de droite, et le total de chaque colonne doit \u00eatre le m\u00eame de fa\u00e7on \u00e0 ce que le budget soit \u00e9quilibr\u00e9.<\/p>\n","protected":false},"author":1,"featured_media":0,"parent":5013,"menu_order":0,"comment_status":"closed","ping_status":"closed","template":"page-templates\/resources-page.php","meta":{"_acf_changed":false,"footnotes":""},"class_list":["post-5094","page","type-page","status-publish","hentry"],"acf":[],"yoast_head":"<!-- This site is optimized with the Yoast SEO plugin v27.3 - https:\/\/yoast.com\/product\/yoast-seo-wordpress\/ -->\n<title>Conseils pour les budgets - ArtsNB<\/title>\n<meta name=\"robots\" content=\"index, follow, max-snippet:-1, max-image-preview:large, max-video-preview:-1\" \/>\n<link rel=\"canonical\" href=\"https:\/\/artsnb.ca\/web\/resources\/trousse\/conseils-pour-les-budgets\/\" \/>\n<meta property=\"og:locale\" content=\"en_US\" \/>\n<meta property=\"og:type\" content=\"article\" \/>\n<meta property=\"og:title\" content=\"Conseils pour les budgets - ArtsNB\" \/>\n<meta property=\"og:description\" content=\"Les bases 1.\u00a0Le formulaire pour le budget varie d&#8217;un programme \u00e0 l&#8217;autre, mais les bases sont les m\u00eames: les d\u00e9penses sont \u00e9num\u00e9r\u00e9es dans la colonne de gauche, les revenus le sont dans la colonne de droite, et le total de chaque colonne doit \u00eatre le m\u00eame de fa\u00e7on \u00e0 ce que le budget soit \u00e9quilibr\u00e9.\" \/>\n<meta property=\"og:url\" content=\"https:\/\/artsnb.ca\/web\/resources\/trousse\/conseils-pour-les-budgets\/?lang=fr\" \/>\n<meta property=\"og:site_name\" content=\"ArtsNB\" \/>\n<meta property=\"article:publisher\" content=\"https:\/\/www.facebook.com\/artsnb\/\" \/>\n<meta property=\"article:modified_time\" content=\"2019-12-18T20:32:16+00:00\" \/>\n<meta property=\"og:image\" content=\"https:\/\/artsnb.ca\/web\/wp-content\/uploads\/2019\/12\/Slide11.png\" \/>\n<meta name=\"twitter:card\" content=\"summary_large_image\" \/>\n<meta name=\"twitter:site\" content=\"@artsnb\" \/>\n<meta name=\"twitter:label1\" content=\"Est. reading time\" \/>\n\t<meta name=\"twitter:data1\" content=\"4 minutes\" \/>\n<script type=\"application\/ld+json\" class=\"yoast-schema-graph\">{\"@context\":\"https:\\\/\\\/schema.org\",\"@graph\":[{\"@type\":\"WebPage\",\"@id\":\"https:\\\/\\\/artsnb.ca\\\/web\\\/resources\\\/trousse\\\/conseils-pour-les-budgets\\\/?lang=fr\",\"url\":\"https:\\\/\\\/artsnb.ca\\\/web\\\/resources\\\/trousse\\\/conseils-pour-les-budgets\\\/?lang=fr\",\"name\":\"Conseils pour les budgets - ArtsNB\",\"isPartOf\":{\"@id\":\"https:\\\/\\\/artsnb.ca\\\/web\\\/#website\"},\"primaryImageOfPage\":{\"@id\":\"https:\\\/\\\/artsnb.ca\\\/web\\\/resources\\\/trousse\\\/conseils-pour-les-budgets\\\/?lang=fr#primaryimage\"},\"image\":{\"@id\":\"https:\\\/\\\/artsnb.ca\\\/web\\\/resources\\\/trousse\\\/conseils-pour-les-budgets\\\/?lang=fr#primaryimage\"},\"thumbnailUrl\":\"https:\\\/\\\/artsnb.ca\\\/web\\\/wp-content\\\/uploads\\\/2019\\\/12\\\/Slide11.png\",\"datePublished\":\"2019-12-18T20:23:15+00:00\",\"dateModified\":\"2019-12-18T20:32:16+00:00\",\"breadcrumb\":{\"@id\":\"https:\\\/\\\/artsnb.ca\\\/web\\\/resources\\\/trousse\\\/conseils-pour-les-budgets\\\/?lang=fr#breadcrumb\"},\"inLanguage\":\"en-US\",\"potentialAction\":[{\"@type\":\"ReadAction\",\"target\":[\"https:\\\/\\\/artsnb.ca\\\/web\\\/resources\\\/trousse\\\/conseils-pour-les-budgets\\\/?lang=fr\"]}]},{\"@type\":\"ImageObject\",\"inLanguage\":\"en-US\",\"@id\":\"https:\\\/\\\/artsnb.ca\\\/web\\\/resources\\\/trousse\\\/conseils-pour-les-budgets\\\/?lang=fr#primaryimage\",\"url\":\"https:\\\/\\\/artsnb.ca\\\/web\\\/wp-content\\\/uploads\\\/2019\\\/12\\\/Slide11.png\",\"contentUrl\":\"https:\\\/\\\/artsnb.ca\\\/web\\\/wp-content\\\/uploads\\\/2019\\\/12\\\/Slide11.png\",\"width\":672,\"height\":384},{\"@type\":\"BreadcrumbList\",\"@id\":\"https:\\\/\\\/artsnb.ca\\\/web\\\/resources\\\/trousse\\\/conseils-pour-les-budgets\\\/?lang=fr#breadcrumb\",\"itemListElement\":[{\"@type\":\"ListItem\",\"position\":1,\"name\":\"Home\",\"item\":\"https:\\\/\\\/artsnb.ca\\\/web\\\/\"},{\"@type\":\"ListItem\",\"position\":2,\"name\":\"Resources\",\"item\":\"https:\\\/\\\/artsnb.ca\\\/web\\\/resources\\\/\"},{\"@type\":\"ListItem\",\"position\":3,\"name\":\"Trousse\",\"item\":\"https:\\\/\\\/artsnb.ca\\\/web\\\/resources\\\/trousse\\\/\"},{\"@type\":\"ListItem\",\"position\":4,\"name\":\"Conseils pour les budgets\"}]},{\"@type\":\"WebSite\",\"@id\":\"https:\\\/\\\/artsnb.ca\\\/web\\\/#website\",\"url\":\"https:\\\/\\\/artsnb.ca\\\/web\\\/\",\"name\":\"ArtsNB\",\"description\":\"EXCELLENCE. PROFESSIONALISM. INNOVATION.\",\"publisher\":{\"@id\":\"https:\\\/\\\/artsnb.ca\\\/web\\\/#organization\"},\"potentialAction\":[{\"@type\":\"SearchAction\",\"target\":{\"@type\":\"EntryPoint\",\"urlTemplate\":\"https:\\\/\\\/artsnb.ca\\\/web\\\/?s={search_term_string}\"},\"query-input\":{\"@type\":\"PropertyValueSpecification\",\"valueRequired\":true,\"valueName\":\"search_term_string\"}}],\"inLanguage\":\"en-US\"},{\"@type\":\"Organization\",\"@id\":\"https:\\\/\\\/artsnb.ca\\\/web\\\/#organization\",\"name\":\"ArtsNB\",\"url\":\"https:\\\/\\\/artsnb.ca\\\/web\\\/\",\"logo\":{\"@type\":\"ImageObject\",\"inLanguage\":\"en-US\",\"@id\":\"https:\\\/\\\/artsnb.ca\\\/web\\\/#\\\/schema\\\/logo\\\/image\\\/\",\"url\":\"https:\\\/\\\/artsnb.ca\\\/web\\\/wp-content\\\/uploads\\\/2024\\\/04\\\/cropped-artsnb-PrimaryLogo-vertical-HiRes-2.jpg\",\"contentUrl\":\"https:\\\/\\\/artsnb.ca\\\/web\\\/wp-content\\\/uploads\\\/2024\\\/04\\\/cropped-artsnb-PrimaryLogo-vertical-HiRes-2.jpg\",\"width\":1698,\"height\":1223,\"caption\":\"ArtsNB\"},\"image\":{\"@id\":\"https:\\\/\\\/artsnb.ca\\\/web\\\/#\\\/schema\\\/logo\\\/image\\\/\"},\"sameAs\":[\"https:\\\/\\\/www.facebook.com\\\/artsnb\\\/\",\"https:\\\/\\\/x.com\\\/artsnb\",\"https:\\\/\\\/www.instagram.com\\\/artsnb\\\/\"]}]}<\/script>\n<!-- \/ Yoast SEO plugin. -->","yoast_head_json":{"title":"Conseils pour les budgets - ArtsNB","robots":{"index":"index","follow":"follow","max-snippet":"max-snippet:-1","max-image-preview":"max-image-preview:large","max-video-preview":"max-video-preview:-1"},"canonical":"https:\/\/artsnb.ca\/web\/resources\/trousse\/conseils-pour-les-budgets\/","og_locale":"en_US","og_type":"article","og_title":"Conseils pour les budgets - ArtsNB","og_description":"Les bases 1.\u00a0Le formulaire pour le budget varie d&#8217;un programme \u00e0 l&#8217;autre, mais les bases sont les m\u00eames: les d\u00e9penses sont \u00e9num\u00e9r\u00e9es dans la colonne de gauche, les revenus le sont dans la colonne de droite, et le total de chaque colonne doit \u00eatre le m\u00eame de fa\u00e7on \u00e0 ce que le budget soit \u00e9quilibr\u00e9.","og_url":"https:\/\/artsnb.ca\/web\/resources\/trousse\/conseils-pour-les-budgets\/?lang=fr","og_site_name":"ArtsNB","article_publisher":"https:\/\/www.facebook.com\/artsnb\/","article_modified_time":"2019-12-18T20:32:16+00:00","og_image":[{"url":"https:\/\/artsnb.ca\/web\/wp-content\/uploads\/2019\/12\/Slide11.png","type":"","width":"","height":""}],"twitter_card":"summary_large_image","twitter_site":"@artsnb","twitter_misc":{"Est. reading time":"4 minutes"},"schema":{"@context":"https:\/\/schema.org","@graph":[{"@type":"WebPage","@id":"https:\/\/artsnb.ca\/web\/resources\/trousse\/conseils-pour-les-budgets\/?lang=fr","url":"https:\/\/artsnb.ca\/web\/resources\/trousse\/conseils-pour-les-budgets\/?lang=fr","name":"Conseils pour les budgets - ArtsNB","isPartOf":{"@id":"https:\/\/artsnb.ca\/web\/#website"},"primaryImageOfPage":{"@id":"https:\/\/artsnb.ca\/web\/resources\/trousse\/conseils-pour-les-budgets\/?lang=fr#primaryimage"},"image":{"@id":"https:\/\/artsnb.ca\/web\/resources\/trousse\/conseils-pour-les-budgets\/?lang=fr#primaryimage"},"thumbnailUrl":"https:\/\/artsnb.ca\/web\/wp-content\/uploads\/2019\/12\/Slide11.png","datePublished":"2019-12-18T20:23:15+00:00","dateModified":"2019-12-18T20:32:16+00:00","breadcrumb":{"@id":"https:\/\/artsnb.ca\/web\/resources\/trousse\/conseils-pour-les-budgets\/?lang=fr#breadcrumb"},"inLanguage":"en-US","potentialAction":[{"@type":"ReadAction","target":["https:\/\/artsnb.ca\/web\/resources\/trousse\/conseils-pour-les-budgets\/?lang=fr"]}]},{"@type":"ImageObject","inLanguage":"en-US","@id":"https:\/\/artsnb.ca\/web\/resources\/trousse\/conseils-pour-les-budgets\/?lang=fr#primaryimage","url":"https:\/\/artsnb.ca\/web\/wp-content\/uploads\/2019\/12\/Slide11.png","contentUrl":"https:\/\/artsnb.ca\/web\/wp-content\/uploads\/2019\/12\/Slide11.png","width":672,"height":384},{"@type":"BreadcrumbList","@id":"https:\/\/artsnb.ca\/web\/resources\/trousse\/conseils-pour-les-budgets\/?lang=fr#breadcrumb","itemListElement":[{"@type":"ListItem","position":1,"name":"Home","item":"https:\/\/artsnb.ca\/web\/"},{"@type":"ListItem","position":2,"name":"Resources","item":"https:\/\/artsnb.ca\/web\/resources\/"},{"@type":"ListItem","position":3,"name":"Trousse","item":"https:\/\/artsnb.ca\/web\/resources\/trousse\/"},{"@type":"ListItem","position":4,"name":"Conseils pour les budgets"}]},{"@type":"WebSite","@id":"https:\/\/artsnb.ca\/web\/#website","url":"https:\/\/artsnb.ca\/web\/","name":"ArtsNB","description":"EXCELLENCE. PROFESSIONALISM. INNOVATION.","publisher":{"@id":"https:\/\/artsnb.ca\/web\/#organization"},"potentialAction":[{"@type":"SearchAction","target":{"@type":"EntryPoint","urlTemplate":"https:\/\/artsnb.ca\/web\/?s={search_term_string}"},"query-input":{"@type":"PropertyValueSpecification","valueRequired":true,"valueName":"search_term_string"}}],"inLanguage":"en-US"},{"@type":"Organization","@id":"https:\/\/artsnb.ca\/web\/#organization","name":"ArtsNB","url":"https:\/\/artsnb.ca\/web\/","logo":{"@type":"ImageObject","inLanguage":"en-US","@id":"https:\/\/artsnb.ca\/web\/#\/schema\/logo\/image\/","url":"https:\/\/artsnb.ca\/web\/wp-content\/uploads\/2024\/04\/cropped-artsnb-PrimaryLogo-vertical-HiRes-2.jpg","contentUrl":"https:\/\/artsnb.ca\/web\/wp-content\/uploads\/2024\/04\/cropped-artsnb-PrimaryLogo-vertical-HiRes-2.jpg","width":1698,"height":1223,"caption":"ArtsNB"},"image":{"@id":"https:\/\/artsnb.ca\/web\/#\/schema\/logo\/image\/"},"sameAs":["https:\/\/www.facebook.com\/artsnb\/","https:\/\/x.com\/artsnb","https:\/\/www.instagram.com\/artsnb\/"]}]}},"_links":{"self":[{"href":"https:\/\/artsnb.ca\/web\/wp-json\/wp\/v2\/pages\/5094","targetHints":{"allow":["GET"]}}],"collection":[{"href":"https:\/\/artsnb.ca\/web\/wp-json\/wp\/v2\/pages"}],"about":[{"href":"https:\/\/artsnb.ca\/web\/wp-json\/wp\/v2\/types\/page"}],"author":[{"embeddable":true,"href":"https:\/\/artsnb.ca\/web\/wp-json\/wp\/v2\/users\/1"}],"replies":[{"embeddable":true,"href":"https:\/\/artsnb.ca\/web\/wp-json\/wp\/v2\/comments?post=5094"}],"version-history":[{"count":16,"href":"https:\/\/artsnb.ca\/web\/wp-json\/wp\/v2\/pages\/5094\/revisions"}],"predecessor-version":[{"id":5131,"href":"https:\/\/artsnb.ca\/web\/wp-json\/wp\/v2\/pages\/5094\/revisions\/5131"}],"up":[{"embeddable":true,"href":"https:\/\/artsnb.ca\/web\/wp-json\/wp\/v2\/pages\/5013"}],"wp:attachment":[{"href":"https:\/\/artsnb.ca\/web\/wp-json\/wp\/v2\/media?parent=5094"}],"curies":[{"name":"wp","href":"https:\/\/api.w.org\/{rel}","templated":true}]}}