{"id":565,"date":"2019-07-30T00:08:42","date_gmt":"2019-07-30T00:08:42","guid":{"rendered":"https:\/\/staging-artsnb.weavercrawford.com\/initiatives\/indigenous-art-acquisition\/"},"modified":"2019-10-08T14:15:54","modified_gmt":"2019-10-08T14:15:54","slug":"indigenous-art-acquisition","status":"publish","type":"page","link":"https:\/\/artsnb.ca\/web\/initiatives\/indigenous-art-acquisition\/?lang=fr","title":{"rendered":"Acquisition d&#8217;art Autochtone"},"content":{"rendered":"\n<h2 class=\"wp-block-heading\">ACQUISITION D\u2019ART AUTOCHTONE<\/h2>\n\n\n\n<p>En 2017, artsnb a collabor\u00e9 avec le secr\u00e9tariat des Affaires autochtones et le minist\u00e8re du Tourisme, patrimoine et culture pour acqu\u00e9rir des \u0153uvres d\u2019art cr\u00e9\u00e9es par 18 artistes autochtones du Nouveau-Brunswick. Au total, 22 \u0153uvres ont \u00e9t\u00e9 s\u00e9lectionn\u00e9es par un jury de pairs autochtones et font maintenant partie de la Banque d\u2019\u0153uvres d\u2019art de la province. La collection a d\u2019abord \u00e9t\u00e9 expos\u00e9e \u00e0 la R\u00e9sidence du gouverneur, et ensuite, dans plusieurs sites \u00e0 travers le Nouveau-Brunswick au cours de la premi\u00e8re ann\u00e9e suivant l\u2019acquisition.<\/p>\n\n\n\n<p>Pour plus de renseignements et pour visionner le catalogue en ligne, <a aria-label=\"cliquez ici (opens in a new tab)\" href=\"https:\/\/www2.gnb.ca\/content\/gnb\/fr\/ministeres\/tpc\/culture\/content\/BanquedoeuvresdartduNouveau-Brunswick.html\" target=\"_blank\" rel=\"noreferrer noopener\">cliquez ici<\/a>.<\/p>\n\n\n\n<h2 class=\"wp-block-heading\">Les noms des artistes s\u00e9lectionn\u00e9s sont :<\/h2>\n\n\n\n<div class=\"wp-block-media-text alignwide has-media-on-the-right\" style=\"grid-template-columns:auto 65%\"><figure class=\"wp-block-media-text__media\"><img loading=\"lazy\" decoding=\"async\" width=\"959\" height=\"864\" src=\"https:\/\/artsnb.ca\/web\/wp-content\/uploads\/2019\/10\/OeuvresAutochtonesNBAboriginalArtAcquisitions-1.jpg\" alt=\"\" class=\"wp-image-4200\" srcset=\"https:\/\/artsnb.ca\/web\/wp-content\/uploads\/2019\/10\/OeuvresAutochtonesNBAboriginalArtAcquisitions-1.jpg 959w, https:\/\/artsnb.ca\/web\/wp-content\/uploads\/2019\/10\/OeuvresAutochtonesNBAboriginalArtAcquisitions-1-300x270.jpg 300w, https:\/\/artsnb.ca\/web\/wp-content\/uploads\/2019\/10\/OeuvresAutochtonesNBAboriginalArtAcquisitions-1-768x692.jpg 768w\" sizes=\"auto, (max-width: 959px) 100vw, 959px\" \/><\/figure><div class=\"wp-block-media-text__content\">\n<ul class=\"wp-block-list\"><li>Tara Audibert (Tobique)<\/li><li>Edward (Ned) Bear (St Mary\u2019s)<\/li><li>Angela Beek (St. Mary\u2019s)<\/li><li>Kim and G. Wayne Brooks (St. Mary\u2019s)<\/li><li>Francine Francis (Metepenagiag)<\/li><li>Tim Hogan (Oromocto)<\/li><li>Liz Kain (Woodstock)<\/li><li>Belinda Levi (Elsipoqtoq)<\/li><li>Mary Mersereau (St. Mary\u2019s)<\/li><li>Cindy Narvey (Kingsclear)<\/li><li>James Narvey (Kingsclear)<\/li><li>Austin Paul (Kingsclear)<\/li><li>Sarah Sacobie (Kingsclear)<\/li><li>Vienna Sanipass (Elsipoqtoq)<\/li><li>Lois Solomon (Kingsclear)<\/li><li>Sgoagani Wecenispon (Esgenoopetitj)<\/li><li>Pauline Young (Metepenagiag)<\/li><\/ul>\n<\/div><\/div>\n","protected":false},"excerpt":{"rendered":"<p>ACQUISITION D\u2019ART AUTOCHTONE En 2017, artsnb a collabor\u00e9 avec le secr\u00e9tariat des Affaires autochtones et le minist\u00e8re du Tourisme, patrimoine et culture pour acqu\u00e9rir des \u0153uvres d\u2019art cr\u00e9\u00e9es par 18 artistes autochtones du Nouveau-Brunswick. Au total, 22 \u0153uvres ont \u00e9t\u00e9 s\u00e9lectionn\u00e9es par un jury de pairs autochtones et font maintenant partie de la Banque d\u2019\u0153uvres<\/p>\n","protected":false},"author":2,"featured_media":0,"parent":562,"menu_order":0,"comment_status":"closed","ping_status":"closed","template":"page-templates\/initiatives-page.php","meta":{"_acf_changed":false,"footnotes":""},"class_list":["post-565","page","type-page","status-publish","hentry"],"acf":[],"yoast_head":"<!-- This site is optimized with the Yoast SEO plugin v27.5 - https:\/\/yoast.com\/product\/yoast-seo-wordpress\/ -->\n<title>Acquisition d&#039;art Autochtone - ArtsNB<\/title>\n<meta name=\"robots\" content=\"index, follow, max-snippet:-1, max-image-preview:large, max-video-preview:-1\" \/>\n<link rel=\"canonical\" href=\"https:\/\/artsnb.ca\/web\/initiatives\/indigenous-art-acquisition\/\" \/>\n<meta property=\"og:locale\" content=\"en_US\" \/>\n<meta property=\"og:type\" content=\"article\" \/>\n<meta property=\"og:title\" content=\"Acquisition d&#039;art Autochtone - ArtsNB\" \/>\n<meta property=\"og:description\" content=\"ACQUISITION D\u2019ART AUTOCHTONE En 2017, artsnb a collabor\u00e9 avec le secr\u00e9tariat des Affaires autochtones et le minist\u00e8re du Tourisme, patrimoine et culture pour acqu\u00e9rir des \u0153uvres d\u2019art cr\u00e9\u00e9es par 18 artistes autochtones du Nouveau-Brunswick. Au total, 22 \u0153uvres ont \u00e9t\u00e9 s\u00e9lectionn\u00e9es par un jury de pairs autochtones et font maintenant partie de la Banque d\u2019\u0153uvres\" \/>\n<meta property=\"og:url\" content=\"https:\/\/artsnb.ca\/web\/initiatives\/indigenous-art-acquisition\/?lang=fr\" \/>\n<meta property=\"og:site_name\" content=\"ArtsNB\" \/>\n<meta property=\"article:publisher\" content=\"https:\/\/www.facebook.com\/artsnb\/\" \/>\n<meta property=\"article:modified_time\" content=\"2019-10-08T14:15:54+00:00\" \/>\n<meta property=\"og:image\" content=\"https:\/\/artsnb.ca\/web\/wp-content\/uploads\/2019\/10\/OeuvresAutochtonesNBAboriginalArtAcquisitions-1.jpg\" \/>\n<meta name=\"twitter:card\" content=\"summary_large_image\" \/>\n<meta name=\"twitter:site\" content=\"@artsnb\" \/>\n<meta name=\"twitter:label1\" content=\"Est. reading time\" \/>\n\t<meta name=\"twitter:data1\" content=\"1 minute\" \/>\n<script type=\"application\/ld+json\" class=\"yoast-schema-graph\">{\"@context\":\"https:\\\/\\\/schema.org\",\"@graph\":[{\"@type\":\"WebPage\",\"@id\":\"https:\\\/\\\/artsnb.ca\\\/web\\\/initiatives\\\/indigenous-art-acquisition\\\/?lang=fr\",\"url\":\"https:\\\/\\\/artsnb.ca\\\/web\\\/initiatives\\\/indigenous-art-acquisition\\\/?lang=fr\",\"name\":\"Acquisition d'art Autochtone - ArtsNB\",\"isPartOf\":{\"@id\":\"https:\\\/\\\/artsnb.ca\\\/web\\\/#website\"},\"primaryImageOfPage\":{\"@id\":\"https:\\\/\\\/artsnb.ca\\\/web\\\/initiatives\\\/indigenous-art-acquisition\\\/?lang=fr#primaryimage\"},\"image\":{\"@id\":\"https:\\\/\\\/artsnb.ca\\\/web\\\/initiatives\\\/indigenous-art-acquisition\\\/?lang=fr#primaryimage\"},\"thumbnailUrl\":\"https:\\\/\\\/artsnb.ca\\\/web\\\/wp-content\\\/uploads\\\/2019\\\/10\\\/OeuvresAutochtonesNBAboriginalArtAcquisitions-1.jpg\",\"datePublished\":\"2019-07-30T00:08:42+00:00\",\"dateModified\":\"2019-10-08T14:15:54+00:00\",\"breadcrumb\":{\"@id\":\"https:\\\/\\\/artsnb.ca\\\/web\\\/initiatives\\\/indigenous-art-acquisition\\\/?lang=fr#breadcrumb\"},\"inLanguage\":\"en-US\",\"potentialAction\":[{\"@type\":\"ReadAction\",\"target\":[\"https:\\\/\\\/artsnb.ca\\\/web\\\/initiatives\\\/indigenous-art-acquisition\\\/?lang=fr\"]}]},{\"@type\":\"ImageObject\",\"inLanguage\":\"en-US\",\"@id\":\"https:\\\/\\\/artsnb.ca\\\/web\\\/initiatives\\\/indigenous-art-acquisition\\\/?lang=fr#primaryimage\",\"url\":\"https:\\\/\\\/artsnb.ca\\\/web\\\/wp-content\\\/uploads\\\/2019\\\/10\\\/OeuvresAutochtonesNBAboriginalArtAcquisitions-1.jpg\",\"contentUrl\":\"https:\\\/\\\/artsnb.ca\\\/web\\\/wp-content\\\/uploads\\\/2019\\\/10\\\/OeuvresAutochtonesNBAboriginalArtAcquisitions-1.jpg\",\"width\":959,\"height\":864},{\"@type\":\"BreadcrumbList\",\"@id\":\"https:\\\/\\\/artsnb.ca\\\/web\\\/initiatives\\\/indigenous-art-acquisition\\\/?lang=fr#breadcrumb\",\"itemListElement\":[{\"@type\":\"ListItem\",\"position\":1,\"name\":\"Home\",\"item\":\"https:\\\/\\\/artsnb.ca\\\/web\\\/\"},{\"@type\":\"ListItem\",\"position\":2,\"name\":\"Initiatives\",\"item\":\"https:\\\/\\\/artsnb.ca\\\/web\\\/initiatives\\\/\"},{\"@type\":\"ListItem\",\"position\":3,\"name\":\"Acquisition d&rsquo;art Autochtone\"}]},{\"@type\":\"WebSite\",\"@id\":\"https:\\\/\\\/artsnb.ca\\\/web\\\/#website\",\"url\":\"https:\\\/\\\/artsnb.ca\\\/web\\\/\",\"name\":\"ArtsNB\",\"description\":\"EXCELLENCE. PROFESSIONALISM. INNOVATION.\",\"publisher\":{\"@id\":\"https:\\\/\\\/artsnb.ca\\\/web\\\/#organization\"},\"potentialAction\":[{\"@type\":\"SearchAction\",\"target\":{\"@type\":\"EntryPoint\",\"urlTemplate\":\"https:\\\/\\\/artsnb.ca\\\/web\\\/?s={search_term_string}\"},\"query-input\":{\"@type\":\"PropertyValueSpecification\",\"valueRequired\":true,\"valueName\":\"search_term_string\"}}],\"inLanguage\":\"en-US\"},{\"@type\":\"Organization\",\"@id\":\"https:\\\/\\\/artsnb.ca\\\/web\\\/#organization\",\"name\":\"ArtsNB\",\"url\":\"https:\\\/\\\/artsnb.ca\\\/web\\\/\",\"logo\":{\"@type\":\"ImageObject\",\"inLanguage\":\"en-US\",\"@id\":\"https:\\\/\\\/artsnb.ca\\\/web\\\/#\\\/schema\\\/logo\\\/image\\\/\",\"url\":\"https:\\\/\\\/artsnb.ca\\\/web\\\/wp-content\\\/uploads\\\/2024\\\/04\\\/cropped-artsnb-PrimaryLogo-vertical-HiRes-2.jpg\",\"contentUrl\":\"https:\\\/\\\/artsnb.ca\\\/web\\\/wp-content\\\/uploads\\\/2024\\\/04\\\/cropped-artsnb-PrimaryLogo-vertical-HiRes-2.jpg\",\"width\":1698,\"height\":1223,\"caption\":\"ArtsNB\"},\"image\":{\"@id\":\"https:\\\/\\\/artsnb.ca\\\/web\\\/#\\\/schema\\\/logo\\\/image\\\/\"},\"sameAs\":[\"https:\\\/\\\/www.facebook.com\\\/artsnb\\\/\",\"https:\\\/\\\/x.com\\\/artsnb\",\"https:\\\/\\\/www.instagram.com\\\/artsnb\\\/\"]}]}<\/script>\n<!-- \/ Yoast SEO plugin. -->","yoast_head_json":{"title":"Acquisition d'art Autochtone - ArtsNB","robots":{"index":"index","follow":"follow","max-snippet":"max-snippet:-1","max-image-preview":"max-image-preview:large","max-video-preview":"max-video-preview:-1"},"canonical":"https:\/\/artsnb.ca\/web\/initiatives\/indigenous-art-acquisition\/","og_locale":"en_US","og_type":"article","og_title":"Acquisition d'art Autochtone - ArtsNB","og_description":"ACQUISITION D\u2019ART AUTOCHTONE En 2017, artsnb a collabor\u00e9 avec le secr\u00e9tariat des Affaires autochtones et le minist\u00e8re du Tourisme, patrimoine et culture pour acqu\u00e9rir des \u0153uvres d\u2019art cr\u00e9\u00e9es par 18 artistes autochtones du Nouveau-Brunswick. Au total, 22 \u0153uvres ont \u00e9t\u00e9 s\u00e9lectionn\u00e9es par un jury de pairs autochtones et font maintenant partie de la Banque d\u2019\u0153uvres","og_url":"https:\/\/artsnb.ca\/web\/initiatives\/indigenous-art-acquisition\/?lang=fr","og_site_name":"ArtsNB","article_publisher":"https:\/\/www.facebook.com\/artsnb\/","article_modified_time":"2019-10-08T14:15:54+00:00","og_image":[{"url":"https:\/\/artsnb.ca\/web\/wp-content\/uploads\/2019\/10\/OeuvresAutochtonesNBAboriginalArtAcquisitions-1.jpg","type":"","width":"","height":""}],"twitter_card":"summary_large_image","twitter_site":"@artsnb","twitter_misc":{"Est. reading time":"1 minute"},"schema":{"@context":"https:\/\/schema.org","@graph":[{"@type":"WebPage","@id":"https:\/\/artsnb.ca\/web\/initiatives\/indigenous-art-acquisition\/?lang=fr","url":"https:\/\/artsnb.ca\/web\/initiatives\/indigenous-art-acquisition\/?lang=fr","name":"Acquisition d'art Autochtone - ArtsNB","isPartOf":{"@id":"https:\/\/artsnb.ca\/web\/#website"},"primaryImageOfPage":{"@id":"https:\/\/artsnb.ca\/web\/initiatives\/indigenous-art-acquisition\/?lang=fr#primaryimage"},"image":{"@id":"https:\/\/artsnb.ca\/web\/initiatives\/indigenous-art-acquisition\/?lang=fr#primaryimage"},"thumbnailUrl":"https:\/\/artsnb.ca\/web\/wp-content\/uploads\/2019\/10\/OeuvresAutochtonesNBAboriginalArtAcquisitions-1.jpg","datePublished":"2019-07-30T00:08:42+00:00","dateModified":"2019-10-08T14:15:54+00:00","breadcrumb":{"@id":"https:\/\/artsnb.ca\/web\/initiatives\/indigenous-art-acquisition\/?lang=fr#breadcrumb"},"inLanguage":"en-US","potentialAction":[{"@type":"ReadAction","target":["https:\/\/artsnb.ca\/web\/initiatives\/indigenous-art-acquisition\/?lang=fr"]}]},{"@type":"ImageObject","inLanguage":"en-US","@id":"https:\/\/artsnb.ca\/web\/initiatives\/indigenous-art-acquisition\/?lang=fr#primaryimage","url":"https:\/\/artsnb.ca\/web\/wp-content\/uploads\/2019\/10\/OeuvresAutochtonesNBAboriginalArtAcquisitions-1.jpg","contentUrl":"https:\/\/artsnb.ca\/web\/wp-content\/uploads\/2019\/10\/OeuvresAutochtonesNBAboriginalArtAcquisitions-1.jpg","width":959,"height":864},{"@type":"BreadcrumbList","@id":"https:\/\/artsnb.ca\/web\/initiatives\/indigenous-art-acquisition\/?lang=fr#breadcrumb","itemListElement":[{"@type":"ListItem","position":1,"name":"Home","item":"https:\/\/artsnb.ca\/web\/"},{"@type":"ListItem","position":2,"name":"Initiatives","item":"https:\/\/artsnb.ca\/web\/initiatives\/"},{"@type":"ListItem","position":3,"name":"Acquisition d&rsquo;art Autochtone"}]},{"@type":"WebSite","@id":"https:\/\/artsnb.ca\/web\/#website","url":"https:\/\/artsnb.ca\/web\/","name":"ArtsNB","description":"EXCELLENCE. PROFESSIONALISM. INNOVATION.","publisher":{"@id":"https:\/\/artsnb.ca\/web\/#organization"},"potentialAction":[{"@type":"SearchAction","target":{"@type":"EntryPoint","urlTemplate":"https:\/\/artsnb.ca\/web\/?s={search_term_string}"},"query-input":{"@type":"PropertyValueSpecification","valueRequired":true,"valueName":"search_term_string"}}],"inLanguage":"en-US"},{"@type":"Organization","@id":"https:\/\/artsnb.ca\/web\/#organization","name":"ArtsNB","url":"https:\/\/artsnb.ca\/web\/","logo":{"@type":"ImageObject","inLanguage":"en-US","@id":"https:\/\/artsnb.ca\/web\/#\/schema\/logo\/image\/","url":"https:\/\/artsnb.ca\/web\/wp-content\/uploads\/2024\/04\/cropped-artsnb-PrimaryLogo-vertical-HiRes-2.jpg","contentUrl":"https:\/\/artsnb.ca\/web\/wp-content\/uploads\/2024\/04\/cropped-artsnb-PrimaryLogo-vertical-HiRes-2.jpg","width":1698,"height":1223,"caption":"ArtsNB"},"image":{"@id":"https:\/\/artsnb.ca\/web\/#\/schema\/logo\/image\/"},"sameAs":["https:\/\/www.facebook.com\/artsnb\/","https:\/\/x.com\/artsnb","https:\/\/www.instagram.com\/artsnb\/"]}]}},"_links":{"self":[{"href":"https:\/\/artsnb.ca\/web\/wp-json\/wp\/v2\/pages\/565","targetHints":{"allow":["GET"]}}],"collection":[{"href":"https:\/\/artsnb.ca\/web\/wp-json\/wp\/v2\/pages"}],"about":[{"href":"https:\/\/artsnb.ca\/web\/wp-json\/wp\/v2\/types\/page"}],"author":[{"embeddable":true,"href":"https:\/\/artsnb.ca\/web\/wp-json\/wp\/v2\/users\/2"}],"replies":[{"embeddable":true,"href":"https:\/\/artsnb.ca\/web\/wp-json\/wp\/v2\/comments?post=565"}],"version-history":[{"count":4,"href":"https:\/\/artsnb.ca\/web\/wp-json\/wp\/v2\/pages\/565\/revisions"}],"predecessor-version":[{"id":4204,"href":"https:\/\/artsnb.ca\/web\/wp-json\/wp\/v2\/pages\/565\/revisions\/4204"}],"up":[{"embeddable":true,"href":"https:\/\/artsnb.ca\/web\/wp-json\/wp\/v2\/pages\/562"}],"wp:attachment":[{"href":"https:\/\/artsnb.ca\/web\/wp-json\/wp\/v2\/media?parent=565"}],"curies":[{"name":"wp","href":"https:\/\/api.w.org\/{rel}","templated":true}]}}