{"id":567,"date":"2019-07-30T00:05:29","date_gmt":"2019-07-30T00:05:29","guid":{"rendered":"https:\/\/staging-artsnb.weavercrawford.com\/initiatives\/petapan\/"},"modified":"2022-07-26T17:41:37","modified_gmt":"2022-07-26T17:41:37","slug":"petapan","status":"publish","type":"page","link":"https:\/\/artsnb.ca\/web\/initiatives\/petapan\/?lang=fr","title":{"rendered":"Petapan"},"content":{"rendered":"\n<p>Petapan, signifiant \u2018Premi\u00e8res lueurs\u2019, est un symposium d\u2019art autochtone rassemblant \u00a0pr\u00e8s de 150 artistes et professionnels autochtones des provinces atlantiques \u00e0 tous les deux ou trois ans. Le premier symposium a eu lieu \u00e0 Millbrook (N.-\u00c9.) en 2014, le deuxi\u00e8me \u00e0 Dieppe (N.-B.) en 2016, le troisi\u00e8me \u00e0 St. John\u2019s (T.-N.-L.) en 2019, et le plus r\u00e9cent a eu lieu \u00e0 Fredericton en 2022.<strong>.<\/strong><\/p>\n\n\n\n<p>Petapan est le fruit d\u2019un partenariat entre les conseils des arts des provinces atlantiques, ainsi que du Conseil des arts du Canada et de Patrimoine canadien.\u00a0<\/p>\n\n\n\n<p><strong>Pour plus de renseignements, incluant les horaires, des photos et les rapports, <a aria-label=\"cliquez ici (opens in a new tab)\" href=\"https:\/\/firstlightsymposium.wordpress.com\/\" target=\"_blank\" rel=\"noreferrer noopener\">cliquez ici<\/a>.<\/strong><\/p>\n\n\n\n<p>Vous pouvez lire le rapport final du troisi\u00e8me symposium, tenu \u00e0 St-Jean (Terre-Neuve-et-Labrador) en juin 2019, <a href=\"https:\/\/firstlightsymposium.files.wordpress.com\/2014\/08\/petapanreport_2019_english_digital.pdf\">ici<\/a>. <br>Pour l&#8217;instant, le document est uniquement an anglais, la version fran\u00e7aise sera disponible en 2020-2021. <\/p>\n\n\n\n<figure class=\"wp-block-gallery aligncenter has-nested-images columns-3 wp-block-gallery-1 is-layout-flex wp-block-gallery-is-layout-flex\">\n<figure class=\"wp-block-image\"><img loading=\"lazy\" decoding=\"async\" width=\"1024\" height=\"333\" data-id=\"4176\" src=\"https:\/\/artsnb.ca\/web\/wp-content\/uploads\/2019\/10\/artsnb-logo-horizontal-1024x333.jpg\" alt=\"\" class=\"wp-image-4176\" srcset=\"https:\/\/artsnb.ca\/web\/wp-content\/uploads\/2019\/10\/artsnb-logo-horizontal-1024x333.jpg 1024w, https:\/\/artsnb.ca\/web\/wp-content\/uploads\/2019\/10\/artsnb-logo-horizontal-300x98.jpg 300w, https:\/\/artsnb.ca\/web\/wp-content\/uploads\/2019\/10\/artsnb-logo-horizontal-768x250.jpg 768w, https:\/\/artsnb.ca\/web\/wp-content\/uploads\/2019\/10\/artsnb-logo-horizontal.jpg 1724w\" sizes=\"auto, (max-width: 1024px) 100vw, 1024px\" \/><\/figure>\n\n\n\n<figure class=\"wp-block-image\"><img loading=\"lazy\" decoding=\"async\" width=\"577\" height=\"106\" data-id=\"4213\" src=\"https:\/\/artsnb.ca\/web\/wp-content\/uploads\/2019\/10\/CCA_RGB_colour_e-1.jpg\" alt=\"\" class=\"wp-image-4213\" srcset=\"https:\/\/artsnb.ca\/web\/wp-content\/uploads\/2019\/10\/CCA_RGB_colour_e-1.jpg 577w, https:\/\/artsnb.ca\/web\/wp-content\/uploads\/2019\/10\/CCA_RGB_colour_e-1-300x55.jpg 300w\" sizes=\"auto, (max-width: 577px) 100vw, 577px\" \/><\/figure>\n\n\n\n<figure class=\"wp-block-image\"><img loading=\"lazy\" decoding=\"async\" width=\"1024\" height=\"500\" data-id=\"4215\" src=\"https:\/\/artsnb.ca\/web\/wp-content\/uploads\/2019\/10\/1200px-New_Brunswick_Canada_Logo.svg1_-1024x500.png\" alt=\"\" class=\"wp-image-4215\" srcset=\"https:\/\/artsnb.ca\/web\/wp-content\/uploads\/2019\/10\/1200px-New_Brunswick_Canada_Logo.svg1_-1024x500.png 1024w, https:\/\/artsnb.ca\/web\/wp-content\/uploads\/2019\/10\/1200px-New_Brunswick_Canada_Logo.svg1_-300x147.png 300w, https:\/\/artsnb.ca\/web\/wp-content\/uploads\/2019\/10\/1200px-New_Brunswick_Canada_Logo.svg1_-768x375.png 768w, https:\/\/artsnb.ca\/web\/wp-content\/uploads\/2019\/10\/1200px-New_Brunswick_Canada_Logo.svg1_.png 1200w\" sizes=\"auto, (max-width: 1024px) 100vw, 1024px\" \/><\/figure>\n\n\n\n<figure class=\"wp-block-image\"><img loading=\"lazy\" decoding=\"async\" width=\"1024\" height=\"742\" data-id=\"4218\" src=\"https:\/\/artsnb.ca\/web\/wp-content\/uploads\/2019\/10\/ArtsNS-colour-1024x742.jpg\" alt=\"\" class=\"wp-image-4218\" srcset=\"https:\/\/artsnb.ca\/web\/wp-content\/uploads\/2019\/10\/ArtsNS-colour-1024x742.jpg 1024w, https:\/\/artsnb.ca\/web\/wp-content\/uploads\/2019\/10\/ArtsNS-colour-300x217.jpg 300w, https:\/\/artsnb.ca\/web\/wp-content\/uploads\/2019\/10\/ArtsNS-colour-768x556.jpg 768w, https:\/\/artsnb.ca\/web\/wp-content\/uploads\/2019\/10\/ArtsNS-colour-240x173.jpg 240w, https:\/\/artsnb.ca\/web\/wp-content\/uploads\/2019\/10\/ArtsNS-colour.jpg 1560w\" sizes=\"auto, (max-width: 1024px) 100vw, 1024px\" \/><\/figure>\n\n\n\n<figure class=\"wp-block-image\"><img loading=\"lazy\" decoding=\"async\" width=\"1024\" height=\"791\" data-id=\"4223\" src=\"https:\/\/artsnb.ca\/web\/wp-content\/uploads\/2019\/10\/ArtsNL-colour-1-1024x791.jpg\" alt=\"\" class=\"wp-image-4223\" srcset=\"https:\/\/artsnb.ca\/web\/wp-content\/uploads\/2019\/10\/ArtsNL-colour-1-1024x791.jpg 1024w, https:\/\/artsnb.ca\/web\/wp-content\/uploads\/2019\/10\/ArtsNL-colour-1-300x232.jpg 300w, https:\/\/artsnb.ca\/web\/wp-content\/uploads\/2019\/10\/ArtsNL-colour-1-768x593.jpg 768w\" sizes=\"auto, (max-width: 1024px) 100vw, 1024px\" \/><\/figure>\n\n\n\n<figure class=\"wp-block-image\"><img loading=\"lazy\" decoding=\"async\" width=\"1024\" height=\"394\" data-id=\"4208\" src=\"https:\/\/artsnb.ca\/web\/wp-content\/uploads\/2019\/10\/Canadian20Heritage1-1024x394.jpg\" alt=\"\" class=\"wp-image-4208\" srcset=\"https:\/\/artsnb.ca\/web\/wp-content\/uploads\/2019\/10\/Canadian20Heritage1-1024x394.jpg 1024w, https:\/\/artsnb.ca\/web\/wp-content\/uploads\/2019\/10\/Canadian20Heritage1-300x115.jpg 300w, https:\/\/artsnb.ca\/web\/wp-content\/uploads\/2019\/10\/Canadian20Heritage1-768x295.jpg 768w, https:\/\/artsnb.ca\/web\/wp-content\/uploads\/2019\/10\/Canadian20Heritage1.jpg 1560w\" sizes=\"auto, (max-width: 1024px) 100vw, 1024px\" \/><\/figure>\n<\/figure>\n\n\n\n<div class=\"wp-block-image\"><figure class=\"aligncenter is-resized\"><img loading=\"lazy\" decoding=\"async\" src=\"https:\/\/artsnb.ca\/web\/wp-content\/uploads\/2019\/10\/Toronto-Dominion_Bank_logo.svg1_-150x150.png\" alt=\"\" class=\"wp-image-4228\" width=\"122\" height=\"122\" srcset=\"https:\/\/artsnb.ca\/web\/wp-content\/uploads\/2019\/10\/Toronto-Dominion_Bank_logo.svg1_-150x150.png 150w, https:\/\/artsnb.ca\/web\/wp-content\/uploads\/2019\/10\/Toronto-Dominion_Bank_logo.svg1_-300x300.png 300w\" sizes=\"auto, (max-width: 122px) 100vw, 122px\" \/><\/figure><\/div>\n","protected":false},"excerpt":{"rendered":"<p>Petapan, signifiant \u2018Premi\u00e8res lueurs\u2019, est un symposium d\u2019art autochtone rassemblant \u00a0pr\u00e8s de 150 artistes et professionnels autochtones des provinces atlantiques \u00e0 tous les deux ou trois ans. Le premier symposium a eu lieu \u00e0 Millbrook (N.-\u00c9.) en 2014, le deuxi\u00e8me \u00e0 Dieppe (N.-B.) en 2016, le troisi\u00e8me \u00e0 St. John\u2019s (T.-N.-L.) en 2019, et le<\/p>\n","protected":false},"author":2,"featured_media":0,"parent":562,"menu_order":0,"comment_status":"closed","ping_status":"closed","template":"page-templates\/initiatives-page.php","meta":{"_acf_changed":false,"footnotes":""},"class_list":["post-567","page","type-page","status-publish","hentry"],"acf":[],"yoast_head":"<!-- This site is optimized with the Yoast SEO plugin v27.5 - https:\/\/yoast.com\/product\/yoast-seo-wordpress\/ -->\n<title>Petapan - ArtsNB<\/title>\n<meta name=\"robots\" content=\"index, follow, max-snippet:-1, max-image-preview:large, max-video-preview:-1\" \/>\n<link rel=\"canonical\" href=\"https:\/\/artsnb.ca\/web\/initiatives\/petapan\/\" \/>\n<meta property=\"og:locale\" content=\"en_US\" \/>\n<meta property=\"og:type\" content=\"article\" \/>\n<meta property=\"og:title\" content=\"Petapan - ArtsNB\" \/>\n<meta property=\"og:description\" content=\"Petapan, signifiant \u2018Premi\u00e8res lueurs\u2019, est un symposium d\u2019art autochtone rassemblant \u00a0pr\u00e8s de 150 artistes et professionnels autochtones des provinces atlantiques \u00e0 tous les deux ou trois ans. Le premier symposium a eu lieu \u00e0 Millbrook (N.-\u00c9.) en 2014, le deuxi\u00e8me \u00e0 Dieppe (N.-B.) en 2016, le troisi\u00e8me \u00e0 St. John\u2019s (T.-N.-L.) en 2019, et le\" \/>\n<meta property=\"og:url\" content=\"https:\/\/artsnb.ca\/web\/initiatives\/petapan\/?lang=fr\" \/>\n<meta property=\"og:site_name\" content=\"ArtsNB\" \/>\n<meta property=\"article:publisher\" content=\"https:\/\/www.facebook.com\/artsnb\/\" \/>\n<meta property=\"article:modified_time\" content=\"2022-07-26T17:41:37+00:00\" \/>\n<meta property=\"og:image\" content=\"https:\/\/artsnb.ca\/web\/wp-content\/uploads\/2019\/10\/artsnb-logo-horizontal-1024x333.jpg\" \/>\n<meta name=\"twitter:card\" content=\"summary_large_image\" \/>\n<meta name=\"twitter:site\" content=\"@artsnb\" \/>\n<meta name=\"twitter:label1\" content=\"Est. reading time\" \/>\n\t<meta name=\"twitter:data1\" content=\"2 minutes\" \/>\n<script type=\"application\/ld+json\" class=\"yoast-schema-graph\">{\"@context\":\"https:\\\/\\\/schema.org\",\"@graph\":[{\"@type\":\"WebPage\",\"@id\":\"https:\\\/\\\/artsnb.ca\\\/web\\\/initiatives\\\/petapan\\\/?lang=fr\",\"url\":\"https:\\\/\\\/artsnb.ca\\\/web\\\/initiatives\\\/petapan\\\/?lang=fr\",\"name\":\"Petapan - ArtsNB\",\"isPartOf\":{\"@id\":\"https:\\\/\\\/artsnb.ca\\\/web\\\/#website\"},\"primaryImageOfPage\":{\"@id\":\"https:\\\/\\\/artsnb.ca\\\/web\\\/initiatives\\\/petapan\\\/?lang=fr#primaryimage\"},\"image\":{\"@id\":\"https:\\\/\\\/artsnb.ca\\\/web\\\/initiatives\\\/petapan\\\/?lang=fr#primaryimage\"},\"thumbnailUrl\":\"https:\\\/\\\/artsnb.ca\\\/web\\\/wp-content\\\/uploads\\\/2019\\\/10\\\/artsnb-logo-horizontal-1024x333.jpg\",\"datePublished\":\"2019-07-30T00:05:29+00:00\",\"dateModified\":\"2022-07-26T17:41:37+00:00\",\"breadcrumb\":{\"@id\":\"https:\\\/\\\/artsnb.ca\\\/web\\\/initiatives\\\/petapan\\\/?lang=fr#breadcrumb\"},\"inLanguage\":\"en-US\",\"potentialAction\":[{\"@type\":\"ReadAction\",\"target\":[\"https:\\\/\\\/artsnb.ca\\\/web\\\/initiatives\\\/petapan\\\/?lang=fr\"]}]},{\"@type\":\"ImageObject\",\"inLanguage\":\"en-US\",\"@id\":\"https:\\\/\\\/artsnb.ca\\\/web\\\/initiatives\\\/petapan\\\/?lang=fr#primaryimage\",\"url\":\"https:\\\/\\\/artsnb.ca\\\/web\\\/wp-content\\\/uploads\\\/2019\\\/10\\\/artsnb-logo-horizontal.jpg\",\"contentUrl\":\"https:\\\/\\\/artsnb.ca\\\/web\\\/wp-content\\\/uploads\\\/2019\\\/10\\\/artsnb-logo-horizontal.jpg\",\"width\":1724,\"height\":561},{\"@type\":\"BreadcrumbList\",\"@id\":\"https:\\\/\\\/artsnb.ca\\\/web\\\/initiatives\\\/petapan\\\/?lang=fr#breadcrumb\",\"itemListElement\":[{\"@type\":\"ListItem\",\"position\":1,\"name\":\"Home\",\"item\":\"https:\\\/\\\/artsnb.ca\\\/web\\\/\"},{\"@type\":\"ListItem\",\"position\":2,\"name\":\"Initiatives\",\"item\":\"https:\\\/\\\/artsnb.ca\\\/web\\\/initiatives\\\/\"},{\"@type\":\"ListItem\",\"position\":3,\"name\":\"Petapan\"}]},{\"@type\":\"WebSite\",\"@id\":\"https:\\\/\\\/artsnb.ca\\\/web\\\/#website\",\"url\":\"https:\\\/\\\/artsnb.ca\\\/web\\\/\",\"name\":\"ArtsNB\",\"description\":\"EXCELLENCE. PROFESSIONALISM. INNOVATION.\",\"publisher\":{\"@id\":\"https:\\\/\\\/artsnb.ca\\\/web\\\/#organization\"},\"potentialAction\":[{\"@type\":\"SearchAction\",\"target\":{\"@type\":\"EntryPoint\",\"urlTemplate\":\"https:\\\/\\\/artsnb.ca\\\/web\\\/?s={search_term_string}\"},\"query-input\":{\"@type\":\"PropertyValueSpecification\",\"valueRequired\":true,\"valueName\":\"search_term_string\"}}],\"inLanguage\":\"en-US\"},{\"@type\":\"Organization\",\"@id\":\"https:\\\/\\\/artsnb.ca\\\/web\\\/#organization\",\"name\":\"ArtsNB\",\"url\":\"https:\\\/\\\/artsnb.ca\\\/web\\\/\",\"logo\":{\"@type\":\"ImageObject\",\"inLanguage\":\"en-US\",\"@id\":\"https:\\\/\\\/artsnb.ca\\\/web\\\/#\\\/schema\\\/logo\\\/image\\\/\",\"url\":\"https:\\\/\\\/artsnb.ca\\\/web\\\/wp-content\\\/uploads\\\/2024\\\/04\\\/cropped-artsnb-PrimaryLogo-vertical-HiRes-2.jpg\",\"contentUrl\":\"https:\\\/\\\/artsnb.ca\\\/web\\\/wp-content\\\/uploads\\\/2024\\\/04\\\/cropped-artsnb-PrimaryLogo-vertical-HiRes-2.jpg\",\"width\":1698,\"height\":1223,\"caption\":\"ArtsNB\"},\"image\":{\"@id\":\"https:\\\/\\\/artsnb.ca\\\/web\\\/#\\\/schema\\\/logo\\\/image\\\/\"},\"sameAs\":[\"https:\\\/\\\/www.facebook.com\\\/artsnb\\\/\",\"https:\\\/\\\/x.com\\\/artsnb\",\"https:\\\/\\\/www.instagram.com\\\/artsnb\\\/\"]}]}<\/script>\n<!-- \/ Yoast SEO plugin. -->","yoast_head_json":{"title":"Petapan - ArtsNB","robots":{"index":"index","follow":"follow","max-snippet":"max-snippet:-1","max-image-preview":"max-image-preview:large","max-video-preview":"max-video-preview:-1"},"canonical":"https:\/\/artsnb.ca\/web\/initiatives\/petapan\/","og_locale":"en_US","og_type":"article","og_title":"Petapan - ArtsNB","og_description":"Petapan, signifiant \u2018Premi\u00e8res lueurs\u2019, est un symposium d\u2019art autochtone rassemblant \u00a0pr\u00e8s de 150 artistes et professionnels autochtones des provinces atlantiques \u00e0 tous les deux ou trois ans. Le premier symposium a eu lieu \u00e0 Millbrook (N.-\u00c9.) en 2014, le deuxi\u00e8me \u00e0 Dieppe (N.-B.) en 2016, le troisi\u00e8me \u00e0 St. John\u2019s (T.-N.-L.) en 2019, et le","og_url":"https:\/\/artsnb.ca\/web\/initiatives\/petapan\/?lang=fr","og_site_name":"ArtsNB","article_publisher":"https:\/\/www.facebook.com\/artsnb\/","article_modified_time":"2022-07-26T17:41:37+00:00","og_image":[{"url":"https:\/\/artsnb.ca\/web\/wp-content\/uploads\/2019\/10\/artsnb-logo-horizontal-1024x333.jpg","type":"","width":"","height":""}],"twitter_card":"summary_large_image","twitter_site":"@artsnb","twitter_misc":{"Est. reading time":"2 minutes"},"schema":{"@context":"https:\/\/schema.org","@graph":[{"@type":"WebPage","@id":"https:\/\/artsnb.ca\/web\/initiatives\/petapan\/?lang=fr","url":"https:\/\/artsnb.ca\/web\/initiatives\/petapan\/?lang=fr","name":"Petapan - ArtsNB","isPartOf":{"@id":"https:\/\/artsnb.ca\/web\/#website"},"primaryImageOfPage":{"@id":"https:\/\/artsnb.ca\/web\/initiatives\/petapan\/?lang=fr#primaryimage"},"image":{"@id":"https:\/\/artsnb.ca\/web\/initiatives\/petapan\/?lang=fr#primaryimage"},"thumbnailUrl":"https:\/\/artsnb.ca\/web\/wp-content\/uploads\/2019\/10\/artsnb-logo-horizontal-1024x333.jpg","datePublished":"2019-07-30T00:05:29+00:00","dateModified":"2022-07-26T17:41:37+00:00","breadcrumb":{"@id":"https:\/\/artsnb.ca\/web\/initiatives\/petapan\/?lang=fr#breadcrumb"},"inLanguage":"en-US","potentialAction":[{"@type":"ReadAction","target":["https:\/\/artsnb.ca\/web\/initiatives\/petapan\/?lang=fr"]}]},{"@type":"ImageObject","inLanguage":"en-US","@id":"https:\/\/artsnb.ca\/web\/initiatives\/petapan\/?lang=fr#primaryimage","url":"https:\/\/artsnb.ca\/web\/wp-content\/uploads\/2019\/10\/artsnb-logo-horizontal.jpg","contentUrl":"https:\/\/artsnb.ca\/web\/wp-content\/uploads\/2019\/10\/artsnb-logo-horizontal.jpg","width":1724,"height":561},{"@type":"BreadcrumbList","@id":"https:\/\/artsnb.ca\/web\/initiatives\/petapan\/?lang=fr#breadcrumb","itemListElement":[{"@type":"ListItem","position":1,"name":"Home","item":"https:\/\/artsnb.ca\/web\/"},{"@type":"ListItem","position":2,"name":"Initiatives","item":"https:\/\/artsnb.ca\/web\/initiatives\/"},{"@type":"ListItem","position":3,"name":"Petapan"}]},{"@type":"WebSite","@id":"https:\/\/artsnb.ca\/web\/#website","url":"https:\/\/artsnb.ca\/web\/","name":"ArtsNB","description":"EXCELLENCE. PROFESSIONALISM. INNOVATION.","publisher":{"@id":"https:\/\/artsnb.ca\/web\/#organization"},"potentialAction":[{"@type":"SearchAction","target":{"@type":"EntryPoint","urlTemplate":"https:\/\/artsnb.ca\/web\/?s={search_term_string}"},"query-input":{"@type":"PropertyValueSpecification","valueRequired":true,"valueName":"search_term_string"}}],"inLanguage":"en-US"},{"@type":"Organization","@id":"https:\/\/artsnb.ca\/web\/#organization","name":"ArtsNB","url":"https:\/\/artsnb.ca\/web\/","logo":{"@type":"ImageObject","inLanguage":"en-US","@id":"https:\/\/artsnb.ca\/web\/#\/schema\/logo\/image\/","url":"https:\/\/artsnb.ca\/web\/wp-content\/uploads\/2024\/04\/cropped-artsnb-PrimaryLogo-vertical-HiRes-2.jpg","contentUrl":"https:\/\/artsnb.ca\/web\/wp-content\/uploads\/2024\/04\/cropped-artsnb-PrimaryLogo-vertical-HiRes-2.jpg","width":1698,"height":1223,"caption":"ArtsNB"},"image":{"@id":"https:\/\/artsnb.ca\/web\/#\/schema\/logo\/image\/"},"sameAs":["https:\/\/www.facebook.com\/artsnb\/","https:\/\/x.com\/artsnb","https:\/\/www.instagram.com\/artsnb\/"]}]}},"_links":{"self":[{"href":"https:\/\/artsnb.ca\/web\/wp-json\/wp\/v2\/pages\/567","targetHints":{"allow":["GET"]}}],"collection":[{"href":"https:\/\/artsnb.ca\/web\/wp-json\/wp\/v2\/pages"}],"about":[{"href":"https:\/\/artsnb.ca\/web\/wp-json\/wp\/v2\/types\/page"}],"author":[{"embeddable":true,"href":"https:\/\/artsnb.ca\/web\/wp-json\/wp\/v2\/users\/2"}],"replies":[{"embeddable":true,"href":"https:\/\/artsnb.ca\/web\/wp-json\/wp\/v2\/comments?post=567"}],"version-history":[{"count":18,"href":"https:\/\/artsnb.ca\/web\/wp-json\/wp\/v2\/pages\/567\/revisions"}],"predecessor-version":[{"id":10071,"href":"https:\/\/artsnb.ca\/web\/wp-json\/wp\/v2\/pages\/567\/revisions\/10071"}],"up":[{"embeddable":true,"href":"https:\/\/artsnb.ca\/web\/wp-json\/wp\/v2\/pages\/562"}],"wp:attachment":[{"href":"https:\/\/artsnb.ca\/web\/wp-json\/wp\/v2\/media?parent=567"}],"curies":[{"name":"wp","href":"https:\/\/api.w.org\/{rel}","templated":true}]}}