{"id":569,"date":"2019-07-29T23:52:10","date_gmt":"2019-07-29T23:52:10","guid":{"rendered":"https:\/\/staging-artsnb.weavercrawford.com\/initiatives\/petl-collab\/"},"modified":"2024-09-23T23:38:17","modified_gmt":"2024-09-23T23:38:17","slug":"petl-collab","status":"publish","type":"page","link":"https:\/\/artsnb.ca\/web\/initiatives\/petl-collab\/?lang=fr","title":{"rendered":"Projet de musique autochtone"},"content":{"rendered":"\n<h2 class=\"wp-block-heading\">AIDER LES MUSICIENS AUTOCHTONES \u00c0 ATTEINDRE DE NOUVEAUX MARCH\u00c9S<\/h2>\n\n\n\n<p>Le 1er juillet 2020, artsnb a lanc\u00e9 le clip de la chanson &#8220;Find Your Way&#8221;. Il s&#8217;agit d&#8217;une des nombreuses chansons qui a \u00e9t\u00e9 r\u00e9alis\u00e9e lors d&#8217;un atelier de musique avec des musiciens autochtones du Nouveau-Brunswick. Vous pouvez en apprendre davantage sur la s\u00e9rie d&#8217;atliers ci-bas. D\u00e9couvrez la vid\u00e9o ci-dessous!<\/p>\n\n\n\n<figure class=\"wp-block-embed-youtube wp-block-embed is-type-video is-provider-youtube wp-embed-aspect-16-9 wp-has-aspect-ratio\"><div class=\"wp-block-embed__wrapper\">\n<div class=\"responsive-embed widescreen\"><iframe loading=\"lazy\" title=\"Find Your Way\" width=\"500\" height=\"281\" src=\"https:\/\/www.youtube.com\/embed\/bzhf3p6RiNg?feature=oembed\" frameborder=\"0\" allow=\"accelerometer; autoplay; clipboard-write; encrypted-media; gyroscope; picture-in-picture; web-share\" referrerpolicy=\"strict-origin-when-cross-origin\" allowfullscreen><\/iframe><\/div>\n<\/div><\/figure>\n\n\n\n<p>Vous pouvez \u00e9coutez l&#8217;album en entier sur <a aria-label=\" (opens in a new tab)\" rel=\"noreferrer noopener\" href=\"https:\/\/open.spotify.com\/album\/5WhtPO1rItTJ4fiHQDpn7T\" target=\"_blank\">Spotify<\/a>, <a aria-label=\" (opens in a new tab)\" rel=\"noreferrer noopener\" href=\"https:\/\/music.apple.com\/ca\/album\/all-my-people-ep\/1441168588\" target=\"_blank\">iTunes<\/a> ou <a aria-label=\" (opens in a new tab)\" rel=\"noreferrer noopener\" href=\"https:\/\/soundcloud.com\/musiquenomade\/sets\/allmypeople\" target=\"_blank\">SoundCloud<\/a> ou directement au bas de cette page Web.  <\/p>\n\n\n\n<div class=\"wp-block-media-text alignwide has-media-on-the-right\"><figure class=\"wp-block-media-text__media\"><img loading=\"lazy\" decoding=\"async\" width=\"1024\" height=\"683\" src=\"https:\/\/artsnb.ca\/web\/wp-content\/uploads\/2019\/09\/IMG_2914-1024x683.jpg\" alt=\"\" class=\"wp-image-1410\" srcset=\"https:\/\/artsnb.ca\/web\/wp-content\/uploads\/2019\/09\/IMG_2914-1024x683.jpg 1024w, https:\/\/artsnb.ca\/web\/wp-content\/uploads\/2019\/09\/IMG_2914-300x200.jpg 300w, https:\/\/artsnb.ca\/web\/wp-content\/uploads\/2019\/09\/IMG_2914-768x512.jpg 768w, https:\/\/artsnb.ca\/web\/wp-content\/uploads\/2019\/09\/IMG_2914-400x267.jpg 400w\" sizes=\"auto, (max-width: 1024px) 100vw, 1024px\" \/><\/figure><div class=\"wp-block-media-text__content\">\n<p>Gr\u00e2ce au financement g\u00e9n\u00e9reux du minist\u00e8re de l\u2019\u00c9ducation Post-secondaire, formation et travail (EPFT), en 2018 artsnb a pu mettre sur pied et pr\u00e9senter une mini-conf\u00e9rence et une s\u00e9rie d\u2019ateliers visant \u00e0 permettre aux musiciens autochtones de mieux se faire valoir en tant qu\u2019artistes professionnels. Avec l\u2019aide de partenaires de l\u2019industrie, musiciens et acteurs ont travaill\u00e9 ensemble \u00e0 la r\u00e9alisation de contenu original et l\u2019enregistrement d\u2019un album complet, ainsi qu\u2019\u00e0 la production d\u2019un vid\u00e9o-clip bas\u00e9 sur une de leurs chansons. Gr\u00e2ce au soutien de MusiConnect Canada, quelques uns des musiciens ont pu aussi aller au Maroc et en Guyane Fran\u00e7aise pour participer aux Jeux Kali\u2019na en tant qu\u2019artistes.<\/p>\n<\/div><\/div>\n\n\n\n<h2 class=\"wp-block-heading\" style=\"text-align:left\">Musiciens:<\/h2>\n\n\n\n<div class=\"wp-block-media-text alignwide has-media-on-the-right is-stacked-on-mobile\" style=\"grid-template-columns:auto 47%\"><figure class=\"wp-block-media-text__media\"><img loading=\"lazy\" decoding=\"async\" width=\"960\" height=\"480\" src=\"https:\/\/artsnb.ca\/web\/wp-content\/uploads\/2019\/11\/kalina18.jpg\" alt=\"\" class=\"wp-image-4784\" srcset=\"https:\/\/artsnb.ca\/web\/wp-content\/uploads\/2019\/11\/kalina18.jpg 960w, https:\/\/artsnb.ca\/web\/wp-content\/uploads\/2019\/11\/kalina18-300x150.jpg 300w, https:\/\/artsnb.ca\/web\/wp-content\/uploads\/2019\/11\/kalina18-768x384.jpg 768w\" sizes=\"auto, (max-width: 960px) 100vw, 960px\" \/><\/figure><div class=\"wp-block-media-text__content\">\n<ul class=\"wp-block-list\"><li>Alexandria Wasuweg Gregoire<\/li><li> Blake Francis<\/li><li> Brandon Arnold<\/li><li> Connor Ward<\/li><li> George Paul<\/li><li> Hubert Francis<\/li><li> Tee Cloud<\/li><li> Judie Acquin<\/li><li> Kesley Arrow<\/li><li> Matt Comeau<\/li><li> Michel Tremblay<\/li><li> Trish Augustine <br>*Photo prise par Mariah Sockabasin lors du voyage en Guyane fran\u00e7aise.<\/li><\/ul>\n<\/div><\/div>\n\n\n\n<div style=\"height:20px\" aria-hidden=\"true\" class=\"wp-block-spacer\"><\/div>\n\n\n\n<figure class=\"wp-block-embed-soundcloud aligncenter wp-block-embed is-type-rich is-provider-soundcloud wp-embed-aspect-4-3 wp-has-aspect-ratio\"><div class=\"wp-block-embed__wrapper\">\n<iframe loading=\"lazy\" title=\"All my people by Musique Nomade\" width=\"500\" height=\"450\" scrolling=\"no\" frameborder=\"no\" src=\"https:\/\/w.soundcloud.com\/player\/?visual=true&#038;url=https%3A%2F%2Fapi.soundcloud.com%2Fplaylists%2F373896464&#038;show_artwork=true&#038;maxheight=750&#038;maxwidth=500\"><\/iframe>\n<\/div><\/figure>\n\n\n\n<div style=\"height:22px\" aria-hidden=\"true\" class=\"wp-block-spacer\"><\/div>\n\n\n\n<h2 class=\"wp-block-heading\">Partenaires au projet*:<strong> <\/strong><\/h2>\n\n\n\n<div class=\"wp-block-media-text alignwide has-media-on-the-right\"><figure class=\"wp-block-media-text__media\"><img loading=\"lazy\" decoding=\"async\" width=\"1024\" height=\"683\" src=\"https:\/\/artsnb.ca\/web\/wp-content\/uploads\/2019\/09\/IMG_3128-1024x683.jpg\" alt=\"\" class=\"wp-image-1413\" srcset=\"https:\/\/artsnb.ca\/web\/wp-content\/uploads\/2019\/09\/IMG_3128-1024x683.jpg 1024w, https:\/\/artsnb.ca\/web\/wp-content\/uploads\/2019\/09\/IMG_3128-300x200.jpg 300w, https:\/\/artsnb.ca\/web\/wp-content\/uploads\/2019\/09\/IMG_3128-768x512.jpg 768w, https:\/\/artsnb.ca\/web\/wp-content\/uploads\/2019\/09\/IMG_3128-400x267.jpg 400w\" sizes=\"auto, (max-width: 1024px) 100vw, 1024px\" \/><\/figure><div class=\"wp-block-media-text__content\">\n<ul class=\"wp-block-list\"><li>Musique Nomade (QC)<\/li><li> NB Film Coop<\/li><li> MusiConnect Canada<\/li><li> Music\/Musique NB<\/li><li> Sound of Pop (NS)<\/li><li> Joint Economic Development Initiative (JEDI)<\/li><li> Mariah Sockabasin<\/li><li> artsnb (notably Corrina Merasty-Gallant)<\/li><\/ul>\n<\/div><\/div>\n\n\n\n<div style=\"height:20px\" aria-hidden=\"true\" class=\"wp-block-spacer\"><\/div>\n\n\n\n<p>* artsnb tient sp\u00e9cialement \u00e0 remercier Jackie Black (Manito Ahbee) qui a gracieusement partag\u00e9 son exp\u00e9rience en tant qu\u2019organisatrice de la Indigenous Music Conference au Manitoba.<\/p>\n\n\n\n<h2 class=\"wp-block-heading\">Couverture m\u00e9diatique<\/h2>\n\n\n\n<p>Cette initiative a g\u00e9n\u00e9r\u00e9 beaucoup d\u2019int\u00e9r\u00eat de la part des m\u00e9dias, Radio-Canada (CBC) entre autres, qui ont interview\u00e9 Corrina Merasty, force motrice de ce projet et coordinatrice des programmes autochtones chez artsnb. Les articles et interviews sont disponibles en ligne ici (en anglais):<\/p>\n\n\n\n<ul class=\"wp-block-list\"><li>Fredericton recording session &#8216;amazing&#8217; opportunity for Indigenous artists (29 sept. 2018): <a aria-label=\"cliquez ici (opens in a new tab)\" href=\"https:\/\/www.cbc.ca\/news\/canada\/new-brunswick\/indigenous-recording-musique-nomade-fredericton-1.4844184\" target=\"_blank\" rel=\"noreferrer noopener\">cliquez ici<\/a>.<\/li><\/ul>\n","protected":false},"excerpt":{"rendered":"<p>AIDER LES MUSICIENS AUTOCHTONES \u00c0 ATTEINDRE DE NOUVEAUX MARCH\u00c9S Le 1er juillet 2020, artsnb a lanc\u00e9 le clip de la chanson &#8220;Find Your Way&#8221;. Il s&#8217;agit d&#8217;une des nombreuses chansons qui a \u00e9t\u00e9 r\u00e9alis\u00e9e lors d&#8217;un atelier de musique avec des musiciens autochtones du Nouveau-Brunswick. Vous pouvez en apprendre davantage sur la s\u00e9rie d&#8217;atliers ci-bas.<\/p>\n","protected":false},"author":2,"featured_media":0,"parent":562,"menu_order":0,"comment_status":"closed","ping_status":"closed","template":"page-templates\/initiatives-page.php","meta":{"_acf_changed":false,"footnotes":""},"class_list":["post-569","page","type-page","status-publish","hentry"],"acf":[],"yoast_head":"<!-- This site is optimized with the Yoast SEO plugin v27.5 - https:\/\/yoast.com\/product\/yoast-seo-wordpress\/ -->\n<title>Projet de musique autochtone - ArtsNB<\/title>\n<meta name=\"robots\" content=\"index, follow, max-snippet:-1, max-image-preview:large, max-video-preview:-1\" \/>\n<link rel=\"canonical\" href=\"https:\/\/artsnb.ca\/web\/initiatives\/petl-collab\/\" \/>\n<meta property=\"og:locale\" content=\"en_US\" \/>\n<meta property=\"og:type\" content=\"article\" \/>\n<meta property=\"og:title\" content=\"Projet de musique autochtone - ArtsNB\" \/>\n<meta property=\"og:description\" content=\"AIDER LES MUSICIENS AUTOCHTONES \u00c0 ATTEINDRE DE NOUVEAUX MARCH\u00c9S Le 1er juillet 2020, artsnb a lanc\u00e9 le clip de la chanson &#8220;Find Your Way&#8221;. Il s&#8217;agit d&#8217;une des nombreuses chansons qui a \u00e9t\u00e9 r\u00e9alis\u00e9e lors d&#8217;un atelier de musique avec des musiciens autochtones du Nouveau-Brunswick. Vous pouvez en apprendre davantage sur la s\u00e9rie d&#8217;atliers ci-bas.\" \/>\n<meta property=\"og:url\" content=\"https:\/\/artsnb.ca\/web\/initiatives\/petl-collab\/?lang=fr\" \/>\n<meta property=\"og:site_name\" content=\"ArtsNB\" \/>\n<meta property=\"article:publisher\" content=\"https:\/\/www.facebook.com\/artsnb\/\" \/>\n<meta property=\"article:modified_time\" content=\"2024-09-23T23:38:17+00:00\" \/>\n<meta property=\"og:image\" content=\"https:\/\/artsnb.ca\/web\/wp-content\/uploads\/2019\/09\/IMG_2914-1024x683.jpg\" \/>\n<meta name=\"twitter:card\" content=\"summary_large_image\" \/>\n<meta name=\"twitter:site\" content=\"@artsnb\" \/>\n<script type=\"application\/ld+json\" class=\"yoast-schema-graph\">{\"@context\":\"https:\\\/\\\/schema.org\",\"@graph\":[{\"@type\":\"WebPage\",\"@id\":\"https:\\\/\\\/artsnb.ca\\\/web\\\/initiatives\\\/petl-collab\\\/?lang=fr\",\"url\":\"https:\\\/\\\/artsnb.ca\\\/web\\\/initiatives\\\/petl-collab\\\/?lang=fr\",\"name\":\"Projet de musique autochtone - ArtsNB\",\"isPartOf\":{\"@id\":\"https:\\\/\\\/artsnb.ca\\\/web\\\/#website\"},\"primaryImageOfPage\":{\"@id\":\"https:\\\/\\\/artsnb.ca\\\/web\\\/initiatives\\\/petl-collab\\\/?lang=fr#primaryimage\"},\"image\":{\"@id\":\"https:\\\/\\\/artsnb.ca\\\/web\\\/initiatives\\\/petl-collab\\\/?lang=fr#primaryimage\"},\"thumbnailUrl\":\"https:\\\/\\\/artsnb.ca\\\/web\\\/wp-content\\\/uploads\\\/2019\\\/09\\\/IMG_2914-1024x683.jpg\",\"datePublished\":\"2019-07-29T23:52:10+00:00\",\"dateModified\":\"2024-09-23T23:38:17+00:00\",\"breadcrumb\":{\"@id\":\"https:\\\/\\\/artsnb.ca\\\/web\\\/initiatives\\\/petl-collab\\\/?lang=fr#breadcrumb\"},\"inLanguage\":\"en-US\",\"potentialAction\":[{\"@type\":\"ReadAction\",\"target\":[\"https:\\\/\\\/artsnb.ca\\\/web\\\/initiatives\\\/petl-collab\\\/?lang=fr\"]}]},{\"@type\":\"ImageObject\",\"inLanguage\":\"en-US\",\"@id\":\"https:\\\/\\\/artsnb.ca\\\/web\\\/initiatives\\\/petl-collab\\\/?lang=fr#primaryimage\",\"url\":\"https:\\\/\\\/artsnb.ca\\\/web\\\/wp-content\\\/uploads\\\/2019\\\/09\\\/IMG_2914.jpg\",\"contentUrl\":\"https:\\\/\\\/artsnb.ca\\\/web\\\/wp-content\\\/uploads\\\/2019\\\/09\\\/IMG_2914.jpg\",\"width\":6000,\"height\":4000},{\"@type\":\"BreadcrumbList\",\"@id\":\"https:\\\/\\\/artsnb.ca\\\/web\\\/initiatives\\\/petl-collab\\\/?lang=fr#breadcrumb\",\"itemListElement\":[{\"@type\":\"ListItem\",\"position\":1,\"name\":\"Home\",\"item\":\"https:\\\/\\\/artsnb.ca\\\/web\\\/\"},{\"@type\":\"ListItem\",\"position\":2,\"name\":\"Initiatives\",\"item\":\"https:\\\/\\\/artsnb.ca\\\/web\\\/initiatives\\\/\"},{\"@type\":\"ListItem\",\"position\":3,\"name\":\"Projet de musique autochtone\"}]},{\"@type\":\"WebSite\",\"@id\":\"https:\\\/\\\/artsnb.ca\\\/web\\\/#website\",\"url\":\"https:\\\/\\\/artsnb.ca\\\/web\\\/\",\"name\":\"ArtsNB\",\"description\":\"EXCELLENCE. PROFESSIONALISM. INNOVATION.\",\"publisher\":{\"@id\":\"https:\\\/\\\/artsnb.ca\\\/web\\\/#organization\"},\"potentialAction\":[{\"@type\":\"SearchAction\",\"target\":{\"@type\":\"EntryPoint\",\"urlTemplate\":\"https:\\\/\\\/artsnb.ca\\\/web\\\/?s={search_term_string}\"},\"query-input\":{\"@type\":\"PropertyValueSpecification\",\"valueRequired\":true,\"valueName\":\"search_term_string\"}}],\"inLanguage\":\"en-US\"},{\"@type\":\"Organization\",\"@id\":\"https:\\\/\\\/artsnb.ca\\\/web\\\/#organization\",\"name\":\"ArtsNB\",\"url\":\"https:\\\/\\\/artsnb.ca\\\/web\\\/\",\"logo\":{\"@type\":\"ImageObject\",\"inLanguage\":\"en-US\",\"@id\":\"https:\\\/\\\/artsnb.ca\\\/web\\\/#\\\/schema\\\/logo\\\/image\\\/\",\"url\":\"https:\\\/\\\/artsnb.ca\\\/web\\\/wp-content\\\/uploads\\\/2024\\\/04\\\/cropped-artsnb-PrimaryLogo-vertical-HiRes-2.jpg\",\"contentUrl\":\"https:\\\/\\\/artsnb.ca\\\/web\\\/wp-content\\\/uploads\\\/2024\\\/04\\\/cropped-artsnb-PrimaryLogo-vertical-HiRes-2.jpg\",\"width\":1698,\"height\":1223,\"caption\":\"ArtsNB\"},\"image\":{\"@id\":\"https:\\\/\\\/artsnb.ca\\\/web\\\/#\\\/schema\\\/logo\\\/image\\\/\"},\"sameAs\":[\"https:\\\/\\\/www.facebook.com\\\/artsnb\\\/\",\"https:\\\/\\\/x.com\\\/artsnb\",\"https:\\\/\\\/www.instagram.com\\\/artsnb\\\/\"]}]}<\/script>\n<!-- \/ Yoast SEO plugin. -->","yoast_head_json":{"title":"Projet de musique autochtone - ArtsNB","robots":{"index":"index","follow":"follow","max-snippet":"max-snippet:-1","max-image-preview":"max-image-preview:large","max-video-preview":"max-video-preview:-1"},"canonical":"https:\/\/artsnb.ca\/web\/initiatives\/petl-collab\/","og_locale":"en_US","og_type":"article","og_title":"Projet de musique autochtone - ArtsNB","og_description":"AIDER LES MUSICIENS AUTOCHTONES \u00c0 ATTEINDRE DE NOUVEAUX MARCH\u00c9S Le 1er juillet 2020, artsnb a lanc\u00e9 le clip de la chanson &#8220;Find Your Way&#8221;. Il s&#8217;agit d&#8217;une des nombreuses chansons qui a \u00e9t\u00e9 r\u00e9alis\u00e9e lors d&#8217;un atelier de musique avec des musiciens autochtones du Nouveau-Brunswick. Vous pouvez en apprendre davantage sur la s\u00e9rie d&#8217;atliers ci-bas.","og_url":"https:\/\/artsnb.ca\/web\/initiatives\/petl-collab\/?lang=fr","og_site_name":"ArtsNB","article_publisher":"https:\/\/www.facebook.com\/artsnb\/","article_modified_time":"2024-09-23T23:38:17+00:00","og_image":[{"url":"https:\/\/artsnb.ca\/web\/wp-content\/uploads\/2019\/09\/IMG_2914-1024x683.jpg","type":"","width":"","height":""}],"twitter_card":"summary_large_image","twitter_site":"@artsnb","schema":{"@context":"https:\/\/schema.org","@graph":[{"@type":"WebPage","@id":"https:\/\/artsnb.ca\/web\/initiatives\/petl-collab\/?lang=fr","url":"https:\/\/artsnb.ca\/web\/initiatives\/petl-collab\/?lang=fr","name":"Projet de musique autochtone - ArtsNB","isPartOf":{"@id":"https:\/\/artsnb.ca\/web\/#website"},"primaryImageOfPage":{"@id":"https:\/\/artsnb.ca\/web\/initiatives\/petl-collab\/?lang=fr#primaryimage"},"image":{"@id":"https:\/\/artsnb.ca\/web\/initiatives\/petl-collab\/?lang=fr#primaryimage"},"thumbnailUrl":"https:\/\/artsnb.ca\/web\/wp-content\/uploads\/2019\/09\/IMG_2914-1024x683.jpg","datePublished":"2019-07-29T23:52:10+00:00","dateModified":"2024-09-23T23:38:17+00:00","breadcrumb":{"@id":"https:\/\/artsnb.ca\/web\/initiatives\/petl-collab\/?lang=fr#breadcrumb"},"inLanguage":"en-US","potentialAction":[{"@type":"ReadAction","target":["https:\/\/artsnb.ca\/web\/initiatives\/petl-collab\/?lang=fr"]}]},{"@type":"ImageObject","inLanguage":"en-US","@id":"https:\/\/artsnb.ca\/web\/initiatives\/petl-collab\/?lang=fr#primaryimage","url":"https:\/\/artsnb.ca\/web\/wp-content\/uploads\/2019\/09\/IMG_2914.jpg","contentUrl":"https:\/\/artsnb.ca\/web\/wp-content\/uploads\/2019\/09\/IMG_2914.jpg","width":6000,"height":4000},{"@type":"BreadcrumbList","@id":"https:\/\/artsnb.ca\/web\/initiatives\/petl-collab\/?lang=fr#breadcrumb","itemListElement":[{"@type":"ListItem","position":1,"name":"Home","item":"https:\/\/artsnb.ca\/web\/"},{"@type":"ListItem","position":2,"name":"Initiatives","item":"https:\/\/artsnb.ca\/web\/initiatives\/"},{"@type":"ListItem","position":3,"name":"Projet de musique autochtone"}]},{"@type":"WebSite","@id":"https:\/\/artsnb.ca\/web\/#website","url":"https:\/\/artsnb.ca\/web\/","name":"ArtsNB","description":"EXCELLENCE. PROFESSIONALISM. INNOVATION.","publisher":{"@id":"https:\/\/artsnb.ca\/web\/#organization"},"potentialAction":[{"@type":"SearchAction","target":{"@type":"EntryPoint","urlTemplate":"https:\/\/artsnb.ca\/web\/?s={search_term_string}"},"query-input":{"@type":"PropertyValueSpecification","valueRequired":true,"valueName":"search_term_string"}}],"inLanguage":"en-US"},{"@type":"Organization","@id":"https:\/\/artsnb.ca\/web\/#organization","name":"ArtsNB","url":"https:\/\/artsnb.ca\/web\/","logo":{"@type":"ImageObject","inLanguage":"en-US","@id":"https:\/\/artsnb.ca\/web\/#\/schema\/logo\/image\/","url":"https:\/\/artsnb.ca\/web\/wp-content\/uploads\/2024\/04\/cropped-artsnb-PrimaryLogo-vertical-HiRes-2.jpg","contentUrl":"https:\/\/artsnb.ca\/web\/wp-content\/uploads\/2024\/04\/cropped-artsnb-PrimaryLogo-vertical-HiRes-2.jpg","width":1698,"height":1223,"caption":"ArtsNB"},"image":{"@id":"https:\/\/artsnb.ca\/web\/#\/schema\/logo\/image\/"},"sameAs":["https:\/\/www.facebook.com\/artsnb\/","https:\/\/x.com\/artsnb","https:\/\/www.instagram.com\/artsnb\/"]}]}},"_links":{"self":[{"href":"https:\/\/artsnb.ca\/web\/wp-json\/wp\/v2\/pages\/569","targetHints":{"allow":["GET"]}}],"collection":[{"href":"https:\/\/artsnb.ca\/web\/wp-json\/wp\/v2\/pages"}],"about":[{"href":"https:\/\/artsnb.ca\/web\/wp-json\/wp\/v2\/types\/page"}],"author":[{"embeddable":true,"href":"https:\/\/artsnb.ca\/web\/wp-json\/wp\/v2\/users\/2"}],"replies":[{"embeddable":true,"href":"https:\/\/artsnb.ca\/web\/wp-json\/wp\/v2\/comments?post=569"}],"version-history":[{"count":19,"href":"https:\/\/artsnb.ca\/web\/wp-json\/wp\/v2\/pages\/569\/revisions"}],"predecessor-version":[{"id":6282,"href":"https:\/\/artsnb.ca\/web\/wp-json\/wp\/v2\/pages\/569\/revisions\/6282"}],"up":[{"embeddable":true,"href":"https:\/\/artsnb.ca\/web\/wp-json\/wp\/v2\/pages\/562"}],"wp:attachment":[{"href":"https:\/\/artsnb.ca\/web\/wp-json\/wp\/v2\/media?parent=569"}],"curies":[{"name":"wp","href":"https:\/\/api.w.org\/{rel}","templated":true}]}}