{"id":579,"date":"2019-07-30T00:30:58","date_gmt":"2019-07-30T00:30:58","guid":{"rendered":"https:\/\/staging-artsnb.weavercrawford.com\/resources\/opportunities-for-artists\/"},"modified":"2025-05-28T19:39:36","modified_gmt":"2025-05-28T19:39:36","slug":"opportunities-for-artists","status":"publish","type":"page","link":"https:\/\/artsnb.ca\/web\/resources\/opportunities-for-artists\/?lang=fr","title":{"rendered":"Opportunit\u00e9s pour les artistes"},"content":{"rendered":"\n<h2 class=\"wp-block-heading\">R\u00c9SEAUTAGE ET D\u00c9FENSE &nbsp;(TOUTES DISCIPLINES) <\/h2>\n\n\n\n<ul class=\"wp-block-list\">\n<li><a aria-label=\"ArtsLink NB (opens in a new tab)\" href=\"http:\/\/www.artslinknb.com\/\" target=\"_blank\" rel=\"noreferrer noopener\">ArtsLink NB<\/a><\/li>\n\n\n\n<li><a aria-label=\"Association acadienne des artistes professionnel-le-s du N.-B. (opens in a new tab)\" href=\"http:\/\/www.aaapnb.ca\/\" target=\"_blank\" rel=\"noreferrer noopener\">Association acadienne des artistes professionnel.le.s du N.-B.<\/a> <\/li>\n\n\n\n<li><a aria-label=\"undefined (opens in a new tab)\" href=\"https:\/\/www.mawiart.org\/\" target=\"_blank\" rel=\"noreferrer noopener\">Mawi&#8217;Art : Wabanaki Artist Collective<\/a><\/li>\n<\/ul>\n\n\n\n<h2 class=\"wp-block-heading\">R\u00c9SEAUTAGE ET GROUPES DE D\u00c9FENSE (PAR DISCIPLINE ET COMMUNAUT\u00c9)<\/h2>\n\n\n\n<ul class=\"wp-block-list\">\n<li><a aria-label=\"Association des architechtes du N.-B. (opens in a new tab)\" href=\"http:\/\/www.aanb.org\/\" target=\"_blank\" rel=\"noreferrer noopener\">Association des architectes du N.-B.<\/a> <\/li>\n\n\n\n<li><a aria-label=\"CARFAC Maritimes (opens in a new tab)\" href=\"http:\/\/www.carfacmaritimes.org\/\" target=\"_blank\" rel=\"noreferrer noopener\">CARFAC Maritimes<\/a> <\/li>\n\n\n\n<li><a aria-label=\"M\u00e9tiers d'art NB (opens in a new tab)\" href=\"https:\/\/www.craftnb.ca\/\" target=\"_blank\" rel=\"noreferrer noopener\">M\u00e9tiers d&#8217;art NB<\/a>  <\/li>\n\n\n\n<li><a aria-label=\"Musique NB (opens in a new tab)\" href=\"http:\/\/www.musicnb.org\/\" target=\"_blank\" rel=\"noreferrer noopener\">Musique NB<\/a> <\/li>\n\n\n\n<li><a aria-label=\"NB Film Co-op (opens in a new tab)\" href=\"http:\/\/www.nbfilmcoop.com\/\" target=\"_blank\" rel=\"noreferrer noopener\">NB Film Co-op<\/a>  <\/li>\n\n\n\n<li><a aria-label=\"R\u00e9seau atlantique de diffusion des arts de la sc\u00e8ne (RADARTS) (opens in a new tab)\" href=\"https:\/\/www.radarts.ca\/\" target=\"_blank\" rel=\"noreferrer noopener\">R\u00e9seau atlantique de diffusion des arts de la sc\u00e8ne (RADARTS)<\/a>  <\/li>\n\n\n\n<li><a aria-label=\"Writers' Federation of New Brunswick (opens in a new tab)\" href=\"http:\/\/www.wfnb.ca\/\" target=\"_blank\" rel=\"noreferrer noopener\">Writers&#8217; Federation of New Brunswick<\/a><\/li>\n\n\n\n<li><a href=\"https:\/\/nbbaa.ca\/\">New Brunswick Black Artists Alliance<\/a><\/li>\n\n\n\n<li><a href=\"http:\/\/www.creatingaccess.org\/nbdac\/\">New Brunswick Disability Art Collective<\/a><\/li>\n<\/ul>\n\n\n\n<h2 class=\"wp-block-heading\">SUBVENTIONS ET PRIX <\/h2>\n\n\n\n<ul class=\"wp-block-list\">\n<li><a aria-label=\"Conseil des arts du Canada (opens in a new tab)\" href=\"http:\/\/www.canadacouncil.ca\/\" target=\"_blank\" rel=\"noreferrer noopener\">Conseil des arts du Canada<\/a>  <\/li>\n\n\n\n<li><a href=\"https:\/\/thc.smartsimple.ca\/welcome\/arts\/\">Minist\u00e8re du Tourisme, Patrimoine et Culture du N.-B<\/a><\/li>\n\n\n\n<li><a aria-label=\"Musique NB (opens in a new tab)\" href=\"https:\/\/www.musicnb.org\/\" target=\"_blank\" rel=\"noreferrer noopener\">Musique NB<\/a>  <\/li>\n\n\n\n<li><a aria-label=\"Fondation Sheila Hugh McKay (opens in a new tab)\" href=\"http:\/\/sheilahughmackay.ca\/shmf\/\" target=\"_blank\" rel=\"noreferrer noopener\">Fondation Sheila Hugh McKay<\/a> <\/li>\n<\/ul>\n\n\n\n<h2 class=\"wp-block-heading\">CENTRES D&#8217;ARTISTES AUTOG\u00c9R\u00c9S ET R\u00c9SIDENCES<\/h2>\n\n\n\n<ul class=\"wp-block-list\">\n<li><a aria-label=\"R\u00e9seau mondial des r\u00e9sidences d'artistes ResArtis (opens in a new tab)\" href=\"http:\/\/www.resartis.org\/\" target=\"_blank\" rel=\"noreferrer noopener\">R\u00e9seau mondial des r\u00e9sidences d&#8217;artistes ResArtis<\/a> <\/li>\n\n\n\n<li><a href=\"https:\/\/directory.arca.art\/fr\">Le R\u00e9pertoire des collectifs et des centres d\u2019artistes autog\u00e9r\u00e9s du Canada (ARCA)<\/a><\/li>\n<\/ul>\n\n\n\n<p><\/p>\n","protected":false},"excerpt":{"rendered":"<p>R\u00c9SEAUTAGE ET D\u00c9FENSE &nbsp;(TOUTES DISCIPLINES) R\u00c9SEAUTAGE ET GROUPES DE D\u00c9FENSE (PAR DISCIPLINE ET COMMUNAUT\u00c9) SUBVENTIONS ET PRIX CENTRES D&#8217;ARTISTES AUTOG\u00c9R\u00c9S ET R\u00c9SIDENCES<\/p>\n","protected":false},"author":2,"featured_media":0,"parent":572,"menu_order":0,"comment_status":"closed","ping_status":"closed","template":"page-templates\/resources-page.php","meta":{"_acf_changed":false,"footnotes":""},"class_list":["post-579","page","type-page","status-publish","hentry"],"acf":[],"yoast_head":"<!-- This site is optimized with the Yoast SEO plugin v27.3 - https:\/\/yoast.com\/product\/yoast-seo-wordpress\/ -->\n<title>Opportunit\u00e9s pour les artistes - ArtsNB<\/title>\n<meta name=\"robots\" content=\"index, follow, max-snippet:-1, max-image-preview:large, max-video-preview:-1\" \/>\n<link rel=\"canonical\" href=\"https:\/\/artsnb.ca\/web\/resources\/opportunities-for-artists\/\" \/>\n<meta property=\"og:locale\" content=\"en_US\" \/>\n<meta property=\"og:type\" content=\"article\" \/>\n<meta property=\"og:title\" content=\"Opportunit\u00e9s pour les artistes - ArtsNB\" \/>\n<meta property=\"og:description\" content=\"R\u00c9SEAUTAGE ET D\u00c9FENSE &nbsp;(TOUTES DISCIPLINES) R\u00c9SEAUTAGE ET GROUPES DE D\u00c9FENSE (PAR DISCIPLINE ET COMMUNAUT\u00c9) SUBVENTIONS ET PRIX CENTRES D&#8217;ARTISTES AUTOG\u00c9R\u00c9S ET R\u00c9SIDENCES\" \/>\n<meta property=\"og:url\" content=\"https:\/\/artsnb.ca\/web\/resources\/opportunities-for-artists\/?lang=fr\" \/>\n<meta property=\"og:site_name\" content=\"ArtsNB\" \/>\n<meta property=\"article:publisher\" content=\"https:\/\/www.facebook.com\/artsnb\/\" \/>\n<meta property=\"article:modified_time\" content=\"2025-05-28T19:39:36+00:00\" \/>\n<meta property=\"og:image\" content=\"https:\/\/artsnb.ca\/web\/wp-content\/uploads\/2019\/09\/artsnb-logo-horizontal.jpg\" \/>\n\t<meta property=\"og:image:width\" content=\"1724\" \/>\n\t<meta property=\"og:image:height\" content=\"561\" \/>\n\t<meta property=\"og:image:type\" content=\"image\/jpeg\" \/>\n<meta name=\"twitter:card\" content=\"summary_large_image\" \/>\n<meta name=\"twitter:site\" content=\"@artsnb\" \/>\n<meta name=\"twitter:label1\" content=\"Est. reading time\" \/>\n\t<meta name=\"twitter:data1\" content=\"1 minute\" \/>\n<script type=\"application\/ld+json\" class=\"yoast-schema-graph\">{\"@context\":\"https:\\\/\\\/schema.org\",\"@graph\":[{\"@type\":\"WebPage\",\"@id\":\"https:\\\/\\\/artsnb.ca\\\/web\\\/resources\\\/opportunities-for-artists\\\/?lang=fr\",\"url\":\"https:\\\/\\\/artsnb.ca\\\/web\\\/resources\\\/opportunities-for-artists\\\/?lang=fr\",\"name\":\"Opportunit\u00e9s pour les artistes - ArtsNB\",\"isPartOf\":{\"@id\":\"https:\\\/\\\/artsnb.ca\\\/web\\\/#website\"},\"datePublished\":\"2019-07-30T00:30:58+00:00\",\"dateModified\":\"2025-05-28T19:39:36+00:00\",\"breadcrumb\":{\"@id\":\"https:\\\/\\\/artsnb.ca\\\/web\\\/resources\\\/opportunities-for-artists\\\/?lang=fr#breadcrumb\"},\"inLanguage\":\"en-US\",\"potentialAction\":[{\"@type\":\"ReadAction\",\"target\":[\"https:\\\/\\\/artsnb.ca\\\/web\\\/resources\\\/opportunities-for-artists\\\/?lang=fr\"]}]},{\"@type\":\"BreadcrumbList\",\"@id\":\"https:\\\/\\\/artsnb.ca\\\/web\\\/resources\\\/opportunities-for-artists\\\/?lang=fr#breadcrumb\",\"itemListElement\":[{\"@type\":\"ListItem\",\"position\":1,\"name\":\"Home\",\"item\":\"https:\\\/\\\/artsnb.ca\\\/web\\\/\"},{\"@type\":\"ListItem\",\"position\":2,\"name\":\"Resources\",\"item\":\"https:\\\/\\\/artsnb.ca\\\/web\\\/resources\\\/\"},{\"@type\":\"ListItem\",\"position\":3,\"name\":\"Opportunit\u00e9s pour les artistes\"}]},{\"@type\":\"WebSite\",\"@id\":\"https:\\\/\\\/artsnb.ca\\\/web\\\/#website\",\"url\":\"https:\\\/\\\/artsnb.ca\\\/web\\\/\",\"name\":\"ArtsNB\",\"description\":\"EXCELLENCE. PROFESSIONALISM. INNOVATION.\",\"publisher\":{\"@id\":\"https:\\\/\\\/artsnb.ca\\\/web\\\/#organization\"},\"potentialAction\":[{\"@type\":\"SearchAction\",\"target\":{\"@type\":\"EntryPoint\",\"urlTemplate\":\"https:\\\/\\\/artsnb.ca\\\/web\\\/?s={search_term_string}\"},\"query-input\":{\"@type\":\"PropertyValueSpecification\",\"valueRequired\":true,\"valueName\":\"search_term_string\"}}],\"inLanguage\":\"en-US\"},{\"@type\":\"Organization\",\"@id\":\"https:\\\/\\\/artsnb.ca\\\/web\\\/#organization\",\"name\":\"ArtsNB\",\"url\":\"https:\\\/\\\/artsnb.ca\\\/web\\\/\",\"logo\":{\"@type\":\"ImageObject\",\"inLanguage\":\"en-US\",\"@id\":\"https:\\\/\\\/artsnb.ca\\\/web\\\/#\\\/schema\\\/logo\\\/image\\\/\",\"url\":\"https:\\\/\\\/artsnb.ca\\\/web\\\/wp-content\\\/uploads\\\/2024\\\/04\\\/cropped-artsnb-PrimaryLogo-vertical-HiRes-2.jpg\",\"contentUrl\":\"https:\\\/\\\/artsnb.ca\\\/web\\\/wp-content\\\/uploads\\\/2024\\\/04\\\/cropped-artsnb-PrimaryLogo-vertical-HiRes-2.jpg\",\"width\":1698,\"height\":1223,\"caption\":\"ArtsNB\"},\"image\":{\"@id\":\"https:\\\/\\\/artsnb.ca\\\/web\\\/#\\\/schema\\\/logo\\\/image\\\/\"},\"sameAs\":[\"https:\\\/\\\/www.facebook.com\\\/artsnb\\\/\",\"https:\\\/\\\/x.com\\\/artsnb\",\"https:\\\/\\\/www.instagram.com\\\/artsnb\\\/\"]}]}<\/script>\n<!-- \/ Yoast SEO plugin. -->","yoast_head_json":{"title":"Opportunit\u00e9s pour les artistes - ArtsNB","robots":{"index":"index","follow":"follow","max-snippet":"max-snippet:-1","max-image-preview":"max-image-preview:large","max-video-preview":"max-video-preview:-1"},"canonical":"https:\/\/artsnb.ca\/web\/resources\/opportunities-for-artists\/","og_locale":"en_US","og_type":"article","og_title":"Opportunit\u00e9s pour les artistes - ArtsNB","og_description":"R\u00c9SEAUTAGE ET D\u00c9FENSE &nbsp;(TOUTES DISCIPLINES) R\u00c9SEAUTAGE ET GROUPES DE D\u00c9FENSE (PAR DISCIPLINE ET COMMUNAUT\u00c9) SUBVENTIONS ET PRIX CENTRES D&#8217;ARTISTES AUTOG\u00c9R\u00c9S ET R\u00c9SIDENCES","og_url":"https:\/\/artsnb.ca\/web\/resources\/opportunities-for-artists\/?lang=fr","og_site_name":"ArtsNB","article_publisher":"https:\/\/www.facebook.com\/artsnb\/","article_modified_time":"2025-05-28T19:39:36+00:00","og_image":[{"width":1724,"height":561,"url":"https:\/\/artsnb.ca\/web\/wp-content\/uploads\/2019\/09\/artsnb-logo-horizontal.jpg","type":"image\/jpeg"}],"twitter_card":"summary_large_image","twitter_site":"@artsnb","twitter_misc":{"Est. reading time":"1 minute"},"schema":{"@context":"https:\/\/schema.org","@graph":[{"@type":"WebPage","@id":"https:\/\/artsnb.ca\/web\/resources\/opportunities-for-artists\/?lang=fr","url":"https:\/\/artsnb.ca\/web\/resources\/opportunities-for-artists\/?lang=fr","name":"Opportunit\u00e9s pour les artistes - ArtsNB","isPartOf":{"@id":"https:\/\/artsnb.ca\/web\/#website"},"datePublished":"2019-07-30T00:30:58+00:00","dateModified":"2025-05-28T19:39:36+00:00","breadcrumb":{"@id":"https:\/\/artsnb.ca\/web\/resources\/opportunities-for-artists\/?lang=fr#breadcrumb"},"inLanguage":"en-US","potentialAction":[{"@type":"ReadAction","target":["https:\/\/artsnb.ca\/web\/resources\/opportunities-for-artists\/?lang=fr"]}]},{"@type":"BreadcrumbList","@id":"https:\/\/artsnb.ca\/web\/resources\/opportunities-for-artists\/?lang=fr#breadcrumb","itemListElement":[{"@type":"ListItem","position":1,"name":"Home","item":"https:\/\/artsnb.ca\/web\/"},{"@type":"ListItem","position":2,"name":"Resources","item":"https:\/\/artsnb.ca\/web\/resources\/"},{"@type":"ListItem","position":3,"name":"Opportunit\u00e9s pour les artistes"}]},{"@type":"WebSite","@id":"https:\/\/artsnb.ca\/web\/#website","url":"https:\/\/artsnb.ca\/web\/","name":"ArtsNB","description":"EXCELLENCE. PROFESSIONALISM. INNOVATION.","publisher":{"@id":"https:\/\/artsnb.ca\/web\/#organization"},"potentialAction":[{"@type":"SearchAction","target":{"@type":"EntryPoint","urlTemplate":"https:\/\/artsnb.ca\/web\/?s={search_term_string}"},"query-input":{"@type":"PropertyValueSpecification","valueRequired":true,"valueName":"search_term_string"}}],"inLanguage":"en-US"},{"@type":"Organization","@id":"https:\/\/artsnb.ca\/web\/#organization","name":"ArtsNB","url":"https:\/\/artsnb.ca\/web\/","logo":{"@type":"ImageObject","inLanguage":"en-US","@id":"https:\/\/artsnb.ca\/web\/#\/schema\/logo\/image\/","url":"https:\/\/artsnb.ca\/web\/wp-content\/uploads\/2024\/04\/cropped-artsnb-PrimaryLogo-vertical-HiRes-2.jpg","contentUrl":"https:\/\/artsnb.ca\/web\/wp-content\/uploads\/2024\/04\/cropped-artsnb-PrimaryLogo-vertical-HiRes-2.jpg","width":1698,"height":1223,"caption":"ArtsNB"},"image":{"@id":"https:\/\/artsnb.ca\/web\/#\/schema\/logo\/image\/"},"sameAs":["https:\/\/www.facebook.com\/artsnb\/","https:\/\/x.com\/artsnb","https:\/\/www.instagram.com\/artsnb\/"]}]}},"_links":{"self":[{"href":"https:\/\/artsnb.ca\/web\/wp-json\/wp\/v2\/pages\/579","targetHints":{"allow":["GET"]}}],"collection":[{"href":"https:\/\/artsnb.ca\/web\/wp-json\/wp\/v2\/pages"}],"about":[{"href":"https:\/\/artsnb.ca\/web\/wp-json\/wp\/v2\/types\/page"}],"author":[{"embeddable":true,"href":"https:\/\/artsnb.ca\/web\/wp-json\/wp\/v2\/users\/2"}],"replies":[{"embeddable":true,"href":"https:\/\/artsnb.ca\/web\/wp-json\/wp\/v2\/comments?post=579"}],"version-history":[{"count":12,"href":"https:\/\/artsnb.ca\/web\/wp-json\/wp\/v2\/pages\/579\/revisions"}],"predecessor-version":[{"id":20885,"href":"https:\/\/artsnb.ca\/web\/wp-json\/wp\/v2\/pages\/579\/revisions\/20885"}],"up":[{"embeddable":true,"href":"https:\/\/artsnb.ca\/web\/wp-json\/wp\/v2\/pages\/572"}],"wp:attachment":[{"href":"https:\/\/artsnb.ca\/web\/wp-json\/wp\/v2\/media?parent=579"}],"curies":[{"name":"wp","href":"https:\/\/api.w.org\/{rel}","templated":true}]}}