{"id":584,"date":"2019-07-30T00:15:41","date_gmt":"2019-07-30T00:15:41","guid":{"rendered":"https:\/\/staging-artsnb.weavercrawford.com\/resources\/studies-and-reports\/"},"modified":"2025-10-23T17:20:43","modified_gmt":"2025-10-23T17:20:43","slug":"studies-and-reports","status":"publish","type":"page","link":"https:\/\/artsnb.ca\/web\/resources\/studies-and-reports\/?lang=fr","title":{"rendered":"\u00c9tudes et rapports"},"content":{"rendered":"\n<h2 class=\"wp-block-heading\">STATUT DE L&#8217;ARTISTE<\/h2>\n\n\n\n<h4 class=\"wp-block-heading\">Rapport : Statut de l&#8217;artiste : Vue d&#8217;ensemble<\/h4>\n\n\n\n<p>Ce rapport \u00e9tudie les Lois sur le statut de l\u2019artiste et les options de mod\u00e8les au Canada et dans le monde et servira de document de discussion au Comit\u00e9 d\u2019examen de la politique culturelle du Nouveau-Brunswick et au comit\u00e9 permanent du ministre sur le statut de l\u2019artiste.<\/p>\n\n\n\n<p><a href=\"https:\/\/artsnb.ca\/web\/wp-content\/uploads\/2019\/07\/2012_05_Statut_de_lartiste_FR.pdf\" target=\"_blank\" rel=\"noreferrer noopener\">Statut de l&#8217;artiste : Vue d&#8217;ensemble<\/a><br><\/p>\n\n\n\n<p>R\u00e9dig\u00e9 par : Conseil des arts du Nouveau-Brunswick (<strong>artsnb<\/strong>)<br>Date de publication : Mai 2012<\/p>\n\n\n\n<div style=\"height:10px\" aria-hidden=\"true\" class=\"wp-block-spacer\"><\/div>\n\n\n\n<h4 class=\"wp-block-heading\">RAPPORT : Rapport du groupe de travail du Premier ministre sur le statut de l&#8217;artiste<\/h4>\n\n\n\n<p>Ce rapport est le fruit d\u2019une collaboration \u00e9troite, s\u2019\u00e9chelonnant sur sept ans, entre des artistes professionnels, des organismes artistiques, et plusieurs minist\u00e8res du gouvernement provincial. Les 24 recommandations \u00e9nonc\u00e9es dans le rapport visent \u00e0 am\u00e9liorer le statut socio-\u00e9conomique des artistes du Nouveau-Brunswick d\u2019une mani\u00e8re profonde et substantielle.<\/p>\n\n\n\n<p><a href=\"https:\/\/www.gnb.ca\/fr\/sujet\/culture-patrimoine\/arts-culture\/statut-artiste.html\" target=\"_blank\" rel=\"noreferrer noopener\">Rapport du groupe de travail du Premier ministre sur le statut de l&#8217;artist<\/a><a href=\"https:\/\/www2.gnb.ca\/content\/gnb\/fr\/ministeres\/tpc\/culture\/content\/statut_de_artiste.html\" target=\"_blank\" rel=\"noreferrer noopener\">e<\/a><\/p>\n\n\n\n<p>R\u00e9dig\u00e9 par: Groupe de travail du Premier ministre sur le statut de l\u2019artiste<br>Date de publication: Juin 2021<\/p>\n\n\n\n<div style=\"height:40px\" aria-hidden=\"true\" class=\"wp-block-spacer\"><\/div>\n\n\n\n<h2 class=\"wp-block-heading\">ORGANISMES PUBLICS DE SOUTIEN AUX ARTS (OPSAC)<\/h2>\n\n\n\n<h4 class=\"wp-block-heading\">RAPPORT : Conf\u00e9rence de perfectionnement professionnel de l&#8217;OPSAC 2019<\/h4>\n\n\n\n<p>La conf\u00e9rence de perfectionnement professionnel des Organismes publics de soutien aux arts du Canada a eu lieu \u00e0 Fredericton, N.-B. en septembre 2019. Ce rapport pr\u00e9sente des le\u00e7ons cl\u00e9s de chaque s\u00e9ance ainsi que des sites \u00e0 parcourir pour plus d&#8217;informations. Un grand merci au Conseil des Arts du Canada d&#8217;avoir fourni la traduction fran\u00e7aise du document.<\/p>\n\n\n\n<div class=\"wp-block-file\"><a id=\"wp-block-file--media-e759db99-70c0-4d7e-8df7-d3c93d37e656\" href=\"https:\/\/artsnb.ca\/web\/wp-content\/uploads\/2019\/12\/FR-Le\u00e7ons-cl\u00e9s-de-la-r\u00e9union-OPSAC-Sept-2019.pdf\" target=\"_blank\" rel=\"noreferrer noopener\">Rapport de la conf\u00e9rence de perfectionnement professionnel 2019<\/a><\/div>\n\n\n\n<p>R\u00e9dig\u00e9 par: OPSAC<br>Date de publication: D\u00e9cembre 2019<br><\/p>\n\n\n\n<div style=\"height:10px\" aria-hidden=\"true\" class=\"wp-block-spacer\"><\/div>\n\n\n\n<h4 class=\"wp-block-heading\">RAPPORT : <strong>ACCRO\u00ceTRE LA PARTICIPATION DES ARTISTES DU N.-B. AUX PROGRAMMES DE FINANCEMENT DU CONSEIL DES ARTS DU CANADA<\/strong><\/h4>\n\n\n\n<p>En \u0153uvrant vers notre but strat\u00e9gique d\u2019augmenter les bourses du Conseil des arts du Canada (CAC) remises aux artistes du Nouveau-Brunswick, le Conseil des arts du N.-B. (<strong>artsnb<\/strong>) a recueilli des donn\u00e9es des cinq derni\u00e8res ann\u00e9es et a pr\u00e9par\u00e9 un rapport avec l\u2019aide du CAC.  <\/p>\n\n\n\n<div class=\"wp-block-file\"><a id=\"wp-block-file--media-290a6695-ad7c-4664-86dd-a76e04e5ec30\" href=\"https:\/\/artsnb.ca\/web\/wp-content\/uploads\/2019\/12\/Accro\u00eetre-la-participation-des-artistes-du-NB-au-programmes-de-subvention-du-CAC-2019.pdf\" target=\"_blank\" rel=\"noreferrer noopener\">Accro\u00eetre la participation des artistes du N.-B. aux programmes de subvention du CAC<\/a><\/div>\n\n\n\n<p>R\u00e9dig\u00e9 par : Conseil des arts du Nouveau-Brunswick (<strong>artsnb<\/strong>)<br>Date de publication : D\u00e9cembre 2019<\/p>\n\n\n\n<div style=\"height:40px\" aria-hidden=\"true\" class=\"wp-block-spacer\"><\/div>\n\n\n\n<h2 class=\"wp-block-heading\">COMMUNAUT\u00c9S, ART ET PROTOCOLES AUTOCHTONES<\/h2>\n\n\n\n<h4 class=\"wp-block-heading\">GUIDE DE RESSOURCES : Protocoles autochtones pour les arts visuels<\/h4>\n\n\n\n<p>Le guide de ressources <em>Protocoles autochtones pour les arts visuels<\/em> est une initiative continue pour renforcer le respect pour les \u0153uvres d\u2019arts visuels et les artistes inuits, m\u00e9tis et des Premi\u00e8res Nations, ainsi que pour les droits l\u00e9gaux et moraux sur le territoire connu aujourd\u2019hui comme le Canada.<\/p>\n\n\n\n<p><a href=\"https:\/\/static1.squarespace.com\/static\/61e830a9a1fa890cec5c1521\/t\/62b0a87fdec5cf0dce24ef34\/1655744640166\/Protocoles+Autochtones+pour+les+Arts+Visuels+%281%29.pdf\" target=\"_blank\" rel=\"noreferrer noopener\">Guide sur les protocoles autochtones pour les arts visuels<\/a><\/p>\n\n\n\n<p>R\u00e9dig\u00e9 par : Canadian Artist Representation \/ Le Front des artistes canadiens (CARFAC)<br>Date de publication : F\u00e9vrier 2022<\/p>\n\n\n\n<div style=\"height:10px\" aria-hidden=\"true\" class=\"wp-block-spacer\"><\/div>\n\n\n\n<h4 class=\"wp-block-heading\">COURS GRATUIT EN LIGNE: Canada autochtone<\/h4>\n\n\n\n<p>Indigenous Canada [Canada autochtone] est un cours en ligne ouvert et massif (MOOC) de 12 le\u00e7ons de la facult\u00e9 des \u00e9tudes autochtones qui explore les diff\u00e9rentes histoires et les perspectives contemporaines des peuples autochtones vivant au Canada.<\/p>\n\n\n\n<p>D&#8217;un point de vue autochtone, ce cours explore les exp\u00e9riences complexes auxquelles les peuples autochtones sont confront\u00e9s aujourd&#8217;hui d&#8217;un point de vue historique et critique, en mettant en \u00e9vidence les relations nationales et locales entre les autochtones et les colons.<\/p>\n\n\n\n<p><a href=\"https:\/\/www.ualberta.ca\/admissions-programs\/online-courses\/indigenous-canada\/index.html\" target=\"_blank\" rel=\"noreferrer noopener\">Cours gratuit en ligne Canada autochtone<\/a> (offert en anglais avec sous-titres disponibles en fran\u00e7ais)<\/p>\n\n\n\n<p>Pr\u00e9sent\u00e9 par: University of Alberta, facult\u00e9 des \u00e9tudes autochtones<\/p>\n\n\n\n<div style=\"height:40px\" aria-hidden=\"true\" class=\"wp-block-spacer\"><\/div>\n\n\n\n<h2 class=\"wp-block-heading\">DIVERSIT\u00c9 CULTURELLE ET \u00c9QUIT\u00c9<\/h2>\n\n\n\n<h4 class=\"wp-block-heading\">RESSOURCE : Fiches contextuelles pour outiller les comit\u00e9s de pairs<\/h4>\n\n\n\n<p>Renseignements et  ressources sur les communaut\u00e9s et les pratiques artistiques \u00e9mergentes, minoris\u00e9es et moins bien comprises. Elles ont \u00e9t\u00e9 con\u00e7ues pour outiller les comit\u00e9s de pairs sur les arts de diverses cultures (ou d&#8217;artistes racis\u00e9s), les arts et la culture autochtones, les pratiques des artistes handicap\u00e9s ou sourds, les communaut\u00e9s de langue officielle en situation minoritaire, l&#8217;approprsiation culturelle et l&#8217;approche du Conseil, et sur la collaboration entre les artistes et la communaut\u00e9.<\/p>\n\n\n\n<p><a href=\"https:\/\/conseildesarts.ca\/financement\/decisions-de-financement\/processus-decisionnel\/evaluation-des-demandes\/fiche-contextuelle?_ga=2.141634673.274145684.1667217434-874579710.1654794788\" target=\"_blank\" rel=\"noreferrer noopener\">Fiches contextuelles pour outiller les comit\u00e9s de pairs<\/a><\/p>\n\n\n\n<p>Pr\u00e9sent\u00e9 par: Conseil des arts du Canada<\/p>\n\n\n\n<div style=\"height:10px\" aria-hidden=\"true\" class=\"wp-block-spacer\"><\/div>\n\n\n\n<h4 class=\"wp-block-heading\">RAPPORT : Commission pour la diversit\u00e9 culturelle d&#8217;artsnb<\/h4>\n\n\n\n<p>La Commission sur la diversit\u00e9 culturelle du Conseil des arts du Nouveau-Brunswick a \u00e9t\u00e9 con\u00e7ue dans le but de continuer de travailler surles actions op\u00e9rationnelles d\u00e9taill\u00e9es par la direction du Conseil des arts du Nouveau-Brunswick dans le Plan strat\u00e9gique 2013-2018. La Commission \u00e9tait compos\u00e9e d\u2019artistes provenant de divers contextes culturels, de repr\u00e9sentants d\u2019organismes artistiques et culturels, de repr\u00e9sentants de soci\u00e9t\u00e9s multiculturelles, de repr\u00e9sentants de d\u00e9partements culturels au niveau f\u00e9d\u00e9ral et provincial, et de membres du personnel d\u2019artsnb. Le but des r\u00e9unions \u00e9tait de stimulerdes discussions portant sur des questions \u00e9voqu\u00e9es par une diversit\u00e9 accrue dansla population du Nouveau-Brunswick, et de d\u00e9terminer des strat\u00e9gies en vue d\u2019encourager la compr\u00e9hension et l\u2019appr\u00e9ciation des cultures diverses de la province, ainsi qu\u2019une inclusion accrue quant \u00e0 celles-ci dans la vie publique.<\/p>\n\n\n\n<p><a href=\"https:\/\/artsnb.ca\/web\/wp-content\/uploads\/2025\/10\/RAPPORT_artsnb-Commission-Cultural-Diversity_FR_Final.pdf\" target=\"_blank\" rel=\"noreferrer noopener\">Rapport de la Commission sur la diversit\u00e9 culturelle d&#8217;artsnb<\/a> <\/p>\n\n\n\n<p>R\u00e9dig\u00e9 par : Conseil des arts du Nouveau-Brunswick (<strong>artsnb<\/strong>)<br>Date de publication : Juin 2016<\/p>\n\n\n\n<div style=\"height:10px\" aria-hidden=\"true\" class=\"wp-block-spacer\"><\/div>\n\n\n\n<h4 class=\"wp-block-heading\">RESSOURCE : Outils pour l&#8217;\u00e9quit\u00e9 raciale<\/h4>\n\n\n\n<p>Racial Equity Tools [Outils pour l&#8217;\u00e9quit\u00e9 raciale] est con\u00e7u pour soutenir les personnes et les groupes qui travaillent \u00e0 la r\u00e9alisation de l&#8217;\u00e9quit\u00e9 raciale. Il offre des outils, des recherches, des conseils, des programmes et des id\u00e9es pour les personnes qui souhaitent am\u00e9liorer leur compr\u00e9hension et aider celles qui travaillent pour la justice raciale \u00e0 tous les niveaux &#8211; dans les syst\u00e8mes, les organisations, les communaut\u00e9s et la culture en g\u00e9n\u00e9ral. Les outils d&#8217;\u00e9quit\u00e9 raciale regroupent des ressources qui utilisent un langage et une analyse refl\u00e9tant une compr\u00e9hension du racisme syst\u00e9mique, du pouvoir et des privil\u00e8ges, et qui sont accessibles en ligne et gratuitement aux utilisateurs (offerts en anglais seulement).<\/p>\n\n\n\n<p><a href=\"https:\/\/www.racialequitytools.org\/resources\/fundamentals\/core-concepts\/racism\">Principes fondamentaux et concepts de base pour<\/a><a href=\"https:\/\/www.racialequitytools.org\/resources\/fundamentals\/core-concepts\/racism\" target=\"_blank\" rel=\"noreferrer noopener\"> comprendre le racisme<\/a> (en anglais seulement)<\/p>\n\n\n\n<p>Pr\u00e9sent\u00e9 par: Racial Equity Tools, divers auteurs et autrices<\/p>\n\n\n\n<div style=\"height:40px\" aria-hidden=\"true\" class=\"wp-block-spacer\"><\/div>\n\n\n\n<h2 class=\"wp-block-heading\">LE PAYSAGE ARTISTIQUE AU NOUVEAU-BRUNSWICK<\/h2>\n\n\n\n<h4 class=\"wp-block-heading\">ANALYSE : Le nombre d&#8217;artistes est en croissance au Nouveau-Brunswick<\/h4>\n\n\n\n<p>Cette analyse comprend une comparaison minutieuse des statistiques sur les artistes au Nouveau-Brunswick, \u00e0 partir des recensements remontant \u00e0 1991. En raison des nombreux changements survenus au fil du temps dans les groupes de professions culturelles au sein de la population active, l&#8217;article ne couvre pas cette cat\u00e9gorie plus large. Cet article est rendu possible gr\u00e2ce au soutien du gouvernement du Nouveau-Brunswicket d&#8217;<strong>artsnb<\/strong>.<\/p>\n\n\n\n<p><a href=\"https:\/\/regardsstatistiques.substack.com\/p\/artistes-historique-nb\">Le nombre d&#8217;artistes est en croissance au Nouveau-Brunswick<\/a><\/p>\n\n\n\n<p>R\u00e9dig\u00e9 par : Kelly Hill de Hill Strategies Recherche Inc.<br>Date de publication : mars 2025<\/p>\n\n\n\n<div style=\"height:10px\" aria-hidden=\"true\" class=\"wp-block-spacer\"><\/div>\n\n\n\n<h4 class=\"wp-block-heading\">RAPPORT DE RECHERCHE : LE FINANCEMENT DES ARTS \u00c0 L&#8217;\u00c9CHELLE PROVINCIALE AU N.-B.<\/h4>\n\n\n\n<p>Dans le contexte actuel, o\u00f9 le minist\u00e8re du Tourisme, du Patrimoine et de la Culture proc\u00e8de \u00e0 la r\u00e9vision de ses programmes, <strong>artsnb<\/strong> a demand\u00e9 une \u00e9valuation externe ind\u00e9pendante du mod\u00e8le de financement de la province afin de cerner les forces et les faiblesses du syst\u00e8me et de cibler des occasions o\u00f9 la collaboration interorganisationnelle pourrait \u00eatre am\u00e9lior\u00e9e. L\u2019\u00e9tude a explor\u00e9 le contenu et le processus de financement des arts au Nouveau-Brunswick, y compris la nature des activit\u00e9s et des entit\u00e9s financ\u00e9es par <strong>artsnb<\/strong> et par le minist\u00e8re du Tourisme, du Patrimoine et de la Culture, et le fonctionnement de la prise de d\u00e9cision et de la production de rapports. Elle a aussi compar\u00e9 le mod\u00e8le de financement de la province \u00e0 celui d\u2019autres comp\u00e9tences canadiennes afin de rep\u00e9rerles forces, les faiblesses et les possibilit\u00e9s d\u2019am\u00e9lioration.<\/p>\n\n\n\n<p><a aria-label=\"Rapport de recherche: Le financement des arts \u00e0 l'\u00e9chelle provinciale au N.-B. (opens in a new tab)\" href=\"https:\/\/artsnb.ca\/web\/wp-content\/uploads\/2019\/07\/2016_02_Gattinger_FR.pdf\" target=\"_blank\" rel=\"noreferrer noopener\">Rapport de recherche : Le financement des arts \u00e0 l&#8217;\u00e9chelle provinciale au N.-B.<\/a><br><\/p>\n\n\n\n<p>R\u00e9dig\u00e9 par : Dr. Monica Gattinger <br>Date de publication : F\u00e9vrier 2016<\/p>\n\n\n\n<div style=\"height:40px\" aria-hidden=\"true\" class=\"wp-block-spacer\"><\/div>\n\n\n\n<h2 class=\"wp-block-heading\">UN AVENIR EMPREINT DE CR\u00c9ATIVIT\u00c9: POLITIQUE CULTURELLE DU N.-B. 2014-2019<\/h2>\n\n\n\n<p>\u00abUn avenir empreint de cr\u00e9ativit\u00e9 porte sur la fa\u00e7on dont la culture est consign\u00e9e, pr\u00e9serv\u00e9e, encourag\u00e9e, renforc\u00e9e, exprim\u00e9e, cr\u00e9\u00e9e et construite. Dans nos efforts pour am\u00e9liorer la vie des N\u00e9o-Brunswickois, elle constitue une feuille de route cruciale en vue de la cr\u00e9ation de communaut\u00e9s saines et dynamiques.\u00bb &#8211; Le premier ministre David Alward<\/p>\n\n\n\n<p><a aria-label=\"Politique Culturelle du N.-B. 2014-2019 (opens in a new tab)\" href=\"https:\/\/artsnb.ca\/web\/wp-content\/uploads\/2019\/07\/2014_05_Politique_Culturelle_FR.pdf\" target=\"_blank\" rel=\"noreferrer noopener\">Politique Culturelle du N.-B. 2014-2<\/a><a href=\"https:\/\/www2.gnb.ca\/content\/gnb\/fr\/ministeres\/tpc\/culture\/content\/rpc.html\" target=\"_blank\" rel=\"noreferrer noopener\">019<\/a><br><\/p>\n\n\n\n<p>R\u00e9dig\u00e9 par : Province du Nouveau-Brunswick <br>Date de publication : Mai 2014<\/p>\n","protected":false},"excerpt":{"rendered":"<p>STATUT DE L&#8217;ARTISTE Rapport : Statut de l&#8217;artiste : Vue d&#8217;ensemble Ce rapport \u00e9tudie les Lois sur le statut de l\u2019artiste et les options de mod\u00e8les au Canada et dans le monde et servira de document de discussion au Comit\u00e9 d\u2019examen de la politique culturelle du Nouveau-Brunswick et au comit\u00e9 permanent du ministre sur le<\/p>\n","protected":false},"author":2,"featured_media":0,"parent":572,"menu_order":0,"comment_status":"closed","ping_status":"closed","template":"page-templates\/resources-page.php","meta":{"_acf_changed":false,"footnotes":""},"class_list":["post-584","page","type-page","status-publish","hentry"],"acf":[],"yoast_head":"<!-- This site is optimized with the Yoast SEO plugin v27.6 - https:\/\/yoast.com\/product\/yoast-seo-wordpress\/ -->\n<title>\u00c9tudes et rapports - ArtsNB<\/title>\n<meta name=\"robots\" content=\"index, follow, max-snippet:-1, max-image-preview:large, max-video-preview:-1\" \/>\n<link rel=\"canonical\" href=\"https:\/\/artsnb.ca\/web\/resources\/studies-and-reports\/\" \/>\n<meta property=\"og:locale\" content=\"en_US\" \/>\n<meta property=\"og:type\" content=\"article\" \/>\n<meta property=\"og:title\" content=\"\u00c9tudes et rapports - ArtsNB\" \/>\n<meta property=\"og:description\" content=\"STATUT DE L&#8217;ARTISTE Rapport : Statut de l&#8217;artiste : Vue d&#8217;ensemble Ce rapport \u00e9tudie les Lois sur le statut de l\u2019artiste et les options de mod\u00e8les au Canada et dans le monde et servira de document de discussion au Comit\u00e9 d\u2019examen de la politique culturelle du Nouveau-Brunswick et au comit\u00e9 permanent du ministre sur le\" \/>\n<meta property=\"og:url\" content=\"https:\/\/artsnb.ca\/web\/resources\/studies-and-reports\/?lang=fr\" \/>\n<meta property=\"og:site_name\" content=\"ArtsNB\" \/>\n<meta property=\"article:publisher\" content=\"https:\/\/www.facebook.com\/artsnb\/\" \/>\n<meta property=\"article:modified_time\" content=\"2025-10-23T17:20:43+00:00\" \/>\n<meta property=\"og:image\" content=\"https:\/\/artsnb.ca\/web\/wp-content\/uploads\/2019\/09\/artsnb-logo-horizontal.jpg\" \/>\n\t<meta property=\"og:image:width\" content=\"1724\" \/>\n\t<meta property=\"og:image:height\" content=\"561\" \/>\n\t<meta property=\"og:image:type\" content=\"image\/jpeg\" \/>\n<meta name=\"twitter:card\" content=\"summary_large_image\" \/>\n<meta name=\"twitter:site\" content=\"@artsnb\" \/>\n<meta name=\"twitter:label1\" content=\"Est. reading time\" \/>\n\t<meta name=\"twitter:data1\" content=\"6 minutes\" \/>\n<script type=\"application\/ld+json\" class=\"yoast-schema-graph\">{\"@context\":\"https:\\\/\\\/schema.org\",\"@graph\":[{\"@type\":\"WebPage\",\"@id\":\"https:\\\/\\\/artsnb.ca\\\/web\\\/resources\\\/studies-and-reports\\\/?lang=fr\",\"url\":\"https:\\\/\\\/artsnb.ca\\\/web\\\/resources\\\/studies-and-reports\\\/?lang=fr\",\"name\":\"\u00c9tudes et rapports - ArtsNB\",\"isPartOf\":{\"@id\":\"https:\\\/\\\/artsnb.ca\\\/web\\\/#website\"},\"datePublished\":\"2019-07-30T00:15:41+00:00\",\"dateModified\":\"2025-10-23T17:20:43+00:00\",\"breadcrumb\":{\"@id\":\"https:\\\/\\\/artsnb.ca\\\/web\\\/resources\\\/studies-and-reports\\\/?lang=fr#breadcrumb\"},\"inLanguage\":\"en-US\",\"potentialAction\":[{\"@type\":\"ReadAction\",\"target\":[\"https:\\\/\\\/artsnb.ca\\\/web\\\/resources\\\/studies-and-reports\\\/?lang=fr\"]}]},{\"@type\":\"BreadcrumbList\",\"@id\":\"https:\\\/\\\/artsnb.ca\\\/web\\\/resources\\\/studies-and-reports\\\/?lang=fr#breadcrumb\",\"itemListElement\":[{\"@type\":\"ListItem\",\"position\":1,\"name\":\"Home\",\"item\":\"https:\\\/\\\/artsnb.ca\\\/web\\\/\"},{\"@type\":\"ListItem\",\"position\":2,\"name\":\"Resources\",\"item\":\"https:\\\/\\\/artsnb.ca\\\/web\\\/resources\\\/\"},{\"@type\":\"ListItem\",\"position\":3,\"name\":\"\u00c9tudes et rapports\"}]},{\"@type\":\"WebSite\",\"@id\":\"https:\\\/\\\/artsnb.ca\\\/web\\\/#website\",\"url\":\"https:\\\/\\\/artsnb.ca\\\/web\\\/\",\"name\":\"ArtsNB\",\"description\":\"EXCELLENCE. PROFESSIONALISM. INNOVATION.\",\"publisher\":{\"@id\":\"https:\\\/\\\/artsnb.ca\\\/web\\\/#organization\"},\"potentialAction\":[{\"@type\":\"SearchAction\",\"target\":{\"@type\":\"EntryPoint\",\"urlTemplate\":\"https:\\\/\\\/artsnb.ca\\\/web\\\/?s={search_term_string}\"},\"query-input\":{\"@type\":\"PropertyValueSpecification\",\"valueRequired\":true,\"valueName\":\"search_term_string\"}}],\"inLanguage\":\"en-US\"},{\"@type\":\"Organization\",\"@id\":\"https:\\\/\\\/artsnb.ca\\\/web\\\/#organization\",\"name\":\"ArtsNB\",\"url\":\"https:\\\/\\\/artsnb.ca\\\/web\\\/\",\"logo\":{\"@type\":\"ImageObject\",\"inLanguage\":\"en-US\",\"@id\":\"https:\\\/\\\/artsnb.ca\\\/web\\\/#\\\/schema\\\/logo\\\/image\\\/\",\"url\":\"https:\\\/\\\/artsnb.ca\\\/web\\\/wp-content\\\/uploads\\\/2024\\\/04\\\/cropped-artsnb-PrimaryLogo-vertical-HiRes-2.jpg\",\"contentUrl\":\"https:\\\/\\\/artsnb.ca\\\/web\\\/wp-content\\\/uploads\\\/2024\\\/04\\\/cropped-artsnb-PrimaryLogo-vertical-HiRes-2.jpg\",\"width\":1698,\"height\":1223,\"caption\":\"ArtsNB\"},\"image\":{\"@id\":\"https:\\\/\\\/artsnb.ca\\\/web\\\/#\\\/schema\\\/logo\\\/image\\\/\"},\"sameAs\":[\"https:\\\/\\\/www.facebook.com\\\/artsnb\\\/\",\"https:\\\/\\\/x.com\\\/artsnb\",\"https:\\\/\\\/www.instagram.com\\\/artsnb\\\/\"]}]}<\/script>\n<!-- \/ Yoast SEO plugin. -->","yoast_head_json":{"title":"\u00c9tudes et rapports - ArtsNB","robots":{"index":"index","follow":"follow","max-snippet":"max-snippet:-1","max-image-preview":"max-image-preview:large","max-video-preview":"max-video-preview:-1"},"canonical":"https:\/\/artsnb.ca\/web\/resources\/studies-and-reports\/","og_locale":"en_US","og_type":"article","og_title":"\u00c9tudes et rapports - ArtsNB","og_description":"STATUT DE L&#8217;ARTISTE Rapport : Statut de l&#8217;artiste : Vue d&#8217;ensemble Ce rapport \u00e9tudie les Lois sur le statut de l\u2019artiste et les options de mod\u00e8les au Canada et dans le monde et servira de document de discussion au Comit\u00e9 d\u2019examen de la politique culturelle du Nouveau-Brunswick et au comit\u00e9 permanent du ministre sur le","og_url":"https:\/\/artsnb.ca\/web\/resources\/studies-and-reports\/?lang=fr","og_site_name":"ArtsNB","article_publisher":"https:\/\/www.facebook.com\/artsnb\/","article_modified_time":"2025-10-23T17:20:43+00:00","og_image":[{"width":1724,"height":561,"url":"https:\/\/artsnb.ca\/web\/wp-content\/uploads\/2019\/09\/artsnb-logo-horizontal.jpg","type":"image\/jpeg"}],"twitter_card":"summary_large_image","twitter_site":"@artsnb","twitter_misc":{"Est. reading time":"6 minutes"},"schema":{"@context":"https:\/\/schema.org","@graph":[{"@type":"WebPage","@id":"https:\/\/artsnb.ca\/web\/resources\/studies-and-reports\/?lang=fr","url":"https:\/\/artsnb.ca\/web\/resources\/studies-and-reports\/?lang=fr","name":"\u00c9tudes et rapports - ArtsNB","isPartOf":{"@id":"https:\/\/artsnb.ca\/web\/#website"},"datePublished":"2019-07-30T00:15:41+00:00","dateModified":"2025-10-23T17:20:43+00:00","breadcrumb":{"@id":"https:\/\/artsnb.ca\/web\/resources\/studies-and-reports\/?lang=fr#breadcrumb"},"inLanguage":"en-US","potentialAction":[{"@type":"ReadAction","target":["https:\/\/artsnb.ca\/web\/resources\/studies-and-reports\/?lang=fr"]}]},{"@type":"BreadcrumbList","@id":"https:\/\/artsnb.ca\/web\/resources\/studies-and-reports\/?lang=fr#breadcrumb","itemListElement":[{"@type":"ListItem","position":1,"name":"Home","item":"https:\/\/artsnb.ca\/web\/"},{"@type":"ListItem","position":2,"name":"Resources","item":"https:\/\/artsnb.ca\/web\/resources\/"},{"@type":"ListItem","position":3,"name":"\u00c9tudes et rapports"}]},{"@type":"WebSite","@id":"https:\/\/artsnb.ca\/web\/#website","url":"https:\/\/artsnb.ca\/web\/","name":"ArtsNB","description":"EXCELLENCE. PROFESSIONALISM. INNOVATION.","publisher":{"@id":"https:\/\/artsnb.ca\/web\/#organization"},"potentialAction":[{"@type":"SearchAction","target":{"@type":"EntryPoint","urlTemplate":"https:\/\/artsnb.ca\/web\/?s={search_term_string}"},"query-input":{"@type":"PropertyValueSpecification","valueRequired":true,"valueName":"search_term_string"}}],"inLanguage":"en-US"},{"@type":"Organization","@id":"https:\/\/artsnb.ca\/web\/#organization","name":"ArtsNB","url":"https:\/\/artsnb.ca\/web\/","logo":{"@type":"ImageObject","inLanguage":"en-US","@id":"https:\/\/artsnb.ca\/web\/#\/schema\/logo\/image\/","url":"https:\/\/artsnb.ca\/web\/wp-content\/uploads\/2024\/04\/cropped-artsnb-PrimaryLogo-vertical-HiRes-2.jpg","contentUrl":"https:\/\/artsnb.ca\/web\/wp-content\/uploads\/2024\/04\/cropped-artsnb-PrimaryLogo-vertical-HiRes-2.jpg","width":1698,"height":1223,"caption":"ArtsNB"},"image":{"@id":"https:\/\/artsnb.ca\/web\/#\/schema\/logo\/image\/"},"sameAs":["https:\/\/www.facebook.com\/artsnb\/","https:\/\/x.com\/artsnb","https:\/\/www.instagram.com\/artsnb\/"]}]}},"_links":{"self":[{"href":"https:\/\/artsnb.ca\/web\/wp-json\/wp\/v2\/pages\/584","targetHints":{"allow":["GET"]}}],"collection":[{"href":"https:\/\/artsnb.ca\/web\/wp-json\/wp\/v2\/pages"}],"about":[{"href":"https:\/\/artsnb.ca\/web\/wp-json\/wp\/v2\/types\/page"}],"author":[{"embeddable":true,"href":"https:\/\/artsnb.ca\/web\/wp-json\/wp\/v2\/users\/2"}],"replies":[{"embeddable":true,"href":"https:\/\/artsnb.ca\/web\/wp-json\/wp\/v2\/comments?post=584"}],"version-history":[{"count":18,"href":"https:\/\/artsnb.ca\/web\/wp-json\/wp\/v2\/pages\/584\/revisions"}],"predecessor-version":[{"id":22009,"href":"https:\/\/artsnb.ca\/web\/wp-json\/wp\/v2\/pages\/584\/revisions\/22009"}],"up":[{"embeddable":true,"href":"https:\/\/artsnb.ca\/web\/wp-json\/wp\/v2\/pages\/572"}],"wp:attachment":[{"href":"https:\/\/artsnb.ca\/web\/wp-json\/wp\/v2\/media?parent=584"}],"curies":[{"name":"wp","href":"https:\/\/api.w.org\/{rel}","templated":true}]}}