{"id":6354,"date":"2020-07-21T12:54:50","date_gmt":"2020-07-21T12:54:50","guid":{"rendered":"https:\/\/artsnb.ca\/web\/?page_id=6354"},"modified":"2026-02-18T20:07:59","modified_gmt":"2026-02-18T20:07:59","slug":"dates-limites-annuelles","status":"publish","type":"page","link":"https:\/\/artsnb.ca\/web\/subventions\/dates-limites-annuelles\/?lang=fr","title":{"rendered":"Dates limites annuelles"},"content":{"rendered":"\n<p>Dessous, vous trouverez une liste des dates limites annuelles ainsi qu&#8217;une liste des dates limites par programme. Pour conna\u00eetre les d\u00e9tails de chaque programme, veuillez visiter la page Web appropri\u00e9e \u00e0 partir de la section <a href=\"https:\/\/artsnb.ca\/web\/programs\/?lang=fr\">Programmes de subvention<\/a>.<\/p>\n\n\n\n<div class=\"wp-block-media-text alignwide has-media-on-the-right is-stacked-on-mobile\"><div class=\"wp-block-media-text__content\">\n<p><strong>1er janvier<\/strong><\/p>\n\n\n\n<p><a href=\"https:\/\/artsnb.ca\/web\/programs\/artist-in-residence\/?lang=fr\">Artiste en r\u00e9sidence<\/a><\/p>\n\n\n\n<div style=\"height:15px\" aria-hidden=\"true\" class=\"wp-block-spacer\"><\/div>\n\n\n\n<p><strong>1er f\u00e9vrier<\/strong><br><a href=\"https:\/\/artsnb.ca\/web\/programs\/arts-scholarships\/?lang=fr\">Bourses d&#8217;\u00e9tudes en arts<\/a><\/p>\n\n\n\n<div style=\"height:15px\" aria-hidden=\"true\" class=\"wp-block-spacer\"><\/div>\n\n\n\n<p><strong>1er mars<\/strong><br><a href=\"https:\/\/artsnb.ca\/web\/programs\/career-development\/?lang=fr\">D\u00e9veloppement de carri\u00e8re<\/a><\/p>\n\n\n\n<p><a href=\"https:\/\/artsnb.ca\/web\/programs\/artist-in-residence\/?lang=fr\">Artiste en r\u00e9sidence<\/a><\/p>\n\n\n\n<div style=\"height:15px\" aria-hidden=\"true\" class=\"wp-block-spacer\"><\/div>\n\n\n\n<p><strong>15 mars<\/strong><br><a href=\"https:\/\/artsnb.ca\/web\/programs\/equinox-program-for-indigenous-artists\/?lang=fr\">\u00c9quinoxe<\/a><\/p>\n\n\n\n<div style=\"height:15px\" aria-hidden=\"true\" class=\"wp-block-spacer\"><\/div>\n\n\n\n<p><\/p>\n\n\n\n<p><strong>1er avril<\/strong><br><a href=\"https:\/\/artsnb.ca\/web\/programs\/creation\/?lang=fr\">Cr\u00e9ation<\/a><\/p>\n\n\n\n<p><a href=\"https:\/\/artsnb.ca\/web\/programs\/documentation\/?lang=fr\">Documentation<\/a><\/p>\n\n\n\n<div style=\"height:15px\" aria-hidden=\"true\" class=\"wp-block-spacer\"><\/div>\n\n\n\n<p><strong>1er mai<\/strong><\/p>\n\n\n\n<p><a href=\"https:\/\/artsnb.ca\/web\/programs\/artist-in-residence\/?lang=fr\">Artiste en r\u00e9sidence<\/a><\/p>\n\n\n\n<div style=\"height:15px\" aria-hidden=\"true\" class=\"wp-block-spacer\"><\/div>\n\n\n\n<p><strong>1er juillet<\/strong><br><a href=\"https:\/\/artsnb.ca\/web\/programs\/career-development\/?lang=fr\">D\u00e9veloppement de carri\u00e8re<\/a><\/p>\n\n\n\n<div style=\"height:15px\" aria-hidden=\"true\" class=\"wp-block-spacer\"><\/div>\n\n\n\n<p><strong>1er ao\u00fbt<\/strong><br><a href=\"https:\/\/artsnb.ca\/web\/programs\/arts-infrastructure-grant-for-new-and-emerging-artists\/?lang=fr\">Infrastructure artistique<\/a><\/p>\n\n\n\n<div style=\"height:15px\" aria-hidden=\"true\" class=\"wp-block-spacer\"><\/div>\n\n\n\n<p><strong>1er septembre<\/strong><\/p>\n\n\n\n<p><a href=\"https:\/\/artsnb.ca\/web\/programs\/artist-in-residence\/?lang=fr\">Artiste en r\u00e9sidence<\/a><\/p>\n\n\n\n<div style=\"height:15px\" aria-hidden=\"true\" class=\"wp-block-spacer\"><\/div>\n\n\n\n<p><strong>15 septembre<\/strong><br><a href=\"https:\/\/artsnb.ca\/web\/programs\/equinox-program-for-indigenous-artists\/?lang=fr\">\u00c9quinoxe<\/a><\/p>\n\n\n\n<div style=\"height:15px\" aria-hidden=\"true\" class=\"wp-block-spacer\"><\/div>\n\n\n\n<p><strong>1er octobre<\/strong><br><a href=\"https:\/\/artsnb.ca\/web\/programs\/creation\/?lang=fr\">Cr\u00e9ation<\/a><\/p>\n\n\n\n<p><a href=\"https:\/\/artsnb.ca\/web\/programs\/documentation\/?lang=fr\">Documentation<\/a><br><\/p>\n\n\n\n<div style=\"height:15px\" aria-hidden=\"true\" class=\"wp-block-spacer\"><\/div>\n\n\n\n<p><strong>1er novembre<\/strong><br><a href=\"https:\/\/artsnb.ca\/web\/programs\/career-development\/?lang=fr\">D\u00e9veloppement de carri\u00e8re<\/a><\/p>\n\n\n\n<div style=\"height:15px\" aria-hidden=\"true\" class=\"wp-block-spacer\"><\/div>\n<\/div><figure class=\"wp-block-media-text__media\"><img loading=\"lazy\" decoding=\"async\" width=\"475\" height=\"1024\" src=\"https:\/\/artsnb.ca\/web\/wp-content\/uploads\/2020\/07\/artsnb-Program-Deadlines-1-pager_Yellow-475x1024.png\" alt=\"\" class=\"wp-image-6351 size-full\" srcset=\"https:\/\/artsnb.ca\/web\/wp-content\/uploads\/2020\/07\/artsnb-Program-Deadlines-1-pager_Yellow-475x1024.png 475w, https:\/\/artsnb.ca\/web\/wp-content\/uploads\/2020\/07\/artsnb-Program-Deadlines-1-pager_Yellow-139x300.png 139w, https:\/\/artsnb.ca\/web\/wp-content\/uploads\/2020\/07\/artsnb-Program-Deadlines-1-pager_Yellow-768x1655.png 768w, https:\/\/artsnb.ca\/web\/wp-content\/uploads\/2020\/07\/artsnb-Program-Deadlines-1-pager_Yellow-713x1536.png 713w, https:\/\/artsnb.ca\/web\/wp-content\/uploads\/2020\/07\/artsnb-Program-Deadlines-1-pager_Yellow.png 872w\" sizes=\"auto, (max-width: 475px) 100vw, 475px\" \/><\/figure><\/div>\n\n\n\n<p><\/p>\n\n\n\n<p>Comme toujours, suivez-nous dans les r\u00e9seaux sociaux. Nous publierons des rappels pour les dates limites \u00e0 venir !<\/p>\n\n\n\n<ul class=\"wp-block-social-links is-layout-flex wp-block-social-links-is-layout-flex\"><li class=\"wp-social-link wp-social-link-facebook  wp-block-social-link\"><a href=\"https:\/\/www.facebook.com\/artsnb\/\" class=\"wp-block-social-link-anchor\"><svg width=\"24\" height=\"24\" viewBox=\"0 0 24 24\" version=\"1.1\" xmlns=\"http:\/\/www.w3.org\/2000\/svg\" aria-hidden=\"true\" focusable=\"false\"><path d=\"M12 2C6.5 2 2 6.5 2 12c0 5 3.7 9.1 8.4 9.9v-7H7.9V12h2.5V9.8c0-2.5 1.5-3.9 3.8-3.9 1.1 0 2.2.2 2.2.2v2.5h-1.3c-1.2 0-1.6.8-1.6 1.6V12h2.8l-.4 2.9h-2.3v7C18.3 21.1 22 17 22 12c0-5.5-4.5-10-10-10z\"><\/path><\/svg><span class=\"wp-block-social-link-label screen-reader-text\">Facebook<\/span><\/a><\/li>\n\n<li class=\"wp-social-link wp-social-link-instagram  wp-block-social-link\"><a href=\"https:\/\/www.instagram.com\/artsnb\/\" class=\"wp-block-social-link-anchor\"><svg width=\"24\" height=\"24\" viewBox=\"0 0 24 24\" version=\"1.1\" xmlns=\"http:\/\/www.w3.org\/2000\/svg\" aria-hidden=\"true\" focusable=\"false\"><path d=\"M12,4.622c2.403,0,2.688,0.009,3.637,0.052c0.877,0.04,1.354,0.187,1.671,0.31c0.42,0.163,0.72,0.358,1.035,0.673 c0.315,0.315,0.51,0.615,0.673,1.035c0.123,0.317,0.27,0.794,0.31,1.671c0.043,0.949,0.052,1.234,0.052,3.637 s-0.009,2.688-0.052,3.637c-0.04,0.877-0.187,1.354-0.31,1.671c-0.163,0.42-0.358,0.72-0.673,1.035 c-0.315,0.315-0.615,0.51-1.035,0.673c-0.317,0.123-0.794,0.27-1.671,0.31c-0.949,0.043-1.233,0.052-3.637,0.052 s-2.688-0.009-3.637-0.052c-0.877-0.04-1.354-0.187-1.671-0.31c-0.42-0.163-0.72-0.358-1.035-0.673 c-0.315-0.315-0.51-0.615-0.673-1.035c-0.123-0.317-0.27-0.794-0.31-1.671C4.631,14.688,4.622,14.403,4.622,12 s0.009-2.688,0.052-3.637c0.04-0.877,0.187-1.354,0.31-1.671c0.163-0.42,0.358-0.72,0.673-1.035 c0.315-0.315,0.615-0.51,1.035-0.673c0.317-0.123,0.794-0.27,1.671-0.31C9.312,4.631,9.597,4.622,12,4.622 M12,3 C9.556,3,9.249,3.01,8.289,3.054C7.331,3.098,6.677,3.25,6.105,3.472C5.513,3.702,5.011,4.01,4.511,4.511 c-0.5,0.5-0.808,1.002-1.038,1.594C3.25,6.677,3.098,7.331,3.054,8.289C3.01,9.249,3,9.556,3,12c0,2.444,0.01,2.751,0.054,3.711 c0.044,0.958,0.196,1.612,0.418,2.185c0.23,0.592,0.538,1.094,1.038,1.594c0.5,0.5,1.002,0.808,1.594,1.038 c0.572,0.222,1.227,0.375,2.185,0.418C9.249,20.99,9.556,21,12,21s2.751-0.01,3.711-0.054c0.958-0.044,1.612-0.196,2.185-0.418 c0.592-0.23,1.094-0.538,1.594-1.038c0.5-0.5,0.808-1.002,1.038-1.594c0.222-0.572,0.375-1.227,0.418-2.185 C20.99,14.751,21,14.444,21,12s-0.01-2.751-0.054-3.711c-0.044-0.958-0.196-1.612-0.418-2.185c-0.23-0.592-0.538-1.094-1.038-1.594 c-0.5-0.5-1.002-0.808-1.594-1.038c-0.572-0.222-1.227-0.375-2.185-0.418C14.751,3.01,14.444,3,12,3L12,3z M12,7.378 c-2.552,0-4.622,2.069-4.622,4.622S9.448,16.622,12,16.622s4.622-2.069,4.622-4.622S14.552,7.378,12,7.378z M12,15 c-1.657,0-3-1.343-3-3s1.343-3,3-3s3,1.343,3,3S13.657,15,12,15z M16.804,6.116c-0.596,0-1.08,0.484-1.08,1.08 s0.484,1.08,1.08,1.08c0.596,0,1.08-0.484,1.08-1.08S17.401,6.116,16.804,6.116z\"><\/path><\/svg><span class=\"wp-block-social-link-label screen-reader-text\">Instagram<\/span><\/a><\/li><\/ul>\n\n\n\n<p><\/p>\n","protected":false},"excerpt":{"rendered":"<p>Dessous, vous trouverez une liste des dates limites annuelles ainsi qu&#8217;une liste des dates limites par programme. Pour conna\u00eetre les d\u00e9tails de chaque programme, veuillez visiter la page Web appropri\u00e9e \u00e0 partir de la section Programmes de subvention. Comme toujours, suivez-nous dans les r\u00e9seaux sociaux. Nous publierons des rappels pour les dates limites \u00e0 venir<\/p>\n","protected":false},"author":6,"featured_media":0,"parent":491,"menu_order":0,"comment_status":"closed","ping_status":"closed","template":"page-templates\/grants-page.php","meta":{"_acf_changed":false,"footnotes":""},"class_list":["post-6354","page","type-page","status-publish","hentry"],"acf":[],"yoast_head":"<!-- This site is optimized with the Yoast SEO plugin v27.3 - https:\/\/yoast.com\/product\/yoast-seo-wordpress\/ -->\n<title>Dates limites annuelles - ArtsNB<\/title>\n<meta name=\"robots\" content=\"index, follow, max-snippet:-1, max-image-preview:large, max-video-preview:-1\" \/>\n<link rel=\"canonical\" href=\"https:\/\/artsnb.ca\/web\/subventions\/dates-limites-annuelles\/\" \/>\n<meta property=\"og:locale\" content=\"en_US\" \/>\n<meta property=\"og:type\" content=\"article\" \/>\n<meta property=\"og:title\" content=\"Dates limites annuelles - ArtsNB\" \/>\n<meta property=\"og:description\" content=\"Dessous, vous trouverez une liste des dates limites annuelles ainsi qu&#8217;une liste des dates limites par programme. Pour conna\u00eetre les d\u00e9tails de chaque programme, veuillez visiter la page Web appropri\u00e9e \u00e0 partir de la section Programmes de subvention. Comme toujours, suivez-nous dans les r\u00e9seaux sociaux. Nous publierons des rappels pour les dates limites \u00e0 venir\" \/>\n<meta property=\"og:url\" content=\"https:\/\/artsnb.ca\/web\/subventions\/dates-limites-annuelles\/?lang=fr\" \/>\n<meta property=\"og:site_name\" content=\"ArtsNB\" \/>\n<meta property=\"article:publisher\" content=\"https:\/\/www.facebook.com\/artsnb\/\" \/>\n<meta property=\"article:modified_time\" content=\"2026-02-18T20:07:59+00:00\" \/>\n<meta property=\"og:image\" content=\"https:\/\/artsnb.ca\/web\/wp-content\/uploads\/2020\/07\/artsnb-Program-Deadlines-1-pager_Yellow.png\" \/>\n\t<meta property=\"og:image:width\" content=\"872\" \/>\n\t<meta property=\"og:image:height\" content=\"1879\" \/>\n\t<meta property=\"og:image:type\" content=\"image\/png\" \/>\n<meta name=\"twitter:card\" content=\"summary_large_image\" \/>\n<meta name=\"twitter:site\" content=\"@artsnb\" \/>\n<meta name=\"twitter:label1\" content=\"Est. reading time\" \/>\n\t<meta name=\"twitter:data1\" content=\"1 minute\" \/>\n<script type=\"application\/ld+json\" class=\"yoast-schema-graph\">{\"@context\":\"https:\\\/\\\/schema.org\",\"@graph\":[{\"@type\":\"WebPage\",\"@id\":\"https:\\\/\\\/artsnb.ca\\\/web\\\/subventions\\\/dates-limites-annuelles\\\/?lang=fr\",\"url\":\"https:\\\/\\\/artsnb.ca\\\/web\\\/subventions\\\/dates-limites-annuelles\\\/?lang=fr\",\"name\":\"Dates limites annuelles - ArtsNB\",\"isPartOf\":{\"@id\":\"https:\\\/\\\/artsnb.ca\\\/web\\\/#website\"},\"primaryImageOfPage\":{\"@id\":\"https:\\\/\\\/artsnb.ca\\\/web\\\/subventions\\\/dates-limites-annuelles\\\/?lang=fr#primaryimage\"},\"image\":{\"@id\":\"https:\\\/\\\/artsnb.ca\\\/web\\\/subventions\\\/dates-limites-annuelles\\\/?lang=fr#primaryimage\"},\"thumbnailUrl\":\"https:\\\/\\\/artsnb.ca\\\/web\\\/wp-content\\\/uploads\\\/2020\\\/07\\\/artsnb-Program-Deadlines-1-pager_Yellow-475x1024.png\",\"datePublished\":\"2020-07-21T12:54:50+00:00\",\"dateModified\":\"2026-02-18T20:07:59+00:00\",\"breadcrumb\":{\"@id\":\"https:\\\/\\\/artsnb.ca\\\/web\\\/subventions\\\/dates-limites-annuelles\\\/?lang=fr#breadcrumb\"},\"inLanguage\":\"en-US\",\"potentialAction\":[{\"@type\":\"ReadAction\",\"target\":[\"https:\\\/\\\/artsnb.ca\\\/web\\\/subventions\\\/dates-limites-annuelles\\\/?lang=fr\"]}]},{\"@type\":\"ImageObject\",\"inLanguage\":\"en-US\",\"@id\":\"https:\\\/\\\/artsnb.ca\\\/web\\\/subventions\\\/dates-limites-annuelles\\\/?lang=fr#primaryimage\",\"url\":\"https:\\\/\\\/artsnb.ca\\\/web\\\/wp-content\\\/uploads\\\/2020\\\/07\\\/artsnb-Program-Deadlines-1-pager_Yellow.png\",\"contentUrl\":\"https:\\\/\\\/artsnb.ca\\\/web\\\/wp-content\\\/uploads\\\/2020\\\/07\\\/artsnb-Program-Deadlines-1-pager_Yellow.png\",\"width\":872,\"height\":1879},{\"@type\":\"BreadcrumbList\",\"@id\":\"https:\\\/\\\/artsnb.ca\\\/web\\\/subventions\\\/dates-limites-annuelles\\\/?lang=fr#breadcrumb\",\"itemListElement\":[{\"@type\":\"ListItem\",\"position\":1,\"name\":\"Home\",\"item\":\"https:\\\/\\\/artsnb.ca\\\/web\\\/\"},{\"@type\":\"ListItem\",\"position\":2,\"name\":\"Subventions\",\"item\":\"https:\\\/\\\/artsnb.ca\\\/web\\\/subventions\\\/\"},{\"@type\":\"ListItem\",\"position\":3,\"name\":\"Dates limites annuelles\"}]},{\"@type\":\"WebSite\",\"@id\":\"https:\\\/\\\/artsnb.ca\\\/web\\\/#website\",\"url\":\"https:\\\/\\\/artsnb.ca\\\/web\\\/\",\"name\":\"ArtsNB\",\"description\":\"EXCELLENCE. PROFESSIONALISM. INNOVATION.\",\"publisher\":{\"@id\":\"https:\\\/\\\/artsnb.ca\\\/web\\\/#organization\"},\"potentialAction\":[{\"@type\":\"SearchAction\",\"target\":{\"@type\":\"EntryPoint\",\"urlTemplate\":\"https:\\\/\\\/artsnb.ca\\\/web\\\/?s={search_term_string}\"},\"query-input\":{\"@type\":\"PropertyValueSpecification\",\"valueRequired\":true,\"valueName\":\"search_term_string\"}}],\"inLanguage\":\"en-US\"},{\"@type\":\"Organization\",\"@id\":\"https:\\\/\\\/artsnb.ca\\\/web\\\/#organization\",\"name\":\"ArtsNB\",\"url\":\"https:\\\/\\\/artsnb.ca\\\/web\\\/\",\"logo\":{\"@type\":\"ImageObject\",\"inLanguage\":\"en-US\",\"@id\":\"https:\\\/\\\/artsnb.ca\\\/web\\\/#\\\/schema\\\/logo\\\/image\\\/\",\"url\":\"https:\\\/\\\/artsnb.ca\\\/web\\\/wp-content\\\/uploads\\\/2024\\\/04\\\/cropped-artsnb-PrimaryLogo-vertical-HiRes-2.jpg\",\"contentUrl\":\"https:\\\/\\\/artsnb.ca\\\/web\\\/wp-content\\\/uploads\\\/2024\\\/04\\\/cropped-artsnb-PrimaryLogo-vertical-HiRes-2.jpg\",\"width\":1698,\"height\":1223,\"caption\":\"ArtsNB\"},\"image\":{\"@id\":\"https:\\\/\\\/artsnb.ca\\\/web\\\/#\\\/schema\\\/logo\\\/image\\\/\"},\"sameAs\":[\"https:\\\/\\\/www.facebook.com\\\/artsnb\\\/\",\"https:\\\/\\\/x.com\\\/artsnb\",\"https:\\\/\\\/www.instagram.com\\\/artsnb\\\/\"]}]}<\/script>\n<!-- \/ Yoast SEO plugin. -->","yoast_head_json":{"title":"Dates limites annuelles - ArtsNB","robots":{"index":"index","follow":"follow","max-snippet":"max-snippet:-1","max-image-preview":"max-image-preview:large","max-video-preview":"max-video-preview:-1"},"canonical":"https:\/\/artsnb.ca\/web\/subventions\/dates-limites-annuelles\/","og_locale":"en_US","og_type":"article","og_title":"Dates limites annuelles - ArtsNB","og_description":"Dessous, vous trouverez une liste des dates limites annuelles ainsi qu&#8217;une liste des dates limites par programme. Pour conna\u00eetre les d\u00e9tails de chaque programme, veuillez visiter la page Web appropri\u00e9e \u00e0 partir de la section Programmes de subvention. Comme toujours, suivez-nous dans les r\u00e9seaux sociaux. Nous publierons des rappels pour les dates limites \u00e0 venir","og_url":"https:\/\/artsnb.ca\/web\/subventions\/dates-limites-annuelles\/?lang=fr","og_site_name":"ArtsNB","article_publisher":"https:\/\/www.facebook.com\/artsnb\/","article_modified_time":"2026-02-18T20:07:59+00:00","og_image":[{"width":872,"height":1879,"url":"https:\/\/artsnb.ca\/web\/wp-content\/uploads\/2020\/07\/artsnb-Program-Deadlines-1-pager_Yellow.png","type":"image\/png"}],"twitter_card":"summary_large_image","twitter_site":"@artsnb","twitter_misc":{"Est. reading time":"1 minute"},"schema":{"@context":"https:\/\/schema.org","@graph":[{"@type":"WebPage","@id":"https:\/\/artsnb.ca\/web\/subventions\/dates-limites-annuelles\/?lang=fr","url":"https:\/\/artsnb.ca\/web\/subventions\/dates-limites-annuelles\/?lang=fr","name":"Dates limites annuelles - ArtsNB","isPartOf":{"@id":"https:\/\/artsnb.ca\/web\/#website"},"primaryImageOfPage":{"@id":"https:\/\/artsnb.ca\/web\/subventions\/dates-limites-annuelles\/?lang=fr#primaryimage"},"image":{"@id":"https:\/\/artsnb.ca\/web\/subventions\/dates-limites-annuelles\/?lang=fr#primaryimage"},"thumbnailUrl":"https:\/\/artsnb.ca\/web\/wp-content\/uploads\/2020\/07\/artsnb-Program-Deadlines-1-pager_Yellow-475x1024.png","datePublished":"2020-07-21T12:54:50+00:00","dateModified":"2026-02-18T20:07:59+00:00","breadcrumb":{"@id":"https:\/\/artsnb.ca\/web\/subventions\/dates-limites-annuelles\/?lang=fr#breadcrumb"},"inLanguage":"en-US","potentialAction":[{"@type":"ReadAction","target":["https:\/\/artsnb.ca\/web\/subventions\/dates-limites-annuelles\/?lang=fr"]}]},{"@type":"ImageObject","inLanguage":"en-US","@id":"https:\/\/artsnb.ca\/web\/subventions\/dates-limites-annuelles\/?lang=fr#primaryimage","url":"https:\/\/artsnb.ca\/web\/wp-content\/uploads\/2020\/07\/artsnb-Program-Deadlines-1-pager_Yellow.png","contentUrl":"https:\/\/artsnb.ca\/web\/wp-content\/uploads\/2020\/07\/artsnb-Program-Deadlines-1-pager_Yellow.png","width":872,"height":1879},{"@type":"BreadcrumbList","@id":"https:\/\/artsnb.ca\/web\/subventions\/dates-limites-annuelles\/?lang=fr#breadcrumb","itemListElement":[{"@type":"ListItem","position":1,"name":"Home","item":"https:\/\/artsnb.ca\/web\/"},{"@type":"ListItem","position":2,"name":"Subventions","item":"https:\/\/artsnb.ca\/web\/subventions\/"},{"@type":"ListItem","position":3,"name":"Dates limites annuelles"}]},{"@type":"WebSite","@id":"https:\/\/artsnb.ca\/web\/#website","url":"https:\/\/artsnb.ca\/web\/","name":"ArtsNB","description":"EXCELLENCE. PROFESSIONALISM. INNOVATION.","publisher":{"@id":"https:\/\/artsnb.ca\/web\/#organization"},"potentialAction":[{"@type":"SearchAction","target":{"@type":"EntryPoint","urlTemplate":"https:\/\/artsnb.ca\/web\/?s={search_term_string}"},"query-input":{"@type":"PropertyValueSpecification","valueRequired":true,"valueName":"search_term_string"}}],"inLanguage":"en-US"},{"@type":"Organization","@id":"https:\/\/artsnb.ca\/web\/#organization","name":"ArtsNB","url":"https:\/\/artsnb.ca\/web\/","logo":{"@type":"ImageObject","inLanguage":"en-US","@id":"https:\/\/artsnb.ca\/web\/#\/schema\/logo\/image\/","url":"https:\/\/artsnb.ca\/web\/wp-content\/uploads\/2024\/04\/cropped-artsnb-PrimaryLogo-vertical-HiRes-2.jpg","contentUrl":"https:\/\/artsnb.ca\/web\/wp-content\/uploads\/2024\/04\/cropped-artsnb-PrimaryLogo-vertical-HiRes-2.jpg","width":1698,"height":1223,"caption":"ArtsNB"},"image":{"@id":"https:\/\/artsnb.ca\/web\/#\/schema\/logo\/image\/"},"sameAs":["https:\/\/www.facebook.com\/artsnb\/","https:\/\/x.com\/artsnb","https:\/\/www.instagram.com\/artsnb\/"]}]}},"_links":{"self":[{"href":"https:\/\/artsnb.ca\/web\/wp-json\/wp\/v2\/pages\/6354","targetHints":{"allow":["GET"]}}],"collection":[{"href":"https:\/\/artsnb.ca\/web\/wp-json\/wp\/v2\/pages"}],"about":[{"href":"https:\/\/artsnb.ca\/web\/wp-json\/wp\/v2\/types\/page"}],"author":[{"embeddable":true,"href":"https:\/\/artsnb.ca\/web\/wp-json\/wp\/v2\/users\/6"}],"replies":[{"embeddable":true,"href":"https:\/\/artsnb.ca\/web\/wp-json\/wp\/v2\/comments?post=6354"}],"version-history":[{"count":11,"href":"https:\/\/artsnb.ca\/web\/wp-json\/wp\/v2\/pages\/6354\/revisions"}],"predecessor-version":[{"id":23141,"href":"https:\/\/artsnb.ca\/web\/wp-json\/wp\/v2\/pages\/6354\/revisions\/23141"}],"up":[{"embeddable":true,"href":"https:\/\/artsnb.ca\/web\/wp-json\/wp\/v2\/pages\/491"}],"wp:attachment":[{"href":"https:\/\/artsnb.ca\/web\/wp-json\/wp\/v2\/media?parent=6354"}],"curies":[{"name":"wp","href":"https:\/\/api.w.org\/{rel}","templated":true}]}}